{"id":10055,"date":"2016-08-05T02:32:00","date_gmt":"2016-08-05T02:32:00","guid":{"rendered":"http:\/\/nicaragua-travel-guide.com\/site\/?page_id=10055"},"modified":"2016-08-15T09:52:10","modified_gmt":"2016-08-15T09:52:10","slug":"reserva-budget-rent-a-car-nicaragua-granada","status":"publish","type":"page","link":"https:\/\/nicaragua-travel-guide.com\/site\/reserva-budget-rent-a-car-nicaragua-granada\/","title":{"rendered":"Reserva Budget Rent a car NICARAGUA"},"content":{"rendered":"<table style=\"width: 1063.57px;\" border=\"0\">\n<tbody>\n<tr>\n<td style=\"width: 1053.57px;\" colspan=\"2\" height=\"102\"><img loading=\"lazy\" decoding=\"async\" src=\"http:\/\/www.nicaragua-travel-guide.com\/imangenestres\/logobudgetrentacar.jpg\" width=\"1007\" height=\"139\" \/><\/td>\n<\/tr>\n<tr>\n<td style=\"width: 1053.57px;\" colspan=\"2\">\n<table style=\"width: 1050px;\" border=\"0\">\n<tbody>\n<tr>\n<td style=\"width: 109px;\" bgcolor=\"#FF6600\" height=\"26\">Reservaciones<\/td>\n<td style=\"width: 137px;\">PROMOCIONES<\/td>\n<td style=\"width: 218px;\">ACCESORIOS Y SERVICIOS<\/td>\n<td style=\"width: 119px;\">COBERTURAS<\/td>\n<td style=\"width: 120.201px;\"><a href=\"http:\/\/www.nicaragua-travel-guide.com\/contacto.php\">C<\/a>ONTATENOS<\/td>\n<td style=\"width: 108.799px;\">SUCURSALES<\/td>\n<td style=\"width: 233px;\"><a href=\"http:\/\/www.nicaragua-travel-guide.com\/budgetrentacarterminosycondic.html\">TERMINOS Y CONDICIONES<\/a><\/td>\n<\/tr>\n<\/tbody>\n<\/table>\n<\/td>\n<\/tr>\n<tr>\n<td style=\"width: 479px;\" bgcolor=\"#FF6600\">\n<table id=\"tabla_reservacion\" width=\"481\" cellspacing=\"0\" cellpadding=\"0\">\n<tbody>\n<tr>\n<td colspan=\"2\" bgcolor=\"#FF6633\"><\/td>\n<\/tr>\n<tr>\n<td id=\"td_nombre\" bgcolor=\"#FF6633\" width=\"218\">Nombre Completo<\/td>\n<td align=\"left\" bgcolor=\"#FF6633\" width=\"261\"><input id=\"nombre\" name=\"nombre\" type=\"text\" \/><\/td>\n<\/tr>\n<tr>\n<td id=\"td_nombre\" bgcolor=\"#FF6633\" width=\"218\">Tel\u00e9fono<\/td>\n<td align=\"left\" bgcolor=\"#FF6633\"><input id=\"telefono\" name=\"telefono\" type=\"text\" \/><\/td>\n<\/tr>\n<tr>\n<td id=\"td_email\" bgcolor=\"#FF6633\">E-mail<\/td>\n<td align=\"left\" bgcolor=\"#FF6633\"><input id=\"email\" name=\"email\" type=\"text\" \/><\/td>\n<\/tr>\n<tr>\n<td bgcolor=\"#FF6633\">Sucursal de alquiler<\/td>\n<td align=\"left\" bgcolor=\"#FF6633\"><select id=\"sucursal\" name=\"sucursal\"><option value=\"Chinandega\">Chinandega<\/option><option value=\"Granada\">Granada<\/option><option value=\"Matagalpa\">Matagalpa<\/option><option selected=\"selected\" value=\"Aeropuerto Internacional\">Aeropuerto Internacional<\/option><option value=\"Central\">Central<\/option><option value=\"Carretera a Masaya\">Carretera a Masaya<\/option><option value=\"Holiday Inn\">Holiday Inn<\/option><option value=\"Pe\u00f1as Blancas\">Pe\u00f1as Blancas<\/option><option value=\"Esteli\">Esteli<\/option><\/select><\/td>\n<\/tr>\n<tr>\n<td bgcolor=\"#FF6633\">Fecha y hora de alquiler<\/td>\n<td align=\"left\" bgcolor=\"#FF6633\"><input id=\"fecha_hora_alq\" name=\"fecha_hora_alq\" type=\"text\" \/><\/td>\n<\/tr>\n<tr>\n<td bgcolor=\"#FF6633\">Sucursal de devoluci\u00f3n<\/td>\n<td align=\"left\" bgcolor=\"#FF6633\"><select id=\"sucursal_ret\" name=\"sucursal_ret\"><option value=\"Chinandega\">Chinandega<\/option><option value=\"Granada\">Granada<\/option><option value=\"Matagalpa\">Matagalpa<\/option><option selected=\"selected\" value=\"Aeropuerto Internacional\">Aeropuerto Internacional<\/option><option value=\"Central\">Central<\/option><option value=\"Carretera a Masaya\">Carretera a Masaya<\/option><option value=\"Holiday Inn\">Holiday Inn<\/option><option value=\"Pe\u00f1as Blancas\">Pe\u00f1as Blancas<\/option><option value=\"Esteli\">Esteli<\/option><\/select><\/td>\n<\/tr>\n<tr>\n<td bgcolor=\"#FF6633\">Fecha y hora de devoluci\u00f3n<\/td>\n<td align=\"left\" bgcolor=\"#FF6633\"><input id=\"fecha_hora_dev\" name=\"fecha_hora_dev\" type=\"text\" \/><\/td>\n<\/tr>\n<tr>\n<td colspan=\"2\" bgcolor=\"#FF6633\"><\/td>\n<\/tr>\n<tr>\n<td colspan=\"2\" align=\"center\" bgcolor=\"#FF6633\" height=\"89\">\n<div><input name=\"btnTramite\" type=\"submit\" value=\"Tramitar\" \/><\/div>\n<\/td>\n<\/tr>\n<\/tbody>\n<\/table>\n<\/td>\n<td style=\"width: 574.573px;\">\n<table style=\"width: 577.872px;\">\n<tbody>\n<tr>\n<td style=\"width: 63.8716px;\" colspan=\"4\" bgcolor=\"#FFFFFF\" height=\"27\">Noticias<\/td>\n<\/tr>\n<tr>\n<td style=\"width: 63.8716px;\" colspan=\"4\" bgcolor=\"#FFFFFF\"><a id=\"noticia3\" href=\"http:\/\/www.nicaragua-travel-guide.com\/budgetrenacarreservaciones.php#\">Vive el Verano Con Budget Rent a Car y sus Amigos<\/a><\/td>\n<\/tr>\n<tr>\n<td style=\"width: 63.8716px;\" colspan=\"4\" bgcolor=\"#FFFFFF\"><a id=\"noticia4\" href=\"http:\/\/www.nicaragua-travel-guide.com\/budgetrenacarreservaciones.php#\">Renta de Internet y GPS<\/a><\/td>\n<\/tr>\n<tr>\n<td style=\"width: 63.8716px;\" colspan=\"4\" valign=\"top\" bgcolor=\"#FFFFFF\" height=\"279\">Es un gusto para nosotros el ofrecerles la m\u00e1s variada flota de veh\u00edculos econ\u00f3micos, compacto, intermedios, lujo, doble tracci\u00f3n y camiones. Con Budget usted puede viajar sin preocupaciones, ya que todas nuestras tarifas incluyen kilometraje ilimitado y servicio de asistencia las 24 horas en cualquier lugar del pa\u00eds.<br \/>\nContamos con sucursales estrat\u00e9gicamente ubicadas para mayor comodidad de Usted: Oficina central Montoya, Aeropuerto, Carretera a Masaya, Hotel Holiday Inn, Granada, Matagalpa, Chinandega, Estel\u00ed y Pe\u00f1as Blancas.<strong>Reservaciones Nacionales:<\/strong><br \/>\nReservaciones desde USA:<\/td>\n<\/tr>\n<\/tbody>\n<\/table>\n<\/td>\n<\/tr>\n<tr>\n<td style=\"width: 1053.57px;\" colspan=\"2\"><img loading=\"lazy\" decoding=\"async\" src=\"http:\/\/www.nicaragua-travel-guide.com\/imangenestres\/budgetrentacar.jpg\" width=\"1004\" height=\"146\" \/><\/td>\n<\/tr>\n<\/tbody>\n<\/table>\n","protected":false},"excerpt":{"rendered":"<p>Reservaciones PROMOCIONES ACCESORIOS Y SERVICIOS COBERTURAS CONTATENOS SUCURSALES TERMINOS Y CONDICIONES Nombre Completo Tel\u00e9fono E-mail Sucursal de alquiler ChinandegaGranadaMatagalpaAeropuerto InternacionalCentralCarretera a MasayaHoliday InnPe\u00f1as BlancasEsteli Fecha y hora de alquiler Sucursal de devoluci\u00f3n ChinandegaGranadaMatagalpaAeropuerto InternacionalCentralCarretera a MasayaHoliday InnPe\u00f1as BlancasEsteli Fecha y hora de devoluci\u00f3n Noticias Vive el Verano Con Budget Rent a Car y sus Amigos [&hellip;]<\/p>\n","protected":false},"author":2,"featured_media":0,"parent":0,"menu_order":0,"comment_status":"closed","ping_status":"closed","template":"","meta":{"footnotes":""},"_links":{"self":[{"href":"https:\/\/nicaragua-travel-guide.com\/site\/wp-json\/wp\/v2\/pages\/10055"}],"collection":[{"href":"https:\/\/nicaragua-travel-guide.com\/site\/wp-json\/wp\/v2\/pages"}],"about":[{"href":"https:\/\/nicaragua-travel-guide.com\/site\/wp-json\/wp\/v2\/types\/page"}],"author":[{"embeddable":true,"href":"https:\/\/nicaragua-travel-guide.com\/site\/wp-json\/wp\/v2\/users\/2"}],"replies":[{"embeddable":true,"href":"https:\/\/nicaragua-travel-guide.com\/site\/wp-json\/wp\/v2\/comments?post=10055"}],"version-history":[{"count":3,"href":"https:\/\/nicaragua-travel-guide.com\/site\/wp-json\/wp\/v2\/pages\/10055\/revisions"}],"predecessor-version":[{"id":11184,"href":"https:\/\/nicaragua-travel-guide.com\/site\/wp-json\/wp\/v2\/pages\/10055\/revisions\/11184"}],"wp:attachment":[{"href":"https:\/\/nicaragua-travel-guide.com\/site\/wp-json\/wp\/v2\/media?parent=10055"}],"curies":[{"name":"wp","href":"https:\/\/api.w.org\/{rel}","templated":true}]}}