{"id":13309,"date":"2016-09-08T05:05:45","date_gmt":"2016-09-08T05:05:45","guid":{"rendered":"http:\/\/nicaragua-travel-guide.com\/site\/?page_id=13309"},"modified":"2017-08-22T23:34:49","modified_gmt":"2017-08-22T23:34:49","slug":"a-tour-guide-arrange-tours-transportation-special-events-projects-and-publicity","status":"publish","type":"page","link":"https:\/\/nicaragua-travel-guide.com\/site\/a-tour-guide-arrange-tours-transportation-special-events-projects-and-publicity\/","title":{"rendered":"Quien soy"},"content":{"rendered":"<table style=\"width: 897px;\">\n<tbody>\n<tr>\n<td style=\"width: 883px;\" colspan=\"2\"><img loading=\"lazy\" decoding=\"async\" class=\"wp-image-5036 aligncenter\" src=\"http:\/\/nicaragua-travel-guide.com\/site\/wp-content\/uploads\/2016\/06\/header-nicaragua-travel-guide-quienes-somos.jpg\" alt=\"header nicaragua travel guide quienes somos\" width=\"979\" height=\"330\" srcset=\"https:\/\/nicaragua-travel-guide.com\/site\/wp-content\/uploads\/2016\/06\/header-nicaragua-travel-guide-quienes-somos.jpg 1025w, https:\/\/nicaragua-travel-guide.com\/site\/wp-content\/uploads\/2016\/06\/header-nicaragua-travel-guide-quienes-somos-600x202.jpg 600w\" sizes=\"(max-width: 979px) 100vw, 979px\" \/><\/td>\n<\/tr>\n<tr>\n<td style=\"width: 527px;\"><strong>Quien Soy?<\/strong><\/td>\n<td style=\"width: 356px;\"><\/td>\n<\/tr>\n<tr>\n<td style=\"width: 527px;\">\u00a0 \u00a0 \u00a0 <strong>Soy \u00a0Licenciada, \u00a0<\/strong>\u00a0de \u00a0la facultad \u00a0de Relaciones Internacionales, Turismo Internacional, con la especialidad en formulaci\u00f3n y evaluaci\u00f3n de proyectos de inversi\u00f3n\u00a0tur\u00edstica, mostrando talento\u00a0art\u00edstico\u00a0con la carrera de T\u00e9cnicas\u00a0de Canto\u00a0L\u00edrico, eventos especiales y publicidad, \u00a0capacitada \u00a0y certificada, ademas tambien aplicando los conocimientos con el \u00a0dise\u00f1o\u00a0gr\u00e1fico\u00a0y desarrollo de sitio web, \u00a0<strong>ofreciendo \u00a0una gama de servicios<\/strong>, tomando el tiempo para escuchar y analizar lo que el \u00a0cliente solicita y \u00a0 al contratar algunos de los servicios que se le ofrecen con la compa\u00f1\u00eda, asistencia y\u00a0direcci\u00f3n\u00a0de \u00a0Gioconda Tours \u00a0en contacto <strong>desde Nicaragua travel guide.com<\/strong>\u00a0 con atenci\u00f3n personalmente y \u00a0v\u00eda\u00a0llamada \u00a0telef\u00f3nica\u00a0celular a lo \u00a0inmediato, \u00a0y por correo, \u00a0aunque tome un poco de tiempo, \u00abAqu\u00ed el cliente se convierte \u00a0en jefe \u00bb para dise\u00f1ar, organizar y \u00a0ejecutar viajes\u00a0tur\u00edsticos\u00a0guiados, transporte, eventos\u00a0especiales, publicidad, formulaci\u00f3n y evaluaci\u00f3n de proyectos de inversi\u00f3n y paquetes a su\u00a0elecci\u00f3n,\u00a0seg\u00fan sea la capacidad, alcance y disponibilidad en agenda, con fecha , hora y \u00a0lugar, para \u00a0cumplir \u00a0con la misi\u00f3n de servir profesionalmente .<\/td>\n<td style=\"width: 356px;\"><img loading=\"lazy\" decoding=\"async\" class=\"alignnone size-full wp-image-5176\" src=\"http:\/\/nicaragua-travel-guide.com\/site\/wp-content\/uploads\/2016\/06\/foto-oficina-nicaragua-travel-guide.jpg\" alt=\"foto oficina nicaragua travel guide\" width=\"640\" height=\"480\" srcset=\"https:\/\/nicaragua-travel-guide.com\/site\/wp-content\/uploads\/2016\/06\/foto-oficina-nicaragua-travel-guide.jpg 640w, https:\/\/nicaragua-travel-guide.com\/site\/wp-content\/uploads\/2016\/06\/foto-oficina-nicaragua-travel-guide-600x450.jpg 600w\" sizes=\"(max-width: 640px) 100vw, 640px\" \/><\/td>\n<\/tr>\n<tr>\n<td style=\"width: 883px;\" colspan=\"2\"><strong>Acerca de la Empresa:<\/strong><\/td>\n<\/tr>\n<tr>\n<td style=\"width: 527px;\">El a\u00f1o 2005 se comenz\u00f3 a operar ofreciendo informaci\u00f3n tur\u00edstica \u00a0y servicio de gu\u00eda nacional, \u00a0independiente \u201cTours Opera Gioconda\u201d con (Licencia#241006-GTN-2646N) capacitada y registrada por el Intur.<\/td>\n<td style=\"width: 356px;\"><img loading=\"lazy\" decoding=\"async\" class=\"wp-image-5173 aligncenter\" src=\"http:\/\/nicaragua-travel-guide.com\/site\/wp-content\/uploads\/2016\/06\/giocondaconguiasdelvolcmasaya.jpg\" alt=\"giocondaconguiasdelvolcmasaya\" width=\"510\" height=\"160\" \/><\/td>\n<\/tr>\n<tr>\n<td style=\"width: 527px;\"><strong>Objetivos:<\/strong><\/td>\n<td style=\"width: 356px;\">Gu\u00edas y conductor en el volc\u00e1n Masaya , Sandino, Tony, Ismael<\/td>\n<\/tr>\n<tr>\n<td style=\"width: 527px;\">Ofrecer diversas opciones de servicios guiados dise\u00f1\u00e1ndolo a la elecci\u00f3n y alcance econ\u00f3mico del cliente.<\/td>\n<td style=\"width: 356px;\"><\/td>\n<\/tr>\n<tr>\n<td style=\"width: 527px;\"><strong>Visi\u00f3n y Misi\u00f3n:<\/strong><\/td>\n<td style=\"width: 356px;\"><\/td>\n<\/tr>\n<tr>\n<td style=\"width: 527px;\">Promover y ofertar \u00a0una gu\u00eda nacional con un abanico de variados servicios para organizar en nicaragua.<\/p>\n<p>Viajes, transporte, eventos especiales, referente a la publicidad \u00a0y proyectos de inversi\u00f3n.<\/p>\n<p>&nbsp;<\/p>\n<p>Visitas guiadas para \u00a0nacionales y extranjeros, de todas las edades, servir para \u00a0desarrollar y crecer \u00a0profesionalmente, \u00a0con clientes satisfechos \u00a0y \u00a0ser econ\u00f3micamente sostenible.<\/td>\n<td style=\"width: 356px;\">\u00a0<img loading=\"lazy\" decoding=\"async\" class=\" wp-image-5174 aligncenter\" src=\"http:\/\/nicaragua-travel-guide.com\/site\/wp-content\/uploads\/2016\/06\/giocondayguiasdelmombacho.jpg\" alt=\"giocondayguiasdelmombacho\" width=\"508\" height=\"158\" \/><\/td>\n<\/tr>\n<tr>\n<td style=\"width: 527px;\"><strong>Direcci\u00f3n:<\/strong><\/td>\n<td style=\"width: 356px;\">\u00a0Gu\u00edas y conductor en el volc\u00e1n Mombacho Pedro, Juan y Miguel.<\/td>\n<\/tr>\n<tr>\n<td style=\"width: 527px;\">&nbsp;<\/p>\n<ul>\n<li>\u00a0Justo en\u00a0Cafeter\u00eda\u00a0Taza Blanca \u00a0Calle \u00a0Estrada \u00a0\u00b7 101<\/li>\n<li>De la Iglesia la Merced 1 cuadra \u00a0al sur 75 varas este.<\/li>\n<li>Centro Hist\u00f3rico<\/li>\n<\/ul>\n<p><strong>\u00a0 \u00a0 \u00a0 \u00a0 \u00a0 \u00a0Granada \u00abCapital Tur\u00edstica por excelencia\u00bb<\/strong><\/p>\n<p><strong>Cel:(505) 8967 \u00a03197 \u00a0movistar<\/strong><\/p>\n<p>&nbsp;<\/td>\n<td style=\"width: 356px;\"><img loading=\"lazy\" decoding=\"async\" class=\"wp-image-5175 aligncenter\" src=\"http:\/\/nicaragua-travel-guide.com\/site\/wp-content\/uploads\/2016\/06\/cafeteriatazablanca.jpg\" alt=\"cafeteriatazablanca\" width=\"413\" height=\"310\" srcset=\"https:\/\/nicaragua-travel-guide.com\/site\/wp-content\/uploads\/2016\/06\/cafeteriatazablanca.jpg 960w, https:\/\/nicaragua-travel-guide.com\/site\/wp-content\/uploads\/2016\/06\/cafeteriatazablanca-600x450.jpg 600w\" sizes=\"(max-width: 413px) 100vw, 413px\" \/><\/td>\n<\/tr>\n<tr>\n<td style=\"width: 527px;\">Por solicitud \u00a0de \u00a0formato de cotizaci\u00f3n y confirmaci\u00f3n:<\/p>\n<p>Estaremos en contacto por correo \u00a0y \u00a0numero fijo por mayor \u00a0seguridad.<\/p>\n<p><strong>\u00abEnviar \u00a0y \u00a0recibir\u00bb<\/strong><\/p>\n<p>&nbsp;<\/td>\n<td style=\"width: 356px;\"><\/td>\n<\/tr>\n<tr>\n<td style=\"width: 527px;\"><a href=\"https:\/\/www.facebook.com\/NicaraguaTravelGuide?fref=ts\"><img loading=\"lazy\" decoding=\"async\" class=\"alignnone size-full wp-image-10449\" src=\"http:\/\/nicaragua-travel-guide.com\/site\/wp-content\/uploads\/2015\/02\/facebook-logotipo.png\" alt=\"facebook logotipo\" width=\"396\" height=\"127\" \/><\/a><\/td>\n<td style=\"width: 356px;\"><a href=\"https:\/\/www.facebook.com\/NicaraguaTravelGuide?fref=ts\">Nicaragua travel guide<\/a><\/td>\n<\/tr>\n<tr>\n<td style=\"width: 527px;\"><a href=\"https:\/\/www.facebook.com\/NicaraguaTravelGuide?fref=ts\"><img loading=\"lazy\" decoding=\"async\" class=\"alignnone size-full wp-image-10643\" src=\"http:\/\/nicaragua-travel-guide.com\/site\/wp-content\/uploads\/2016\/06\/logo-skype-nicaragua-travel-guide.jpg\" alt=\"logo skype nicaragua travel guide\" width=\"328\" height=\"154\" \/><\/a><\/td>\n<td style=\"width: 356px;\"><a href=\"https:\/\/www.facebook.com\/NicaraguaTravelGuide?fref=ts\">Nicaragua travel guide<\/a><\/td>\n<\/tr>\n<tr>\n<td style=\"width: 527px;\"><\/td>\n<td style=\"width: 356px;\"><\/td>\n<\/tr>\n<\/tbody>\n<\/table>\n<p>&nbsp;<\/p>\n","protected":false},"excerpt":{"rendered":"<p>Quien Soy? \u00a0 \u00a0 \u00a0 Soy \u00a0Licenciada, \u00a0\u00a0de \u00a0la facultad \u00a0de Relaciones Internacionales, Turismo Internacional, con la especialidad en formulaci\u00f3n y evaluaci\u00f3n de proyectos de inversi\u00f3n\u00a0tur\u00edstica, mostrando talento\u00a0art\u00edstico\u00a0con la carrera de T\u00e9cnicas\u00a0de Canto\u00a0L\u00edrico, eventos especiales y publicidad, \u00a0capacitada \u00a0y certificada, ademas tambien aplicando los conocimientos con el \u00a0dise\u00f1o\u00a0gr\u00e1fico\u00a0y desarrollo de sitio web, \u00a0ofreciendo \u00a0una gama [&hellip;]<\/p>\n","protected":false},"author":2,"featured_media":0,"parent":0,"menu_order":0,"comment_status":"closed","ping_status":"closed","template":"","meta":{"footnotes":""},"_links":{"self":[{"href":"https:\/\/nicaragua-travel-guide.com\/site\/wp-json\/wp\/v2\/pages\/13309"}],"collection":[{"href":"https:\/\/nicaragua-travel-guide.com\/site\/wp-json\/wp\/v2\/pages"}],"about":[{"href":"https:\/\/nicaragua-travel-guide.com\/site\/wp-json\/wp\/v2\/types\/page"}],"author":[{"embeddable":true,"href":"https:\/\/nicaragua-travel-guide.com\/site\/wp-json\/wp\/v2\/users\/2"}],"replies":[{"embeddable":true,"href":"https:\/\/nicaragua-travel-guide.com\/site\/wp-json\/wp\/v2\/comments?post=13309"}],"version-history":[{"count":8,"href":"https:\/\/nicaragua-travel-guide.com\/site\/wp-json\/wp\/v2\/pages\/13309\/revisions"}],"predecessor-version":[{"id":14442,"href":"https:\/\/nicaragua-travel-guide.com\/site\/wp-json\/wp\/v2\/pages\/13309\/revisions\/14442"}],"wp:attachment":[{"href":"https:\/\/nicaragua-travel-guide.com\/site\/wp-json\/wp\/v2\/media?parent=13309"}],"curies":[{"name":"wp","href":"https:\/\/api.w.org\/{rel}","templated":true}]}}