{"id":13334,"date":"2016-09-08T05:47:49","date_gmt":"2016-09-08T05:47:49","guid":{"rendered":"http:\/\/nicaragua-travel-guide.com\/site\/?page_id=13334"},"modified":"2017-08-23T03:41:33","modified_gmt":"2017-08-23T03:41:33","slug":"your-trip","status":"publish","type":"page","link":"https:\/\/nicaragua-travel-guide.com\/site\/your-trip\/","title":{"rendered":"Tu Viaje"},"content":{"rendered":"<table border=\"0\">\n<tbody>\n<tr>\n<td valign=\"top\" bgcolor=\"#FFFFFF\"><img loading=\"lazy\" decoding=\"async\" class=\"alignnone wp-image-5128\" src=\"http:\/\/nicaragua-travel-guide.com\/site\/wp-content\/uploads\/2016\/06\/header-tu-viajes-por-nicaragua.jpg\" alt=\"header tu viajes por nicaragua\" width=\"1118\" height=\"376\" srcset=\"https:\/\/nicaragua-travel-guide.com\/site\/wp-content\/uploads\/2016\/06\/header-tu-viajes-por-nicaragua.jpg 1025w, https:\/\/nicaragua-travel-guide.com\/site\/wp-content\/uploads\/2016\/06\/header-tu-viajes-por-nicaragua-600x202.jpg 600w\" sizes=\"(max-width: 1118px) 100vw, 1118px\" \/><\/td>\n<\/tr>\n<tr>\n<td valign=\"top\" bgcolor=\"#FFFFFF\">Como llegar a Nicaragua?<\/td>\n<\/tr>\n<tr>\n<td valign=\"top\" bgcolor=\"#FFFFFF\">\n<table>\n<tbody>\n<tr>\n<td><img loading=\"lazy\" decoding=\"async\" class=\" wp-image-12461 aligncenter\" src=\"http:\/\/nicaragua-travel-guide.com\/site\/wp-content\/uploads\/2016\/06\/nicaragua-travel-guide-tu-viaje-terrestre-bienvenidos-por-frontera.jpg\" alt=\"nicaragua travel guide tu viaje terrestre bienvenidos por frontera\" width=\"270\" height=\"179\" srcset=\"https:\/\/nicaragua-travel-guide.com\/site\/wp-content\/uploads\/2016\/06\/nicaragua-travel-guide-tu-viaje-terrestre-bienvenidos-por-frontera.jpg 960w, https:\/\/nicaragua-travel-guide.com\/site\/wp-content\/uploads\/2016\/06\/nicaragua-travel-guide-tu-viaje-terrestre-bienvenidos-por-frontera-600x399.jpg 600w, https:\/\/nicaragua-travel-guide.com\/site\/wp-content\/uploads\/2016\/06\/nicaragua-travel-guide-tu-viaje-terrestre-bienvenidos-por-frontera-180x120.jpg 180w\" sizes=\"(max-width: 270px) 100vw, 270px\" \/><\/td>\n<td><img loading=\"lazy\" decoding=\"async\" class=\"wp-image-12460 aligncenter\" src=\"http:\/\/nicaragua-travel-guide.com\/site\/wp-content\/uploads\/2016\/06\/nicaragua-travel-guide-tu-viaje-terrestre-banderita-por-frontera.jpg\" alt=\"nicaragua travel guide tu viaje terrestre banderita por frontera\" width=\"242\" height=\"183\" \/><\/td>\n<td><img loading=\"lazy\" decoding=\"async\" class=\"alignnone size-full wp-image-12459\" src=\"http:\/\/nicaragua-travel-guide.com\/site\/wp-content\/uploads\/2016\/06\/nicaragua-travel-guide-tu-viaje-crucero-san-juan-del-sur.jpg\" alt=\"nicaragua travel guide tu viaje crucero san juan del sur\" width=\"259\" height=\"194\" \/><\/td>\n<td><img loading=\"lazy\" decoding=\"async\" class=\"alignnone wp-image-12458\" src=\"http:\/\/nicaragua-travel-guide.com\/site\/wp-content\/uploads\/2016\/06\/nicaragua-travel-guide-tu-viaje-aereo-bienvenidos-al-aeropuero-.jpg\" alt=\"nicaragua travel guide tu viaje aereo bienvenidos al aeropuero\" width=\"258\" height=\"194\" \/><\/td>\n<\/tr>\n<\/tbody>\n<\/table>\n<\/td>\n<\/tr>\n<tr>\n<td valign=\"top\" bgcolor=\"#FFFFFF\">Por V\u00eda A\u00e9rea \u00a0 \u00a0 \u00a0 \u00a0 \u00a0 \u00a0 \u00a0 \u00a0 \u00a0 \u00a0 \u00a0<a href=\"http:\/\/www.eaai.com.ni\/\">http:\/\/www.eaai.com.ni\/<\/a><\/td>\n<\/tr>\n<tr>\n<td bgcolor=\"#FFFFFF\">\n<table border=\"0\">\n<tbody>\n<tr>\n<td><img loading=\"lazy\" decoding=\"async\" class=\"alignnone size-full wp-image-12468\" src=\"http:\/\/nicaragua-travel-guide.com\/site\/wp-content\/uploads\/2016\/06\/logolineamericanaerlines.jpg\" alt=\"logolineamericanaerlines\" width=\"360\" height=\"140\" \/><\/td>\n<td><img loading=\"lazy\" decoding=\"async\" class=\"alignnone size-full wp-image-12467\" src=\"http:\/\/nicaragua-travel-guide.com\/site\/wp-content\/uploads\/2016\/06\/logolcontinental.gif\" alt=\"logolcontinental\" width=\"160\" height=\"34\" \/><\/td>\n<td><img loading=\"lazy\" decoding=\"async\" class=\"alignnone size-full wp-image-12465\" src=\"http:\/\/nicaragua-travel-guide.com\/site\/wp-content\/uploads\/2016\/06\/logocopaairlines.gif\" alt=\"logocopaairlines\" width=\"170\" height=\"46\" \/><\/td>\n<td><img loading=\"lazy\" decoding=\"async\" class=\"alignnone size-full wp-image-12466\" src=\"http:\/\/nicaragua-travel-guide.com\/site\/wp-content\/uploads\/2016\/06\/logodelta.gif\" alt=\"logodelta\" width=\"164\" height=\"43\" \/><\/td>\n<td><img loading=\"lazy\" decoding=\"async\" class=\"alignnone size-full wp-image-12463\" src=\"http:\/\/nicaragua-travel-guide.com\/site\/wp-content\/uploads\/2016\/06\/logotaca.gif\" alt=\"logotaca\" width=\"159\" height=\"47\" \/><\/td>\n<td><img loading=\"lazy\" decoding=\"async\" class=\"alignnone size-full wp-image-12470\" src=\"http:\/\/nicaragua-travel-guide.com\/site\/wp-content\/uploads\/2016\/06\/logospiritairlines.gif\" alt=\"logospiritairlines\" width=\"134\" height=\"44\" \/><\/td>\n<td><img loading=\"lazy\" decoding=\"async\" class=\"alignnone size-full wp-image-12469\" src=\"http:\/\/nicaragua-travel-guide.com\/site\/wp-content\/uploads\/2016\/06\/logonature.gif\" alt=\"logonature\" width=\"154\" height=\"91\" \/><\/td>\n<\/tr>\n<\/tbody>\n<\/table>\n<\/td>\n<\/tr>\n<tr>\n<td valign=\"top\" bgcolor=\"#FFFFFF\">Nicaragua cuenta con el servicio de las siguientes l\u00edneas a\u00e9reas internacionales: American Airlines, Continental Airlines,Spirit Airlines Delta Airlines, Copa Airli\u00a0\u00a0\u00a0\u00a0\u00a0\u00a0nes, Grupo Taca Airlines, Aerocaribbean Airlines, Aeromexico y trasladan visitantes hasta el Aeropuerto Internacional de Managua.<\/p>\n<p>Estas aerol\u00edneas ofrecen conexiones desde pa\u00edses europeos. Existen vuelos directos a Managua desde Miami, Houston y Atlanta, asi como desde pa\u00edses vecinos de Centroam\u00e9rica, desde donde tambi\u00e9n se puede acceder por tierra.<\/p>\n<p>Los counters para chequeo de pasajeros se encuentran en el primer piso del edificio principal, costado oeste.<\/p>\n<p>Los invitamos a que naveguen por las p\u00e1ginas de los aeropuertos de\u00a0Blufields,\u00a0Puerto Cabezas\u00a0y\u00a0Corn Island\u00a0en donde podr\u00e1 encontrar valiosa informaci\u00f3n acerca de hoteles, medios de transporte, variedad de restaurantes y facilidades que brindan las terminales a\u00e9reas, etc<\/td>\n<\/tr>\n<tr>\n<td valign=\"top\" bgcolor=\"#FFFFFF\">\n<table border=\"0\">\n<tbody>\n<tr>\n<td>Adem\u00e1s del Aeropuerto Internacional Augusto C. Sandino, la EAAI (Empresa Administradora de Aeropuertos Internacionales) actualmente administra tres aeropuertos locales ubicados en la regi\u00f3n del Atl\u00e1ntico de Nicaragua: Bluefields, Puerto Cabezas y Corn Island. Las terminales de Bluefields y Puerto Cabezas han sido recientemente remodeladas, siendo dotadas con modernas instalaciones y equipos de seguridad para asegurar las operaciones aeron\u00e1uticas y dar mayor comodidad a nuestros pasajeros.<\/td>\n<td><img loading=\"lazy\" decoding=\"async\" class=\"alignnone wp-image-10113\" src=\"http:\/\/nicaragua-travel-guide.com\/site\/wp-content\/uploads\/2015\/02\/la-costena-local-flight-nicaragua.jpg\" alt=\"la costena local flight nicaragua\" width=\"248\" height=\"186\" \/><\/td>\n<\/tr>\n<tr>\n<td>A fin de fomentar el turismo en el Atl\u00e1ntico sur del pa\u00eds, en Febrero del a\u00f1o 2001 iniciamos el estudio para la construcci\u00f3n de la nueva terminal a\u00e9rea de San Juan de Nic. que servir\u00e1 al poblado del mismo nombre. El proyecto contempla la construcci\u00f3n de una terminal a\u00e9rea de 470 m\u00b2 y una pista de aterrizaje de 1,300 mts de largo por 35 mts de ancho. Tambi\u00e9n se construir\u00e1 una calle de rodaje de 30 mts x 15 mts y un \u00e1rea de plataforma de 6,000 m\u00b2.<\/td>\n<td><img loading=\"lazy\" decoding=\"async\" class=\"alignnone wp-image-12472\" src=\"http:\/\/nicaragua-travel-guide.com\/site\/wp-content\/uploads\/2016\/06\/agencialacostena.jpg\" alt=\"agencialacostena\" width=\"247\" height=\"153\" \/><\/td>\n<\/tr>\n<\/tbody>\n<\/table>\n<\/td>\n<\/tr>\n<tr>\n<td valign=\"top\" bgcolor=\"#FFFFFF\">Acceso por\u00a0v\u00eda\u00a0transporte \u00a0Terrestre: \u00a0Nicaragua \u00a0y \u00a0Centroam\u00e9rica<\/td>\n<\/tr>\n<tr>\n<td valign=\"top\" bgcolor=\"#FFFFFF\">\n<table>\n<tbody>\n<tr>\n<td><img loading=\"lazy\" decoding=\"async\" class=\"alignnone wp-image-12475\" src=\"http:\/\/nicaragua-travel-guide.com\/site\/wp-content\/uploads\/2016\/06\/transnica.jpg\" alt=\"transnica\" width=\"347\" height=\"186\" \/><\/td>\n<td><img loading=\"lazy\" decoding=\"async\" class=\"alignnone wp-image-12474\" src=\"http:\/\/nicaragua-travel-guide.com\/site\/wp-content\/uploads\/2016\/06\/kingquality.jpg\" alt=\"kingquality\" width=\"480\" height=\"269\" \/><\/td>\n<td><img loading=\"lazy\" decoding=\"async\" class=\"alignnone wp-image-12476\" src=\"http:\/\/nicaragua-travel-guide.com\/site\/wp-content\/uploads\/2016\/06\/ticabus.jpg\" alt=\"ticabus\" width=\"305\" height=\"239\" \/><\/td>\n<\/tr>\n<\/tbody>\n<\/table>\n<\/td>\n<\/tr>\n<tr>\n<td valign=\"top\" bgcolor=\"#FFFFFF\">\n<table border=\"0\">\n<tbody>\n<tr>\n<td bgcolor=\"#0000FF\"><a href=\"http:\/\/nuevo.transnica.com\/\">http:\/\/nuevo.transnica.com\/<\/a><\/td>\n<td bgcolor=\"#0000FF\"><a href=\"http:\/\/www.king-qualityca.com\/main_tarifas.html\">http:\/\/www.king-qualityca.com\/main_tarifas.html<\/a><\/td>\n<td bgcolor=\"#0000FF\"><a href=\"http:\/\/www.ticabus.com\/rutas_horarios_nicaragua.html\">http:\/\/www.ticabus.com\/rutas_horarios_nicaragua.html<\/a><\/td>\n<\/tr>\n<\/tbody>\n<\/table>\n<\/td>\n<\/tr>\n<tr>\n<td valign=\"top\" bgcolor=\"#FFFFFF\">Viajan por\u00a0Centroam\u00e9rica\u00a0pasan dejando en Rivas, Granada, Masaya, Managua. Salen de Managua hacia el norte y sur de\u00a0Centroam\u00e9rica<\/td>\n<\/tr>\n<tr>\n<td bgcolor=\"#0000FF\">Consultar en la Embajada de Nicaragua de su Pa\u00eds<\/td>\n<\/tr>\n<tr>\n<td valign=\"top\" bgcolor=\"#FFFFFF\">\n<ul>\n<li>Las personas de los otros pa\u00edses deben consultar en la embajada de Nicaragua de su pa\u00eds.<\/li>\n<li>Para una lista de las embajadas en Nicaragua visite la <a href=\"http:\/\/www.nicaragua-travel-guide.com\/embajadasyconsuladosenic.html\">P\u00e1gina de Embajadas.<\/a><\/li>\n<\/ul>\n<\/td>\n<\/tr>\n<tr>\n<td bgcolor=\"#FFFFFF\">Documentos de Viaje:<\/td>\n<\/tr>\n<tr>\n<td valign=\"top\" bgcolor=\"#FFFFFF\">\n<table border=\"0\">\n<tbody>\n<tr>\n<td valign=\"top\" height=\"182\">Pasaporte valido por seis meses como m\u00ednimo. Los visitantes de los pa\u00edses de la Uni\u00f3n Europea, Estados Unidos y algunos pa\u00edses de Latino Am\u00e9rica no necesitan visa; \u00fanicamente se paga una cuota de entrada de US $5 dolares y se le dar\u00e1 una tarjeta de turista v\u00e1lida por 90 d\u00edas, al momento de entrar al pa\u00eds.<\/p>\n<p>La lista de pa\u00edses cuyos visitantes requieren de visa puede ser consultada en nuestra pagina web:visitanicaragua.com es recomendable traer siempre su identificaci\u00f3n mientras se encuentre en el extranjero.<\/td>\n<td>\u00a0<img loading=\"lazy\" decoding=\"async\" class=\"alignnone size-full wp-image-12478\" src=\"http:\/\/nicaragua-travel-guide.com\/site\/wp-content\/uploads\/2016\/06\/documentosdeviaje.jpg\" alt=\"documentosdeviaje\" width=\"541\" height=\"359\" srcset=\"https:\/\/nicaragua-travel-guide.com\/site\/wp-content\/uploads\/2016\/06\/documentosdeviaje.jpg 541w, https:\/\/nicaragua-travel-guide.com\/site\/wp-content\/uploads\/2016\/06\/documentosdeviaje-180x120.jpg 180w\" sizes=\"(max-width: 541px) 100vw, 541px\" \/><\/td>\n<\/tr>\n<\/tbody>\n<\/table>\n<\/td>\n<\/tr>\n<tr>\n<td bgcolor=\"#0033FF\"><strong>Electricidad<\/strong><\/td>\n<\/tr>\n<tr>\n<td valign=\"top\" bgcolor=\"#FFFFFF\">\n<table border=\"0\">\n<tbody>\n<tr>\n<td valign=\"top\">La electricidad en Nicaragua es de 120 Volts y 60 Hertz igual que en los Estados Unidos, significa que los turistas de Europa y otros pa\u00edses no pueden usar sus equipos el\u00e9ctricos. Las Laptops suelen funcionar, al menos que necesite un adaptador especial para conectarlas en los enchufes nicarag\u00fcense. Los adaptadores los puede comprar en Nicaragua o en su pa\u00eds.<\/p>\n<p>Los apagones suelen pasar m\u00e1s en Nicaragua que en los pa\u00edses desarrollados. Esto tambi\u00e9n pasa en las grandes ciudades como Managua y Granada. Es m\u00e1s, los pueblos peque\u00f1os no suelen tener este servicio de una manera constante. En nuestra <strong>Gu\u00eda de Hoteles de Nicaragua<\/strong> puede ver si los hoteles tienen o no planta el\u00e9ctrica la cual se activar\u00e1 cuando no haya un corte de luz.<\/td>\n<td rowspan=\"2\">\u00a0<img loading=\"lazy\" decoding=\"async\" class=\"alignnone wp-image-12479\" src=\"http:\/\/nicaragua-travel-guide.com\/site\/wp-content\/uploads\/2016\/06\/nicaragualuzelectrica.jpg\" alt=\"nicaragualuzelectrica\" width=\"455\" height=\"364\" \/><\/td>\n<\/tr>\n<tr>\n<td valign=\"top\">Las bajas de luz tambi\u00e9n pueden suceder, algunas veces dejando da\u00f1os. Laptops y las c\u00e1maras tienen su propio adaptador, lo cual ofrece una buena protecci\u00f3n. Si quiere conectar otros equipos, ser\u00eda bueno que conectara un estabilizador en medio del equipo y de el enchufe. Esto le dar\u00e1 un tipo de protecci\u00f3n a sus equipos.<\/td>\n<\/tr>\n<\/tbody>\n<\/table>\n<\/td>\n<\/tr>\n<tr>\n<td bgcolor=\"#0000FF\"><strong>Diferencia de horarios<\/strong><\/td>\n<\/tr>\n<tr>\n<td bgcolor=\"#FFFFFF\">La hora es la misma que la hora Centro de los Estado Unidos (GMT -6). El ahorro de tiempo durante el d\u00eda no se observa en Nicaragua. Sin embargo, hay unas cuantas veces que Nicaragua ha cambiado la hora por cuestiones pr\u00e1cticas.<\/td>\n<\/tr>\n<\/tbody>\n<\/table>\n<p>&nbsp;<\/p>\n","protected":false},"excerpt":{"rendered":"<p>Como llegar a Nicaragua? Por V\u00eda A\u00e9rea \u00a0 \u00a0 \u00a0 \u00a0 \u00a0 \u00a0 \u00a0 \u00a0 \u00a0 \u00a0 \u00a0http:\/\/www.eaai.com.ni\/ Nicaragua cuenta con el servicio de las siguientes l\u00edneas a\u00e9reas internacionales: American Airlines, Continental Airlines,Spirit Airlines Delta Airlines, Copa Airli\u00a0\u00a0\u00a0\u00a0\u00a0\u00a0nes, Grupo Taca Airlines, Aerocaribbean Airlines, Aeromexico y trasladan visitantes hasta el Aeropuerto Internacional de Managua. Estas aerol\u00edneas [&hellip;]<\/p>\n","protected":false},"author":2,"featured_media":0,"parent":0,"menu_order":0,"comment_status":"closed","ping_status":"closed","template":"","meta":{"footnotes":""},"_links":{"self":[{"href":"https:\/\/nicaragua-travel-guide.com\/site\/wp-json\/wp\/v2\/pages\/13334"}],"collection":[{"href":"https:\/\/nicaragua-travel-guide.com\/site\/wp-json\/wp\/v2\/pages"}],"about":[{"href":"https:\/\/nicaragua-travel-guide.com\/site\/wp-json\/wp\/v2\/types\/page"}],"author":[{"embeddable":true,"href":"https:\/\/nicaragua-travel-guide.com\/site\/wp-json\/wp\/v2\/users\/2"}],"replies":[{"embeddable":true,"href":"https:\/\/nicaragua-travel-guide.com\/site\/wp-json\/wp\/v2\/comments?post=13334"}],"version-history":[{"count":4,"href":"https:\/\/nicaragua-travel-guide.com\/site\/wp-json\/wp\/v2\/pages\/13334\/revisions"}],"predecessor-version":[{"id":14453,"href":"https:\/\/nicaragua-travel-guide.com\/site\/wp-json\/wp\/v2\/pages\/13334\/revisions\/14453"}],"wp:attachment":[{"href":"https:\/\/nicaragua-travel-guide.com\/site\/wp-json\/wp\/v2\/media?parent=13334"}],"curies":[{"name":"wp","href":"https:\/\/api.w.org\/{rel}","templated":true}]}}