{"id":13338,"date":"2016-09-08T05:54:07","date_gmt":"2016-09-08T05:54:07","guid":{"rendered":"http:\/\/nicaragua-travel-guide.com\/site\/?page_id=13338"},"modified":"2017-08-23T03:46:09","modified_gmt":"2017-08-23T03:46:09","slug":"health-in-nicaragua-and-measures-of-security","status":"publish","type":"page","link":"https:\/\/nicaragua-travel-guide.com\/site\/health-in-nicaragua-and-measures-of-security\/","title":{"rendered":"Salud"},"content":{"rendered":"<table style=\"width: 880px;\" border=\"0\">\n<tbody>\n<tr>\n<td style=\"width: 830px;\" valign=\"top\" bgcolor=\"#0099FF\"><img loading=\"lazy\" decoding=\"async\" class=\"wp-image-5393 alignnone\" src=\"http:\/\/nicaragua-travel-guide.com\/site\/wp-content\/uploads\/2016\/06\/header-salud.jpg\" alt=\"header salud\" width=\"892\" height=\"300\" srcset=\"https:\/\/nicaragua-travel-guide.com\/site\/wp-content\/uploads\/2016\/06\/header-salud.jpg 1025w, https:\/\/nicaragua-travel-guide.com\/site\/wp-content\/uploads\/2016\/06\/header-salud-600x202.jpg 600w\" sizes=\"(max-width: 892px) 100vw, 892px\" \/><\/td>\n<\/tr>\n<tr>\n<td style=\"width: 830px;\" valign=\"top\" bgcolor=\"#0099FF\"><strong>Salud y Seguridad<\/strong><\/td>\n<\/tr>\n<tr>\n<td style=\"width: 830px;\" valign=\"top\" bgcolor=\"#FFFFFF\">\n<table style=\"width: 887px;\" border=\"0\">\n<tbody>\n<tr>\n<td style=\"width: 668px;\" bgcolor=\"#FFFFFF\"><strong>Vacunas:<\/strong><\/td>\n<td style=\"width: 205px;\" rowspan=\"2\" valign=\"top\" bgcolor=\"#FFFFFF\">\u00a0<img loading=\"lazy\" decoding=\"async\" class=\"alignnone size-medium wp-image-12708\" src=\"http:\/\/nicaragua-travel-guide.com\/site\/wp-content\/uploads\/2016\/07\/saludinjeccion.jpg\" alt=\"saludinjeccion\" width=\"256\" height=\"197\" \/><img loading=\"lazy\" decoding=\"async\" class=\"alignnone size-medium wp-image-12710\" src=\"http:\/\/nicaragua-travel-guide.com\/site\/wp-content\/uploads\/2016\/07\/saludnoinsectos.jpg\" alt=\"saludnoinsectos\" width=\"225\" height=\"225\" srcset=\"https:\/\/nicaragua-travel-guide.com\/site\/wp-content\/uploads\/2016\/07\/saludnoinsectos.jpg 225w, https:\/\/nicaragua-travel-guide.com\/site\/wp-content\/uploads\/2016\/07\/saludnoinsectos-100x100.jpg 100w, https:\/\/nicaragua-travel-guide.com\/site\/wp-content\/uploads\/2016\/07\/saludnoinsectos-200x200.jpg 200w\" sizes=\"(max-width: 225px) 100vw, 225px\" \/><\/td>\n<\/tr>\n<tr>\n<td style=\"width: 668px;\" valign=\"top\" bgcolor=\"#FFFFFF\">Podr\u00edan necesitar algunas vacunas si visita Nicaragua.<\/p>\n<p>&nbsp;<\/p>\n<p>Estas son algunas normas generales:<\/p>\n<ul>\n<li>Fiebre Amarilla:\u00a0certificado de\u00a0vacunaci\u00f3n\u00a0si en su pa\u00eds la fiebre amarilla es end\u00e9mica.<\/li>\n<li><strong>Malaria<\/strong><strong>:<\/strong>\u00a0p\u00edldoras recomendadas si deja el \u00e1rea urbana.<\/li>\n<li><strong>Hepatitis A:<\/strong>\u00a0recomendado si se queda m\u00e1s de 3 meses<\/li>\n<li><strong>Hepatitis B:<\/strong>\u00a0recomendado si se queda m\u00e1s de 3 meses<\/li>\n<li><strong>Rabia:<\/strong>\u00a0recomendado si se queda m\u00e1s de 3 meses<\/li>\n<li><strong>Tifoidea:<\/strong><strong>\u00a0<\/strong>recomendado si se queda m\u00e1s de 3 meses<\/li>\n<\/ul>\n<p>Algunas de estas vacunan no lo har\u00e1n inmune. Puede estar mejor protegido si se asegura que su comida esta sanamente preparada, no bebiendo agua de la llave y evitando picaduras de mosquitos (use repelente, mosquiteros, etc.)Consulte a su doctor por lo menos dos meses antes de dejar su pa\u00eds para ver que vacunas necesitar\u00e1 para su viaje.<\/td>\n<\/tr>\n<\/tbody>\n<\/table>\n<\/td>\n<\/tr>\n<tr>\n<td style=\"width: 830px;\" bgcolor=\"#CCFFFF\"><strong>El agua<\/strong><\/td>\n<\/tr>\n<tr>\n<td style=\"width: 830px;\" bgcolor=\"#FFFFFF\">\n<table style=\"width: 885px;\" border=\"0\">\n<tbody>\n<tr>\n<td style=\"width: 666px;\" bgcolor=\"#FFFFFF\" height=\"228\">El agua es abundante en Nicaragua en la estaci\u00f3n lluviosa, pero en la estaci\u00f3n seca puede haber sequ\u00edas. Los mejores hoteles y restaurantes a menudo tienen tanques de almacenamiento de agua, pero otros no ofrecen este servicio por le que puede suceder que no haya agua durante algunas horas del d\u00eda. Este problema lo observas con frecuencia en las afueras de las grandes ciudades lo que puede ser inconfortable, pero es uno de los aspectos que debe de tomar en cuenta al viajar a Nicaragua.<\/p>\n<p>El agua potable puede contener m\u00e1s clorina de lo que puede estar acostumbrado y beberla no es lo m\u00e1s recomendable. El agua embotellada est\u00e1 disponible a lo largo de toda Nicaragua, a\u00fan en los pueblos m\u00e1s peque\u00f1os. El precio es bajo y la calidad del agua alta.<\/td>\n<td style=\"width: 207px;\" valign=\"top\" bgcolor=\"#FFFFFF\">\u00a0<img loading=\"lazy\" decoding=\"async\" class=\"alignnone wp-image-12707\" src=\"http:\/\/nicaragua-travel-guide.com\/site\/wp-content\/uploads\/2016\/07\/saludaguapuragota.jpg\" alt=\"saludaguapuragota\" width=\"326\" height=\"397\" \/><\/td>\n<\/tr>\n<\/tbody>\n<\/table>\n<\/td>\n<\/tr>\n<tr>\n<td style=\"width: 830px;\" bgcolor=\"#CCFFFF\"><strong>Seguridad<\/strong><\/td>\n<\/tr>\n<tr>\n<td style=\"width: 830px;\" bgcolor=\"#FFFFFF\">\n<table style=\"width: 885px;\" border=\"0\">\n<tbody>\n<tr>\n<td style=\"width: 667px;\">Como viajero usted debe tener en mente ciertas precauciones cuando viaje a Nicaragua. De hecho, debo tomar estas precauciones cuando viaje a cualquier pa\u00eds. Hay algunas particularidades que se deben tomar en consideraci\u00f3n cuando se habla de la seguridad de Nicaragua, pero en general Nicaragua es un\u00a0pa\u00eds\u00a0bastante seguro.<\/p>\n<p>&nbsp;<\/td>\n<td style=\"width: 206px;\" valign=\"top\">\u00a0<img loading=\"lazy\" decoding=\"async\" class=\"wp-image-12714 alignnone\" src=\"http:\/\/nicaragua-travel-guide.com\/site\/wp-content\/uploads\/2016\/07\/seguridadpolicianacional.jpg\" alt=\"seguridadpolicianacional\" width=\"336\" height=\"252\" \/><\/td>\n<\/tr>\n<tr>\n<td style=\"width: 873px;\" colspan=\"2\">Desafortunadamente, lo que se escucha de Nicaragua son caracterizaciones basadas en prejuicios y en historias pasadas.<\/p>\n<p>La seguridad de Nicaragua es relativa. Cuando se compara con una de las ciudades de la parte oeste de Suecia, pues s\u00ed, Nicaragua no es segura. Pero si la comparamos con sus pa\u00edses vecinos Nicaragua es considerada uno de los pa\u00edses m\u00e1s seguros. Seg\u00fan la Interpol, Nicaragua tiene el \u00edndice de criminolog\u00eda m\u00e1s bajo de toda Am\u00e9rica Latina. Algunos robos y asaltos ocurren en Nicaragua, pero siguiendo estas tres indicaciones el riesgo se puede disminuir.<\/td>\n<\/tr>\n<\/tbody>\n<\/table>\n<\/td>\n<\/tr>\n<tr>\n<td style=\"width: 830px;\" bgcolor=\"#FFFFFF\">La parte m\u00e1s importante relacionado al nivel de seguridad, ser\u00e1 su propio comportamiento.<\/p>\n<p>Actuando responsablemente y tomando las recomendaciones antes mencionadas (adem\u00e1s de las precauciones de un viaje), su viaje en Nicaragua ser\u00e1 seguro, as\u00ed como el de la mayor\u00eda de los otros turistas. Adem\u00e1s, hemos recolectado informaci\u00f3n del gobierno, incluyendo embajadas y la Polic\u00eda Nacional, acerca de la seguridad en ciertos lugares. A continuaci\u00f3n, encontrar\u00e1 las \u00e1reas involucradas en esta investigaci\u00f3n.<\/td>\n<\/tr>\n<tr>\n<td style=\"width: 830px;\" bgcolor=\"#FFFFFF\">\n<table style=\"width: 885px;\" border=\"0\">\n<tbody>\n<tr>\n<td style=\"width: 650px;\" height=\"99\"><strong>Preg\u00fantele a locales o a otros turistas sobre el \u00e1rea<\/strong><br \/>\nLos empleados del hotel, taxistas o simplemente la gente en las calles, le ser\u00e1n de mucho utilidad. Pregunt\u00e1ndoles a estas personas y a dem\u00e1s turistas se dar\u00e1 una idea de la situaci\u00f3n.<\/td>\n<td style=\"width: 223px;\">\u00a0<img loading=\"lazy\" decoding=\"async\" class=\"alignnone size-medium wp-image-12715\" src=\"http:\/\/nicaragua-travel-guide.com\/site\/wp-content\/uploads\/2016\/07\/seguridadturistasmapa.jpg\" alt=\"seguridadturistasmapa\" width=\"294\" height=\"243\" \/><\/td>\n<\/tr>\n<tr>\n<td style=\"width: 650px;\" valign=\"top\" height=\"129\"><strong>Sea cuidadoso y no demuestre abiertamente sus riquezas<\/strong><br \/>\nPagar una hamburguesa con dinero que saca de su billetera repleta de d\u00f3lares, puede resultar tentador para otros y estar\u00eda tomando un riesgo innecesario. Si tiene que llevar con usted grandes cantidades de dinero, no lo saque en cada peque\u00f1a transacci\u00f3n. No incentive a los ladrones. Tenga siempre un ojo puestos en sus maletas y mantenga las cosas de valor cerca y bien guardadas.<\/td>\n<td style=\"width: 223px;\">\u00a0<img loading=\"lazy\" decoding=\"async\" class=\"alignnone size-medium wp-image-12703\" src=\"http:\/\/nicaragua-travel-guide.com\/site\/wp-content\/uploads\/2016\/07\/productodecuerobilleteradineroseguridad.jpg\" alt=\"productodecuerobilleteradineroseguridad\" width=\"266\" height=\"175\" \/><\/td>\n<\/tr>\n<tr>\n<td style=\"width: 650px;\" valign=\"middle\" height=\"168\"><strong>Qu\u00e9dese en hoteles seguros<\/strong><br \/>\n\u00bfPor qu\u00e9 va a evitar pasar los riesgos en las calles si de igual forma deja sus pertenencias en un hotel con pocos est\u00e1ndares de seguridad? Es buena idea inspeccionar las habitaciones antes de tomar una decisi\u00f3n, adem\u00e1s es de mucha utilidad utilizar nuestra gu\u00eda de hoteles donde hemos hecho nuestro mejor esfuerzo para seleccionara hoteles seguros y adecuados a sus necesidades<\/td>\n<td style=\"width: 223px;\">\u00a0<img loading=\"lazy\" decoding=\"async\" class=\" wp-image-12702 aligncenter\" src=\"http:\/\/nicaragua-travel-guide.com\/site\/wp-content\/uploads\/2016\/07\/dormitoriomaletasseguras.jpg\" alt=\"dormitoriomaletasseguras\" width=\"269\" height=\"202\" \/><\/td>\n<\/tr>\n<\/tbody>\n<\/table>\n<\/td>\n<\/tr>\n<tr>\n<td style=\"width: 830px;\" bgcolor=\"#CCFFFF\">Managua<\/td>\n<\/tr>\n<tr>\n<td style=\"width: 830px;\" bgcolor=\"#FFFFFF\">\n<table style=\"width: 885px;\" border=\"0\">\n<tbody>\n<tr>\n<td style=\"width: 652px;\">La capital nicarag\u00fcense tiene una mala reputaci\u00f3n cuando de seguridad se habla, pero en realidad es una de las capitales m\u00e1s seguras en Centroam\u00e9rica. Muchas de sus atracciones no han sido exploradas por los turistas. Excepto por algunos vecindarios, Managua ofrece todo para una estad\u00eda segura y agradable.\u00a0<strong>Reparto Schik<\/strong>\u00a0y el\u00a0<strong>Barrio Jorge Dimitro<\/strong>, son dos del barrios m\u00e1s peligrosos que debe de evitar. Esto no es dif\u00edcil ya que no hay ning\u00fan atractivo tur\u00edstico cerca de estos barrios. Las cercan\u00edas al Estadio Nacional y al Lago de Managua deben de ser evitadas por la noche.\u00a0<strong>La Terminal de buses Ticabus<\/strong>, cerca del estadio, no es un lugar seguro para caminar. Asaltos a turistas han sido reportados. Debe de evitar quedarse en los hoteles en los alrededores de la Terminal, en cambio busque otro hotel y tome un taxi de la Terminal de buses. Por favor tenga muy presente esta \u00faltima recomendaci\u00f3n.<\/td>\n<td style=\"width: 221px;\">\u00a0<img loading=\"lazy\" decoding=\"async\" class=\"alignnone size-medium wp-image-12711\" src=\"http:\/\/nicaragua-travel-guide.com\/site\/wp-content\/uploads\/2016\/07\/seguridad.jpg\" alt=\"seguridad\" width=\"281\" height=\"180\" \/><\/td>\n<\/tr>\n<tr>\n<td style=\"width: 652px;\" height=\"48\">\n<ul>\n<li>En la terminal de buses localizado en los diferentes mercados de managua, tenga cerca sus pertenencias.<\/li>\n<\/ul>\n<\/td>\n<td style=\"width: 221px;\" rowspan=\"3\">\u00a0<img loading=\"lazy\" decoding=\"async\" class=\"alignnone wp-image-12716\" src=\"http:\/\/nicaragua-travel-guide.com\/site\/wp-content\/uploads\/2016\/07\/transportebusterminal.jpg\" alt=\"transportebusterminal\" width=\"278\" height=\"209\" \/><\/td>\n<\/tr>\n<tr>\n<td style=\"width: 652px;\">\n<ul>\n<li>Por las noche tome taxis en lugar de caminar<\/li>\n<\/ul>\n<\/td>\n<\/tr>\n<tr>\n<td style=\"width: 652px;\" align=\"center\" valign=\"middle\">\n<ul>\n<li>Cuando viaje en un taxi, asegures de tomar un o que tenga placa roja y que el conductor este debidamente identificado con una foto, esta identificaci\u00f3n debe de estar en el vidri\u00f3 de enfrente del carro.<\/li>\n<\/ul>\n<\/td>\n<\/tr>\n<\/tbody>\n<\/table>\n<\/td>\n<\/tr>\n<tr>\n<td style=\"width: 830px;\" bgcolor=\"#CCFFFF\">Corn Islands<\/td>\n<\/tr>\n<tr>\n<td style=\"width: 830px;\" valign=\"top\" bgcolor=\"#FFFFFF\">\n<table style=\"width: 887px;\" border=\"0\">\n<tbody>\n<tr>\n<td style=\"width: 652px;\">Debido a su localizaci\u00f3n, las islas del Ma\u00edz o Corn Islands, son utilizadas como paradas de los traficantes que se dirigen de Colombia hacia\u00a0M\u00e9xico\u00a0y Estados Unidos. La Guardia Costera Nicarag\u00fcense as\u00ed como la DEA (U.S. Drug Enforcement Administration), operan en las islas y en las costas. En ocasiones, los traficantes dejan en el mar sus cargamentos, que despu\u00e9s pueden terminar en las islas. Asimismo, se han registrado asaltos a mano armada en Little y Big Corn Islands. Recientemente (septiembre 2005), la polic\u00eda ha ubicado a tres polic\u00edas en Little Corn Island, en cooperaci\u00f3n con el Ministerio de Turismo, INTUR y los due\u00f1os de los hoteles.<\/td>\n<td style=\"width: 221px;\" valign=\"top\">&nbsp;<\/p>\n<p><img loading=\"lazy\" decoding=\"async\" class=\"wp-image-12712 alignnone\" src=\"http:\/\/nicaragua-travel-guide.com\/site\/wp-content\/uploads\/2016\/07\/seguridadejercitodenicaragua.jpg\" alt=\"seguridadejercitodenicaragua\" width=\"490\" height=\"328\" srcset=\"https:\/\/nicaragua-travel-guide.com\/site\/wp-content\/uploads\/2016\/07\/seguridadejercitodenicaragua.jpg 274w, https:\/\/nicaragua-travel-guide.com\/site\/wp-content\/uploads\/2016\/07\/seguridadejercitodenicaragua-180x120.jpg 180w\" sizes=\"(max-width: 490px) 100vw, 490px\" \/><\/td>\n<\/tr>\n<tr>\n<td style=\"width: 873px;\" colspan=\"2\">Esta es una soluci\u00f3n alternativa ya que el mal cumplimiento de la ley concerniente a los robos.<\/p>\n<p>&nbsp;<\/p>\n<p>La Embajada estadounidense a donado $200,000 para construir una estaci\u00f3n de polic\u00eda en Big Corn Island. Estas \u00faltimas medidas son un indicio de que la situaci\u00f3n de estas islas ha sido tomada seriamente y pronto se ver\u00e1n resultados.<\/p>\n<p>En este momento, debe tomar m\u00e1s precauciones cuando viaje a estas islas del Ma\u00edz. Las islas puras ofrecen un gran atractivo, pero es necesario que se informe con locales de las islas y con otros turistas de la situaci\u00f3n actual y las \u00e1reas que debe evitar. Haciendo esto, puede f\u00e1cilmente prevenir problemas y disfrutar las partes hermosas y seguras de las islas<\/td>\n<\/tr>\n<\/tbody>\n<\/table>\n<\/td>\n<\/tr>\n<tr>\n<td style=\"width: 830px;\" bgcolor=\"#CCFFFF\">Partes rurales del Norte de Nicaragua<\/td>\n<\/tr>\n<tr>\n<td style=\"width: 830px;\" valign=\"top\" bgcolor=\"#FFFFFF\">\n<table style=\"width: 885px;\" border=\"0\">\n<tbody>\n<tr>\n<td style=\"width: 642px;\" height=\"144\">En las partes rurales de norte de Nicaragua, han quedado minas enterradas despu\u00e9s de la guerra. No se aventura a alejarse de los caminos principales o ir de excursi\u00f3n a \u00e1reas desconocidas sin un gu\u00eda. Algunas bandas armadas en el tri\u00e1ngulo minero (entre Siuna, Rosita y Bonanza) puede ser un peligro y no se recomienda manejar de noche.<\/td>\n<td style=\"width: 231px;\">\u00a0<img loading=\"lazy\" decoding=\"async\" class=\" wp-image-12713 aligncenter\" src=\"http:\/\/nicaragua-travel-guide.com\/site\/wp-content\/uploads\/2016\/07\/seguridadinuudaciones.jpg\" alt=\"seguridadinuudaciones\" width=\"287\" height=\"186\" \/><\/td>\n<\/tr>\n<\/tbody>\n<\/table>\n<\/td>\n<\/tr>\n<tr>\n<td style=\"width: 830px;\" bgcolor=\"#CCFFFF\">En conclusi\u00f3n:<\/td>\n<\/tr>\n<tr>\n<td style=\"width: 830px;\" bgcolor=\"#FFFFFF\">Los riesgos regulares que puede encontrar en cualquier lugar del mundo, tambi\u00e9n los encuentra en Nicaragua. Tomando ciertas precauciones y evitando algunas \u00e1reas, el riego se puede disminuir y podr\u00e1 disfrutar de un viaje estupendo y seguro.<\/td>\n<\/tr>\n<tr>\n<td style=\"width: 830px;\" bgcolor=\"#FFFFFF\">Por mayor informaci\u00f3n y reservacion <strong>Contactarnos<\/strong><\/td>\n<\/tr>\n<\/tbody>\n<\/table>\n","protected":false},"excerpt":{"rendered":"<p>Salud y Seguridad Vacunas: \u00a0 Podr\u00edan necesitar algunas vacunas si visita Nicaragua. &nbsp; Estas son algunas normas generales: Fiebre Amarilla:\u00a0certificado de\u00a0vacunaci\u00f3n\u00a0si en su pa\u00eds la fiebre amarilla es end\u00e9mica. Malaria:\u00a0p\u00edldoras recomendadas si deja el \u00e1rea urbana. Hepatitis A:\u00a0recomendado si se queda m\u00e1s de 3 meses Hepatitis B:\u00a0recomendado si se queda m\u00e1s de 3 meses Rabia:\u00a0recomendado [&hellip;]<\/p>\n","protected":false},"author":2,"featured_media":0,"parent":0,"menu_order":0,"comment_status":"closed","ping_status":"closed","template":"","meta":{"footnotes":""},"_links":{"self":[{"href":"https:\/\/nicaragua-travel-guide.com\/site\/wp-json\/wp\/v2\/pages\/13338"}],"collection":[{"href":"https:\/\/nicaragua-travel-guide.com\/site\/wp-json\/wp\/v2\/pages"}],"about":[{"href":"https:\/\/nicaragua-travel-guide.com\/site\/wp-json\/wp\/v2\/types\/page"}],"author":[{"embeddable":true,"href":"https:\/\/nicaragua-travel-guide.com\/site\/wp-json\/wp\/v2\/users\/2"}],"replies":[{"embeddable":true,"href":"https:\/\/nicaragua-travel-guide.com\/site\/wp-json\/wp\/v2\/comments?post=13338"}],"version-history":[{"count":4,"href":"https:\/\/nicaragua-travel-guide.com\/site\/wp-json\/wp\/v2\/pages\/13338\/revisions"}],"predecessor-version":[{"id":14456,"href":"https:\/\/nicaragua-travel-guide.com\/site\/wp-json\/wp\/v2\/pages\/13338\/revisions\/14456"}],"wp:attachment":[{"href":"https:\/\/nicaragua-travel-guide.com\/site\/wp-json\/wp\/v2\/media?parent=13338"}],"curies":[{"name":"wp","href":"https:\/\/api.w.org\/{rel}","templated":true}]}}