{"id":13341,"date":"2016-09-08T05:58:59","date_gmt":"2016-09-08T05:58:59","guid":{"rendered":"http:\/\/nicaragua-travel-guide.com\/site\/?page_id=13341"},"modified":"2017-08-23T04:33:48","modified_gmt":"2017-08-23T04:33:48","slug":"money","status":"publish","type":"page","link":"https:\/\/nicaragua-travel-guide.com\/site\/money\/","title":{"rendered":"Dinero"},"content":{"rendered":"<table style=\"width: 911px;\" border=\"0\">\n<tbody>\n<tr>\n<td style=\"width: 903px;\" valign=\"top\" bgcolor=\"#0000FF\"><img loading=\"lazy\" decoding=\"async\" class=\"alignnone size-full wp-image-5381\" src=\"http:\/\/nicaragua-travel-guide.com\/site\/wp-content\/uploads\/2016\/06\/header-dinero.jpg\" alt=\"header dinero\" width=\"1025\" height=\"345\" srcset=\"https:\/\/nicaragua-travel-guide.com\/site\/wp-content\/uploads\/2016\/06\/header-dinero.jpg 1025w, https:\/\/nicaragua-travel-guide.com\/site\/wp-content\/uploads\/2016\/06\/header-dinero-600x202.jpg 600w\" sizes=\"(max-width: 1025px) 100vw, 1025px\" \/><\/td>\n<\/tr>\n<tr>\n<td style=\"background-color: #0ea1f0; width: 903px;\" valign=\"top\" bgcolor=\"#0000FF\"><strong>El Dinero en Nicaragua:<\/strong><\/td>\n<\/tr>\n<tr>\n<td style=\"width: 903px;\" bgcolor=\"#FFFFFF\">Nicaragua tiene su propia moneda: el C\u00f3rdoba. El d\u00f3lar estadounidense es aceptado en todas partes. Algunas veces, los precios est\u00e1n basados en el d\u00f3lar pero transferidos a c\u00f3rdobas. Si paga en d\u00f3lares, su cambio lo recibir\u00e1 en c\u00f3rdobas. En la mayor\u00eda de las tiendas, hoteles y restaurantes, aceptan tarjetas de cr\u00e9dito. Puede sacar dinero de los cajeros autom\u00e1ticos que encontrara en bancos y gasolineras.<\/p>\n<p>Los precios en c\u00f3rdobas se dan usando la letra \u2018c\u2019 seguido por un signo de d\u00f3lar (por ejemplo, C$ 100).<\/td>\n<\/tr>\n<tr>\n<td style=\"background-color: #1851ed; width: 903px;\" bgcolor=\"#0000FF\"><span style=\"color: #ffffff;\">Para tipos de cambios actuales puede utilizar el<\/span> \u00a0<a href=\"http:\/\/www.oanda.com\/convert\/classic\"><span style=\"color: #ffff00;\"> \u00a0Convertidor de Moneda Oanda<\/span><\/a><span style=\"color: #ffff00;\">.<\/span><\/td>\n<\/tr>\n<tr>\n<td style=\"width: 903px;\" bgcolor=\"#FFFFFF\">Alrededor de los d\u00edas 15 y 30 de cada mes, los bancos est\u00e1n m\u00e1s llenos porque la gente recibe sus cheques de pago. Mantenga esto en mente cuando piense en ir al banco. En general, la banca en nicaragua tiene un estilo antiguo y lento, pero, si solo usa los cajeros, no se molestara por esto.<\/p>\n<p>En la mayor\u00eda de los establecimientos se aceptan las tarjetas de cr\u00e9dito (no en pueblos peque\u00f1os y destinos muy alejados). Puede sacar efectivo de los cajeros ATM, localizados en bancos y en gasolineras.<\/td>\n<\/tr>\n<tr>\n<td style=\"background-color: #1851ed; width: 903px;\" bgcolor=\"#0000FF\"><span style=\"color: #ffffff;\">Hay Cajeros ATM en las Siguientes Ciudades:<\/span><\/td>\n<\/tr>\n<tr>\n<td style=\"width: 903px;\" bgcolor=\"#FFFFFF\">\n<table border=\"0\">\n<tbody>\n<tr>\n<td>\n<ul>\n<li><strong>Chinandega<\/strong> \u2013 MC, V<\/li>\n<li><strong>Estel\u00ed<\/strong> \u2013 V<\/li>\n<li><strong>Granada<\/strong> \u2013 MC, V<\/li>\n<li><strong>Jinotega<\/strong><strong> \u2013 <\/strong>MC<\/li>\n<li><strong>Juigalpa<\/strong>\u2013 V<\/li>\n<li><strong>Le\u00f3n<\/strong>\u2013 MC, V<\/li>\n<li><strong>Managua <\/strong>\u2013 MC, V<\/li>\n<li><strong>Matagalpa<\/strong>\u2013 MC, V<\/li>\n<li><strong>Masaya<\/strong>\u2013 MC, V<\/li>\n<li><strong>Rivas<\/strong>\u2013 MC, V<\/li>\n<li><strong>San Juan del Sur <\/strong>\u2013 MC<\/li>\n<\/ul>\n<p>V = Visa<br \/>\nMC = MasterCard<\/td>\n<td><img loading=\"lazy\" decoding=\"async\" class=\"alignnone wp-image-12486\" src=\"http:\/\/nicaragua-travel-guide.com\/site\/wp-content\/uploads\/2016\/06\/cajeroautmatic.jpg\" alt=\"cajeroautmatic\" width=\"267\" height=\"353\" \/><\/td>\n<td><img loading=\"lazy\" decoding=\"async\" class=\" wp-image-12484 aligncenter\" src=\"http:\/\/nicaragua-travel-guide.com\/site\/wp-content\/uploads\/2016\/06\/cajeroautomatico.jpg\" alt=\"cajeroautomatico\" width=\"429\" height=\"351\" \/><\/td>\n<\/tr>\n<\/tbody>\n<\/table>\n<\/td>\n<\/tr>\n<tr>\n<td style=\"background-color: #1851ed; width: 903px;\" bgcolor=\"#0000FF\"><span style=\"color: #ffffff;\">Tarjetas de Cr\u00e9dito y Cheques de Viajero<\/span><\/td>\n<\/tr>\n<tr>\n<td style=\"width: 903px;\" bgcolor=\"#FFFFFF\">Las tarjetas de credito son reconocidas y utilizadas en numerosos establecimientos y bancos de todo el pais y los cheque de viajero solo pueden ser cambiados en algunos bancos. Cajeros automaticos se encuentran disponibles en la mayoria de destinos turisticos.<\/td>\n<\/tr>\n<tr>\n<td style=\"background-color: #1851ed; width: 903px;\" valign=\"top\" bgcolor=\"#0000FF\"><span style=\"color: #ffffff;\">Cambio de Moneda<\/span><\/td>\n<\/tr>\n<tr>\n<td style=\"width: 903px;\" bgcolor=\"#FFFFFF\">Lo mas frecuente el cambio de dolar Americano a Cordoba y viceversa.<\/p>\n<p>La tasa oficial de cambio puede consultarse en la pagina web www.bcn.gob.ni<\/p>\n<p>El Dolar Americano es comunmente aceptado en todo el pais.<\/td>\n<\/tr>\n<tr>\n<td style=\"border-color: #2234f5; background-color: #2234f5; width: 903px;\" bgcolor=\"#0000FF\"><span style=\"color: #ffffff;\"><strong><span style=\"color: #ffffff;\">Monedas y Billetes (C\u00f3rdobas)<\/span><\/strong><\/span><\/td>\n<\/tr>\n<tr>\n<td style=\"border-color: #000000; background-color: #000000; width: 903px;\" valign=\"top\" bgcolor=\"#000000\">\n<table style=\"border-color: #000000; background-color: #000000;\">\n<tbody>\n<tr>\n<td style=\"border-color: #000000; background-color: #000000;\" bgcolor=\"#000000\"><span style=\"color: #ffffff;\">Billetes de C$10, C$20, C$50,<\/span><\/td>\n<td style=\"border-color: #000000; background-color: #000000;\" colspan=\"2\" bgcolor=\"#000000\"><span style=\"color: #ffffff;\">Billetes de C$100, C$200, C$500 .<\/span><\/td>\n<\/tr>\n<tr>\n<td style=\"border-color: #000000; background-color: #000000;\" bgcolor=\"#000000\"><span style=\"color: #ffffff;\">\u00a0\u00a0\u00a0\u00a0\u00a0\u00a0\u00a0\u00a0\u00a0\u00a0\u00a0\u00a0\u00a0\u00a0\u00a0\u00a0\u00a0\u00a0<img loading=\"lazy\" decoding=\"async\" class=\"size-medium wp-image-12503 alignleft\" src=\"http:\/\/nicaragua-travel-guide.com\/site\/wp-content\/uploads\/2016\/06\/billetesdediezcordobas.jpg\" alt=\"billetesdediezcordobas\" width=\"363\" height=\"188\" \/><\/span><\/td>\n<td style=\"border-color: #000000; background-color: #000000;\" colspan=\"2\" bgcolor=\"#000000\"><span style=\"color: #ffffff;\"><img loading=\"lazy\" decoding=\"async\" class=\"alignnone size-medium wp-image-12489\" src=\"http:\/\/nicaragua-travel-guide.com\/site\/wp-content\/uploads\/2016\/06\/billetedeciencordobas.jpg\" alt=\"billetedeciencordobas\" width=\"363\" height=\"188\" \/><\/span><\/td>\n<\/tr>\n<tr>\n<td style=\"border-color: #000000; background-color: #000000;\" bgcolor=\"#000000\"><span style=\"color: #ffffff;\">Inverso<\/span><\/td>\n<td style=\"border-color: #000000; background-color: #000000;\" bgcolor=\"#000000\"><span style=\"color: #ffffff;\">\u00a0<\/span><\/td>\n<td style=\"border-color: #000000; background-color: #000000;\" bgcolor=\"#000000\"><span style=\"color: #ffffff;\">Inverso<\/span><\/td>\n<\/tr>\n<tr>\n<td style=\"border-color: #000000; background-color: #000000;\" bgcolor=\"#000000\"><span style=\"color: #ffffff;\"><img loading=\"lazy\" decoding=\"async\" class=\"alignnone size-medium wp-image-12494\" src=\"http:\/\/nicaragua-travel-guide.com\/site\/wp-content\/uploads\/2016\/06\/billetedediezcordobasrev.jpg\" alt=\"billetedediezcordobasrev\" width=\"363\" height=\"188\" \/><\/span><\/td>\n<td style=\"border-color: #000000; background-color: #000000;\" colspan=\"2\" bgcolor=\"#000000\"><span style=\"color: #ffffff;\"><img loading=\"lazy\" decoding=\"async\" class=\"alignnone size-medium wp-image-12490\" src=\"http:\/\/nicaragua-travel-guide.com\/site\/wp-content\/uploads\/2016\/06\/billetedeciencordobasreverso.jpg\" alt=\"billetedeciencordobasreverso\" width=\"363\" height=\"188\" \/><\/span><\/td>\n<\/tr>\n<tr>\n<td style=\"border-color: #000000; background-color: #000000;\" bgcolor=\"#000000\"><span style=\"color: #ffffff;\">Reverso<\/span><\/td>\n<td style=\"border-color: #000000; background-color: #000000;\" colspan=\"2\" bgcolor=\"#000000\"><span style=\"color: #ffffff;\">Reverso<\/span><\/td>\n<\/tr>\n<tr>\n<td style=\"border-color: #000000; background-color: #000000;\" bgcolor=\"#000000\"><span style=\"color: #ffffff;\"><img loading=\"lazy\" decoding=\"async\" class=\"alignnone size-medium wp-image-12498\" src=\"http:\/\/nicaragua-travel-guide.com\/site\/wp-content\/uploads\/2016\/06\/billetedeveintecordobas.jpg\" alt=\"billetedeveintecordobas\" width=\"363\" height=\"188\" \/><\/span><\/td>\n<td style=\"border-color: #000000; background-color: #000000;\" colspan=\"2\" bgcolor=\"#000000\"><span style=\"color: #ffffff;\"><img loading=\"lazy\" decoding=\"async\" class=\"alignnone size-medium wp-image-12495\" src=\"http:\/\/nicaragua-travel-guide.com\/site\/wp-content\/uploads\/2016\/06\/billetededoscientoscordobas.jpg\" alt=\"billetededoscientoscordobas\" width=\"363\" height=\"188\" \/><\/span><\/td>\n<\/tr>\n<tr>\n<td style=\"border-color: #000000; background-color: #000000;\" bgcolor=\"#000000\"><span style=\"color: #ffffff;\">IiInverso<\/span><\/td>\n<td style=\"border-color: #000000; background-color: #000000;\" colspan=\"2\" bgcolor=\"#000000\"><span style=\"color: #ffffff;\">Inverso<\/span><\/td>\n<\/tr>\n<tr>\n<td style=\"border-color: #000000; background-color: #000000;\" bgcolor=\"#000000\"><span style=\"color: #ffffff;\"><img loading=\"lazy\" decoding=\"async\" class=\"alignnone size-medium wp-image-12499\" src=\"http:\/\/nicaragua-travel-guide.com\/site\/wp-content\/uploads\/2016\/06\/billetedeveintecordobasreverso.jpg\" alt=\"billetedeveintecordobasreverso\" width=\"363\" height=\"183\" \/><\/span><\/td>\n<td style=\"border-color: #000000; background-color: #000000;\" colspan=\"2\" bgcolor=\"#000000\"><span style=\"color: #ffffff;\"><img loading=\"lazy\" decoding=\"async\" class=\"alignnone size-medium wp-image-12504\" src=\"http:\/\/nicaragua-travel-guide.com\/site\/wp-content\/uploads\/2016\/06\/billetesdedoscientoscordobasreverso.jpg\" alt=\"billetesdedoscientoscordobasreverso\" width=\"363\" height=\"188\" \/><\/span><\/td>\n<\/tr>\n<tr>\n<td style=\"border-color: #000000; background-color: #000000;\" bgcolor=\"#000000\"><span style=\"color: #ffffff;\">Reverso<\/span><\/td>\n<td style=\"border-color: #000000; background-color: #000000;\" colspan=\"2\" bgcolor=\"#000000\"><span style=\"color: #ffffff;\">Reverso<\/span><\/td>\n<\/tr>\n<tr>\n<td style=\"border-color: #000000; background-color: #000000;\" bgcolor=\"#000000\"><span style=\"color: #ffffff;\"><img loading=\"lazy\" decoding=\"async\" class=\"alignnone size-medium wp-image-12491\" src=\"http:\/\/nicaragua-travel-guide.com\/site\/wp-content\/uploads\/2016\/06\/billetedecincuentacordobas.jpg\" alt=\"billetedecincuentacordobas\" width=\"363\" height=\"188\" \/><\/span><\/td>\n<td style=\"border-color: #000000; background-color: #000000;\" colspan=\"2\" bgcolor=\"#000000\"><span style=\"color: #ffffff;\"><img loading=\"lazy\" decoding=\"async\" class=\"alignnone size-medium wp-image-12496\" src=\"http:\/\/nicaragua-travel-guide.com\/site\/wp-content\/uploads\/2016\/06\/billetedequinientoscordobas.jpg\" alt=\"billetedequinientoscordobas\" width=\"363\" height=\"188\" \/><\/span><\/td>\n<\/tr>\n<tr>\n<td style=\"border-color: #000000; background-color: #000000;\" bgcolor=\"#000000\"><span style=\"color: #ffffff;\">Inverso<\/span><\/td>\n<td style=\"border-color: #000000; background-color: #000000;\" colspan=\"2\" bgcolor=\"#000000\"><span style=\"color: #ffffff;\">Inverso<\/span><\/td>\n<\/tr>\n<tr>\n<td style=\"border-color: #000000; background-color: #000000;\" bgcolor=\"#000000\"><span style=\"color: #ffffff;\"><img loading=\"lazy\" decoding=\"async\" class=\"alignnone size-medium wp-image-12493\" src=\"http:\/\/nicaragua-travel-guide.com\/site\/wp-content\/uploads\/2016\/06\/billetedecincuentacordobasreverso.jpg\" alt=\"billetedecincuentacordobasreverso\" width=\"363\" height=\"188\" \/><\/span><\/td>\n<td style=\"border-color: #000000; background-color: #000000;\" colspan=\"2\" bgcolor=\"#000000\"><span style=\"color: #ffffff;\"><img loading=\"lazy\" decoding=\"async\" class=\"alignnone size-medium wp-image-12497\" src=\"http:\/\/nicaragua-travel-guide.com\/site\/wp-content\/uploads\/2016\/06\/billetedequinientoscordobasreverso.jpg\" alt=\"billetedequinientoscordobasreverso\" width=\"363\" height=\"188\" \/><\/span><\/td>\n<\/tr>\n<tr>\n<td style=\"border-color: #000000; background-color: #000000;\" bgcolor=\"#000000\"><span style=\"color: #ffffff;\">Reverso<\/span><\/td>\n<td style=\"border-color: #000000; background-color: #000000;\" colspan=\"2\" bgcolor=\"#000000\"><span style=\"color: #ffffff;\">Reverso<\/span><\/td>\n<\/tr>\n<tr>\n<td style=\"border-color: #000000; background-color: #000000;\" colspan=\"3\" valign=\"top\" bgcolor=\"#000000\">\n<table style=\"width: 891px; height: 1657px;\" border=\"0\">\n<tbody>\n<tr>\n<td style=\"border-color: #000000; background-color: #000000; width: 491px;\" colspan=\"3\" bgcolor=\"#000000\" height=\"26\"><span style=\"color: #ffffff;\">Billetes de cincuenta\u00a0c\u00f3rdobas\u00a0en circulacion similar anterior\u00a0edici\u00f3n<\/span><\/td>\n<td style=\"border-color: #000000; background-color: #000000; width: 376px;\" bgcolor=\"#000000\"><span style=\"color: #ffffff;\">Inverso y Reverso Billetes de centavos 25\u00a2, 10\u00a2, 5\u00a2, 1\u00a2.<\/span><\/td>\n<\/tr>\n<tr>\n<td style=\"width: 203px; border-color: #000000; background-color: #000000;\" rowspan=\"2\" valign=\"top\"><span style=\"color: #ffffff;\"><img loading=\"lazy\" decoding=\"async\" class=\"alignnone size-medium wp-image-12501\" src=\"http:\/\/nicaragua-travel-guide.com\/site\/wp-content\/uploads\/2016\/06\/billetesdecincuentacordobasbreverso.jpg\" alt=\"billetesdecincuentacordobasbreverso\" width=\"184\" height=\"394\" \/><\/span><\/td>\n<td style=\"width: 37px; border-color: #000000; background-color: #000000;\" rowspan=\"2\"><span style=\"color: #ffffff;\">\u00a0<\/span><\/td>\n<td style=\"width: 251px; border-color: #000000; background-color: #000000;\" rowspan=\"2\" valign=\"top\"><span style=\"color: #ffffff;\"><img loading=\"lazy\" decoding=\"async\" class=\"alignnone size-medium wp-image-12492\" src=\"http:\/\/nicaragua-travel-guide.com\/site\/wp-content\/uploads\/2016\/06\/billetedecincuentacordobasb.jpg\" alt=\"billetedecincuentacordobasb\" width=\"189\" height=\"396\" \/><\/span><\/td>\n<td style=\"width: 376px; border-color: #000000; background-color: #000000; height: 227px;\" height=\"227\"><span style=\"color: #ffffff;\"><img loading=\"lazy\" decoding=\"async\" class=\"alignnone size-medium wp-image-12487\" src=\"http:\/\/nicaragua-travel-guide.com\/site\/wp-content\/uploads\/2016\/06\/billetesdeveinticincocentavos.jpg\" alt=\"billetesdeveinticincocentavos\" width=\"225\" height=\"225\" srcset=\"https:\/\/nicaragua-travel-guide.com\/site\/wp-content\/uploads\/2016\/06\/billetesdeveinticincocentavos.jpg 225w, https:\/\/nicaragua-travel-guide.com\/site\/wp-content\/uploads\/2016\/06\/billetesdeveinticincocentavos-100x100.jpg 100w, https:\/\/nicaragua-travel-guide.com\/site\/wp-content\/uploads\/2016\/06\/billetesdeveinticincocentavos-200x200.jpg 200w\" sizes=\"(max-width: 225px) 100vw, 225px\" \/><\/span><\/td>\n<\/tr>\n<tr>\n<td style=\"width: 376px; border-color: #000000; background-color: #000000; height: 215px;\" height=\"215\"><span style=\"color: #ffffff;\"><img loading=\"lazy\" decoding=\"async\" class=\"alignnone size-medium wp-image-12502\" src=\"http:\/\/nicaragua-travel-guide.com\/site\/wp-content\/uploads\/2016\/06\/billetesdediezcentavos.jpg\" alt=\"billetesdediezcentavos\" width=\"225\" height=\"225\" srcset=\"https:\/\/nicaragua-travel-guide.com\/site\/wp-content\/uploads\/2016\/06\/billetesdediezcentavos.jpg 225w, https:\/\/nicaragua-travel-guide.com\/site\/wp-content\/uploads\/2016\/06\/billetesdediezcentavos-100x100.jpg 100w, https:\/\/nicaragua-travel-guide.com\/site\/wp-content\/uploads\/2016\/06\/billetesdediezcentavos-200x200.jpg 200w\" sizes=\"(max-width: 225px) 100vw, 225px\" \/><\/span><\/td>\n<\/tr>\n<tr>\n<td style=\"border-color: #000000; background-color: #000000; width: 203px;\" height=\"26\"><span style=\"color: #ffffff;\">Inverso<\/span><\/td>\n<td style=\"border-color: #000000; background-color: #000000; width: 37px;\"><span style=\"color: #ffffff;\">\u00a0<\/span><\/td>\n<td style=\"border-color: #000000; background-color: #000000; width: 251px;\"><span style=\"color: #ffffff;\">Reverso<\/span><\/td>\n<td style=\"width: 376px; border-color: #000000; background-color: #000000;\" rowspan=\"2\" valign=\"top\"><span style=\"color: #ffffff;\"><img loading=\"lazy\" decoding=\"async\" class=\"alignnone size-medium wp-image-12500\" src=\"http:\/\/nicaragua-travel-guide.com\/site\/wp-content\/uploads\/2016\/06\/billetesdecincocentavos.jpg\" alt=\"billetesdecincocentavos\" width=\"237\" height=\"213\" \/><\/span><\/td>\n<\/tr>\n<tr>\n<td style=\"border-color: #000000; background-color: #000000; width: 491px;\" colspan=\"3\" rowspan=\"8\" valign=\"top\" bgcolor=\"#000000\">\n<table style=\"border-color: #000000; background-color: #000000; width: 503px;\">\n<tbody>\n<tr>\n<td style=\"border-color: #000000; background-color: #000000; width: 495px;\" bgcolor=\"#000000\"><span style=\"color: #ffffff;\">MONEDAS<\/span><\/td>\n<\/tr>\n<tr>\n<td style=\"border-color: #000000; background-color: #000000; width: 495px;\" bgcolor=\"#000000\"><span style=\"color: #ffffff;\">Monedas de diez Cordobas<\/span><\/td>\n<\/tr>\n<tr>\n<td style=\"border-color: #000000; background-color: #000000;\" bgcolor=\"#333333\" height=\"185\"><span style=\"color: #ffffff;\">\u00a0<\/span><img loading=\"lazy\" decoding=\"async\" class=\"alignnone wp-image-12508\" style=\"color: #ffffff;\" src=\"http:\/\/nicaragua-travel-guide.com\/site\/wp-content\/uploads\/2016\/06\/monedasdecincocordobas.gif\" alt=\"monedasdecincocordobas\" width=\"455\" height=\"231\" \/><\/td>\n<\/tr>\n<tr>\n<td style=\"border-color: #000000; background-color: #000000;\"><span style=\"color: #ffffff;\">Monedas de cinco c\u00f3rdobas<\/span><\/td>\n<\/tr>\n<tr>\n<td style=\"border-color: #000000; background-color: #000000;\" bgcolor=\"#333333\" height=\"179\"><span style=\"color: #ffffff;\">\u00a0<img loading=\"lazy\" decoding=\"async\" class=\"alignnone wp-image-12511\" src=\"http:\/\/nicaragua-travel-guide.com\/site\/wp-content\/uploads\/2016\/06\/monedasdediezcordobas.gif\" alt=\"monedasdediezcordobas\" width=\"451\" height=\"229\" \/><\/span><\/td>\n<\/tr>\n<tr>\n<td style=\"border-color: #000000; background-color: #000000;\"><span style=\"color: #ffffff;\">Monedas de un C\u00f3rdoba<\/span><\/td>\n<\/tr>\n<tr>\n<td style=\"border-color: #000000; background-color: #000000;\" height=\"173\"><span style=\"color: #ffffff;\">\u00a0<img loading=\"lazy\" decoding=\"async\" class=\"alignnone wp-image-12513\" src=\"http:\/\/nicaragua-travel-guide.com\/site\/wp-content\/uploads\/2016\/06\/monedasdeuncordoba.gif\" alt=\"monedasdeuncordoba\" width=\"453\" height=\"230\" \/><\/span><\/td>\n<\/tr>\n<tr>\n<td style=\"border-color: #000000; background-color: #000000;\" bgcolor=\"#000000\"><span style=\"color: #ffffff;\">Monedas de 50\u00a2 centavos<\/span><\/td>\n<\/tr>\n<tr>\n<td style=\"border-color: #000000; background-color: #000000;\" height=\"193\"><span style=\"color: #ffffff;\">\u00a0<img loading=\"lazy\" decoding=\"async\" class=\"alignnone size-full wp-image-12510\" src=\"http:\/\/nicaragua-travel-guide.com\/site\/wp-content\/uploads\/2016\/06\/monedasdecincuentactvs.gif\" alt=\"monedasdecincuentactvs\" width=\"438\" height=\"222\" \/><\/span><\/td>\n<\/tr>\n<\/tbody>\n<\/table>\n<\/td>\n<\/tr>\n<tr>\n<td style=\"border-color: #000000; background-color: #000000; width: 376px;\" valign=\"top\" height=\"24\"><span style=\"color: #ffffff;\">Monedas de 25\u00a2 centavos<\/span><\/td>\n<\/tr>\n<tr>\n<td style=\"border-color: #000000; background-color: #000000; width: 376px;\" valign=\"top\" height=\"224\"><span style=\"color: #ffffff;\">\u00a0<img loading=\"lazy\" decoding=\"async\" class=\"alignnone size-full wp-image-12506\" src=\"http:\/\/nicaragua-travel-guide.com\/site\/wp-content\/uploads\/2016\/06\/monedasdeveinticincotvs.gif\" alt=\"monedasdeveinticincotvs\" width=\"438\" height=\"222\" \/><\/span><\/td>\n<\/tr>\n<tr>\n<td style=\"border-color: #000000; background-color: #000000; width: 376px;\" valign=\"top\" height=\"21\"><span style=\"color: #ffffff;\">Monedas de 10\u00a2 centavos<\/span><\/td>\n<\/tr>\n<tr>\n<td style=\"border-color: #000000; background-color: #000000; width: 376px;\" valign=\"top\" height=\"21\"><span style=\"color: #ffffff;\">\u00a0<img loading=\"lazy\" decoding=\"async\" class=\"alignnone size-full wp-image-12512\" src=\"http:\/\/nicaragua-travel-guide.com\/site\/wp-content\/uploads\/2016\/06\/monedasdediezctvs.gif\" alt=\"monedasdediezctvs\" width=\"438\" height=\"222\" \/><\/span><\/td>\n<\/tr>\n<tr>\n<td style=\"border-color: #000000; background-color: #000000; width: 376px;\" valign=\"top\" height=\"21\"><span style=\"color: #ffffff;\">Monedas de 5\u00a2 centavos<\/span><\/td>\n<\/tr>\n<tr>\n<td style=\"border-color: #000000; background-color: #000000; width: 376px;\" valign=\"top\" height=\"21\"><span style=\"color: #ffffff;\">\u00a0<img loading=\"lazy\" decoding=\"async\" class=\"alignnone size-full wp-image-12509\" src=\"http:\/\/nicaragua-travel-guide.com\/site\/wp-content\/uploads\/2016\/06\/monedasdecincoctvs.gif\" alt=\"monedasdecincoctvs\" width=\"438\" height=\"222\" \/><\/span><\/td>\n<\/tr>\n<tr>\n<td style=\"border-color: #000000; background-color: #000000; width: 376px;\" align=\"center\" valign=\"middle\" bgcolor=\"#000000\" height=\"25\"><span style=\"color: #ffffff;\">Hacer click para ver otros billetes y monedas en circulacion<\/span><\/td>\n<\/tr>\n<\/tbody>\n<\/table>\n<\/td>\n<\/tr>\n<\/tbody>\n<\/table>\n<\/td>\n<\/tr>\n<\/tbody>\n<\/table>\n","protected":false},"excerpt":{"rendered":"<p>El Dinero en Nicaragua: Nicaragua tiene su propia moneda: el C\u00f3rdoba. El d\u00f3lar estadounidense es aceptado en todas partes. Algunas veces, los precios est\u00e1n basados en el d\u00f3lar pero transferidos a c\u00f3rdobas. Si paga en d\u00f3lares, su cambio lo recibir\u00e1 en c\u00f3rdobas. En la mayor\u00eda de las tiendas, hoteles y restaurantes, aceptan tarjetas de cr\u00e9dito. [&hellip;]<\/p>\n","protected":false},"author":2,"featured_media":0,"parent":0,"menu_order":0,"comment_status":"closed","ping_status":"closed","template":"","meta":{"footnotes":""},"_links":{"self":[{"href":"https:\/\/nicaragua-travel-guide.com\/site\/wp-json\/wp\/v2\/pages\/13341"}],"collection":[{"href":"https:\/\/nicaragua-travel-guide.com\/site\/wp-json\/wp\/v2\/pages"}],"about":[{"href":"https:\/\/nicaragua-travel-guide.com\/site\/wp-json\/wp\/v2\/types\/page"}],"author":[{"embeddable":true,"href":"https:\/\/nicaragua-travel-guide.com\/site\/wp-json\/wp\/v2\/users\/2"}],"replies":[{"embeddable":true,"href":"https:\/\/nicaragua-travel-guide.com\/site\/wp-json\/wp\/v2\/comments?post=13341"}],"version-history":[{"count":33,"href":"https:\/\/nicaragua-travel-guide.com\/site\/wp-json\/wp\/v2\/pages\/13341\/revisions"}],"predecessor-version":[{"id":14488,"href":"https:\/\/nicaragua-travel-guide.com\/site\/wp-json\/wp\/v2\/pages\/13341\/revisions\/14488"}],"wp:attachment":[{"href":"https:\/\/nicaragua-travel-guide.com\/site\/wp-json\/wp\/v2\/media?parent=13341"}],"curies":[{"name":"wp","href":"https:\/\/api.w.org\/{rel}","templated":true}]}}