{"id":13345,"date":"2016-09-08T06:13:08","date_gmt":"2016-09-08T06:13:08","guid":{"rendered":"http:\/\/nicaragua-travel-guide.com\/site\/?page_id=13345"},"modified":"2017-08-23T04:47:21","modified_gmt":"2017-08-23T04:47:21","slug":"culture","status":"publish","type":"page","link":"https:\/\/nicaragua-travel-guide.com\/site\/culture\/","title":{"rendered":"Cultura"},"content":{"rendered":"<table style=\"width: 980px;\" border=\"0\">\n<tbody>\n<tr style=\"height: 337px;\">\n<td style=\"height: 337px; width: 972px;\" valign=\"top\" bgcolor=\"#0066FF\"><img loading=\"lazy\" decoding=\"async\" class=\"wp-image-12531 aligncenter\" src=\"http:\/\/nicaragua-travel-guide.com\/site\/wp-content\/uploads\/2016\/06\/nicaragua-travel-guide-cultura.jpg\" alt=\"nicaragua travel guide cultura\" width=\"1011\" height=\"340\" srcset=\"https:\/\/nicaragua-travel-guide.com\/site\/wp-content\/uploads\/2016\/06\/nicaragua-travel-guide-cultura.jpg 1025w, https:\/\/nicaragua-travel-guide.com\/site\/wp-content\/uploads\/2016\/06\/nicaragua-travel-guide-cultura-600x202.jpg 600w\" sizes=\"(max-width: 1011px) 100vw, 1011px\" \/><\/td>\n<\/tr>\n<tr style=\"height: 24px;\">\n<td style=\"height: 24px; background-color: #f0f595; width: 972px;\" valign=\"top\" bgcolor=\"#0066FF\"><span style=\"color: #000000;\">Cultura<\/span><\/td>\n<\/tr>\n<tr style=\"height: 168px;\">\n<td style=\"height: 168px; width: 972px;\" bgcolor=\"#FFFFCC\">El encuentro y mezcla de una diversidad de pueblos constituy\u00f3 para Nicaragua una herencia importante, e hizo nacer una cultura pintoresca, alegre y creativa. Aunque estas manifestaciones culturales son poco conocidas a nivel mundial, su variedad y colorido pueden garantizar un interesante descubrimiento para sus espectadores.<\/p>\n<p>Igualmente, la hospitalidad y amabilidad de los nicarag\u00fcenses son reconocidas por los visitantes que tienen la oportunidad de conocerlos. He aqu\u00ed un vistazo de la cultura de los \u201cnicas\u201d.<\/td>\n<\/tr>\n<tr style=\"height: 24px;\">\n<td style=\"height: 24px; background-color: #bee4e8; width: 972px;\" bgcolor=\"#0066FF\">El Idioma \/ Lenguaje \/ El habla popular nicarag\u00fcense<\/td>\n<\/tr>\n<tr style=\"height: 353px;\">\n<td style=\"height: 353px; width: 972px;\" bgcolor=\"#FFFFCC\"><img loading=\"lazy\" decoding=\"async\" class=\" wp-image-12522 aligncenter\" src=\"http:\/\/nicaragua-travel-guide.com\/site\/wp-content\/uploads\/2016\/06\/nicaragua-travel-guide-cultura-y-lenguaje.jpg\" alt=\"nicaragua travel guide cultura y lenguaje\" width=\"1154\" height=\"404\" \/><\/td>\n<\/tr>\n<tr style=\"height: 344px;\">\n<td style=\"height: 344px; width: 972px;\" bgcolor=\"#FFFFCC\">En su habla, los nicas pueden ser confianzudos o respetuosos, seg\u00fan corresponda el caso. Se usa una gran variedad de localismos, por lo que los nicarag\u00fcenses gustan decir que su idioma es el \u201cnica\u00f1ol\u201d (espa\u00f1ol nicarag\u00fcense).<\/p>\n<p>Nicaragua forma parte de los pa\u00edses latinoamericanos que usan el \u201cvos\u201d en lugar del \u201ct\u00fa\u201d como segunda persona del singular. En la escuela primaria y clases de gram\u00e1tica se ense\u00f1a a conjugar con el t\u00fa, pero en la vida cotidiana y en la socializaci\u00f3n siempre reina el \u201cvoseo\u201d.<\/p>\n<p>Como t\u00e9rmino de respeto, los nicarag\u00fcenses usan el \u201custed\u201d (t\u00e9rmino latinoamericano que nace como diminutivo de la expresi\u00f3n colonial castellana \u201cvuestra merced\u201d). A las personas adultas generalmente se les trata de \u201custed\u201d, y tambi\u00e9n se utiliza como una demostraci\u00f3n de respeto hacia las personas que reci\u00e9n se conocen. Al referirse a una persona de edad mayor, por lo general se antepone \u201cdon\u201d o \u201cdo\u00f1a\u201d: don Rafael, do\u00f1a Sof\u00eda, don Mario, por ejemplo.<\/p>\n<p>El acento nicarag\u00fcense tiene detalles que lo hacen identificable. Por ejemplo, cuando se habla no se pronuncia la \u201cs\u201d al final de las palabras, y su sonido es sustituido por una especie de \u201cj\u201d suave y corta. En cuanto al \u201ccantadito\u201d al hablar, existen diferencias entre las zonas urbanas y las rurales: en las urbanas es bastante lineal, y en las rurales se pronuncian con mucha fuerza las s\u00edlabas acentuadas.<\/td>\n<\/tr>\n<tr style=\"height: 353px;\">\n<td style=\"height: 353px; width: 972px;\" bgcolor=\"#FFFFCC\"><img loading=\"lazy\" decoding=\"async\" class=\" wp-image-12520 aligncenter\" src=\"http:\/\/nicaragua-travel-guide.com\/site\/wp-content\/uploads\/2016\/06\/nicaragua-travel-guide-culltura-y-tradicion-fiestas-religiosas.jpg\" alt=\"nicaragua travel guide culltura y tradicion fiestas religiosas\" width=\"1137\" height=\"398\" \/><\/td>\n<\/tr>\n<tr style=\"height: 24px;\">\n<td style=\"height: 24px; background-color: #bdf0e6; width: 972px;\" bgcolor=\"#0033FF\">Festividades Religiosas \/ Ver Calendario Agenda de fiestas Religiosas<\/td>\n<\/tr>\n<tr style=\"height: 198px;\">\n<td style=\"height: 198px; width: 972px;\" bgcolor=\"#FFFFCC\">Las celebraciones de origen religioso siempre son populosas y bulliciosas en Nicaragua, y es en \u00e9stas que salen a relucir danzas, m\u00fasicas e interpretaciones tradicionales.<\/p>\n<p>Cada ciudad y pueblo tiene su propio \u201csanto patrono\u201d, el cual fue escogido o impuesto desde tiempos coloniales. Cuando los habitantes de la zona celebran su devoci\u00f3n a su santo, se producen las populares \u201cfiestas patronales\u201d que se extienden por varios d\u00edas, o hasta meses, como es el caso de Masaya. Estas fiestas son muy coloridas y agitadas en muchos puntos de Nicaragua, y son verdaderas muestras de la cultura tradicional.<\/p>\n<p>Muchos de sus asistentes no llegan por verdadera devoci\u00f3n religiosa, sino por que \u00e9stas son un motivo de reuni\u00f3n e identificaci\u00f3n cultural. Sin embargo, son tambi\u00e9n numerosos los que llegan y alimentan el evento con su fervor religioso y misticismo.<\/td>\n<\/tr>\n<tr style=\"height: 387px;\">\n<td style=\"height: 387px; width: 972px;\" bgcolor=\"#FFFFCC\"><img loading=\"lazy\" decoding=\"async\" class=\" wp-image-12524 aligncenter\" src=\"http:\/\/nicaragua-travel-guide.com\/site\/wp-content\/uploads\/2016\/06\/nicaragua-cultura-y-tradicion-elebraciones-fiestas-y-bailes.jpg\" alt=\"nicaragua cultura y tradicion elebraciones fiestas y bailes\" width=\"1015\" height=\"390\" \/><\/td>\n<\/tr>\n<tr style=\"height: 24px;\">\n<td style=\"height: 24px; background-color: #d3ebdb; width: 972px;\" bgcolor=\"#0066FF\">La m\u00fasica y los bailes<\/td>\n<\/tr>\n<tr style=\"height: 688px;\">\n<td style=\"height: 688px; width: 972px;\" bgcolor=\"#FFFFCC\">La m\u00fasica tradicional nicarag\u00fcense nace de la herencia y, en muchos casos, fusi\u00f3n de la cultura de pueblos ind\u00edgenas, colonos europeos y pueblos africanos, e igual ocurre con la danza folckl\u00f3rica.<\/p>\n<p>Las danzas y la m\u00fasica tradicional nacieron en las diferentes regiones del pa\u00eds, y aunque todav\u00eda suelen considerarse representativas de su tierra de origen, ya los nicarag\u00fcenses a nivel nacional las consideran parte de su propia identidad cultural. As\u00ed, las danzas del Caribe africanizado se bailan en el Pac\u00edfico, y los bailes norte\u00f1os son interpretados en el Sur. Veamos la m\u00fasica y danza del folclor nacional por zonas culturales representativas:<\/p>\n<p><strong>Pac\u00edfico<\/strong>: aqu\u00ed se dio una fusi\u00f3n creativa entre lo ind\u00edgena y lo espa\u00f1ol, y de \u00e9sta resultaron danzas y m\u00fasicas folcl\u00f3ricas muy vistosas y diversas. En Carazo, los tambores y flautas ind\u00edgenas acompa\u00f1an a los bailantes cuyas vestimentas muestran la dualidad ind\u00edgena-espa\u00f1ola. Las danzas y m\u00fasica m\u00e1s conocidas de la zona son el Toro Huaco y El G\u00fceg\u00fcense o Macho Rat\u00f3n. En Masaya las danzas tienen ya una identidad mestiza, sobre todo. Durante \u00e9stas las mujeres visten de g\u00fcipil (camisa femenina de algod\u00f3n) y falda larga, y los hombres de cotona (camisa masculina tradicional de Nicaragua) pantal\u00f3n blanco, sombrero y sandalias. Las danzas representan generalmente un galanteo de movimientos suaves, entre hombres coquetos y mujeres laboriosas. La m\u00fasica es el \u201cson nica\u201d creado por Camilo Zapata, un rasqueo de guitarra propio de la m\u00fasica tradicional nicarag\u00fcense, acompa\u00f1ado siempre por el instrumento representativo del folclor en Nicaragua: la marimba de madera.<\/p>\n<p><strong>Norte y Centro<\/strong>: en las regiones monta\u00f1osas del norte y el centro de Nicaragua se observa sobre todo la herencia europea aportada por las colonias espa\u00f1olas y alemanas asentadas en la regi\u00f3n. Aqu\u00ed son representativas sobre todo las polcas y mazurcas.<\/p>\n<p><strong>Caribe<\/strong>: la expresi\u00f3n cultural por excelencia del Caribe nicarag\u00fcense son las danzas y sonidos africanizados, aunque las tribus ind\u00edgenas tambi\u00e9n hacen su aporte. El ritmo y baile representativo de esa zona es el Palo de Mayo, nacido en la regi\u00f3n de Bluefields, y que cuenta con un ritmo de percusi\u00f3n muy energ\u00e9tico, con el que hombres y mujeres bailantes contornan sus cuerpos en movimientos sensuales.<\/p>\n<p>Algunos compositores nicarag\u00fcenses han incursionado tambi\u00e9n en ritmos latinoamericanos muy conocidos. Es as\u00ed que puede escucharse cumbias y salsas nacidas en Nicaragua.<\/p>\n<p>Durante las fiestas patronales y regionales salen a relucir las unidades de m\u00fasica popular nicarag\u00fcense: son los grupos filarm\u00f3nicos o \u201cchicheros\u201d. Sus integrantes tocan generalmente dos o tres trompetas, un clarinete, un tromb\u00f3n, un sous\u00e1fono, y, en la percusi\u00f3n, bombo, platillo y redoblante. La m\u00fasica que interpretan es muy en\u00e9rgica y pegajosa.<\/td>\n<\/tr>\n<tr style=\"height: 350px;\">\n<td style=\"height: 350px; width: 972px;\" bgcolor=\"#FFFFCC\"><img loading=\"lazy\" decoding=\"async\" class=\" wp-image-12525 aligncenter\" src=\"http:\/\/nicaragua-travel-guide.com\/site\/wp-content\/uploads\/2016\/06\/nicaragua-travel-guide-culltura-fiestas-musica-tipica-folklorica-y-regional.jpg\" alt=\"nicaragua travel guide culltura fiestas musica tipica folklorica y regional\" width=\"1000\" height=\"350\" \/><\/td>\n<\/tr>\n<tr style=\"height: 24px;\">\n<td style=\"height: 24px; background-color: #cae3d9; width: 972px;\" bgcolor=\"#0066FF\">Compositores M\u00fasicos \/Artistas actuales<\/td>\n<\/tr>\n<tr style=\"height: 313px;\">\n<td style=\"height: 313px; width: 972px;\" bgcolor=\"#FFFFCC\">Grandes representantes y creadores actuales de la m\u00fasica folckl\u00f3rica nicarag\u00fcense son los hermanos Carlos y Lu\u00eds Enrique Mej\u00eda Godoy (compositores y rescatadores) y don Otto de la Rocha.<\/p>\n<p>Durante los a\u00f1os 70 y 80, de guerrilla revolucionaria y la posterior guerra en defensa de la revoluci\u00f3n, salieron a relucir en Nicaragua los ritmos de trova y trova latinoamericana, usados para protestar contra la injusticia social o apelar a un \u201cma\u00f1ana mejor\u201d, al patriotismo o a la conservaci\u00f3n ecol\u00f3gica. Con el tiempo, la trova pas\u00f3 a ser un ritmo utilizado en la creaci\u00f3n art\u00edstica nicarag\u00fcense y por ende parte de su cultura. Muy conocido en este g\u00e9nero es el D\u00fao Guardabarranco, compuesto por los hermanos Katia y Salvador Cardenal.<\/p>\n<p>Podr\u00eda tomarse en cuenta dentro de la producci\u00f3n musical nicarag\u00fcense, el rock alternativo y pesado, debido al considerable segmento de j\u00f3venes que gustan de este g\u00e9nero, y por la gran cantidad de bandas musicales surgidas en distintos puntos del pa\u00eds y que realizan sus propias creaciones.<\/p>\n<p>Un punto aparte del folcklor que debe ser se\u00f1alado en cuanto a m\u00fasica y danza, es que los nicarag\u00fcenses gustan mucho de la fiesta y de bailar ritmos latinos internacionales como la salsa, el merengue, la bachata o el actual reggaet\u00f3n.<\/td>\n<\/tr>\n<tr style=\"height: 353px;\">\n<td style=\"height: 353px; width: 972px;\" bgcolor=\"#FFFFCC\"><img loading=\"lazy\" decoding=\"async\" class=\" wp-image-12526 aligncenter\" src=\"http:\/\/nicaragua-travel-guide.com\/site\/wp-content\/uploads\/2016\/06\/nicaragua-travel-guide-culltura-y-literatura.jpg\" alt=\"nicaragua travel guide culltura y literatura\" width=\"1047\" height=\"366\" \/><\/td>\n<\/tr>\n<tr style=\"height: 24px;\">\n<td style=\"height: 24px; background-color: #abc0d1; width: 972px;\" bgcolor=\"#0033FF\">La Literatura \/ Intelectuales escritores<\/td>\n<\/tr>\n<tr style=\"height: 408px;\">\n<td style=\"height: 408px; width: 972px;\" bgcolor=\"#FFFFCC\">La producci\u00f3n art\u00edstica literaria nicarag\u00fcense es amplia y ha tenido representantes reconocidos a nivel mundial.<\/p>\n<p>La primera gran obra de letras nicarag\u00fcense es la comedia bailete \u201cEl G\u00fceg\u00fcense o Macho Rat\u00f3n\u201d, la cual apareci\u00f3 publicada en Carazo en el siglo XVII, escrita en n\u00e1huatl y castellano. La obra, de autor an\u00f3nimo, recrea personajes de tiempos de la colonia en Nicaragua. En ella se mezclan elementos ind\u00edgenas y espa\u00f1oles tanto en la m\u00fasica que la acompa\u00f1a, como en los caracteres teatrales.<\/p>\n<p>Su nombre viene de su personaje principal, el G\u00fceg\u00fcense, el que a su vez se deriva del vocablo n\u00e1huatl \u201cg\u00fceg\u00fce\u201d, que significa \u201cviejo\u201d. El G\u00fceg\u00fcense se vale de su aguda astucia para enga\u00f1ar, ridiculizar y superar las imposiciones de los personajes que representan a las autoridades coloniales espa\u00f1olas. Esta pieza teatral fue recientemente declarada Obra Maestra del Patrimonio Oral e Inmaterial de la Humanidad por la UNESCO, porque representa una resistencia ind\u00edgena pac\u00edfica ante la imposici\u00f3n de la autoridad y violencia de los espa\u00f1oles.<\/p>\n<p>La representaci\u00f3n literaria nicarag\u00fcense ante el mundo descansa sobre la figura del escritor y poeta Rub\u00e9n Dar\u00edo (1867-1916), reconocido en el mundo hispanohablante como uno de los creadores del modernismo. Su obra es amplia y fue traducida a varios idiomas, y se reconoce su aporte a la literatura en castellano por enriquecerlo con aperturas cosmopolitas.<\/p>\n<p>Nicaragua ha sido y es tierra de cuentistas y poetas. En la actualidad, los autores literarios modernos m\u00e1s reconocidos internacionalmente son Ernesto Cardenal, Gioconda Belli y Sergio Ram\u00edrez.<\/td>\n<\/tr>\n<tr style=\"height: 274px;\">\n<td style=\"height: 274px; width: 972px;\" bgcolor=\"#FFFFCC\">\n<table border=\"0\" width=\"1010\">\n<tbody>\n<tr>\n<td style=\"background-color: #8fedf7;\" colspan=\"3\" bgcolor=\"#0033FF\"><span style=\"color: #000000;\">Ver Agenda de Actividades Culturales en Nicaragua por departamento<\/span><\/td>\n<\/tr>\n<tr>\n<td bgcolor=\"#FFFF00\" width=\"316\"><strong>Regi\u00f3n Pacifico<\/strong><\/td>\n<td bgcolor=\"#FFFF00\" width=\"328\"><strong>Regi\u00f3n Central Norte<\/strong><\/td>\n<td bgcolor=\"#FFFF00\" width=\"352\"><strong>Regi\u00f3n Atl\u00e1ntico:<\/strong><\/td>\n<\/tr>\n<tr>\n<td bgcolor=\"#FFFFCC\">Chinandega<\/td>\n<td bgcolor=\"#FFFFCC\">Madriz<\/td>\n<td bgcolor=\"#FFFFCC\">RAAS<\/td>\n<\/tr>\n<tr>\n<td bgcolor=\"#FFFFCC\">Le\u00f3n<\/td>\n<td bgcolor=\"#FFFFCC\">Jinotega<\/td>\n<td bgcolor=\"#FFFFCC\">Corn Island<\/td>\n<\/tr>\n<tr>\n<td bgcolor=\"#FFFFCC\">Managua<\/td>\n<td bgcolor=\"#FFFFCC\">Nueva Segovia<\/td>\n<td bgcolor=\"#FFFFCC\">Bluefields<\/td>\n<\/tr>\n<tr>\n<td bgcolor=\"#FFFFCC\">Carazo<\/td>\n<td bgcolor=\"#FFFFCC\">Estel\u00ed<\/td>\n<td bgcolor=\"#FFFFCC\">Calendario de Eventos<\/td>\n<\/tr>\n<tr>\n<td bgcolor=\"#FFFFCC\">Masaya<\/td>\n<td bgcolor=\"#FFFFCC\">Matagalpa<\/td>\n<td><\/td>\n<\/tr>\n<tr>\n<td style=\"background-color: #f5e642;\" bgcolor=\"#FFFFCC\"><a href=\"http:\/\/nicaragua-travel-guide.com\/site\/agenda-de-evento-cultural-arte-musicadanza-teatro-poesia-pintoresfestival-granada\/\">Granada*<\/a><\/td>\n<td bgcolor=\"#FFFFCC\">Rio San Juan<\/td>\n<td><\/td>\n<\/tr>\n<tr>\n<td bgcolor=\"#FFFFCC\">Rivas<\/td>\n<td><\/td>\n<td><\/td>\n<\/tr>\n<\/tbody>\n<\/table>\n<\/td>\n<\/tr>\n<\/tbody>\n<\/table>\n","protected":false},"excerpt":{"rendered":"<p>Cultura El encuentro y mezcla de una diversidad de pueblos constituy\u00f3 para Nicaragua una herencia importante, e hizo nacer una cultura pintoresca, alegre y creativa. Aunque estas manifestaciones culturales son poco conocidas a nivel mundial, su variedad y colorido pueden garantizar un interesante descubrimiento para sus espectadores. Igualmente, la hospitalidad y amabilidad de los nicarag\u00fcenses [&hellip;]<\/p>\n","protected":false},"author":2,"featured_media":0,"parent":0,"menu_order":0,"comment_status":"closed","ping_status":"closed","template":"","meta":{"footnotes":""},"_links":{"self":[{"href":"https:\/\/nicaragua-travel-guide.com\/site\/wp-json\/wp\/v2\/pages\/13345"}],"collection":[{"href":"https:\/\/nicaragua-travel-guide.com\/site\/wp-json\/wp\/v2\/pages"}],"about":[{"href":"https:\/\/nicaragua-travel-guide.com\/site\/wp-json\/wp\/v2\/types\/page"}],"author":[{"embeddable":true,"href":"https:\/\/nicaragua-travel-guide.com\/site\/wp-json\/wp\/v2\/users\/2"}],"replies":[{"embeddable":true,"href":"https:\/\/nicaragua-travel-guide.com\/site\/wp-json\/wp\/v2\/comments?post=13345"}],"version-history":[{"count":8,"href":"https:\/\/nicaragua-travel-guide.com\/site\/wp-json\/wp\/v2\/pages\/13345\/revisions"}],"predecessor-version":[{"id":14493,"href":"https:\/\/nicaragua-travel-guide.com\/site\/wp-json\/wp\/v2\/pages\/13345\/revisions\/14493"}],"wp:attachment":[{"href":"https:\/\/nicaragua-travel-guide.com\/site\/wp-json\/wp\/v2\/media?parent=13345"}],"curies":[{"name":"wp","href":"https:\/\/api.w.org\/{rel}","templated":true}]}}