{"id":13350,"date":"2016-09-08T06:26:39","date_gmt":"2016-09-08T06:26:39","guid":{"rendered":"http:\/\/nicaragua-travel-guide.com\/site\/?page_id=13350"},"modified":"2017-08-31T23:09:48","modified_gmt":"2017-08-31T23:09:48","slug":"packages-guided-visits-land-aquatic-transport-combination-accommodation-food-and-beverage-local-activities","status":"publish","type":"page","link":"https:\/\/nicaragua-travel-guide.com\/site\/packages-guided-visits-land-aquatic-transport-combination-accommodation-food-and-beverage-local-activities\/","title":{"rendered":"Paquetes"},"content":{"rendered":"<table style=\"width: 1014px;\">\n<tbody>\n<tr>\n<th style=\"width: 947px;\" colspan=\"4\" scope=\"row\" align=\"left\" bgcolor=\"#FFFFFF\">\n<table border=\"0\" width=\"1006\">\n<tbody>\n<tr>\n<td valign=\"top\" bgcolor=\"#FFFFFF\" width=\"1000\"><img loading=\"lazy\" decoding=\"async\" class=\"alignnone size-full wp-image-5128\" src=\"http:\/\/nicaragua-travel-guide.com\/site\/wp-content\/uploads\/2016\/06\/header-tu-viajes-por-nicaragua.jpg\" alt=\"header tu viajes por nicaragua\" width=\"1025\" height=\"345\" srcset=\"https:\/\/nicaragua-travel-guide.com\/site\/wp-content\/uploads\/2016\/06\/header-tu-viajes-por-nicaragua.jpg 1025w, https:\/\/nicaragua-travel-guide.com\/site\/wp-content\/uploads\/2016\/06\/header-tu-viajes-por-nicaragua-600x202.jpg 600w\" sizes=\"(max-width: 1025px) 100vw, 1025px\" \/><\/td>\n<\/tr>\n<tr>\n<td valign=\"top\" bgcolor=\"#FFFFFF\" width=\"1000\">Viaje a la medida usted b\u00e1sicamente dise\u00f1a el viaje o circuito a su gusto donde puede escoger:<br \/>\n<strong>1 &#8211;<\/strong> Seleccionar la regi\u00f3n y destinos de nicaragua que desea visitar: regi\u00f3n del pacifico, regi\u00f3n central o atl\u00e1ntico norte y sur.<br \/>\n<strong>2 &#8211;<\/strong> Seleccionar tipo de transporte ( mini van, auto de alquiler, avi\u00f3n, etc&#8230;<br \/>\n<strong>3 &#8211;<\/strong> Ver Gu\u00eda de actividades y seleccionar lo que desea realizar.<br \/>\n<strong>4 &#8211;<\/strong> Seleccionar tipo de Hotel ( resort, peque\u00f1o y acogedor, lujo, econ\u00f3mico, etc&#8230;<strong>Por favor env\u00edenos un correo indicando:<\/strong><br \/>\n<strong>A)<\/strong> Numero de personas<br \/>\n<strong>B)<\/strong> Fechas de su viaje (estimadas o seguras)<br \/>\n<strong>C)<\/strong> Destinos que desea visitar?<\/td>\n<\/tr>\n<tr>\n<td bgcolor=\"#FFFFFF\">\n<table style=\"width: 971px;\" border=\"0\">\n<tbody>\n<tr>\n<td style=\"width: 148px;\" bgcolor=\"#0000FF\">Regi\u00f3n Pacifico<\/td>\n<td style=\"width: 298px;\" bgcolor=\"#0000FF\">Regi\u00f3n Central Norte<\/td>\n<td style=\"width: 302px;\" bgcolor=\"#0000FF\">Regi\u00f3n Atl\u00e1ntico Norte<\/td>\n<td style=\"width: 223px;\" bgcolor=\"#0000FF\">Regi\u00f3n Atl\u00e1ntico Sur<\/td>\n<\/tr>\n<\/tbody>\n<\/table>\n<\/td>\n<\/tr>\n<\/tbody>\n<\/table>\n<\/th>\n<\/tr>\n<tr>\n<th style=\"width: 150px;\" scope=\"row\" align=\"left\" bgcolor=\"#FFFFFF\">Chinandega<\/th>\n<th style=\"width: 272px;\" scope=\"row\" align=\"left\" bgcolor=\"#FFFFFF\">Madriz (<a href=\"http:\/\/hotelcolonialsomoto.nicaragua-info.com\/index.html\">Somoto<\/a>)<\/th>\n<th style=\"width: 326px;\" scope=\"row\" align=\"left\" bgcolor=\"#FFFFFF\"><a href=\"http:\/\/nicaragua-travel-guide.com\/site\/region-autonoma-atlantico-norte-siuna-nicaragua-visita-guiada-atractivos-turisticos-saslaya-canon-rosa-grande-wailawas-puerto-cabezas-waspan-kayos-miskitos-y-mas\/\">Siuna \u00a0visita guiada<\/a> <strong>\u00abNaturaleza\u00bb<\/strong><\/th>\n<th style=\"width: 199px;\" scope=\"row\" align=\"left\" bgcolor=\"#FFFFFF\">Bluefields<\/th>\n<\/tr>\n<tr>\n<th style=\"width: 150px;\" scope=\"row\" align=\"left\" bgcolor=\"#FFFFFF\">Leon<\/th>\n<th style=\"width: 272px;\" scope=\"row\" align=\"left\" bgcolor=\"#FFFFFF\">Nueva Segovia<\/th>\n<th style=\"width: 326px;\" scope=\"row\" align=\"left\" bgcolor=\"#FFFFFF\">\u00a0BOSAWAS \u00a0\u00a0Reserva de bi\u00f3sfera<\/th>\n<th style=\"width: 199px;\" scope=\"row\" align=\"left\" bgcolor=\"#FFFFFF\">Corn Islands<\/th>\n<\/tr>\n<tr>\n<th style=\"width: 150px;\" scope=\"row\" align=\"left\" bgcolor=\"#FFFFFF\">Managua<\/th>\n<th style=\"width: 272px;\" scope=\"row\" align=\"left\" bgcolor=\"#FFFFFF\">Jinotega<\/th>\n<th style=\"width: 326px;\" scope=\"row\" align=\"left\" bgcolor=\"#FFFFFF\">Bonanza<\/th>\n<th style=\"width: 199px;\" scope=\"row\" align=\"left\" bgcolor=\"#FFFFFF\">rio Rama (r\u00edo escondido)<\/th>\n<\/tr>\n<tr>\n<th style=\"width: 150px;\" scope=\"row\" align=\"left\" bgcolor=\"#FFFFFF\">Carazo<\/th>\n<th style=\"width: 272px;\" scope=\"row\" align=\"left\" bgcolor=\"#FFFFFF\">Estel\u00ed (<a href=\"http:\/\/www.visitamiraflor.com\/\">Miraflor<\/a>)<\/th>\n<th style=\"width: 326px;\" scope=\"row\" bgcolor=\"#FFFFFF\">Rosita<\/th>\n<th style=\"width: 199px;\" scope=\"row\" align=\"left\" valign=\"top\" bgcolor=\"#FFFFFF\"><\/th>\n<\/tr>\n<tr>\n<th style=\"width: 150px;\" scope=\"row\" align=\"left\" bgcolor=\"#FFFFFF\">Masaya<\/th>\n<th style=\"width: 272px;\" scope=\"row\" align=\"left\" bgcolor=\"#FFFFFF\">Matagalpa (<a href=\"http:\/\/www.selvanegra.com\/index.html\">Hotel y Tours<\/a>)<\/th>\n<td style=\"width: 326px;\">Puerto Cabezas<\/td>\n<th style=\"width: 199px;\" scope=\"row\" align=\"left\" valign=\"top\" bgcolor=\"#FFFFFF\"><\/th>\n<\/tr>\n<tr>\n<th style=\"width: 150px;\" scope=\"row\" align=\"left\" bgcolor=\"#FFFFFF\"><a href=\"http:\/\/nicaragua-travel-guide.com\/site\/paquetes-visitas-turisticas-guiadas-combos-a-su-eleccion-en-granada\/\">Granada*<\/a><\/th>\n<td style=\"width: 272px;\" bgcolor=\"#0000FF\"><strong>Regi\u00f3n Central<\/strong><\/td>\n<td style=\"width: 326px;\"><a href=\"http:\/\/nicaragua-travel-guide.com\/site\/kayos-miskitos-mar-caribe-costa-atlantica-norte-de-nicaragua-tour-guiado\/\"><strong>Kayos Miskitos visita guiada<\/strong><\/a> \u00a0 3 noches<\/td>\n<th style=\"width: 199px;\" scope=\"row\" align=\"left\" valign=\"top\" bgcolor=\"#FFFFFF\"><\/th>\n<\/tr>\n<tr>\n<th style=\"width: 150px;\" scope=\"row\" align=\"left\" bgcolor=\"#FFFFFF\">Rivas<\/th>\n<td style=\"width: 272px;\"><a href=\"http:\/\/nicaragua-travel-guide.com\/site\/boaco-la-ciudad-de-dos-pisos-visita-guiada-nicaragua-travel-guide-com\/\"><strong>Boaco<\/strong><\/a> \u00abRuta ganadera\u00bb<\/td>\n<td style=\"width: 326px;\">Turismo rural comunitario<\/td>\n<th style=\"width: 199px;\" scope=\"row\" align=\"left\" valign=\"top\" bgcolor=\"#FFFFFF\"><\/th>\n<\/tr>\n<tr>\n<th style=\"width: 150px;\" scope=\"row\" align=\"left\" bgcolor=\"#FFFFFF\">Combinaciones<\/th>\n<td style=\"width: 272px;\"><a href=\"http:\/\/nicaragua-travel-guide.com\/site\/departamento-chontales-juigalpa-visita-guiada-nicaragua-travel-guide-com-sitios-arqueologicos-museos-santuario-de-cuapa-lago-de-nicaragua-rios-produccion-de-leche-y-queso-productos-de-cuero-rio-rama\/\"><strong>\u00abChontales\u00bb<\/strong>\u00a0\u00a0viajes y eventos<\/a><\/td>\n<td style=\"width: 326px;\">Ver Agenda del Tour del d\u00eda<\/td>\n<th style=\"width: 199px;\" scope=\"row\" align=\"left\" valign=\"top\" bgcolor=\"#FFFFFF\"><\/th>\n<\/tr>\n<tr>\n<th style=\"width: 150px;\" scope=\"row\" align=\"left\" bgcolor=\"#FFFFFF\"><a href=\"http:\/\/nicaragua-travel-guide.com\/site\/paquete-viaje-por-8-dias-y-7-noches-en-nicaragua-region-central-norte-ruta-del-cafe-tabaco-y-cacao\/\">8 d\u00edas y 7 noches<\/a><\/th>\n<td style=\"width: 272px;\">r\u00edo San Juan (<a href=\"http:\/\/www.hotelsabalos.com.ni\/es\/default.html\">Hotel S\u00e1balo<\/a>)<\/td>\n<td style=\"width: 326px;\">Ver Agenda Cultural<\/td>\n<th style=\"width: 199px;\" scope=\"row\" align=\"left\" valign=\"top\" bgcolor=\"#FFFFFF\"><\/th>\n<\/tr>\n<tr>\n<th style=\"width: 150px;\" scope=\"row\" align=\"left\" bgcolor=\"#FFFFFF\"><\/th>\n<td style=\"width: 272px;\"><a href=\"http:\/\/nicaragua-travel-guide.com\/site\/paquete-viaje-por-8-dias-y-7-noches-en-nicaragua-region-central-norte-ruta-del-cafe-tabaco-y-cacao\/\">8 d\u00edas y \u00a07 noches \u00abcaf\u00e9,tabaco y cacao\u00bb<\/a><\/td>\n<td style=\"width: 326px;\"><\/td>\n<th style=\"width: 199px;\" scope=\"row\" align=\"left\" valign=\"top\" bgcolor=\"#FFFFFF\"><\/th>\n<\/tr>\n<tr>\n<th style=\"width: 947px;\" colspan=\"4\" scope=\"row\" align=\"left\" bgcolor=\"#0000FF\">\u00abNicaragua Tan Peque\u00f1a,Tan Grande\u00bb<\/th>\n<\/tr>\n<tr>\n<th style=\"width: 947px;\" colspan=\"4\" scope=\"row\" align=\"left\" bgcolor=\"#FFFFFF\">\n<table style=\"width: 1005px;\" border=\"0\">\n<tbody>\n<tr>\n<td style=\"width: 208px;\"><strong>Atractivos<\/strong><\/td>\n<td style=\"width: 212px;\"><strong>Cultura<\/strong><\/td>\n<td style=\"width: 254px;\"><strong>Naturaleza<\/strong><\/td>\n<td style=\"width: 307px;\"><strong>Deporte y Aventura<\/strong><\/td>\n<\/tr>\n<tr>\n<td style=\"width: 208px;\" valign=\"top\">\n<ul>\n<li><strong>Paseos en Bote<\/strong><\/li>\n<li><strong>Iglesias y Catedrales<\/strong><\/li>\n<li><strong>Paseos<\/strong> <strong>por la Ciudad<\/strong><\/li>\n<li><strong>Fortalezas<\/strong><\/li>\n<li><strong>Ruinas<\/strong><\/li>\n<li><strong>Viajes y <\/strong><strong>Visitas<\/strong><\/li>\n<li><strong>Miradores<\/strong><\/li>\n<\/ul>\n<\/td>\n<td style=\"width: 212px;\" valign=\"top\">\n<ul>\n<li><strong>Centros Culturales<\/strong><\/li>\n<li><strong>Galer\u00edas<\/strong><\/li>\n<li><strong>Artesan\u00edas<\/strong><\/li>\n<li><strong>Bibliotecas<\/strong><\/li>\n<li><strong>Mercados<\/strong><\/li>\n<li><strong>Museos<\/strong><\/li>\n<li><strong>Teatros<\/strong><\/li>\n<li><strong>Eventos<\/strong><\/li>\n<\/ul>\n<\/td>\n<td style=\"width: 254px;\" valign=\"top\">\n<ul>\n<li><strong>Lagunas<\/strong><\/li>\n<li><strong>Monta\u00f1as y Cerros<\/strong><\/li>\n<li><strong>Reservas Naturales<\/strong><\/li>\n<li><strong>Turismo Rural Comunitario<\/strong><\/li>\n<li><strong>Volcanes<\/strong><\/li>\n<li><strong>Cascadas<\/strong><\/li>\n<\/ul>\n<\/td>\n<td style=\"width: 307px;\" valign=\"top\">\n<ul>\n<li><strong>Ciclismo<\/strong><\/li>\n<li><strong>Canopy<\/strong><\/li>\n<li><strong>Pesca<\/strong><\/li>\n<li><strong>Canchas deportivas<\/strong><\/li>\n<li><strong>Excursionismo<\/strong><\/li>\n<li><strong>Cabalgatas<\/strong><\/li>\n<li><strong>Kayak<\/strong>s<\/li>\n<li><strong>Buceo<\/strong><\/li>\n<li><strong>Surf<\/strong><\/li>\n<li><strong>Deportes Acu\u00e1ticos<\/strong><\/li>\n<li><strong>Deportes de Exteriores<\/strong><\/li>\n<li><strong>Nataci\u00f3n<\/strong><\/li>\n<\/ul>\n<\/td>\n<\/tr>\n<tr>\n<td style=\"width: 981px;\" colspan=\"4\">\n<table style=\"width: 994px;\">\n<tbody>\n<tr>\n<th style=\"width: 335px;\" scope=\"col\" bgcolor=\"#0000FF\">Extensi\u00f3n y Combinaciones en Nicaragua<\/th>\n<th style=\"width: 370px;\" rowspan=\"6\" scope=\"col\" bgcolor=\"#FFFFFF\"><img loading=\"lazy\" decoding=\"async\" class=\"alignnone size-full wp-image-5124\" style=\"text-align: start;\" src=\"http:\/\/nicaragua-travel-guide.com\/site\/wp-content\/uploads\/2016\/06\/header-guia-de-actividades-alquiler-de-carros.jpg\" alt=\"header guia de actividades alquiler de carros\" width=\"1025\" height=\"345\" srcset=\"https:\/\/nicaragua-travel-guide.com\/site\/wp-content\/uploads\/2016\/06\/header-guia-de-actividades-alquiler-de-carros.jpg 1025w, https:\/\/nicaragua-travel-guide.com\/site\/wp-content\/uploads\/2016\/06\/header-guia-de-actividades-alquiler-de-carros-600x202.jpg 600w\" sizes=\"(max-width: 1025px) 100vw, 1025px\" \/>\u00a0<img loading=\"lazy\" decoding=\"async\" src=\"http:\/\/www.nicaragua-travel-guide.com\/imangenestres\/logonicaragua.jpg\" alt=\"\" width=\"264\" height=\"109\" \/><\/th>\n<\/tr>\n<tr>\n<th style=\"width: 335px;\" scope=\"row\" bgcolor=\"#009900\">Naturaleza, flora y fauna, volcanes,historia<\/th>\n<\/tr>\n<tr>\n<th style=\"width: 335px;\" scope=\"row\" bgcolor=\"#FF6600\">Aventura (Canopy,Kayaks, Riding horse,and more&#8230;<\/th>\n<\/tr>\n<tr>\n<th style=\"width: 335px;\" scope=\"row\" bgcolor=\"#FFFF00\">Cultura<\/th>\n<\/tr>\n<tr>\n<th style=\"width: 335px;\" scope=\"row\" bgcolor=\"#D6D6D6\">Luna de miel y playas<\/th>\n<\/tr>\n<tr>\n<th style=\"width: 335px;\" scope=\"row\" bgcolor=\"#CCFFCC\">Viajes por salud<\/th>\n<\/tr>\n<\/tbody>\n<\/table>\n<\/td>\n<\/tr>\n<tr>\n<td style=\"width: 981px;\" colspan=\"4\">\n<p align=\"center\"><strong><u>B\u00fasqueda Avanzada de Actividades<\/u><\/strong><\/p>\n<div><\/div>\n<div align=\"center\">\n<table border=\"0\" cellspacing=\"0\" cellpadding=\"0\">\n<tbody>\n<tr>\n<td valign=\"top\" width=\"262\"><strong>Regi\u00f3n: <\/strong><select name=\"d\"><option selected=\"selected\" value=\"0\">&#8212; Cualquier regi\u00f3n &#8212;<\/option><option value=\"1\">Boaco<\/option><option value=\"2\">Carazo<\/option><option value=\"3\">Chinandega<\/option><option value=\"4\">Chontales<\/option><option value=\"5\">Estel\u00ed<\/option><option value=\"6\">Granada<\/option><option value=\"7\">Jinotega<\/option><option value=\"8\">Le\u00f3n<\/option><option value=\"9\">Madriz<\/option><option value=\"10\">Managua<\/option><option value=\"11\">Masaya<\/option><option value=\"12\">Matagalpa<\/option><option value=\"13\">Nueva Segovia<\/option><option value=\"14\">Rio San Juan<\/option><option value=\"15\">Rivas<\/option><option value=\"19\">&#8211; Isla de Ometepe<\/option><option value=\"21\">&#8211; San Juan del Sur<\/option><option value=\"16\">RAAN<\/option><option value=\"17\">RAAS<\/option><option value=\"18\">&#8211; Corn Islands<\/option><\/select><\/td>\n<td valign=\"top\" width=\"288\"><strong>Categor\u00eda: <\/strong><select name=\"t\"><option selected=\"selected\" value=\"0\">&#8212; Cualquiera categor\u00eda &#8212;<\/option><option value=\"1\">Atractivos<\/option><option value=\"2\">Cultura<\/option><option value=\"3\">Naturaleza<\/option><option value=\"4\">Deporte y Aventura<\/option><\/select><\/td>\n<td valign=\"top\" width=\"156\"><input name=\"Submit\" type=\"submit\" value=\"Buscar actividades\" \/><\/td>\n<\/tr>\n<\/tbody>\n<\/table>\n<\/div>\n<\/td>\n<\/tr>\n<\/tbody>\n<\/table>\n<\/th>\n<\/tr>\n<\/tbody>\n<\/table>\n","protected":false},"excerpt":{"rendered":"<p>Viaje a la medida usted b\u00e1sicamente dise\u00f1a el viaje o circuito a su gusto donde puede escoger: 1 &#8211; Seleccionar la regi\u00f3n y destinos de nicaragua que desea visitar: regi\u00f3n del pacifico, regi\u00f3n central o atl\u00e1ntico norte y sur. 2 &#8211; Seleccionar tipo de transporte ( mini van, auto de alquiler, avi\u00f3n, etc&#8230; 3 &#8211; [&hellip;]<\/p>\n","protected":false},"author":2,"featured_media":0,"parent":0,"menu_order":0,"comment_status":"closed","ping_status":"closed","template":"","meta":{"footnotes":""},"_links":{"self":[{"href":"https:\/\/nicaragua-travel-guide.com\/site\/wp-json\/wp\/v2\/pages\/13350"}],"collection":[{"href":"https:\/\/nicaragua-travel-guide.com\/site\/wp-json\/wp\/v2\/pages"}],"about":[{"href":"https:\/\/nicaragua-travel-guide.com\/site\/wp-json\/wp\/v2\/types\/page"}],"author":[{"embeddable":true,"href":"https:\/\/nicaragua-travel-guide.com\/site\/wp-json\/wp\/v2\/users\/2"}],"replies":[{"embeddable":true,"href":"https:\/\/nicaragua-travel-guide.com\/site\/wp-json\/wp\/v2\/comments?post=13350"}],"version-history":[{"count":5,"href":"https:\/\/nicaragua-travel-guide.com\/site\/wp-json\/wp\/v2\/pages\/13350\/revisions"}],"predecessor-version":[{"id":14539,"href":"https:\/\/nicaragua-travel-guide.com\/site\/wp-json\/wp\/v2\/pages\/13350\/revisions\/14539"}],"wp:attachment":[{"href":"https:\/\/nicaragua-travel-guide.com\/site\/wp-json\/wp\/v2\/media?parent=13350"}],"curies":[{"name":"wp","href":"https:\/\/api.w.org\/{rel}","templated":true}]}}