{"id":13359,"date":"2016-09-08T17:18:41","date_gmt":"2016-09-08T17:18:41","guid":{"rendered":"http:\/\/nicaragua-travel-guide.com\/site\/?page_id=13359"},"modified":"2017-08-23T05:23:51","modified_gmt":"2017-08-23T05:23:51","slug":"communication","status":"publish","type":"page","link":"https:\/\/nicaragua-travel-guide.com\/site\/communication\/","title":{"rendered":"Comunicaci\u00f3n"},"content":{"rendered":"<table style=\"width: 896px;\" border=\"0\">\n<tbody>\n<tr>\n<td style=\"width: 826px;\" colspan=\"2\" valign=\"top\" bgcolor=\"#FFFFFF\"><img loading=\"lazy\" decoding=\"async\" class=\"size-full wp-image-5390 aligncenter\" src=\"http:\/\/nicaragua-travel-guide.com\/site\/wp-content\/uploads\/2016\/06\/header-comunicacion.jpg\" alt=\"header comunicacion\" width=\"1025\" height=\"345\" srcset=\"https:\/\/nicaragua-travel-guide.com\/site\/wp-content\/uploads\/2016\/06\/header-comunicacion.jpg 1025w, https:\/\/nicaragua-travel-guide.com\/site\/wp-content\/uploads\/2016\/06\/header-comunicacion-600x202.jpg 600w\" sizes=\"(max-width: 1025px) 100vw, 1025px\" \/><\/td>\n<\/tr>\n<tr>\n<td style=\"width: 826px;\" colspan=\"2\" valign=\"top\" bgcolor=\"#FFFFFF\"><strong>Medios de Comunicaci\u00f3n: \u00a0<\/strong><\/td>\n<\/tr>\n<tr>\n<td style=\"width: 826px;\" colspan=\"2\" valign=\"top\" bgcolor=\"#FFFFFF\">\n<table border=\"0\">\n<tbody>\n<tr>\n<td bgcolor=\"#99CC00\">Telef\u00f3nica<\/td>\n<td bgcolor=\"#FF6600\">Escrita<\/td>\n<td bgcolor=\"#6633FF\">Radio Difusi\u00f3n<\/td>\n<td bgcolor=\"#FF0099\">TV<\/td>\n<\/tr>\n<\/tbody>\n<\/table>\n<\/td>\n<\/tr>\n<tr>\n<td style=\"width: 826px;\" colspan=\"2\" bgcolor=\"#CCCC00\"><strong>Tel\u00e9fonos Fijos:<\/strong><\/td>\n<\/tr>\n<tr>\n<td style=\"width: 826px;\" colspan=\"2\" valign=\"top\" bgcolor=\"#FFFFFF\">\n<table style=\"width: 883px;\" border=\"0\">\n<tbody>\n<tr>\n<td style=\"width: 602px;\" valign=\"top\">El viejo monopolio de la telefon\u00eda Nicarag\u00fcense, Enitel, todav\u00eda controla la mayor parte de las conexiones de tel\u00e9fono. Las l\u00edneas fijas no est\u00e1n disponibles en todas partes, pero la mayor\u00eda de los destinos tur\u00edsticos tienen buenas conexiones. Llamara a otros pa\u00edses no es un problema, pero puede llegar a ser costoso.<\/p>\n<p>Especialmente llamar al otro lado de los oc\u00e9anos (por ejemplo, llamar a Europa cuesta $1 por minuto).<\/td>\n<td style=\"width: 132px;\" height=\"155\">\u00a0<img loading=\"lazy\" decoding=\"async\" class=\"size-medium wp-image-12638 aligncenter\" src=\"http:\/\/nicaragua-travel-guide.com\/site\/wp-content\/uploads\/2016\/06\/comunicaciontelefonoconvencional.jpg\" alt=\"comunicaciontelefonoconvencional\" width=\"214\" height=\"172\" \/><\/td>\n<td style=\"width: 133px;\">\u00a0<img loading=\"lazy\" decoding=\"async\" class=\"wp-image-12633 alignnone\" src=\"http:\/\/nicaragua-travel-guide.com\/site\/wp-content\/uploads\/2016\/06\/comunicacionenitelogo.jpg\" alt=\"comunicacionenitelogo\" width=\"273\" height=\"106\" \/><\/td>\n<\/tr>\n<\/tbody>\n<\/table>\n<p>Los Cyber Caf\u00e9 ofrecen llamadas de larga distancia internacional a un precio m\u00e1s bajo, utilizando el sistema VOIP (Voz a trav\u00e9s de Protocolo de Internet, IP, en sus siglas en ingl\u00e9s) lo que significa que llamar\u00e1 desde una computadora a tel\u00e9fonos comunes en todo el mundo por tarifas bajas. El c\u00f3digo de \u00e1rea de Nicaragua es el +505<\/td>\n<\/tr>\n<tr>\n<td style=\"width: 826px;\" colspan=\"2\" bgcolor=\"#CCCC00\"><strong>Tel\u00e9fono Celular:\u00a0<\/strong><\/td>\n<\/tr>\n<tr>\n<td style=\"width: 826px;\" colspan=\"2\" valign=\"top\" bgcolor=\"#FFFFFF\">\n<table style=\"width: 887px;\" border=\"0\">\n<tbody>\n<tr>\n<td style=\"width: 608px;\" valign=\"top\">En Nicaragua se est\u00e1 desarrollando r\u00e1pidamente el uso del sistema de tel\u00e9fonos celular. Nuevas antenas est\u00e1n siendo instaladas a lo largo del pa\u00eds. En las ciudades m\u00e1s grandes tendr\u00e1 buena cobertura y junto a las carreteras principales hay antenas para asegurar la cobertura a los que van en estas v\u00edas. La red GSM 1900 es utilizada en Nicaragua, as\u00ed que aseg\u00farese de revisar que su celular tenga este sistema.<\/p>\n<p>Puede comprar un SIM en Nicaragua a tan s\u00f3lo unos cuantos d\u00f3lares, lo que le permitir\u00e1 tener su propio n\u00famero telef\u00f3nico celular nicarag\u00fcense y hacer llamadas locales cobradas a precios locales. Las compa\u00f1\u00edas de rent-a-car y hoteles tambi\u00e9n ofrecen el alquiler de tel\u00e9fonos celulares.<\/td>\n<td style=\"width: 265px;\" valign=\"top\">\n<table border=\"0\">\n<tbody>\n<tr>\n<td rowspan=\"2\">\u00a0<img loading=\"lazy\" decoding=\"async\" class=\"alignnone size-medium wp-image-12643\" src=\"http:\/\/nicaragua-travel-guide.com\/site\/wp-content\/uploads\/2016\/06\/comunicacioncelularinternet.jpg\" alt=\"comunicacioncelularinternet\" width=\"133\" height=\"203\" \/><\/td>\n<td rowspan=\"2\">\u00a0<img loading=\"lazy\" decoding=\"async\" class=\"wp-image-12642 aligncenter\" src=\"http:\/\/nicaragua-travel-guide.com\/site\/wp-content\/uploads\/2016\/06\/comunicacioncelular.jpg\" alt=\"comunicacioncelular\" width=\"84\" height=\"178\" \/><\/td>\n<td><strong><img loading=\"lazy\" decoding=\"async\" class=\"wp-image-8097 aligncenter\" src=\"http:\/\/nicaragua-travel-guide.com\/site\/wp-content\/uploads\/2016\/06\/logomovistar.jpeg\" alt=\"logomovistar\" width=\"101\" height=\"101\" srcset=\"https:\/\/nicaragua-travel-guide.com\/site\/wp-content\/uploads\/2016\/06\/logomovistar.jpeg 225w, https:\/\/nicaragua-travel-guide.com\/site\/wp-content\/uploads\/2016\/06\/logomovistar-100x100.jpeg 100w, https:\/\/nicaragua-travel-guide.com\/site\/wp-content\/uploads\/2016\/06\/logomovistar-200x200.jpeg 200w\" sizes=\"(max-width: 101px) 100vw, 101px\" \/><\/strong><\/td>\n<\/tr>\n<tr>\n<td valign=\"top\"><strong><img loading=\"lazy\" decoding=\"async\" class=\"wp-image-8095 aligncenter\" src=\"http:\/\/nicaragua-travel-guide.com\/site\/wp-content\/uploads\/2016\/06\/logoclaro.jpeg\" alt=\"logoclaro\" width=\"94\" height=\"94\" srcset=\"https:\/\/nicaragua-travel-guide.com\/site\/wp-content\/uploads\/2016\/06\/logoclaro.jpeg 225w, https:\/\/nicaragua-travel-guide.com\/site\/wp-content\/uploads\/2016\/06\/logoclaro-100x100.jpeg 100w, https:\/\/nicaragua-travel-guide.com\/site\/wp-content\/uploads\/2016\/06\/logoclaro-200x200.jpeg 200w\" sizes=\"(max-width: 94px) 100vw, 94px\" \/><\/strong><\/td>\n<\/tr>\n<tr>\n<td colspan=\"3\">d\u00edas\u00a0promocionarles \u00a0doble, triple, cu\u00e1druple, quintuplica<\/td>\n<\/tr>\n<\/tbody>\n<\/table>\n<\/td>\n<\/tr>\n<\/tbody>\n<\/table>\n<\/td>\n<\/tr>\n<tr>\n<td style=\"width: 826px;\" colspan=\"2\" bgcolor=\"#CCCC00\"><strong>Internet<\/strong><\/td>\n<\/tr>\n<tr>\n<td style=\"width: 826px;\" colspan=\"2\" valign=\"top\" bgcolor=\"#FFFFFF\">\n<table style=\"width: 883px;\" border=\"0\">\n<tbody>\n<tr>\n<td style=\"width: 601px;\">Las conexiones a Internet est\u00e1n disponibles en muchos pueblos y ciudades, siendo lentas pero la cobertura significativa. El gobierno subsidia a los cyber caf\u00e9s y por consiguiente el Internet est\u00e1 disponibles a precios bajos a lo largo de todo el pa\u00eds. El precio por hora es de aproximadamente $1, a veces un poco m\u00e1s en lugares remotos. Hay algunos lugares muy bonitos con aire acondicionado, computadoras modernas y monitores planos.<br \/>\nCada d\u00eda, estos Internet caf\u00e9 le permiten a m\u00e1s gente en Nicaragua navegar en Internet.<\/td>\n<td style=\"width: 151px;\">\u00a0<img loading=\"lazy\" decoding=\"async\" class=\"alignnone size-medium wp-image-12635\" src=\"http:\/\/nicaragua-travel-guide.com\/site\/wp-content\/uploads\/2016\/06\/comunicacioninternet.jpg\" alt=\"comunicacioninternet\" width=\"262\" height=\"184\" \/><\/td>\n<td style=\"width: 115px;\">\u00a0<img loading=\"lazy\" decoding=\"async\" class=\"alignnone size-medium wp-image-12640\" src=\"http:\/\/nicaragua-travel-guide.com\/site\/wp-content\/uploads\/2016\/06\/comunicacionwifilaptop.jpg\" alt=\"comunicacionwifilaptop\" width=\"237\" height=\"213\" \/><\/td>\n<\/tr>\n<\/tbody>\n<\/table>\n<\/td>\n<\/tr>\n<tr>\n<td style=\"width: 826px;\" colspan=\"2\" bgcolor=\"#CCCC00\"><strong>Correos de Nicaragua &#8211; Postal<\/strong><\/td>\n<\/tr>\n<tr>\n<td style=\"width: 826px;\" colspan=\"2\" bgcolor=\"#FFFFFF\">\n<table border=\"0\">\n<tbody>\n<tr>\n<td align=\"center\" valign=\"top\">\u00a0<img loading=\"lazy\" decoding=\"async\" class=\"alignnone wp-image-12645\" src=\"http:\/\/nicaragua-travel-guide.com\/site\/wp-content\/uploads\/2016\/06\/comunicacioncorreosdenicaragualogotipo.jpg\" alt=\"comunicacioncorreosdenicaragualogotipo\" width=\"232\" height=\"166\" \/><\/td>\n<td><b><i><img loading=\"lazy\" decoding=\"async\" class=\"wp-image-12648 aligncenter\" src=\"http:\/\/nicaragua-travel-guide.com\/site\/wp-content\/uploads\/2016\/06\/comunicacioncorreosdenicaraguaestampillas.jpg\" alt=\"comunicacioncorreosdenicaraguaestampillas\" width=\"257\" height=\"190\" \/><\/i><\/b><\/td>\n<td><img loading=\"lazy\" decoding=\"async\" class=\" wp-image-12634 aligncenter\" src=\"http:\/\/nicaragua-travel-guide.com\/site\/wp-content\/uploads\/2016\/06\/comunicacionestampillacorreosdenicaragua.jpg\" alt=\"comunicacionestampillacorreosdenicaragua\" width=\"243\" height=\"184\" \/><\/td>\n<td>\u00a0<img loading=\"lazy\" decoding=\"async\" class=\"wp-image-12644 alignnone\" src=\"http:\/\/nicaragua-travel-guide.com\/site\/wp-content\/uploads\/2016\/06\/comunicacioncoreo.jpg\" alt=\"comunicacioncoreo\" width=\"235\" height=\"189\" \/><\/td>\n<\/tr>\n<tr>\n<td colspan=\"4\" align=\"center\" valign=\"top\">Mandar una postal en Nicaragua no es un problema y el precio es razonable. La entrega no est\u00e1 asegurada, pero la mayor\u00eda de las veces el correo llega a su destino. Las estampillas se pueden comprar en los puestos de correo.<\/td>\n<\/tr>\n<\/tbody>\n<\/table>\n<\/td>\n<\/tr>\n<tr>\n<td style=\"width: 826px;\" colspan=\"2\" bgcolor=\"#CCCC00\"><em><strong>Medios de\u00a0Informaci\u00f3n\u00a0Escrita<\/strong><\/em><\/td>\n<\/tr>\n<tr>\n<td style=\"width: 826px;\" colspan=\"2\" bgcolor=\"#FFFFFF\">\n<table style=\"width: 888px;\" border=\"0\">\n<tbody>\n<tr>\n<td style=\"width: 6px;\"><\/td>\n<td style=\"width: 421px;\">\u00a0<img loading=\"lazy\" decoding=\"async\" class=\"wp-image-12636 aligncenter\" src=\"http:\/\/nicaragua-travel-guide.com\/site\/wp-content\/uploads\/2016\/06\/comunicacionlaprensadenicaragua.jpg\" alt=\"comunicacionlaprensadenicaragua\" width=\"313\" height=\"571\" \/><\/td>\n<td style=\"width: 443px;\">\u00a0<img loading=\"lazy\" decoding=\"async\" class=\"wp-image-12646 aligncenter\" src=\"http:\/\/nicaragua-travel-guide.com\/site\/wp-content\/uploads\/2016\/06\/comunicacionelnuevodiariodenicaragua.jpg\" alt=\"comunicacionelnuevodiariodenicaragua\" width=\"325\" height=\"580\" \/><\/td>\n<\/tr>\n<tr>\n<td style=\"width: 427px;\" colspan=\"2\" height=\"25\">De larga trayectoria, de gran importancia y circulaci\u00f3n en el pa\u00eds<\/td>\n<td style=\"width: 443px;\">De gran importancia, circulaci\u00f3n y aceptaci\u00f3n popular en el pa\u00eds.<\/td>\n<\/tr>\n<\/tbody>\n<\/table>\n<\/td>\n<\/tr>\n<tr>\n<td style=\"width: 826px;\" colspan=\"2\" bgcolor=\"#CCCC00\"><em><strong>Radio\u00a0<\/strong><\/em><b><i>Difusi\u00f3n<\/i><\/b><\/td>\n<\/tr>\n<tr>\n<td style=\"width: 826px;\" colspan=\"2\" bgcolor=\"#FFFFFF\">\n<table style=\"width: 888px;\">\n<tbody>\n<tr>\n<td style=\"width: 544px;\" height=\"168\">\n<ul>\n<li>Nueva Radio Ya<\/li>\n<li>Radio muy aceptada en el sector popular de Nicaragua.<\/li>\n<li>Bluefields Radios<\/li>\n<li>Radios La Coste\u00f1\u00edsima y La Caribe\u00f1a de la ciudad de Bluefields (RAAS)<\/li>\n<li>Radio Corporaci\u00f3n<\/li>\n<li>Radio tradicional de larga trayectoria.<\/li>\n<\/ul>\n<\/td>\n<td style=\"width: 330px;\">\u00a0<img loading=\"lazy\" decoding=\"async\" class=\"wp-image-12637 alignnone\" src=\"http:\/\/nicaragua-travel-guide.com\/site\/wp-content\/uploads\/2016\/06\/comunicacionradioemisoradenicaragua.jpg\" alt=\"comunicacionradioemisoradenicaragua\" width=\"322\" height=\"241\" \/><\/td>\n<\/tr>\n<\/tbody>\n<\/table>\n<\/td>\n<\/tr>\n<tr>\n<td style=\"width: 514px;\" bgcolor=\"#CCCC00\"><em><strong>Canales de\u00a0<\/strong><\/em><b><i>Televisi\u00f3n<\/i><\/b><\/td>\n<td style=\"width: 312px;\" rowspan=\"2\" bgcolor=\"#FFCC00\">\u00a0<img loading=\"lazy\" decoding=\"async\" class=\"wp-image-12639 alignleft\" src=\"http:\/\/nicaragua-travel-guide.com\/site\/wp-content\/uploads\/2016\/06\/comunicaciontelevisiondenicaragua.jpg\" alt=\"comunicaciontelevisiondenicaragua\" width=\"331\" height=\"248\" \/><\/td>\n<\/tr>\n<tr>\n<td style=\"width: 514px;\" bgcolor=\"#FFFFFF\">Televicentro Canal 2 el Canal televisivo m\u00e1s grande y de mayor cobertura en el pa\u00eds.<br \/>\n100% noticias Canal televisivo con programaci\u00f3n de noticias, las 24 horas.<br \/>\nTelenica Canal 8 Canal televisivo de enorme aceptaci\u00f3n en el pa\u00eds.<\/td>\n<\/tr>\n<\/tbody>\n<\/table>\n","protected":false},"excerpt":{"rendered":"<p>Medios de Comunicaci\u00f3n: \u00a0 Telef\u00f3nica Escrita Radio Difusi\u00f3n TV Tel\u00e9fonos Fijos: El viejo monopolio de la telefon\u00eda Nicarag\u00fcense, Enitel, todav\u00eda controla la mayor parte de las conexiones de tel\u00e9fono. Las l\u00edneas fijas no est\u00e1n disponibles en todas partes, pero la mayor\u00eda de los destinos tur\u00edsticos tienen buenas conexiones. Llamara a otros pa\u00edses no es un [&hellip;]<\/p>\n","protected":false},"author":2,"featured_media":0,"parent":0,"menu_order":0,"comment_status":"closed","ping_status":"closed","template":"","meta":{"footnotes":""},"_links":{"self":[{"href":"https:\/\/nicaragua-travel-guide.com\/site\/wp-json\/wp\/v2\/pages\/13359"}],"collection":[{"href":"https:\/\/nicaragua-travel-guide.com\/site\/wp-json\/wp\/v2\/pages"}],"about":[{"href":"https:\/\/nicaragua-travel-guide.com\/site\/wp-json\/wp\/v2\/types\/page"}],"author":[{"embeddable":true,"href":"https:\/\/nicaragua-travel-guide.com\/site\/wp-json\/wp\/v2\/users\/2"}],"replies":[{"embeddable":true,"href":"https:\/\/nicaragua-travel-guide.com\/site\/wp-json\/wp\/v2\/comments?post=13359"}],"version-history":[{"count":5,"href":"https:\/\/nicaragua-travel-guide.com\/site\/wp-json\/wp\/v2\/pages\/13359\/revisions"}],"predecessor-version":[{"id":14504,"href":"https:\/\/nicaragua-travel-guide.com\/site\/wp-json\/wp\/v2\/pages\/13359\/revisions\/14504"}],"wp:attachment":[{"href":"https:\/\/nicaragua-travel-guide.com\/site\/wp-json\/wp\/v2\/media?parent=13359"}],"curies":[{"name":"wp","href":"https:\/\/api.w.org\/{rel}","templated":true}]}}