{"id":13363,"date":"2016-09-08T17:28:12","date_gmt":"2016-09-08T17:28:12","guid":{"rendered":"http:\/\/nicaragua-travel-guide.com\/site\/?page_id=13363"},"modified":"2017-08-23T05:31:32","modified_gmt":"2017-08-23T05:31:32","slug":"national-symbols","status":"publish","type":"page","link":"https:\/\/nicaragua-travel-guide.com\/site\/national-symbols\/","title":{"rendered":"S\u00edmbolos  Nacional"},"content":{"rendered":"<table border=\"0\">\n<tbody>\n<tr>\n<td valign=\"bottom\" bgcolor=\"#FFFFFF\"><img loading=\"lazy\" decoding=\"async\" class=\"wp-image-5396 aligncenter\" src=\"http:\/\/nicaragua-travel-guide.com\/site\/wp-content\/uploads\/2016\/06\/header-simbolos-nacionales-de-nicaragua.jpg\" alt=\"header simbolos nacionales de nicaragua\" width=\"1073\" height=\"362\" srcset=\"https:\/\/nicaragua-travel-guide.com\/site\/wp-content\/uploads\/2016\/06\/header-simbolos-nacionales-de-nicaragua.jpg 1025w, https:\/\/nicaragua-travel-guide.com\/site\/wp-content\/uploads\/2016\/06\/header-simbolos-nacionales-de-nicaragua-600x202.jpg 600w\" sizes=\"(max-width: 1073px) 100vw, 1073px\" \/><\/td>\n<\/tr>\n<tr>\n<td valign=\"bottom\" bgcolor=\"#FFFFFF\"><\/td>\n<\/tr>\n<tr>\n<td valign=\"top\" bgcolor=\"#0000FF\"><strong>Bandera de Nicaragua<\/strong><\/td>\n<\/tr>\n<tr>\n<td valign=\"top\" bgcolor=\"#FFFFFF\">La Bandera Nicarag\u00fcense tiene tres franjas horizontales (dos azules, arriba y abajo) con el escudo nacional en el centro, en la franja blanca.<\/p>\n<p>La franja blanca del Pabell\u00f3n Nacional representa el territorio de la naci\u00f3n y simboliza la pureza de Nicaragua.<\/p>\n<p>Las dos franjas azules significan que Nicaragua\u00a0\u00a0\u00a0\u00a0\u00a0est\u00e1 ba\u00f1ado por dos oc\u00e9anos.<\/p>\n<table style=\"width: 858px;\" border=\"0\">\n<tbody>\n<tr>\n<td style=\"width: 4px;\"><\/td>\n<td style=\"width: 309px;\"><\/td>\n<td style=\"width: 535px;\">\u00a0<img loading=\"lazy\" decoding=\"async\" class=\"alignnone wp-image-12536\" src=\"http:\/\/nicaragua-travel-guide.com\/site\/wp-content\/uploads\/2016\/06\/nicaragua-travel-guide-bandera-simbolo-nacional.jpg\" alt=\"nicaragua travel guide bandera simbolo nacional\" width=\"334\" height=\"229\" \/><\/td>\n<\/tr>\n<\/tbody>\n<\/table>\n<\/td>\n<\/tr>\n<tr>\n<td valign=\"top\" bgcolor=\"#0000FF\">El escudo nacional es un tri\u00e1ngulo rodeado circularmente con las palabras REP\u00daBLICA DE NICARAGUA arriba y AM\u00c9RICA CENTRAL abajo.<\/td>\n<\/tr>\n<tr>\n<td valign=\"top\" bgcolor=\"#FFFFFF\">\n<ul>\n<li>Tiene la forma de un tri\u00e1ngulo equilatero.<\/li>\n<li>El tri\u00e1ngulo significa\u00a0<strong>IGUALDAD<\/strong>.<\/li>\n<li>El arco iris significa\u00a0<strong>PAZ<\/strong>.<\/li>\n<li>El gorro frigio es s\u00edmbolo de\u00a0<strong>LIBERTAD<\/strong>.<\/li>\n<li>Los cinco volcanes expresan la\u00a0<b>UNI\u00d3N<\/b>\u00a0y la\u00a0<strong>FRATERNIDAD<\/strong>\u00a0de los cinco pa\u00edses centroamericanos.<\/li>\n<\/ul>\n<\/td>\n<\/tr>\n<tr>\n<td valign=\"top\" bgcolor=\"#0033FF\">\n<table style=\"width: 723px;\">\n<tbody>\n<tr>\n<td style=\"width: 4px;\"><\/td>\n<td style=\"width: 323px;\"><\/td>\n<td style=\"width: 382px;\">\u00a0<img loading=\"lazy\" decoding=\"async\" class=\"wp-image-12537 alignnone\" src=\"http:\/\/nicaragua-travel-guide.com\/site\/wp-content\/uploads\/2016\/06\/nicaragua-travel-guide-emblema-simbolo-nacional.jpg\" alt=\"nicaragua travel guide emblema simbolo nacional\" width=\"291\" height=\"291\" srcset=\"https:\/\/nicaragua-travel-guide.com\/site\/wp-content\/uploads\/2016\/06\/nicaragua-travel-guide-emblema-simbolo-nacional.jpg 225w, https:\/\/nicaragua-travel-guide.com\/site\/wp-content\/uploads\/2016\/06\/nicaragua-travel-guide-emblema-simbolo-nacional-100x100.jpg 100w, https:\/\/nicaragua-travel-guide.com\/site\/wp-content\/uploads\/2016\/06\/nicaragua-travel-guide-emblema-simbolo-nacional-200x200.jpg 200w\" sizes=\"(max-width: 291px) 100vw, 291px\" \/><\/td>\n<\/tr>\n<\/tbody>\n<\/table>\n<\/td>\n<\/tr>\n<tr>\n<td valign=\"top\" bgcolor=\"#0033FF\"><strong>P\u00e1jaro Nacional<\/strong><\/td>\n<\/tr>\n<tr>\n<td valign=\"top\" bgcolor=\"#FFFFFF\"><strong>Nombre en espa\u00f1ol:<\/strong> <em>Guardabarranco Com\u00fan<br \/>\n<\/em><strong>Nombre en Ingl\u00e9s:<\/strong> <em>Turquoise-browed Motmot<\/em><br \/>\n<strong>Nombre en Lat\u00edn:<\/strong> <em>Eumomota superciliosa<\/em>El p\u00e1jaro nacional es el <em><strong>Guardabarranco<\/strong><\/em>. Esta colorida ave es f\u00e1cilmente reconocida por su larga cola rematada por dos plumas azul. Los Guardabarranco comen principalmente insectos y cavan un hoyo en la tierra para poner sus huevos.Pueden ser vistos en los bosques de Nicaragua, generalmente en el suroeste. Sus habitats no est\u00e1n limitados por los limites departamentales, ya que puede ser visto hasta en la capital, Managua.<\/td>\n<\/tr>\n<tr>\n<td valign=\"top\" bgcolor=\"#FFFFFF\">\n<table style=\"width: 843px;\" border=\"0\">\n<tbody>\n<tr>\n<td style=\"width: 4px;\"><\/td>\n<td style=\"width: 4px;\"><\/td>\n<td style=\"width: 328px;\"><\/td>\n<td style=\"width: 250px;\">\u00a0<img loading=\"lazy\" decoding=\"async\" class=\"alignnone wp-image-12535\" src=\"http:\/\/nicaragua-travel-guide.com\/site\/wp-content\/uploads\/2016\/06\/nicaragua-travel-guide-ave-nacional-guardabarranco.jpg\" alt=\"nicaragua travel guide ave nacional guardabarranco\" width=\"235\" height=\"364\" \/><\/td>\n<td style=\"width: 231px;\"><\/td>\n<\/tr>\n<\/tbody>\n<\/table>\n<\/td>\n<\/tr>\n<tr>\n<td valign=\"top\" bgcolor=\"#0033FF\"><strong>Flor Nacional<\/strong><\/td>\n<\/tr>\n<tr>\n<td valign=\"top\" bgcolor=\"#FFFFFF\">Esta colorida flor llamada <em><strong>Sacuanjoche<\/strong><\/em>, es la Flor Nacional de Nicaragua. La flor de Sacuanjoche crece en los \u00e1rboles <em>Plumerian Alba o Frangipani<\/em>, un tipo de \u00e1rbol muy angosto que florece en Mayo. El nombre local es Sacuanjoche de origen <em>N\u00e1huatl<\/em>.<\/p>\n<p>La flor aparece en los billetes de 1,5, 10 y 25 centavos que no son frecuentemente utilizados.<\/td>\n<\/tr>\n<tr>\n<td valign=\"top\" bgcolor=\"#FFFFFF\">\n<table style=\"width: 759px;\" border=\"0\">\n<tbody>\n<tr>\n<td style=\"width: 4px;\"><\/td>\n<td style=\"width: 297px;\"><\/td>\n<td style=\"width: 440px;\">\u00a0<img loading=\"lazy\" decoding=\"async\" class=\"alignnone size-medium wp-image-12538\" src=\"http:\/\/nicaragua-travel-guide.com\/site\/wp-content\/uploads\/2016\/06\/nicaragua-travel-guide-simbolo-nacional-flor-de-sacuanjoche.jpg\" alt=\"nicaragua travel guide simbolo nacional flor de sacuanjoche\" width=\"258\" height=\"196\" \/><\/td>\n<\/tr>\n<\/tbody>\n<\/table>\n<\/td>\n<\/tr>\n<tr>\n<td valign=\"top\" bgcolor=\"#0033FF\"><strong>\u00c1rbol Nacional<\/strong><\/td>\n<\/tr>\n<tr>\n<td valign=\"top\" bgcolor=\"#FFFFFF\">El Madro\u00f1o (<em>Calycophyllum candidissimum<\/em>) es el \u00e1rbol nacional de Nicaragua.<\/p>\n<table style=\"width: 872px;\" border=\"0\">\n<tbody>\n<tr>\n<td style=\"width: 864px;\">\n<table style=\"width: 699px;\" border=\"0\">\n<tbody>\n<tr>\n<td style=\"width: 4px;\"><\/td>\n<td style=\"width: 210px;\"><\/td>\n<td style=\"width: 473px;\">\u00a0<img loading=\"lazy\" decoding=\"async\" class=\"alignnone wp-image-12534\" src=\"http:\/\/nicaragua-travel-guide.com\/site\/wp-content\/uploads\/2016\/06\/nicaragua-travel-guide-simbolo-nacional-arbol-de-madrono.jpg\" alt=\"nicaragua travel guide simbolo nacional arbol de madrono\" width=\"386\" height=\"361\" \/><\/td>\n<\/tr>\n<\/tbody>\n<\/table>\n<\/td>\n<\/tr>\n<\/tbody>\n<\/table>\n<\/td>\n<\/tr>\n<tr>\n<td valign=\"top\" bgcolor=\"#0033FF\"><strong>Himno<\/strong><\/td>\n<\/tr>\n<tr>\n<td valign=\"top\" bgcolor=\"#FFFFFF\">El Himno Nacional de Nicaragua surgi\u00f3 de un concurso establecido en 1918 por el gobierno de turno. En ese concurso, se ped\u00eda escribir dos cuartetos que hablaran sobre el trabajo y la paz, y que se adaptaran a una melod\u00eda antes definida.<\/p>\n<p>&nbsp;<\/p>\n<p>&nbsp;<\/p>\n<p>La melod\u00eda proven\u00eda de un canto lit\u00fargico an\u00f3nimo utilizado por un frayle llamado Castinove, para acompa\u00f1ar su ense\u00f1anza de la f\u00e9 cristiana a los ind\u00edgenas de Subtiaba, en las cercan\u00edas de la ciudad de Le\u00f3n (actualmente Sutiava forma parte de la ciudad).<\/p>\n<p>&nbsp;<\/p>\n<p>&nbsp;<\/p>\n<p>El ganador del concurso por unanimidad fue el poeta Salom\u00f3n Ibarra Mayorga, con su producci\u00f3n conocida \u00abSalve a ti, Nicaragua\u00bb.<\/td>\n<\/tr>\n<tr>\n<td valign=\"top\" bgcolor=\"#FFFFFF\">\n<table>\n<tbody>\n<tr>\n<td colspan=\"2\" valign=\"top\" bgcolor=\"#0000FF\" height=\"368\"><object width=\"604\" height=\"366\" data-mce-fragment=\"1\"><embed src=\"http:\/\/www.youtube.com\/v\/M0aDAX-btLg?version=3&amp;hl=es_ES\" type=\"application\/x-shockwave-flash\" width=\"604\" height=\"366\" allowscriptaccess=\"always\" allowfullscreen=\"allowfullscreen\" \/><\/object><\/td>\n<td bgcolor=\"#0000FF\"><img loading=\"lazy\" decoding=\"async\" class=\"wp-image-8356 aligncenter\" src=\"http:\/\/nicaragua-travel-guide.com\/site\/wp-content\/uploads\/2016\/06\/himno-nacional-de-nicaragua-letra.png\" alt=\"himno nacional de nicaragua letra\" width=\"429\" height=\"584\" \/><\/td>\n<\/tr>\n<\/tbody>\n<\/table>\n<\/td>\n<\/tr>\n<\/tbody>\n<\/table>\n","protected":false},"excerpt":{"rendered":"<p>Bandera de Nicaragua La Bandera Nicarag\u00fcense tiene tres franjas horizontales (dos azules, arriba y abajo) con el escudo nacional en el centro, en la franja blanca. La franja blanca del Pabell\u00f3n Nacional representa el territorio de la naci\u00f3n y simboliza la pureza de Nicaragua. Las dos franjas azules significan que Nicaragua\u00a0\u00a0\u00a0\u00a0\u00a0est\u00e1 ba\u00f1ado por dos oc\u00e9anos. [&hellip;]<\/p>\n","protected":false},"author":2,"featured_media":0,"parent":0,"menu_order":0,"comment_status":"closed","ping_status":"closed","template":"","meta":{"footnotes":""},"_links":{"self":[{"href":"https:\/\/nicaragua-travel-guide.com\/site\/wp-json\/wp\/v2\/pages\/13363"}],"collection":[{"href":"https:\/\/nicaragua-travel-guide.com\/site\/wp-json\/wp\/v2\/pages"}],"about":[{"href":"https:\/\/nicaragua-travel-guide.com\/site\/wp-json\/wp\/v2\/types\/page"}],"author":[{"embeddable":true,"href":"https:\/\/nicaragua-travel-guide.com\/site\/wp-json\/wp\/v2\/users\/2"}],"replies":[{"embeddable":true,"href":"https:\/\/nicaragua-travel-guide.com\/site\/wp-json\/wp\/v2\/comments?post=13363"}],"version-history":[{"count":5,"href":"https:\/\/nicaragua-travel-guide.com\/site\/wp-json\/wp\/v2\/pages\/13363\/revisions"}],"predecessor-version":[{"id":14508,"href":"https:\/\/nicaragua-travel-guide.com\/site\/wp-json\/wp\/v2\/pages\/13363\/revisions\/14508"}],"wp:attachment":[{"href":"https:\/\/nicaragua-travel-guide.com\/site\/wp-json\/wp\/v2\/media?parent=13363"}],"curies":[{"name":"wp","href":"https:\/\/api.w.org\/{rel}","templated":true}]}}