{"id":14217,"date":"2016-12-05T00:27:41","date_gmt":"2016-12-05T00:27:41","guid":{"rendered":"http:\/\/nicaragua-travel-guide.com\/site\/?page_id=14217"},"modified":"2016-12-05T00:48:07","modified_gmt":"2016-12-05T00:48:07","slug":"granada-restaurante-bar-y-hotel-puerto-asese-piscina-kayaks-bote-de-remo-lancha-de-motor-jate-privado-organizamos-eventos-especiales-para-grupo","status":"publish","type":"page","link":"https:\/\/nicaragua-travel-guide.com\/site\/granada-restaurante-bar-y-hotel-puerto-asese-piscina-kayaks-bote-de-remo-lancha-de-motor-jate-privado-organizamos-eventos-especiales-para-grupo\/","title":{"rendered":"Granada Restaurante Puerto Asese Organizamos eventos especiales para grupo"},"content":{"rendered":"<table style=\"height: 1825px; width: 913.6666870117188px;\">\n<tbody>\n<tr style=\"height: 20px;\">\n<td style=\"width: 48.66668701171875px; height: 20px;\" colspan=\"2\"><img loading=\"lazy\" decoding=\"async\" class=\"alignnone wp-image-14202\" style=\"font-family: inherit; font-size: inherit; line-height: 1.5;\" src=\"http:\/\/nicaragua-travel-guide.com\/site\/wp-content\/uploads\/2016\/11\/granada-restaurante-y-bar-puerto-asese-piscina-y-almuerzo-pescado-frito.jpg\" alt=\"granada-restaurante-y-bar-puerto-asese-piscina-y-almuerzo-pescado-frito\" width=\"1046\" height=\"366\" \/><\/td>\n<\/tr>\n<tr style=\"height: 30px;\">\n<td style=\"width: 48.66668701171875px; height: 30px;\" colspan=\"2\"><span style=\"font-family: inherit; font-size: inherit; line-height: 1.5;\">El complejo Tur\u00edstico As<\/span><span style=\"font-size: 16px; line-height: 1.5;\">ese cuenta actualmente con un Restaurante de construcci\u00f3n r\u00fastico-confortable, con cocina nacional e internacional. Destac\u00e1ndose como especialidad su variedad en pescados de agua dulce.<\/span><\/p>\n<p><span style=\"font-size: 16px; line-height: 1.5;\">En el Restaurante Asese usted disfrutara en un ambiente familiar y con precios cuidadosamente ajustados al alcance del turista, del mejor pescado. Los precios de nuestro men\u00fa oscilan entre seis y diez d\u00f3lares.<\/span><\/p>\n<p><span style=\"font-size: 16px; line-height: 1.5;\">Tambi\u00e9n pueden gozar de un paseo por las Isletas en las embarcaciones a motor de la flotilla de Asese- Tour, de diferentes nombres y capacidades. Los precios de estos servicios son media hora, 10 d\u00f3lar y una hora 18 d\u00f3lar. Te ofrecemos los arreglos especiales entre ellos los viajes culturales y de pesca a la Isla Zapatera cuyos precios son 150 y 200 d\u00f3lar todo el d\u00eda (8 horas).<\/span><\/p>\n<p><span style=\"font-size: 16px; line-height: 1.5;\">Entre las diferentes instalaciones donde se encuentran los servicios mencionados. Contamos con amplios parqueos para cien veh\u00edculos debidamente ordenados. \u00c1rea de juegos infantiles, atracaderos para deportes acu\u00e1ticos, destac\u00e1ndose los botes de pedal, con un valor de cuatro d\u00f3lares por hora, mapa informativos de las isletas y tarifas visibles.<\/span><\/p>\n<p><span style=\"font-size: 16px; line-height: 1.5;\">Entre los proyectos de ampliaci\u00f3n de este 2 Complejo Tur\u00edstico Asese\u201d se encuentra pr\u00f3ximamente los servicios varios: en la impresi\u00f3n Isla Baja con piscina ecol\u00f3gica y las\u00a0<\/span><span style=\"line-height: 1.5; font-family: inherit;\">construcci\u00f3n del primer Islahotel<\/span><\/td>\n<\/tr>\n<tr style=\"height: 30px;\">\n<td style=\"width: 48.66668701171875px; height: 30px;\" colspan=\"2\">\n<h2><img loading=\"lazy\" decoding=\"async\" class=\"wp-image-14199 alignnone\" style=\"font-family: inherit; font-size: inherit; line-height: 1.5;\" src=\"http:\/\/nicaragua-travel-guide.com\/site\/wp-content\/uploads\/2016\/11\/Logotipo-Granada-Restaurante-Puerto-Asese.jpg\" alt=\"logotipo-granada-restaurante-puerto-asese\" width=\"1035\" height=\"362\" \/><\/h2>\n<\/td>\n<\/tr>\n<tr style=\"height: 1px;\">\n<td style=\"width: 48.66668701171875px; height: 1px;\" colspan=\"2\">\n<h2><a href=\"http:\/\/aseselasisletas.com\/?photo-galleries=servicios\">Servicio<\/a><\/h2>\n<\/td>\n<\/tr>\n<tr style=\"height: 16px;\">\n<td style=\"width: 48.66668701171875px; height: 16px;\" colspan=\"2\">\n<h3><img loading=\"lazy\" decoding=\"async\" class=\"wp-image-14201 alignnone\" style=\"font-size: 16px; font-weight: normal; line-height: 32px;\" src=\"http:\/\/nicaragua-travel-guide.com\/site\/wp-content\/uploads\/2016\/11\/Granada-Restaurante-Puerto-Asese-paquete-pescado-frito-para-dos-personas-con-lancha.jpg\" alt=\"granada-restaurante-puerto-asese-paquete-pescado-frito-para-dos-personas-con-lancha\" width=\"1085\" height=\"378\" \/><\/h3>\n<\/td>\n<\/tr>\n<tr style=\"height: 20px;\">\n<td style=\"width: 48.66668701171875px; height: 20px;\" colspan=\"2\">\n<h1>Galeria<\/h1>\n<\/td>\n<\/tr>\n<tr style=\"height: 17px;\">\n<td style=\"width: 48.66668701171875px; height: 17px;\" colspan=\"2\">\n<h3>Servicio de Restaurante \u2013\u00a0el mejor pescado sin espinas y otros platos variados<\/h3>\n<\/td>\n<\/tr>\n<tr style=\"height: 17px;\">\n<td style=\"width: 48.66668701171875px; height: 17px;\" colspan=\"2\">\n<h3><img loading=\"lazy\" decoding=\"async\" class=\"alignnone wp-image-14205\" src=\"http:\/\/nicaragua-travel-guide.com\/site\/wp-content\/uploads\/2016\/11\/Granada-Restaurante-Puerto-Asese-piscina-nadar.jpg\" alt=\"granada-restaurante-puerto-asese-piscina-nadar\" width=\"1029\" height=\"360\" \/><\/h3>\n<\/td>\n<\/tr>\n<tr style=\"height: 17px;\">\n<td style=\"width: 48.66668701171875px; height: 17px;\" colspan=\"2\">\u00a0 \u00a0\u00a0<img loading=\"lazy\" decoding=\"async\" class=\"alignnone wp-image-14200\" src=\"http:\/\/nicaragua-travel-guide.com\/site\/wp-content\/uploads\/2016\/11\/Granada-Restaurante-Puerto-Asese-Pescado-frito-para-dos-personas.jpg\" alt=\"granada-restaurante-puerto-asese-pescado-frito-para-dos-personas\" width=\"1066\" height=\"374\" \/><\/td>\n<\/tr>\n<tr style=\"height: 17px;\">\n<td style=\"width: 48.66668701171875px; height: 17px;\" colspan=\"2\">\n<h3>Piscina Asese<\/h3>\n<\/td>\n<\/tr>\n<tr style=\"height: 17px;\">\n<td style=\"width: 48.66668701171875px; height: 17px;\" colspan=\"2\"><img loading=\"lazy\" decoding=\"async\" class=\"alignnone wp-image-14206\" src=\"http:\/\/nicaragua-travel-guide.com\/site\/wp-content\/uploads\/2016\/11\/granada-restaurante-y-bar-puerto-asese-piscina.jpg\" alt=\"granada-restaurante-y-bar-puerto-asese-piscina\" width=\"1060\" height=\"371\" \/><\/td>\n<\/tr>\n<tr style=\"height: 17px;\">\n<td style=\"width: 48.66668701171875px; height: 17px;\" colspan=\"2\"><img loading=\"lazy\" decoding=\"async\" class=\"alignnone wp-image-14204\" src=\"http:\/\/nicaragua-travel-guide.com\/site\/wp-content\/uploads\/2016\/11\/Granada-Restaurante-Puerto-Asese-piscina.jpg\" alt=\"granada-restaurante-puerto-asese-piscina\" width=\"1057\" height=\"370\" \/><\/td>\n<\/tr>\n<tr style=\"height: 17px;\">\n<td style=\"width: 48.66668701171875px; height: 17px;\" colspan=\"2\"><img loading=\"lazy\" decoding=\"async\" class=\"alignnone wp-image-14203\" src=\"http:\/\/nicaragua-travel-guide.com\/site\/wp-content\/uploads\/2016\/11\/Granada-Restaurante-Puerto-Asese-almuerzo-y-piscina.jpg\" alt=\"granada-restaurante-puerto-asese-almuerzo-y-piscina\" width=\"1057\" height=\"370\" \/><\/td>\n<\/tr>\n<tr style=\"height: 17px;\">\n<td style=\"width: 48.66668701171875px; height: 17px;\" colspan=\"2\">\u00a0<img loading=\"lazy\" decoding=\"async\" class=\"alignnone wp-image-14208\" src=\"http:\/\/nicaragua-travel-guide.com\/site\/wp-content\/uploads\/2016\/11\/Granada-Restaurante-Puerto-Asese-paquete-a-su-eleccion-lancha-de-motor-eventos-especiales.jpg\" alt=\"granada-restaurante-puerto-asese-paquete-a-su-eleccion-lancha-de-motor-eventos-especiales\" width=\"1052\" height=\"367\" \/><\/td>\n<\/tr>\n<tr style=\"height: 17px;\">\n<td style=\"width: 48.66668701171875px; height: 17px;\" colspan=\"2\">\n<h3>Embarcaciones a motor de Asese Tour<\/h3>\n<\/td>\n<\/tr>\n<tr style=\"height: 17px;\">\n<td style=\"width: 48.66668701171875px; height: 17px;\" colspan=\"2\"><img loading=\"lazy\" decoding=\"async\" class=\"alignnone wp-image-14207\" src=\"http:\/\/nicaragua-travel-guide.com\/site\/wp-content\/uploads\/2016\/11\/Granada-Restaurante-Puerto-Asese-paquete-a-su-eleccion-lancha-de-motor-yate-kayaks-bote-de-pedal-o-remo.jpg\" alt=\"granada-restaurante-puerto-asese-paquete-a-su-eleccion-lancha-de-motor-yate-kayaks-bote-de-pedal-o-remo\" width=\"1055\" height=\"372\" \/><\/td>\n<\/tr>\n<tr style=\"height: 17px;\">\n<td style=\"width: 48.66668701171875px; height: 17px;\" colspan=\"2\">\n<h3>Botes de pedal y remos \u2013 Kayaks<\/h3>\n<\/td>\n<\/tr>\n<tr style=\"height: 17px;\">\n<td style=\"width: 48.66668701171875px; height: 17px;\" colspan=\"2\">\n<h3><\/h3>\n<h2><a href=\"http:\/\/aseselasisletas.com\/?photo-galleries=asese-restaurant\">Restaurante Asese<\/a><\/h2>\n<p>Asese le brinda Seguridad, Comodidad y ventajas en sus servicios. Un para\u00edso en la bella ciudad de Granada, ubicado en la Pen\u00ednsula de las isletas con facil acceso y con amplios parqueos<\/td>\n<\/tr>\n<tr style=\"height: 17px;\">\n<td style=\"width: 48.66668701171875px; height: 17px;\" colspan=\"2\"><a href=\"http:\/\/aseselasisletas.com\/?photo-galleries=servicios\">View entire Servicios\u00a0<\/a><\/td>\n<\/tr>\n<tr style=\"height: 17px;\">\n<td style=\"width: 48.66668701171875px; height: 17px;\" colspan=\"2\">\n<table style=\"height: 5px; width: 925.3333740234375px;\">\n<tbody>\n<tr style=\"height: 22.33349609375px;\">\n<td style=\"width: 112px; height: 22.33349609375px;\"><a href=\"http:\/\/aseselasisletas.com\/?page_id=2\">ABOUT<\/a><\/td>\n<td style=\"width: 201px; height: 22.33349609375px;\"><a href=\"http:\/\/aseselasisletas.com\/?page_id=190\">CONTACTENOS<\/a><\/td>\n<td style=\"width: 241px; height: 22.33349609375px;\"><a href=\"http:\/\/aseselasisletas.com\/?page_id=159\">DRINK MENU<\/a><\/td>\n<td style=\"width: 169px; height: 22.33349609375px;\"><a href=\"http:\/\/aseselasisletas.com\/?page_id=208\">GALERIA<\/a><\/td>\n<td style=\"width: 180px; height: 22.33349609375px;\"><a href=\"http:\/\/aseselasisletas.com\/?page_id=101\">MENU<\/a><\/td>\n<td style=\"width: 212.3333740234375px; height: 22.33349609375px;\"><a href=\"http:\/\/aseselasisletas.com\/?page_id=204\">NOSOTROS<\/a><\/td>\n<\/tr>\n<\/tbody>\n<\/table>\n<\/td>\n<\/tr>\n<\/tbody>\n<\/table>\n","protected":false},"excerpt":{"rendered":"<p>El complejo Tur\u00edstico Asese cuenta actualmente con un Restaurante de construcci\u00f3n r\u00fastico-confortable, con cocina nacional e internacional. Destac\u00e1ndose como especialidad su variedad en pescados de agua dulce. En el Restaurante Asese usted disfrutara en un ambiente familiar y con precios cuidadosamente ajustados al alcance del turista, del mejor pescado. Los precios de nuestro men\u00fa oscilan [&hellip;]<\/p>\n","protected":false},"author":2,"featured_media":0,"parent":0,"menu_order":0,"comment_status":"closed","ping_status":"closed","template":"","meta":{"footnotes":""},"_links":{"self":[{"href":"https:\/\/nicaragua-travel-guide.com\/site\/wp-json\/wp\/v2\/pages\/14217"}],"collection":[{"href":"https:\/\/nicaragua-travel-guide.com\/site\/wp-json\/wp\/v2\/pages"}],"about":[{"href":"https:\/\/nicaragua-travel-guide.com\/site\/wp-json\/wp\/v2\/types\/page"}],"author":[{"embeddable":true,"href":"https:\/\/nicaragua-travel-guide.com\/site\/wp-json\/wp\/v2\/users\/2"}],"replies":[{"embeddable":true,"href":"https:\/\/nicaragua-travel-guide.com\/site\/wp-json\/wp\/v2\/comments?post=14217"}],"version-history":[{"count":4,"href":"https:\/\/nicaragua-travel-guide.com\/site\/wp-json\/wp\/v2\/pages\/14217\/revisions"}],"predecessor-version":[{"id":14222,"href":"https:\/\/nicaragua-travel-guide.com\/site\/wp-json\/wp\/v2\/pages\/14217\/revisions\/14222"}],"wp:attachment":[{"href":"https:\/\/nicaragua-travel-guide.com\/site\/wp-json\/wp\/v2\/media?parent=14217"}],"curies":[{"name":"wp","href":"https:\/\/api.w.org\/{rel}","templated":true}]}}