{"id":14258,"date":"2016-12-14T20:26:12","date_gmt":"2016-12-14T20:26:12","guid":{"rendered":"http:\/\/nicaragua-travel-guide.com\/site\/?page_id=14258"},"modified":"2023-04-20T12:55:02","modified_gmt":"2023-04-20T18:55:02","slug":"asistencia-tecnica","status":"publish","type":"page","link":"https:\/\/nicaragua-travel-guide.com\/site\/asistencia-tecnica\/","title":{"rendered":"ASISTENCIA T\u00c9CNICA"},"content":{"rendered":"<p><img loading=\"lazy\" decoding=\"async\" class=\"aligncenter size-full wp-image-7334\" src=\"https:\/\/nicaragua-travel-guide.com\/site\/wp-content\/uploads\/2016\/07\/header-formulacion-y-evaluacion-de-proyectos-de-inversion.jpg\" alt=\"\" width=\"1025\" height=\"345\" srcset=\"https:\/\/nicaragua-travel-guide.com\/site\/wp-content\/uploads\/2016\/07\/header-formulacion-y-evaluacion-de-proyectos-de-inversion.jpg 1025w, https:\/\/nicaragua-travel-guide.com\/site\/wp-content\/uploads\/2016\/07\/header-formulacion-y-evaluacion-de-proyectos-de-inversion-600x202.jpg 600w\" sizes=\"(max-width: 1025px) 100vw, 1025px\" \/><\/p>\n\n\n<h2 class=\"wp-block-heading\">ASISTENCIA TECNICA PARA EMPRENDEDORES<\/h2>\n\n\n\n<p><strong>Esta l\u00ednea de servicio que Inserta Empleo ofrece a los participantes del programa para emprendedores facilitarles el desarrollo de su proyecto de empresa o negocio, y acompa\u00f1arles en las fases iniciales del mismo.<\/strong><\/p>\n\n\n\n<p>El proceso de asistencia t\u00e9cnica ofrece al emprendedor un servicio de asesoramiento \u2013 consultor\u00eda, personalizado, en sesiones presenciales y ajustado a sus necesidades y las de su proyecto. Para ello, contamos con un equipo de profesionales expertos en creaci\u00f3n y desarrollo de empresas.<\/p>\n\n\n\n<h3 class=\"wp-block-heading\">DESTINATARIOS DE LA L\u00cdNEA DE ASISTENCIA T\u00c9CNICA<\/h3>\n\n\n\n<p>Podr\u00e1n beneficiarse de esta l\u00ednea de servicio las personas con discapacidad que hayan comunicado sus disposici\u00f3n a desarrollar y emprender el proyecto de negocio, bien despu\u00e9s de su participaci\u00f3n en los talleres de formaci\u00f3n o durante la entrevista de orientaci\u00f3n espec\u00edfica para emprendedores.<\/p>\n\n\n\n<h3 class=\"wp-block-heading\">MODALIDADES DE LA L\u00cdNEA DE ASISTENCIA T\u00c9CNICA<\/h3>\n\n\n\n<p>Las modalidades de las que consta la l\u00ednea de asistencia t\u00e9cnica son:<\/p>\n\n\n\n<p><strong>Asistencia t\u00e9cnica de proyecto<\/strong><\/p>\n\n\n\n<p>Esta modalidad consiste en desarrollar un plan de negocio y analizar su viabilidad, de forma que sirva como instrumento para la puesta en marcha del negocio\/empresa.<\/p>\n\n\n\n<p>Ofrecemos un asesoramiento presencial por parte del consultor asignado al proyecto, y un apoyo telef\u00f3nico o telem\u00e1tico.<\/p>\n\n\n\n<p>Gracias al proceso de asistencia t\u00e9cnica de proyecto, el emprendedor contar\u00e1 con un plan de negocio que le servir\u00e1 de hoja de ruta de su actividad, como tarjeta de presentaci\u00f3n ante cualquier organismo o entidad y como elemento decisivo para decisiones estrat\u00e9gicas.<\/p>\n\n\n\n<p>&nbsp;<strong>Asistencia t\u00e9cnica de acompa\u00f1amiento<\/strong><\/p>\n\n\n\n<p>La finalidad de esta modalidad es apoyar al emprendedor en la etapa de constituci\u00f3n de su proyecto, as\u00ed como potenciar su perdurabilidad a medio y largo plazo.<\/p>\n\n\n\n<p>Esta modalidad incluye acompa\u00f1amiento en los tr\u00e1mites de constituci\u00f3n y financieros, gesti\u00f3n de ayudas y subvenciones y asesoramiento sobre infraestructuras y equipamiento.<\/p>\n\n\n\n<p>Tras el proceso de asistencia t\u00e9cnica de acompa\u00f1amiento, el emprendedor que ha creado su negocio podr\u00e1 acceder al servicio de consultor\u00eda de seguimiento y consolidaci\u00f3n, como v\u00eda para favorecer la maduraci\u00f3n y el mantenimiento de la empresa o negocio.<\/p>\n","protected":false},"excerpt":{"rendered":"<p>ASISTENCIA TECNICA PARA EMPRENDEDORES Esta l\u00ednea de servicio que Inserta Empleo ofrece a los participantes del programa para emprendedores facilitarles el desarrollo de su proyecto de empresa o negocio, y acompa\u00f1arles en las fases iniciales del mismo. El proceso de asistencia t\u00e9cnica ofrece al emprendedor un servicio de asesoramiento \u2013 consultor\u00eda, personalizado, en sesiones presenciales [&hellip;]<\/p>\n","protected":false},"author":2,"featured_media":0,"parent":0,"menu_order":0,"comment_status":"closed","ping_status":"closed","template":"","meta":{"footnotes":""},"_links":{"self":[{"href":"https:\/\/nicaragua-travel-guide.com\/site\/wp-json\/wp\/v2\/pages\/14258"}],"collection":[{"href":"https:\/\/nicaragua-travel-guide.com\/site\/wp-json\/wp\/v2\/pages"}],"about":[{"href":"https:\/\/nicaragua-travel-guide.com\/site\/wp-json\/wp\/v2\/types\/page"}],"author":[{"embeddable":true,"href":"https:\/\/nicaragua-travel-guide.com\/site\/wp-json\/wp\/v2\/users\/2"}],"replies":[{"embeddable":true,"href":"https:\/\/nicaragua-travel-guide.com\/site\/wp-json\/wp\/v2\/comments?post=14258"}],"version-history":[{"count":7,"href":"https:\/\/nicaragua-travel-guide.com\/site\/wp-json\/wp\/v2\/pages\/14258\/revisions"}],"predecessor-version":[{"id":16818,"href":"https:\/\/nicaragua-travel-guide.com\/site\/wp-json\/wp\/v2\/pages\/14258\/revisions\/16818"}],"wp:attachment":[{"href":"https:\/\/nicaragua-travel-guide.com\/site\/wp-json\/wp\/v2\/media?parent=14258"}],"curies":[{"name":"wp","href":"https:\/\/api.w.org\/{rel}","templated":true}]}}