{"id":14260,"date":"2016-12-14T20:27:46","date_gmt":"2016-12-14T20:27:46","guid":{"rendered":"http:\/\/nicaragua-travel-guide.com\/site\/?page_id=14260"},"modified":"2023-04-20T15:42:16","modified_gmt":"2023-04-20T21:42:16","slug":"asesoria-empresarial","status":"publish","type":"page","link":"https:\/\/nicaragua-travel-guide.com\/site\/asesoria-empresarial\/","title":{"rendered":"ASESOR\u00cdA EMPRESARIAL"},"content":{"rendered":"\n<figure class=\"wp-block-image size-large\"><img loading=\"lazy\" decoding=\"async\" width=\"1025\" height=\"345\" src=\"https:\/\/nicaragua-travel-guide.com\/site\/wp-content\/uploads\/2016\/07\/header-formulacion-y-evaluacion-de-proyectos-de-inversion.jpg\" alt=\"\" class=\"wp-image-7334\" srcset=\"https:\/\/nicaragua-travel-guide.com\/site\/wp-content\/uploads\/2016\/07\/header-formulacion-y-evaluacion-de-proyectos-de-inversion.jpg 1025w, https:\/\/nicaragua-travel-guide.com\/site\/wp-content\/uploads\/2016\/07\/header-formulacion-y-evaluacion-de-proyectos-de-inversion-600x202.jpg 600w\" sizes=\"(max-width: 1025px) 100vw, 1025px\" \/><\/figure>\n\n\n\n<figure class=\"wp-block-pullquote\"><blockquote><p><strong><span class=\"has-inline-color has-vivid-cyan-blue-color\">Enterprise Development<\/span><\/strong><\/p><p><a href=\"ofrece:\"><sup><strong><sub>OFRECE:<\/sub><\/strong><\/sup><\/a><\/p><\/blockquote><\/figure>\n\n\n\n<h4 class=\"wp-block-heading\">Desarrollar la empresa pyme, micro y joven empresa usando las estrategias de consultor\u00eda gerencial, diagnostico preliminar y profundo desarrollo estrat\u00e9gico con la estrategia y herramientas de orientaci\u00f3n organizacional humana gerencial y empresarial.&nbsp;<\/h4>\n\n\n\n<p><strong>*Consultor\u00eda para la empresa familiar<\/strong> en aspectos claves de necesidades para su desarrollo organizacional con estructura a objetivos claves.&nbsp;<\/p>\n\n\n\n<p><strong>*Consultor\u00eda para el desarrollo de actividades de emprendimien<\/strong><strong>to para organizaciones y empresas que apoyen estas iniciativas desde el sector privado y el p\u00fablico sobre todo<\/strong> para generar acciones, programas, actividades que fomentan y crean organizaci\u00f3n para establecer el proceso del emprendimiento, creaci\u00f3n de centros, parques tecnol\u00f3gicos, comunidades de mujeres y&nbsp;familias, viveros e incubadoras, enfoques innovadores, emprendimiento para el start up, etc&#8230;<\/p>\n\n\n\n<p><strong>*Gerencia con formas de alianzas de cooperaci\u00f3n con la estrategia de&nbsp; Join venture:<\/strong> acuerdos cooperaci\u00f3n y alianzas a objetivos claves .<\/p>\n\n\n\n<p><strong>*Desarrollo con la estrategia de negocios internacionales<\/strong> para que la empresa desarrolle la internacionalizaci\u00f3n con los pa\u00edses objetivo.&nbsp;<\/p>\n\n\n\n<p><strong>*Consultor\u00eda gerencial para la gerencia de recursos humanos, empleo y relaciones de trabajo.<\/strong><\/p>\n\n\n\n<p><strong>*Desarrollo de talento humano en \u00e1reas de:<\/strong> desarrollo gerencial supervisorio y tutorial empresarial con la metodolog\u00eda de mentor\u00eda, coaching, asesor\u00eda, charlas y seminarios bajo necesidades claves que se pueden detectar en las empresas y clientes.<\/p>\n\n\n\n<p class=\"has-text-align-center\"><span class=\"has-inline-color has-pale-cyan-blue-color\">*************************************************<\/span><\/p>\n\n\n\n<p>*Servicio de asesor\u00eda bajo un modelo interdisciplinario, ofreciendo soluciones integrales en las \u00e1reas administrativas, operativas, econ\u00f3mico-financieras y legales que requieren las corporaciones, empresas, profesionales y particulares de cualquier sector.<\/p>\n\n\n\n<p>*Somos la opci\u00f3n m\u00e1s consolidada, diferenci\u00e1ndonos del tradicional despacho de asesor\u00eda y de las grandes empresas consultoras.<\/p>\n\n\n\n<p>*Capacitados y actualizados en todas las materias; con un claro enfoque de atenci\u00f3n al cliente, con la ejecuci\u00f3n de nuestros servicios integrales<\/p>\n\n\n\n<p> *Ofrecemos soluciones estructuradas a la medida de las necesidades y de la capacidad econ\u00f3mica de nuestros clientes.<\/p>\n\n\n\n<p>*Sensibilidad de nuestros asesores por los problemas de los clientes.<\/p>\n\n\n\n<p>\u00abPor nuestros valores de calidad, proximidad y eficiencia, nos consolidamos como su mejor opci\u00f3n\u00bb<\/p>\n\n\n\n<h1 class=\"wp-block-heading\"><strong>*<a href=\"https:\/\/nicaragua-travel-guide.com\/site\/wp-content\/uploads\/2020\/02\/CEDIE-Asociacion-civil-para-promover-el-centro-de-creacion-y-desarrollo-de-la-iniciativa-empresarial-sustentable.ppt\" target=\"_blank\" rel=\"noreferrer noopener\"><span class=\"has-inline-color has-pale-cyan-blue-color\">CEDIE<\/span><\/a><span class=\"has-inline-color has-pale-cyan-blue-color\">:<\/span> <\/strong>(Asociaci\u00f3n civil para promover el centro de creaci\u00f3n y desarrollo de la iniciativa empresarial sustentable)<\/h1>\n\n\n\n<p><strong>*Metodoger Presenta<\/strong>&nbsp;*<a rel=\"noreferrer noopener\" href=\"https:\/\/nicaragua-travel-guide.com\/site\/wp-content\/uploads\/2020\/02\/Metodoger-Presentacion-consultoria-en-Nicaragua.ppt\" target=\"_blank\"><span class=\"has-inline-color has-pale-cyan-blue-color\">Consultor\u00eda en Nicaragua<\/span><\/a><\/p>\n\n\n\n<p><strong>Metodoger<\/strong>: *<a rel=\"noreferrer noopener\" href=\"https:\/\/nicaragua-travel-guide.com\/site\/wp-content\/uploads\/2020\/02\/Metodoger-Estrategias-de-negocios-Internacionales-Nicaragua.ppt\" target=\"_blank\"><span class=\"has-inline-color has-pale-cyan-blue-color\">Estrategias de negocios Internacionales<\/span><\/a><\/p>\n\n\n\n<p><strong>Metodoger: Consultor\u00eda:<\/strong> *<a rel=\"noreferrer noopener\" href=\"https:\/\/nicaragua-travel-guide.com\/site\/wp-content\/uploads\/2020\/02\/Metodoger-Estrategia-Desarrollo-de-RRHH-en-Nicaragua.ppt\" target=\"_blank\"><span class=\"has-inline-color has-pale-cyan-blue-color\">Estrategia de desarrollo de RRHH Nicaragua<\/span><\/a><\/p>\n\n\n\n<p><strong>Metodoger Consultor\u00eda: *<\/strong> <a href=\"https:\/\/nicaragua-travel-guide.com\/site\/wp-content\/uploads\/2020\/02\/Metodoger-Centro-de-Creacion-y-Desarrollo-de-la-Iniciativa-Empresarial-en-Nicaragua.ppt\"><span class=\"has-inline-color has-pale-cyan-blue-color\">Centro de creaci\u00f3n  y desarrollo de la iniciativa empresarial en Nicaragua<\/span><\/a><strong><span class=\"has-inline-color has-pale-cyan-blue-color\"><a href=\"https:\/\/nicaragua-travel-guide.com\/site\/wp-content\/uploads\/2020\/02\/Metodoger-Centro-de-Creacion-y-Desarrollo-de-la-Iniciativa-Empresarial-en-Nicaragua.ppt\"> <\/a><\/span> <\/strong>*(ONG En Formaci\u00f3n )<\/p>\n\n\n\n<p><strong>Metodoger<\/strong>: *<strong><a rel=\"noreferrer noopener\" href=\"https:\/\/nicaragua-travel-guide.com\/site\/wp-content\/uploads\/2020\/02\/Metodoger-Consultor-y-Conferencista-Internacional-en-Nicaragua-OMAR-VALENTI-.ppt\" target=\"_blank\"><span class=\"has-inline-color has-pale-cyan-blue-color\">Consultor y Conferencista Internacional<\/span><span class=\"has-inline-color has-vivid-cyan-blue-color\"> Omar Valenti<\/span><span class=\"has-inline-color has-pale-cyan-blue-color\"> <\/span><\/a><span class=\"has-inline-color has-vivid-cyan-blue-color\"> <\/span><\/strong><\/p>\n","protected":false},"excerpt":{"rendered":"<p>Enterprise Development OFRECE: Desarrollar la empresa pyme, micro y joven empresa usando las estrategias de consultor\u00eda gerencial, diagnostico preliminar y profundo desarrollo estrat\u00e9gico con la estrategia y herramientas de orientaci\u00f3n organizacional humana gerencial y empresarial.&nbsp; *Consultor\u00eda para la empresa familiar en aspectos claves de necesidades para su desarrollo organizacional con estructura a objetivos claves.&nbsp; *Consultor\u00eda [&hellip;]<\/p>\n","protected":false},"author":2,"featured_media":0,"parent":0,"menu_order":0,"comment_status":"closed","ping_status":"closed","template":"","meta":{"footnotes":""},"_links":{"self":[{"href":"https:\/\/nicaragua-travel-guide.com\/site\/wp-json\/wp\/v2\/pages\/14260"}],"collection":[{"href":"https:\/\/nicaragua-travel-guide.com\/site\/wp-json\/wp\/v2\/pages"}],"about":[{"href":"https:\/\/nicaragua-travel-guide.com\/site\/wp-json\/wp\/v2\/types\/page"}],"author":[{"embeddable":true,"href":"https:\/\/nicaragua-travel-guide.com\/site\/wp-json\/wp\/v2\/users\/2"}],"replies":[{"embeddable":true,"href":"https:\/\/nicaragua-travel-guide.com\/site\/wp-json\/wp\/v2\/comments?post=14260"}],"version-history":[{"count":65,"href":"https:\/\/nicaragua-travel-guide.com\/site\/wp-json\/wp\/v2\/pages\/14260\/revisions"}],"predecessor-version":[{"id":16850,"href":"https:\/\/nicaragua-travel-guide.com\/site\/wp-json\/wp\/v2\/pages\/14260\/revisions\/16850"}],"wp:attachment":[{"href":"https:\/\/nicaragua-travel-guide.com\/site\/wp-json\/wp\/v2\/media?parent=14260"}],"curies":[{"name":"wp","href":"https:\/\/api.w.org\/{rel}","templated":true}]}}