{"id":14262,"date":"2016-12-14T20:28:52","date_gmt":"2016-12-14T20:28:52","guid":{"rendered":"http:\/\/nicaragua-travel-guide.com\/site\/?page_id=14262"},"modified":"2023-04-20T13:56:16","modified_gmt":"2023-04-20T19:56:16","slug":"capacitacion-empresarial","status":"publish","type":"page","link":"https:\/\/nicaragua-travel-guide.com\/site\/capacitacion-empresarial\/","title":{"rendered":"CAPACITACION"},"content":{"rendered":"<p><img loading=\"lazy\" decoding=\"async\" class=\"aligncenter size-full wp-image-7334\" src=\"https:\/\/nicaragua-travel-guide.com\/site\/wp-content\/uploads\/2016\/07\/header-formulacion-y-evaluacion-de-proyectos-de-inversion.jpg\" alt=\"\" width=\"1025\" height=\"345\" srcset=\"https:\/\/nicaragua-travel-guide.com\/site\/wp-content\/uploads\/2016\/07\/header-formulacion-y-evaluacion-de-proyectos-de-inversion.jpg 1025w, https:\/\/nicaragua-travel-guide.com\/site\/wp-content\/uploads\/2016\/07\/header-formulacion-y-evaluacion-de-proyectos-de-inversion-600x202.jpg 600w\" sizes=\"(max-width: 1025px) 100vw, 1025px\" \/><\/p>\n\n\n<h2 class=\"wp-block-heading\"><em><strong>DESARROLLO DIRECTIVO<\/strong><\/em><\/h2>\n\n\n\n<h3 class=\"wp-block-heading\">Cursos para el desarrollo de directivos<\/h3>\n\n\n\n<ul><li>1.- Curso Administraci\u00f3n de Proyectos<\/li><li>2.- Curso Administraci\u00f3n para no administradores La Esencia de la Administraci\u00f3n<\/li><li>3.- Curso Administraci\u00f3n por objetivos y resultados<\/li><li>4.- Curso An\u00e1lisis de problemas y toma de decisiones<\/li><li>5.- Curso Balanced Scorecard<\/li><li>6.- Curso C\u00f3mo entrevistar a candidatos \u2013 Evento para jefes<\/li><li>7.- Curso desarrollo de habilidades gerenciales<\/li><li>8.- Curso superior de habilidades directivas<\/li><li>9.- Curso Evaluaci\u00f3n del desempe\u00f1o con enfoque a resultados<\/li><li>10.- Curso habilidades de supervisi\u00f3n<\/li><li>11.- Curso Liderazgo efectivo<\/li><li>12.- Curso Los 7 Elementos de la negociaci\u00f3n aplicando el m\u00e9todo harvard<\/li><li>13.- Curso Planeaci\u00f3n estrat\u00e9gica<\/li><li>14.- Curso Programa intensivo \u2013 Las 7 Habilidades de supervisi\u00f3n<\/li><li>15.- Curso T\u00e9cnicas de coaching para mejorar el desempe\u00f1o de los colaboradores<\/li><li>16.- Curso T\u00e9cnicas de negociaci\u00f3n<\/li><\/ul>\n\n\n\n<h2 class=\"wp-block-heading\"><em><strong>EQUIPOS DE TRABAJO Y TRABAJO EN EQUIPO<\/strong><\/em><\/h2>\n\n\n\n<h3 class=\"wp-block-heading\">Cursos para Equipos de Trabajo y para Trabajar en Equipo<\/h3>\n\n\n\n<ul><li>17.- Curso La fuerza de integraci\u00f3n y el trabajo en equipo: C\u00f3mo Trabajar en equipo<\/li><li>18.- Curso Formaci\u00f3n de l\u00edderes de equipo<\/li><li>19.- Curso Formaci\u00f3n y construcci\u00f3n de equipos de alto desempe\u00f1o<\/li><li>20.- Curso Integraci\u00f3n del equipo gerencial<\/li><li>21.- Curso Integraci\u00f3n y comunicaci\u00f3n interdepartamental<\/li><li>22.- Curso Din\u00e1micas de grupo y trabajo en equipo para la integraci\u00f3n<\/li><li>23.- Curso Formaci\u00f3n de equipos autodirigidos<\/li><li>24.- Curso 8 D\u00b4s: Soluci\u00f3n de problemas en equipo<\/li><\/ul>\n\n\n\n<h2 class=\"wp-block-heading\"><em><strong>CAPACITACI\u00f3N Y DESARROLLO DE INSTRUCTORES<\/strong><\/em><\/h2>\n\n\n\n<h3 class=\"wp-block-heading\">Cursos para el \u00e1rea de Capacitaci\u00f3n y Formaci\u00f3n de Instructores<\/h3>\n\n\n\n<ul><li>25.- Curso Norma ISO: 100015 Administraci\u00f3n de la calidad directrices para capacitaci\u00f3n<\/li><li>26.- Curso DNC y plan de capacitaci\u00f3n<\/li><li>27.- Curso DNC y plan de capacitaci\u00f3n por competencias laborales<\/li><li>28.- Curso Formaci\u00f3n de instructores<\/li><li>29.- Curso Din\u00e1micas y juegos para instructores<\/li><li>30.- Curso Estructuraci\u00f3n y dise\u00f1o de presentaciones inteligentes<\/li><li>31.- Curso Formaci\u00f3n de instructores avanzado<\/li><li>32.- Curso Formaci\u00f3n de docentes<\/li><li>33.- Curso Mapas mentales<\/li><\/ul>\n\n\n\n<h2 class=\"wp-block-heading\"><em><strong>RECURSOS HUMANOS<\/strong><\/em><\/h2>\n\n\n\n<h3 class=\"wp-block-heading\">Cursos para el \u00e1rea de Recursos Humanos<\/h3>\n\n\n\n<ul><li>34.- Curso Administraci\u00f3n de recursos humanos por competencias laborales<\/li><li>35.- Curso Evaluaci\u00f3n Assessment Center<\/li><li>36.- Curso C\u00f3mo Aplicar Assessment Center<\/li><li>37.- Curso Contrataci\u00f3n, despido, finiquito y liquidaci\u00f3n<\/li><li>38.- Curso Impacto de la reforma laboral en administraci\u00f3n de recursos humanos<\/li><\/ul>\n\n\n\n<h2 class=\"wp-block-heading\"><em><strong>HUMANISMO Y DESARROLLO HUMANO<\/strong><\/em><\/h2>\n\n\n\n<h3 class=\"wp-block-heading\">Cursos para el Desarrollo Humano<\/h3>\n\n\n\n<ul><li>39.- Curso Inteligencia emocional en el trabajo<\/li><li>40.- Curso C\u00f3mo tratar con personas dif\u00edciles<\/li><li>41.- Curso Desarrollo de la autoestima positiva<\/li><li>42.- Curso \u00e9tica y valores para el trabajo<\/li><li>43.- Curso Inteligencia emocional con PNL<\/li><li>44.- Curso Manejo de conflictos<\/li><li>45.- Curso Manejo de estr\u00e9s<\/li><li>46.- Curso Sensibilizaci\u00f3n al cambio<\/li><li>47.- Curso T\u00e9cnicas de programaci\u00f3n neuroling\u00fc\u00edstica<\/li><\/ul>\n\n\n\n<h2 class=\"wp-block-heading\"><em><strong>SISTEMAS DE CALIDAD<\/strong><\/em><\/h2>\n\n\n\n<h3 class=\"wp-block-heading\">Cursos para la Calidad y Manufactura (ISO9001:2008)<\/h3>\n\n\n\n<ul><li>48.- Curso Introducci\u00f3n ISO 9001 \u2013 2008<\/li><li>49.- Curso Documentaci\u00f3n del sistema de gesti\u00f3n de calidad ISO 9001-2008<\/li><li>50.- Curso Sensibilizaci\u00f3n para implementar sistema de calidad<\/li><li>51.- Curso Sistema operativo de calidad<\/li><li>52.- Curso Formaci\u00f3n de auditores internos de calidad<\/li><li>53.- Curso 7 herramientas estad\u00edsticas de la calidad<\/li><li>54.- Curso 5 s\u00b4 Orden y limpieza<\/li><li>55.- Curso BPM Buenas pr\u00e1cticas de manufactura<\/li><li>56.- Curso HACCP<\/li><li>57.- Curso Mejora y redise\u00f1o de procesos<\/li><li>58.- Curso Sensibilizaci\u00f3n a las buenas pr\u00e1cticas de manufactura<\/li><\/ul>\n\n\n\n<h2 class=\"wp-block-heading\"><em><strong>RECLUTAMIENTO Y SELECCI\u00f3N<\/strong><\/em><\/h2>\n\n\n\n<h3 class=\"wp-block-heading\">Cursos para el \u00e1rea de reclutamiento, selecci\u00f3n y descubrimiento de competencias laborales<\/h3>\n\n\n\n<ul><li>59.- Curso Reclutamiento y selecci\u00f3n de personal<\/li><li>60.- Curso Entrevista dimensional o por competencias laborales<\/li><li>61.- Curso Grafolog\u00eda<\/li><\/ul>\n\n\n\n<h2 class=\"wp-block-heading\"><em><strong>ORTOGRAFIA Y REDACCION<\/strong><\/em><\/h2>\n\n\n\n<h3 class=\"wp-block-heading\">Cursos para mejorar la comunicaci\u00f3n verbal y escrita<\/h3>\n\n\n\n<ul><li>62.- Curso Ortograf\u00eda y redacci\u00f3n<\/li><li>63.- Curso Ortograf\u00eda y redacci\u00f3n para ejecutivos<\/li><li>64.- Curso Redacci\u00f3n para ejecutivos<\/li><li>65.- Curso Redacci\u00f3n de correos electr\u00f3nicos<\/li><\/ul>\n\n\n\n<h2 class=\"wp-block-heading\"><em><strong>VENTAS<\/strong><\/em><\/h2>\n\n\n\n<h3 class=\"wp-block-heading\">Cursos para el \u00e1rea de Ventas<\/h3>\n\n\n\n<ul><li>66.- Curso Ventas y negociaci\u00f3n<\/li><li>67.- Curso PNL Aplicado a ventas<\/li><li>68.- Curso Motivaci\u00f3n para vendedores<\/li><li>69.- Curso Venta de mostrador<\/li><li>70.- Curso El Gerente de ventas como l\u00edder de equipo<\/li><\/ul>\n\n\n\n<h2 class=\"wp-block-heading\"><em><strong>SERVICIO AL CLIENTE<\/strong><\/em><\/h2>\n\n\n\n<h3 class=\"wp-block-heading\">Cursos para el \u00e1rea de Servicio a Cliente<\/h3>\n\n\n\n<ul><li>71.- Curso Atenci\u00f3n y servicio al cliente: La 7 Monedas de oro<\/li><li>72.- Curso Atenci\u00f3n y servicio al cliente inspirado en modelo Disney<\/li><li>73.- Curso El L\u00edder de la atenci\u00f3n y servicio al Cliente basado en modelo Disney<\/li><li>74.- Curso Atenci\u00f3n al cliente interno<\/li><li>75.- Curso Cortes\u00eda telef\u00f3nica y servicio al cliente<\/li><li>76.- Curso Manejo de quejas y conflictos por tel\u00e9fono<\/li><\/ul>\n\n\n\n<h2 class=\"wp-block-heading\"><em><strong>DESARROLLO SECRETARIAL Y DE ASISTENTES<\/strong><\/em><\/h2>\n\n\n\n<h3 class=\"wp-block-heading\">Cursos para el \u00e1rea de desarrollo secretarial y de asistentes<\/h3>\n\n\n\n<ul><li>77.- Curso Profesionalismo secretarial<\/li><li>78.- Curso Administraci\u00f3n para asistentes<\/li><li>79.- Curso Imagen ejecutiva<\/li><\/ul>\n\n\n\n<h2 class=\"wp-block-heading\"><em><strong>CURSOS PARA GOBIERNO<\/strong><\/em><\/h2>\n\n\n\n<h3 class=\"wp-block-heading\">Cursos para Gobierno<\/h3>\n\n\n\n<ul><li>80.- Curso Atenci\u00f3n y servicio a usuarios en instituciones de gobierno<\/li><li>81.- Curso Evaluaci\u00f3n del desempe\u00f1o en sector gobierno con base en resultados<\/li><li>82.- Curso \u00e9tica y valores de funcionarios p\u00fablicos<\/li><li>83.- Curso Contabilidad gubernamental<\/li><li>84.- Curso Ortograf\u00eda y redacci\u00f3n gubernamental<\/li><\/ul>\n\n\n\n<h2 class=\"wp-block-heading\"><em><strong>HABILIDADES DE COMUNICACION<\/strong><\/em><\/h2>\n\n\n\n<h3 class=\"wp-block-heading\">Cursos para Habilidades de Comunicaci\u00f3n<\/h3>\n\n\n\n<ul><li>85.- Curso T\u00e9cnicas de Comunicaci\u00f3n Asertiva<\/li><li>86.- Curso C\u00f3mo Convencer y Hablar en P\u00fablico<\/li><li>87.- Curso Taller de Dicci\u00f3n<\/li><li>88.- Curso T\u00e9cnicas de Comunicaci\u00f3n Efectiva<\/li><\/ul>\n\n\n\n<h2 class=\"wp-block-heading\"><em><strong>FINANZAS Y CONTABILIDAD<\/strong><\/em><\/h2>\n\n\n\n<h3 class=\"wp-block-heading\">Cursos para Finanzas y Contabilidad<\/h3>\n\n\n\n<ul><li>89.- Curso Contabilidad para no Contadores<\/li><li>90.- Curso Finanzas para no Financieros<\/li><li>91.- Curso Planeaci\u00f3n Financiera<\/li><li>92.- Curso T\u00e9cnicas de Cobranza<\/li><li>93.- Curso Administraci\u00f3n de Riesgos Financieros<\/li><\/ul>\n\n\n\n<h2 class=\"wp-block-heading\"><em><strong>LOG\u00edSTICA Y ABASTECIMIENTO<\/strong><\/em><\/h2>\n\n\n\n<h3 class=\"wp-block-heading\">Cursos para Log\u00edstica y Abastecimiento<\/h3>\n\n\n\n<ul><li>94.- Curso Administraci\u00f3n de Almacenes e Inventarios de Vanguardia<\/li><li>95.- Curso BPM Buenas pr\u00e1cticas de manufactura para almacenes<\/li><li>96.- Curso Administraci\u00f3n de mantenimiento industrial<\/li><li>97.- Curso Negociaci\u00f3n para comprar<\/li><\/ul>\n\n\n\n<h2 class=\"wp-block-heading\"><em><strong>PRODUCTIVIDAD ORGANIZACIONAL<\/strong><\/em><\/h2>\n\n\n\n<h3 class=\"wp-block-heading\">Cursos para Productividad Organizacional<\/h3>\n\n\n\n<ul><li>98.- Curso Administraci\u00f3n del tiempo<\/li><li>99.- Curso Habilidades para pensar creativamente e inteligencias m\u00faltiples<\/li><li>100.- Curso Lectura r\u00e1pida<\/li><li>101.- Curso Modificaci\u00f3n de actitudes y motivaci\u00f3n en el trabajo<\/li><li>102.- Curso Planeaci\u00f3n y organizaci\u00f3n en el trabajo<\/li><li>103.- Curso Productividad a\u00fan bajo presi\u00f3n<\/li><\/ul>\n\n\n\n<p>*<strong>Contactar para recibir informaci\u00f3n detallada del curso<\/strong><\/p>\n\n\n\n<p>*<strong>Solicitar Cursos de Capacitaci\u00f3n a la Medida<\/strong><\/p>\n","protected":false},"excerpt":{"rendered":"<p>DESARROLLO DIRECTIVO Cursos para el desarrollo de directivos 1.- Curso Administraci\u00f3n de Proyectos 2.- Curso Administraci\u00f3n para no administradores La Esencia de la Administraci\u00f3n 3.- Curso Administraci\u00f3n por objetivos y resultados 4.- Curso An\u00e1lisis de problemas y toma de decisiones 5.- Curso Balanced Scorecard 6.- Curso C\u00f3mo entrevistar a candidatos \u2013 Evento para jefes 7.- [&hellip;]<\/p>\n","protected":false},"author":2,"featured_media":0,"parent":0,"menu_order":0,"comment_status":"closed","ping_status":"closed","template":"","meta":{"footnotes":""},"_links":{"self":[{"href":"https:\/\/nicaragua-travel-guide.com\/site\/wp-json\/wp\/v2\/pages\/14262"}],"collection":[{"href":"https:\/\/nicaragua-travel-guide.com\/site\/wp-json\/wp\/v2\/pages"}],"about":[{"href":"https:\/\/nicaragua-travel-guide.com\/site\/wp-json\/wp\/v2\/types\/page"}],"author":[{"embeddable":true,"href":"https:\/\/nicaragua-travel-guide.com\/site\/wp-json\/wp\/v2\/users\/2"}],"replies":[{"embeddable":true,"href":"https:\/\/nicaragua-travel-guide.com\/site\/wp-json\/wp\/v2\/comments?post=14262"}],"version-history":[{"count":6,"href":"https:\/\/nicaragua-travel-guide.com\/site\/wp-json\/wp\/v2\/pages\/14262\/revisions"}],"predecessor-version":[{"id":16830,"href":"https:\/\/nicaragua-travel-guide.com\/site\/wp-json\/wp\/v2\/pages\/14262\/revisions\/16830"}],"wp:attachment":[{"href":"https:\/\/nicaragua-travel-guide.com\/site\/wp-json\/wp\/v2\/media?parent=14262"}],"curies":[{"name":"wp","href":"https:\/\/api.w.org\/{rel}","templated":true}]}}