{"id":14384,"date":"2017-05-01T04:29:06","date_gmt":"2017-05-01T04:29:06","guid":{"rendered":"http:\/\/nicaragua-travel-guide.com\/site\/?page_id=14384"},"modified":"2017-05-01T04:29:06","modified_gmt":"2017-05-01T04:29:06","slug":"cereales-caracol-avena-pinol-pinolillo-cebada-semilla-de-jicaro-cafe-ron-cacao-y-productos-organicos","status":"publish","type":"page","link":"https:\/\/nicaragua-travel-guide.com\/site\/cereales-caracol-avena-pinol-pinolillo-cebada-semilla-de-jicaro-cafe-ron-cacao-y-productos-organicos\/","title":{"rendered":"Cereales Caracol Avena, pinol, pinolillo, cebada, semilla de jicaro, caf\u00e9, ron, cacao, y productos org\u00e1nicos"},"content":{"rendered":"<table style=\"height: 664px; width: 859px;\">\n<tbody>\n<tr style=\"height: 17px;\">\n<td style=\"width: 905px; height: 17px;\" colspan=\"3\"><img loading=\"lazy\" decoding=\"async\" class=\"alignnone size-full wp-image-14385\" src=\"http:\/\/nicaragua-travel-guide.com\/site\/wp-content\/uploads\/2017\/05\/products.jpg\" alt=\"cereals caracol nicaragua products\" width=\"1689\" height=\"1242\" srcset=\"https:\/\/nicaragua-travel-guide.com\/site\/wp-content\/uploads\/2017\/05\/products.jpg 1689w, https:\/\/nicaragua-travel-guide.com\/site\/wp-content\/uploads\/2017\/05\/products-600x441.jpg 600w\" sizes=\"(max-width: 1689px) 100vw, 1689px\" \/><\/td>\n<\/tr>\n<tr style=\"height: 6px;\">\n<td style=\"width: 290px; height: 6px;\">Cereales Sasa<\/td>\n<td style=\"width: 294px; height: 6px;\">Miel<\/td>\n<td style=\"width: 321px; height: 6px;\">Ron Flor de Ca\u00f1a<\/td>\n<\/tr>\n<tr style=\"height: 6px;\">\n<td style=\"width: 290px; height: 6px;\">Cereales Caracol<\/td>\n<td style=\"width: 294px; height: 6px;\">Mermeladas<\/td>\n<td style=\"width: 321px; height: 6px;\">Vinos<\/td>\n<\/tr>\n<tr style=\"height: 6px;\">\n<td style=\"width: 290px; height: 6px;\">Cafe<\/td>\n<td style=\"width: 294px; height: 6px;\">Cajetas \/ Dulces<\/td>\n<td style=\"width: 321px; height: 6px;\">Otros licores<\/td>\n<\/tr>\n<tr style=\"height: 6px;\">\n<td style=\"width: 290px; height: 6px;\">Cacao a granel<\/td>\n<td style=\"width: 294px; height: 6px;\">Coctel<\/td>\n<td style=\"width: 321px; height: 6px;\">Frijoles<\/td>\n<\/tr>\n<tr style=\"height: 58px;\">\n<td style=\"width: 905px; height: 58px;\" colspan=\"3\">La Avena es una fuente excelente de vitaminas, minerales y del calcio (especialmente si est\u00e1 hecho con leche). Es un cereal con poca grasa que al mismo tiempo es alto en fibra y ayuda a bajar el colesterol. La avena simple es excelente para los diab\u00e9ticos ya que la fibra soluble en la avena disuade la consumpci\u00f3n del almid\u00f3n, por lo tanto los diab\u00e9ticos no experimentar\u00e1n una subida de la insulina despu\u00e9s de comer o de beber avena.<\/p>\n<p>*Avena molida es vendida en bolsas de 400g cada una. Avena simple es vendida en bolsas de 350g cada una. Avena en hojuelas es vendida en bolsas de 400g cada una.<\/td>\n<\/tr>\n<tr style=\"height: 88px;\">\n<td style=\"width: 290px; height: 88px;\"><img loading=\"lazy\" decoding=\"async\" class=\"alignnone size-full wp-image-14386\" src=\"http:\/\/nicaragua-travel-guide.com\/site\/wp-content\/uploads\/2017\/05\/pinol.jpg\" alt=\"pinol caracol nicaragua\" width=\"283\" height=\"429\" \/><\/td>\n<td style=\"width: 294px; height: 88px;\"><img loading=\"lazy\" decoding=\"async\" class=\"alignnone size-full wp-image-14387\" src=\"http:\/\/nicaragua-travel-guide.com\/site\/wp-content\/uploads\/2017\/05\/pinolillo.jpg\" alt=\"pinolillo caracol nicaragua cereales\" width=\"313\" height=\"418\" \/><\/td>\n<td style=\"width: 321px; height: 88px;\"><img loading=\"lazy\" decoding=\"async\" class=\"alignnone size-full wp-image-14388\" src=\"http:\/\/nicaragua-travel-guide.com\/site\/wp-content\/uploads\/2017\/05\/cebada.jpg\" alt=\"cebada caracol cereales nicaragua\" width=\"317\" height=\"428\" \/><\/td>\n<\/tr>\n<tr style=\"height: 88px;\">\n<td style=\"width: 290px; height: 88px;\">Pinol es una bebida tradicional de Nicaragua bien deliciosa. Hecha de ma\u00edz tostado y molido.<\/p>\n<p>*Vendido en bolsas de 400g cada uno.<\/td>\n<td style=\"width: 294px; height: 88px;\">Si agregas semillas tostadas de cacao, canela y otras especies al delicioso Pinol, entonces el resultado es Pinolillo.<\/p>\n<p>*Vendido en bolsas de 400g cada uno.<\/td>\n<td style=\"width: 321px; height: 88px;\">La cebada rosada tiene muchas aplicaciones, como ser un componente de varias comidas sanas, pero en Nicaragua se utiliza sobre todo como bebida destilada. El color de la cebada es debido al colorante a\u00f1adido que lo hace ver rosada y que le agrega un sabor a frambuesa.<\/p>\n<p>*Vendido en bolsas de 400g cada uno.<\/td>\n<\/tr>\n<tr style=\"height: 89px;\">\n<td style=\"width: 290px; height: 89px;\"><img loading=\"lazy\" decoding=\"async\" class=\"alignnone size-full wp-image-14389\" src=\"http:\/\/nicaragua-travel-guide.com\/site\/wp-content\/uploads\/2017\/05\/horchata.jpg\" alt=\"horchatacaracol cereales nicaragua\" width=\"297\" height=\"433\" \/><\/td>\n<td style=\"width: 294px; height: 89px;\"><img loading=\"lazy\" decoding=\"async\" class=\"alignnone size-full wp-image-14390\" src=\"http:\/\/nicaragua-travel-guide.com\/site\/wp-content\/uploads\/2017\/05\/fresco-de-cacao.jpg\" alt=\"fresco de cacao cereales caracol nicaragua\" width=\"306\" height=\"425\" \/><\/td>\n<td style=\"width: 321px; height: 89px;\"><img loading=\"lazy\" decoding=\"async\" class=\"alignnone size-full wp-image-14391\" src=\"http:\/\/nicaragua-travel-guide.com\/site\/wp-content\/uploads\/2017\/05\/avena-molida.jpg\" alt=\"avena molida cereal caracol nicaragua\" width=\"312\" height=\"408\" \/><\/td>\n<\/tr>\n<tr style=\"height: 89px;\">\n<td style=\"width: 290px; height: 89px;\">En Nicaragua y Honduras, Horchata\u00bb se refiere a la bebida conocida como Semilla de Jicaro, hecha de semilla de jicaro molida con arroz y especies. Es una bebida popular nacionalmente.<\/p>\n<p>*Vendido en bolsas de 400g cada uno.<\/td>\n<td style=\"width: 294px; height: 89px;\">Mezcla de semillas de cacao con leche. Rico en vitaminas, minerales y calcio. Mejor servido fr\u00edo.<\/p>\n<p>*Vendido en bolsas de 400g cada uno<\/td>\n<td style=\"width: 321px; height: 89px;\"><\/td>\n<\/tr>\n<\/tbody>\n<\/table>\n","protected":false},"excerpt":{"rendered":"<p>Cereales Sasa Miel Ron Flor de Ca\u00f1a Cereales Caracol Mermeladas Vinos Cafe Cajetas \/ Dulces Otros licores Cacao a granel Coctel Frijoles La Avena es una fuente excelente de vitaminas, minerales y del calcio (especialmente si est\u00e1 hecho con leche). Es un cereal con poca grasa que al mismo tiempo es alto en fibra y [&hellip;]<\/p>\n","protected":false},"author":2,"featured_media":0,"parent":0,"menu_order":0,"comment_status":"closed","ping_status":"closed","template":"","meta":{"footnotes":""},"_links":{"self":[{"href":"https:\/\/nicaragua-travel-guide.com\/site\/wp-json\/wp\/v2\/pages\/14384"}],"collection":[{"href":"https:\/\/nicaragua-travel-guide.com\/site\/wp-json\/wp\/v2\/pages"}],"about":[{"href":"https:\/\/nicaragua-travel-guide.com\/site\/wp-json\/wp\/v2\/types\/page"}],"author":[{"embeddable":true,"href":"https:\/\/nicaragua-travel-guide.com\/site\/wp-json\/wp\/v2\/users\/2"}],"replies":[{"embeddable":true,"href":"https:\/\/nicaragua-travel-guide.com\/site\/wp-json\/wp\/v2\/comments?post=14384"}],"version-history":[{"count":1,"href":"https:\/\/nicaragua-travel-guide.com\/site\/wp-json\/wp\/v2\/pages\/14384\/revisions"}],"predecessor-version":[{"id":14392,"href":"https:\/\/nicaragua-travel-guide.com\/site\/wp-json\/wp\/v2\/pages\/14384\/revisions\/14392"}],"wp:attachment":[{"href":"https:\/\/nicaragua-travel-guide.com\/site\/wp-json\/wp\/v2\/media?parent=14384"}],"curies":[{"name":"wp","href":"https:\/\/api.w.org\/{rel}","templated":true}]}}