{"id":15156,"date":"2018-12-26T20:00:27","date_gmt":"2018-12-26T20:00:27","guid":{"rendered":"https:\/\/nicaragua-travel-guide.com\/site\/?page_id=15156"},"modified":"2019-04-29T20:54:00","modified_gmt":"2019-04-30T02:54:00","slug":"hotel-boutique-y-restaurante-hacienda-san-pedro-area-abierta-evento-especial-campestre-los-mangos-carazo-san-marcos-nicaragua-centroamerica","status":"publish","type":"page","link":"https:\/\/nicaragua-travel-guide.com\/site\/hotel-boutique-y-restaurante-hacienda-san-pedro-area-abierta-evento-especial-campestre-los-mangos-carazo-san-marcos-nicaragua-centroamerica\/","title":{"rendered":"Evento Campestre Los Mangos"},"content":{"rendered":"<table style=\"width: 643px;\">\n<tbody>\n<tr>\n<td style=\"background-color: #f7cd0f; width: 619px;\">\n<h2 style=\"text-align: center;\"><span style=\"color: #000000;\">Evento Especial Hotel Boutique<\/span><\/h2>\n<h3 style=\"text-align: center;\"><span style=\"color: #000000;\">\u00c1rea Abierta\u00a0<\/span><\/h3>\n<h3 style=\"text-align: center;\"><span style=\"color: #000000;\">Campestre \u00abLos Mangos\u00bb\u00a0<\/span><\/h3>\n<\/td>\n<\/tr>\n<tr>\n<td style=\"width: 619px;\"><img loading=\"lazy\" decoding=\"async\" class=\"alignnone size-full wp-image-15157\" src=\"https:\/\/nicaragua-travel-guide.com\/site\/wp-content\/uploads\/2018\/12\/Hotel-Boutique-y-Restaurante-Hacienda-San-Pedro-Carazo-San-Marcos-Nicaragua-evento-especial-campestre.jpg\" alt=\"\" width=\"960\" height=\"720\" srcset=\"https:\/\/nicaragua-travel-guide.com\/site\/wp-content\/uploads\/2018\/12\/Hotel-Boutique-y-Restaurante-Hacienda-San-Pedro-Carazo-San-Marcos-Nicaragua-evento-especial-campestre.jpg 960w, https:\/\/nicaragua-travel-guide.com\/site\/wp-content\/uploads\/2018\/12\/Hotel-Boutique-y-Restaurante-Hacienda-San-Pedro-Carazo-San-Marcos-Nicaragua-evento-especial-campestre-600x450.jpg 600w\" sizes=\"(max-width: 960px) 100vw, 960px\" \/><\/td>\n<\/tr>\n<tr>\n<td style=\"background-color: #1d5c05; width: 619px;\">\n<p style=\"text-align: center;\"><span style=\"color: #ffffff;\">Hotel del a\u00f1o!!! a tan\u00a0 solo 50 minutos\u00a0 de la capital de Nicaragua!!!<\/span><\/p>\n<p style=\"text-align: center;\"><span style=\"color: #ffffff;\">En San Marcos, Carazo<\/span><\/p>\n<table style=\"width: 622px;\">\n<tbody>\n<tr>\n<td style=\"width: 618px; background-color: #750505; border-color: #fcda42;\">\n<p style=\"text-align: center;\"><span style=\"color: #ffff00;\">Categor\u00eda: Estrellas de oro***<\/span><\/p>\n<p style=\"text-align: center;\"><span style=\"color: #ffffff;\">Conozca m\u00e1s de nosotros aqu\u00ed<\/span><\/p>\n<\/td>\n<\/tr>\n<\/tbody>\n<\/table>\n<\/td>\n<\/tr>\n<tr>\n<td style=\"width: 619px;\">\n<table style=\"width: 663px;\">\n<tbody>\n<tr>\n<td style=\"background-color: #1d5c05; border-color: #1d5c05; width: 20px;\" colspan=\"2\">\n<table style=\"width: 617px;\">\n<tbody>\n<tr>\n<td style=\"width: 216px; background-color: #05f7f7;\"><strong><a href=\"https:\/\/nicaragua-travel-guide.com\/site\/habitaciones-hotel-boutique-y-restaurante-hacienda-san-pedro-carazo-san-marcos\/\">Habitaciones<\/a><\/strong><\/td>\n<td style=\"width: 191px; background-color: #fcfc05;\"><span style=\"color: #000000;\"><strong>Restaurante (men\u00fa)<\/strong><\/span><\/td>\n<td style=\"width: 200px; background-color: #800606;\"><strong><span style=\"color: #ffffff;\">Galer\u00eda de Arte<\/span><\/strong><\/td>\n<\/tr>\n<\/tbody>\n<\/table>\n<\/td>\n<\/tr>\n<tr>\n<td style=\"background-color: #1d5c05; border-color: #1d5c05; width: 20px;\" colspan=\"2\"><span style=\"color: #ffffff;\"><strong>Organizamos eventos especiales paquetes a la medida<\/strong><\/span><\/td>\n<\/tr>\n<tr>\n<td style=\"width: 20px; text-align: center;\" colspan=\"2\"><span style=\"color: #000000;\">\u00a0<strong>Eventos Sociales, Pol\u00edticos, Culturales, Religiosos,Educativos<\/strong><\/span><\/td>\n<\/tr>\n<tr>\n<td style=\"background-color: #dcfcae; border-color: #dcfcae; width: 20px;\" colspan=\"2\">\n<table style=\"width: 620px;\">\n<tbody>\n<tr>\n<td style=\"width: 234px; background-color: #0e7a02;\"><span style=\"color: #ffffff;\"><b>Evento Social:<\/b><\/span><\/td>\n<td style=\"width: 374px;\" colspan=\"2\"><\/td>\n<\/tr>\n<tr>\n<td style=\"width: 234px;\">* Baby Shower<\/td>\n<td style=\"width: 173px;\">*Comuni\u00f3n<\/td>\n<td style=\"width: 201px;\">*Boda<\/td>\n<\/tr>\n<tr>\n<td style=\"width: 234px;\">*Bautizo<\/td>\n<td style=\"width: 173px;\">*Cumplea\u00f1os<\/td>\n<td style=\"width: 201px;\">*Aniversarios<\/td>\n<\/tr>\n<tr>\n<td style=\"width: 234px;\">*P\u00ed\u00f1atas<\/td>\n<td style=\"width: 173px;\">*Quince a\u00f1os<\/td>\n<td style=\"width: 201px;\">*Ceremonias<\/td>\n<\/tr>\n<tr>\n<td style=\"width: 234px;\"><strong>Despedidas<\/strong><\/td>\n<td style=\"width: 173px;\"><strong>Bienvenidas<\/strong><\/td>\n<td style=\"width: 201px;\">*Graduaciones<\/td>\n<\/tr>\n<\/tbody>\n<\/table>\n<\/td>\n<\/tr>\n<tr>\n<td style=\"background-color: #dcfcae; border-color: #dcfcae; width: 20px;\" colspan=\"2\">\n<table style=\"width: 612px;\">\n<tbody>\n<tr>\n<td style=\"width: 225px; background-color: #0e7a02;\"><span style=\"color: #ffff00;\"><strong>Evento Corporativo:<\/strong><\/span><\/td>\n<td style=\"width: 377px;\"><span style=\"color: #ffff00;\">\u00a0<\/span><\/td>\n<\/tr>\n<\/tbody>\n<\/table>\n<\/td>\n<\/tr>\n<tr>\n<td style=\"width: 20px;\" colspan=\"2\"><strong>Empresarial, Ejecutivo : Seminario, Taller,\u00a0<b>Capacitaci\u00f3n,Cursos<\/b><\/strong><\/td>\n<\/tr>\n<tr>\n<td style=\"background-color: #8ff25a; border-color: #8ff25a; width: 20px;\" colspan=\"2\">\n<table style=\"width: 619px;\">\n<tbody>\n<tr style=\"height: 24px;\">\n<td style=\"height: 24px; width: 240px;\"><strong>Sala Privada<\/strong><\/td>\n<td style=\"height: 24px; width: 172px;\"><strong>Sal\u00f3n Abierto<\/strong><\/td>\n<td style=\"height: 24px; width: 199px;\">\u00a0<strong>\u00c1reas Abiertas<\/strong><\/td>\n<\/tr>\n<tr style=\"height: 24px;\">\n<td style=\"height: 24px; width: 240px;\">*<span style=\"color: #000000;\"><strong><a href=\"https:\/\/nicaragua-travel-guide.com\/site\/salon-de-conferencia-eventos-especiales-hotel-boutique-restaurante-hacienda-san-pedro-carazo-san-marcos-nicaragua\/\">Sal\u00f3n de conferencias<\/a><\/strong><\/span><\/td>\n<td style=\"height: 24px; width: 172px;\">\u00a0*<strong><a href=\"https:\/\/nicaragua-travel-guide.com\/site\/salon-de-eventos-el-sandial-hotel-boutique-y-restaurante-hacienda-san-pedro-carazo-san-marcos-nicaragua\/\">Sal\u00f3n El Sandial<\/a><\/strong><\/td>\n<td style=\"height: 24px; width: 199px;\">*<strong><a href=\"https:\/\/nicaragua-travel-guide.com\/site\/evento-especial-area-verde-hotel-boutique-y-restaurante-san-pedro\/\">\u00c1rea Verde<\/a><\/strong><\/td>\n<\/tr>\n<tr style=\"height: 26px;\">\n<td style=\"height: 26px; width: 240px;\"><strong>*<a href=\"https:\/\/nicaragua-travel-guide.com\/site\/sala-de-reunion-ejecutiva-hotel-boutique-y-restaurante-hacienda-san-pedro-nicaragua-carazo-san-marcos\/\">Sala de reuni\u00f3n ejecutiva<\/a><\/strong><\/td>\n<td style=\"height: 26px; width: 172px;\"><strong>*<a href=\"https:\/\/nicaragua-travel-guide.com\/site\/salon-de-eventos-especiales-el-pozo-hotel-boutique-y-restaurante-hacienda-san-pedro-nicaragua-carazo-san-marcos\/\">Sal\u00f3n El Pozo<\/a><\/strong><\/td>\n<td style=\"height: 26px; width: 199px;\"><strong>*<a href=\"https:\/\/nicaragua-travel-guide.com\/site\/salon-de-eventos-templete-gerry-hotel-boutique-y-restaurante-hacienda-san-pedro-carazo-san-marcos-nicaragua\/\">Templete Gerry<\/a><\/strong><\/td>\n<\/tr>\n<tr style=\"height: 24px;\">\n<td style=\"height: 24px; width: 240px;\"><strong>*<a href=\"https:\/\/nicaragua-travel-guide.com\/site\/jardines-frontales-salon-de-evento-especial-hotel-boutique-y-restaurante-hacienda-san-pedro-nicaragua-carazo-san-marcos\/\">Jardines Frontales<\/a><\/strong><\/td>\n<td style=\"height: 24px; width: 172px;\">\u00a0<strong>*<a href=\"https:\/\/nicaragua-travel-guide.com\/site\/piscina-san-marcos-carazo-nicaragua-hotel-boutique-y-restaurante-hacienda-san-pedro\/\">La Piscina<\/a><\/strong><\/td>\n<td style=\"height: 24px; width: 199px;\"><span style=\"color: #000000;\">*<a href=\"https:\/\/nicaragua-travel-guide.com\/site\/hotel-boutique-y-restaurante-hacienda-san-pedro-area-abierta-evento-especial-campestre-los-mangos-carazo-san-marcos-nicaragua-centroamerica\/\"><strong>Los Mangos<\/strong><\/a><\/span><\/td>\n<\/tr>\n<tr style=\"height: 24px;\">\n<td style=\"height: 24px; width: 240px;\">*<strong><a href=\"https:\/\/nicaragua-travel-guide.com\/site\/anfiteatro-hotel-boutique\/\">Anfiteatro<\/a><\/strong><\/td>\n<td style=\"height: 24px; width: 172px;\">*<strong><a href=\"https:\/\/nicaragua-travel-guide.com\/site\/hotel-boutique-y-restaurante-hacienda-san-pedro-carazo-san-marcos-nicaragua-area-de-juegos-casita-y-columpio-para-ninos-team-building-deporte-extremo-pista-club-4x4\/\">\u00c1rea de Juegos<\/a><\/strong><\/td>\n<td style=\"height: 24px; width: 199px;\"><strong>*<a href=\"https:\/\/nicaragua-travel-guide.com\/site\/team-building-desarrollando-empresas-y-personal-hotel-boutique-y-restaurante-hacienda-san-pedro-nicaragua-carazo-san-marcos\/\">TeamBuilding<\/a><\/strong><strong><br \/>\n<\/strong><\/td>\n<\/tr>\n<\/tbody>\n<\/table>\n<p>&nbsp;<\/td>\n<\/tr>\n<tr>\n<td style=\"background-color: #8ff25a; border-color: #8ff25a; width: 20px;\" colspan=\"2\">\n<table style=\"width: 619px;\">\n<tbody>\n<tr>\n<td style=\"width: 617px; background-color: #f7f1b7;\"><strong><span style=\"color: #000000;\">*Pista Deporte Extremo *4&#215;4 Off Road\u00a0\u00a0 \u00a0 \u00a0<\/span> \u00a0 \u00a0 \u00a0 \u00a0<\/strong><strong>*<a href=\"https:\/\/nicaragua-travel-guide.com\/site\/parqueo-hotel-boutique\/\">Amplio Parqueo<\/a><\/strong><\/td>\n<\/tr>\n<\/tbody>\n<\/table>\n<\/td>\n<\/tr>\n<tr>\n<td style=\"background-color: #8ff25a; border-color: #8ff25a; width: 20px;\" colspan=\"2\">\n<table style=\"width: 621px;\">\n<tbody>\n<tr>\n<td style=\"background-color: #467a1f; width: 254px; text-align: center;\">\u00a0<span style=\"color: #ffffff;\"><strong>Actividades Guiadas\u00a0<\/strong><\/span><\/td>\n<td style=\"background-color: #467a1f; width: 355px; text-align: center;\"><span style=\"color: #ffffff;\"><strong>\u00a0Tour de 15 minutos caminata<\/strong><\/span><\/td>\n<\/tr>\n<\/tbody>\n<\/table>\n<\/td>\n<\/tr>\n<tr>\n<td style=\"width: 20px;\" colspan=\"2\">\n<table style=\"width: 615px;\">\n<tbody>\n<tr>\n<td style=\"width: 609px; background-color: #0936d9;\">\n<h5 style=\"text-align: center;\">\u00a0<span style=\"color: #ffffff;\">Tambi\u00e9n ofrecemos nuestra extensi\u00f3n\u00a0\u00a0en La costa pacifica \u00abLa Boquita\u00bb<\/span><\/h5>\n<\/td>\n<\/tr>\n<\/tbody>\n<\/table>\n<\/td>\n<\/tr>\n<tr>\n<td style=\"width: 20px;\" colspan=\"2\">\n<table style=\"width: 625px;\">\n<tbody>\n<tr>\n<td style=\"width: 627px; background-color: #307004;\" colspan=\"3\"><span style=\"color: #ffffff;\"><strong>*Volver a Inicio<\/strong>\u00a0<strong>\u00a0 \u00a0*<a href=\"https:\/\/nicaragua-travel-guide.com\/site\/tours\/hotel-boutique-restaurante-hacienda-san-pedro-san-marcos-carazo-nicaragua\/\">Hotel Boutique<\/a><\/strong><\/span><\/td>\n<\/tr>\n<tr>\n<td style=\"width: 238px; background-color: #05f7f7;\"><strong>*<a href=\"https:\/\/nicaragua-travel-guide.com\/site\/habitaciones-hotel-boutique-y-restaurante-hacienda-san-pedro-carazo-san-marcos\/\">Tipo de Habitaciones<\/a><\/strong><\/td>\n<td style=\"width: 163px;\">*Promociones<\/td>\n<td style=\"width: 226px;\">*Como es un\u00a0 Hotel Boutique?<\/td>\n<\/tr>\n<tr>\n<td style=\"width: 238px; background-color: #fcf408;\"><strong>*<a href=\"https:\/\/nicaragua-travel-guide.com\/site\/ubicacion\/restaurante-hacienda-san-pedro-carazo-san-marcos-nicaragua-hotel-boutique-eventos-especiales-servicio-buffet-salones\/\">Restaurante<\/a> (Men\u00fa)<\/strong><\/td>\n<td style=\"width: 163px;\">*Promociones<\/td>\n<td style=\"width: 226px;\"><\/td>\n<\/tr>\n<tr>\n<td style=\"width: 238px; background-color: #7a0101;\"><span style=\"color: #ffffff;\"><strong>*Galer\u00eda de Arte Sacro<\/strong><\/span><\/td>\n<td style=\"width: 163px;\">*Promociones<\/td>\n<td style=\"width: 226px;\"><\/td>\n<\/tr>\n<tr>\n<td style=\"width: 238px; background-color: #d6f2ae;\"><span style=\"color: #000000;\"><strong>*Eventos<\/strong><\/span><\/td>\n<td style=\"width: 163px;\">*Promociones<\/td>\n<td style=\"width: 226px;\"><\/td>\n<\/tr>\n<\/tbody>\n<\/table>\n<\/td>\n<\/tr>\n<tr>\n<td style=\"background-color: #fafafa; border-color: #fafafa; width: 20px;\" colspan=\"2\"><span style=\"color: #000000;\"><strong>Contactarnos:\u00a0 \u00a0 \u00a0 \u00a0 \u00a0 \u00a0 \u00a0 \u00a0 \u00a0 \u00a0 \u00a0 \u00a0 \u00a0 \u00a0 \u00a0 \u00a0 \u00a0 \u00a0 \u00a0 \u00a0 \u00a0 \u00a0 \u00a0 \u00a0 \u00a0 \u00a0 \u00a0 \u00a0 \u00a0 \u00a0 \u00a0 \u00a0 \u00a0 \u00a0 \u00a0 \u00a0 \u00a0 \u00a0 \u00a0 \u00a0 \u00a0 \u00a0 \u00a0 \u00a0 \u00a0 \u00a0 \u00a0 \u00a0 \u00a0 \u00a0 \u00a0 \u00a0 \u00a0 \u00a0 \u00a0 \u00a0 \u00a0 \u00a0 \u00a0 \u00a0 \u00a0 \u00a0 \u00a0 \u00a0 \u00a0 \u00a0 \u00a0 \u00a0 \u00a0 \u00a0 \u00a0 \u00a0 \u00a0 \u00a0 \u00a0 \u00a0 \u00a0 \u00a0 \u00a0 \u00a0 \u00a0 \u00a0 \u00a0 \u00a0 \u00a0 \u00a0 \u00a0 \u00a0 \u00a0 \u00a0 \u00a0 \u00a0 \u00a0 \u00a0 \u00a0 \u00a0 \u00a0 \u00a0 \u00a0 \u00a0 \u00a0 \u00a0\u00a0<\/strong>Tel:(505)\u00a0 \u00a0 \u00a0 Cel M: (505)\u00a0 WhatsApp<\/span><\/td>\n<\/tr>\n<tr>\n<td style=\"background-color: #fafafa; border-color: #fafafa; text-align: center; width: 20px;\" colspan=\"2\"><span style=\"color: #000000;\">Correo:\u00a0<\/span><\/td>\n<\/tr>\n<tr>\n<td style=\"background-color: #fafafa; border-color: #fafafa; width: 20px;\" colspan=\"2\"><span style=\"color: #000000;\"><strong>S\u00edguenos en nuestras redes sociales y comparte&#8230;<\/strong><\/span><\/td>\n<\/tr>\n<tr>\n<td style=\"background-color: #fafafa; border-color: #fafafa; width: 20px;\" colspan=\"2\"><\/td>\n<\/tr>\n<tr>\n<td style=\"width: 20px;\" colspan=\"2\"><strong><img loading=\"lazy\" decoding=\"async\" class=\"aligncenter wp-image-15155\" src=\"https:\/\/nicaragua-travel-guide.com\/site\/wp-content\/uploads\/2017\/09\/Hotel-Boutique-y-Restaurante-Hacieda-SanPedro-Carazo-San-Marcos-Nicaragua-TripAdvisor-Booking-and-Reviews.jpg\" alt=\"\" width=\"545\" height=\"107\" \/><\/strong><\/td>\n<\/tr>\n<tr>\n<td style=\"background-color: #255e04; width: 20px;\" colspan=\"2\">\n<p style=\"text-align: center;\"><span style=\"color: #ffffff;\"><strong>Todos los derechos reservados<\/strong><\/span><\/p>\n<p style=\"text-align: center;\"><span style=\"color: #ffffff;\"><b>publicidad, promociones, marketing digital,\u00a0servicio de\u00a0gu\u00eda\u00a0nacional<\/b><\/span><\/p>\n<p style=\"text-align: center;\"><span style=\"color: #ffffff;\"><b>Nicaragua -travel- guide.com\u00a0 \u00a0\/ info@nicaragua-travel-guide.com<\/b><\/span><\/p>\n<p style=\"text-align: center;\"><span style=\"color: #ffffff;\"><strong>Granada, Nicaragua \u2013<\/strong><b>Centroam\u00e9rica<\/b><\/span><\/p>\n<\/td>\n<\/tr>\n<\/tbody>\n<\/table>\n<\/td>\n<\/tr>\n<\/tbody>\n<\/table>\n","protected":false},"excerpt":{"rendered":"<p>Evento Especial Hotel Boutique \u00c1rea Abierta\u00a0 Campestre \u00abLos Mangos\u00bb\u00a0 Hotel del a\u00f1o!!! a tan\u00a0 solo 50 minutos\u00a0 de la capital de Nicaragua!!! En San Marcos, Carazo Categor\u00eda: Estrellas de oro*** Conozca m\u00e1s de nosotros aqu\u00ed Habitaciones Restaurante (men\u00fa) Galer\u00eda de Arte Organizamos eventos especiales paquetes a la medida \u00a0Eventos Sociales, Pol\u00edticos, Culturales, Religiosos,Educativos Evento Social: [&hellip;]<\/p>\n","protected":false},"author":2,"featured_media":0,"parent":0,"menu_order":0,"comment_status":"closed","ping_status":"closed","template":"","meta":{"footnotes":""},"_links":{"self":[{"href":"https:\/\/nicaragua-travel-guide.com\/site\/wp-json\/wp\/v2\/pages\/15156"}],"collection":[{"href":"https:\/\/nicaragua-travel-guide.com\/site\/wp-json\/wp\/v2\/pages"}],"about":[{"href":"https:\/\/nicaragua-travel-guide.com\/site\/wp-json\/wp\/v2\/types\/page"}],"author":[{"embeddable":true,"href":"https:\/\/nicaragua-travel-guide.com\/site\/wp-json\/wp\/v2\/users\/2"}],"replies":[{"embeddable":true,"href":"https:\/\/nicaragua-travel-guide.com\/site\/wp-json\/wp\/v2\/comments?post=15156"}],"version-history":[{"count":11,"href":"https:\/\/nicaragua-travel-guide.com\/site\/wp-json\/wp\/v2\/pages\/15156\/revisions"}],"predecessor-version":[{"id":15648,"href":"https:\/\/nicaragua-travel-guide.com\/site\/wp-json\/wp\/v2\/pages\/15156\/revisions\/15648"}],"wp:attachment":[{"href":"https:\/\/nicaragua-travel-guide.com\/site\/wp-json\/wp\/v2\/media?parent=15156"}],"curies":[{"name":"wp","href":"https:\/\/api.w.org\/{rel}","templated":true}]}}