{"id":15934,"date":"2020-04-13T15:13:22","date_gmt":"2020-04-13T21:13:22","guid":{"rendered":"https:\/\/nicaragua-travel-guide.com\/site\/?page_id=15934"},"modified":"2020-04-13T15:13:22","modified_gmt":"2020-04-13T21:13:22","slug":"aceite-de-coco-natural-ecoverdi-ventas-managua-masaya-granada-jinotega-nicaragua","status":"publish","type":"page","link":"https:\/\/nicaragua-travel-guide.com\/site\/aceite-de-coco-natural-ecoverdi-ventas-managua-masaya-granada-jinotega-nicaragua\/","title":{"rendered":"Aceite de coco natural Ecoverdi 100% Nica"},"content":{"rendered":"<section class=\"wpb-content-wrapper\"><p>[vc_row][vc_column][vc_column_text]El\u00a0aceite de coco\u00a0es un todoterreno que puedes usar como b\u00e1lsamo labial, desmaquillante, crema facial, acondicionador de cut\u00edculas&#8230; Pero tambi\u00e9n es bueno para el\u00a0cabello. Si quieres lucir una melena espectacular deber\u00edas incorporarlo a tu rutina de cuidados, porque es una bomba de\u00a0<strong>hidrataci\u00f3n y nutrici\u00f3n<\/strong>, que combate el\u00a0encrespamiento\u00a0y otros problemas. \u00bfTe animas a descubrir todos sus beneficios? Adem\u00e1s, te desvelamos otros aceites que te ayudar\u00e1n a cuidar tu pelo.[\/vc_column_text][\/vc_column][\/vc_row][vc_row][vc_column][vc_gallery interval=\u00bb3&#8243; images=\u00bb15913&#8243; img_size=\u00bbfull\u00bb][\/vc_column][\/vc_row]<\/p>\n<\/section>","protected":false},"excerpt":{"rendered":"<p>[vc_row][vc_column][vc_column_text]El\u00a0aceite de coco\u00a0es un todoterreno que puedes usar como b\u00e1lsamo labial, desmaquillante, crema facial, acondicionador de cut\u00edculas&#8230; Pero tambi\u00e9n es bueno para el\u00a0cabello. Si quieres lucir una melena espectacular deber\u00edas incorporarlo a tu rutina de cuidados, porque es una bomba de\u00a0hidrataci\u00f3n y nutrici\u00f3n, que combate el\u00a0encrespamiento\u00a0y otros problemas. \u00bfTe animas a descubrir todos sus beneficios? [&hellip;]<\/p>\n","protected":false},"author":2,"featured_media":0,"parent":0,"menu_order":0,"comment_status":"closed","ping_status":"closed","template":"","meta":{"footnotes":""},"_links":{"self":[{"href":"https:\/\/nicaragua-travel-guide.com\/site\/wp-json\/wp\/v2\/pages\/15934"}],"collection":[{"href":"https:\/\/nicaragua-travel-guide.com\/site\/wp-json\/wp\/v2\/pages"}],"about":[{"href":"https:\/\/nicaragua-travel-guide.com\/site\/wp-json\/wp\/v2\/types\/page"}],"author":[{"embeddable":true,"href":"https:\/\/nicaragua-travel-guide.com\/site\/wp-json\/wp\/v2\/users\/2"}],"replies":[{"embeddable":true,"href":"https:\/\/nicaragua-travel-guide.com\/site\/wp-json\/wp\/v2\/comments?post=15934"}],"version-history":[{"count":1,"href":"https:\/\/nicaragua-travel-guide.com\/site\/wp-json\/wp\/v2\/pages\/15934\/revisions"}],"predecessor-version":[{"id":15935,"href":"https:\/\/nicaragua-travel-guide.com\/site\/wp-json\/wp\/v2\/pages\/15934\/revisions\/15935"}],"wp:attachment":[{"href":"https:\/\/nicaragua-travel-guide.com\/site\/wp-json\/wp\/v2\/media?parent=15934"}],"curies":[{"name":"wp","href":"https:\/\/api.w.org\/{rel}","templated":true}]}}