{"id":16192,"date":"2020-05-09T20:38:24","date_gmt":"2020-05-10T02:38:24","guid":{"rendered":"https:\/\/nicaragua-travel-guide.com\/site\/?page_id=16192"},"modified":"2020-05-11T03:37:04","modified_gmt":"2020-05-11T09:37:04","slug":"departamento-de-jinotega-nicaragua-guia-de-viajes-eventos-y-proyectos-de-inversion-turistica","status":"publish","type":"page","link":"https:\/\/nicaragua-travel-guide.com\/site\/departamento-de-jinotega-nicaragua-guia-de-viajes-eventos-y-proyectos-de-inversion-turistica\/","title":{"rendered":"Jinotega"},"content":{"rendered":"<section class=\"wpb-content-wrapper\"><p>[vc_row][vc_column][vc_gallery interval=\u00bb3&#8243; images=\u00bb16193&#8243; img_size=\u00bbfull\u00bb][\/vc_column][\/vc_row][vc_row][vc_column][vc_row_inner][vc_column_inner][vc_column_text]Jinotega es un departamento privilegiado por su clima fresco, bellos paisajes y atractivos tur\u00edsticos naturales, adem\u00e1s de ser uno de los m\u00e1s productivos del pa\u00eds, lo que lo convierte\u00a0 sin lugar a dudas, en un destino ecotur\u00edstico para los amantes de la naturaleza.<\/p>\n<p>\u00a1Jinotega es un diamante en bruto esperando que lo descubras! \u00a1Atr\u00e9vete![\/vc_column_text][\/vc_column_inner][\/vc_row_inner][\/vc_column][\/vc_row][vc_row][vc_column width=\u00bb1\/2&#8243;][vc_gallery interval=\u00bb3&#8243; images=\u00bb16195&#8243; img_size=\u00bbfull\u00bb title=\u00bbLa ciudad\u00bb][\/vc_column][vc_column width=\u00bb1\/2&#8243;][vc_gallery interval=\u00bb3&#8243; images=\u00bb16196&#8243; img_size=\u00bbfull\u00bb title=\u00bbCascada La Bujona\u00bb][\/vc_column][\/vc_row][vc_row][vc_column width=\u00bb1\/2&#8243;][vc_gallery interval=\u00bb3&#8243; images=\u00bb16197&#8243; img_size=\u00bbfull\u00bb title=\u00bbReserva Natural Macizo de Pe\u00f1as Blancas\u00bb][\/vc_column][vc_column width=\u00bb1\/2&#8243;][vc_gallery interval=\u00bb3&#8243; images=\u00bb16200&#8243; img_size=\u00bbfull\u00bb title=\u00bbCascada El Anillo\u00bb][\/vc_column][\/vc_row][vc_row][vc_column width=\u00bb1\/2&#8243;][vc_gallery interval=\u00bb3&#8243; images=\u00bb16201&#8243; img_size=\u00bbfull\u00bb title=\u00bbSalto La Mocuana\u00bb][\/vc_column][vc_column width=\u00bb1\/2&#8243;][vc_gallery interval=\u00bb3&#8243; images=\u00bb16202&#8243; img_size=\u00bbfull\u00bb title=\u00bbCampamento Vida Joven La Finca\u00bb][\/vc_column][\/vc_row][vc_row][vc_column width=\u00bb1\/2&#8243;][vc_gallery interval=\u00bb3&#8243; images=\u00bb16203&#8243; img_size=\u00bbfull\u00bb title=\u00bbPe\u00f1a de la Cruz\u00bb][\/vc_column][vc_column width=\u00bb1\/2&#8243;][vc_gallery interval=\u00bb3&#8243; images=\u00bb16204&#8243; img_size=\u00bbfull\u00bb title=\u00bbLa Bastilla Ecolodge\u00bb][\/vc_column][\/vc_row][vc_row][vc_column width=\u00bb1\/2&#8243;][vc_gallery interval=\u00bb3&#8243; images=\u00bb16206,16207&#8243; img_size=\u00bbfull\u00bb title=\u00bbFinca y Reserva Kilimanjaro\u00bb][\/vc_column][vc_column width=\u00bb1\/2&#8243;][vc_gallery interval=\u00bb3&#8243; images=\u00bb16223,16222,16226&#8243; img_size=\u00bbfull\u00bb title=\u00bbCanopy Tours\u00bb][\/vc_column][\/vc_row][vc_row][vc_column width=\u00bb1\/2&#8243;][vc_gallery interval=\u00bb3&#8243; images=\u00bb16211,16212,16213&#8243; img_size=\u00bbfull\u00bb title=\u00bbTaller de Cer\u00e1mica Negra\u00bb][\/vc_column][vc_column width=\u00bb1\/2&#8243;][vc_gallery interval=\u00bb3&#8243; images=\u00bb16214,16215,16216&#8243; title=\u00bbMuseo Municipal de Jinotega\u00bb][\/vc_column][\/vc_row][vc_row][vc_column width=\u00bb1\/2&#8243;][vc_gallery interval=\u00bb3&#8243; images=\u00bb16228&#8243; img_size=\u00bbfull\u00bb title=\u00bbFloristeria\u00bb][\/vc_column][vc_column width=\u00bb1\/2&#8243;][vc_gallery interval=\u00bb3&#8243; images=\u00bb16229,16230,16231&#8243; img_size=\u00bbfull\u00bb title=\u00bbDecoraci\u00f3n de Eventos\u00bb][\/vc_column][\/vc_row][vc_row][vc_column width=\u00bb1\/2&#8243;][vc_gallery interval=\u00bb3&#8243; images=\u00bb16232,16233,16234&#8243; title=\u00bbMariachis\u00bb][\/vc_column][vc_column width=\u00bb1\/2&#8243;][vc_gallery interval=\u00bb3&#8243; images=\u00bb16235&#8243; img_size=\u00bbfull\u00bb title=\u00bbPasteleria\u00bb][\/vc_column][\/vc_row][vc_row][vc_column][vc_column_text]Consultar por\u00a0 el servicio y\u00a0 la actividad que desea que le organicemos y atendamos a su medida en Jinotega:[\/vc_column_text][\/vc_column][\/vc_row][vc_row][vc_column width=\u00bb1\/3&#8243;][vc_column_text]*Visita guiada del d\u00eda:<\/p>\n<p>Eco-turismo:<\/p>\n<p><a href=\"https:\/\/nicaragua-travel-guide.com\/site\/macizo-penas-blancas\/\">*Macizo Pe\u00f1as Blancas<\/a><\/p>\n<p>Agro-turismo:<\/p>\n<p>*<a href=\"https:\/\/nicaragua-travel-guide.com\/site\/tour-del-cafe-haciendas-fincas-cafetaleras-eco-albergue-cabanas-campamento-naturaleza-agroturismo-rural\/\">Hacienda cafetalera<\/a><\/p>\n<p>Aventura:<\/p>\n<p>*<a href=\"https:\/\/nicaragua-travel-guide.com\/site\/jinotega-canopy-la-brellera-visita-guiada-tour-de-aventura-ecoturismo-viajes-y-eventos-especiales\/\">Canopy La Brellera\u00a0<\/a>[\/vc_column_text][\/vc_column][vc_column width=\u00bb1\/3&#8243;][\/vc_column][vc_column width=\u00bb1\/3&#8243;][\/vc_column][\/vc_row][vc_row][vc_column][\/vc_column][\/vc_row]<\/p>\n<\/section>","protected":false},"excerpt":{"rendered":"<p>[vc_row][vc_column][vc_gallery interval=\u00bb3&#8243; images=\u00bb16193&#8243; img_size=\u00bbfull\u00bb][\/vc_column][\/vc_row][vc_row][vc_column][vc_row_inner][vc_column_inner][vc_column_text]Jinotega es un departamento privilegiado por su clima fresco, bellos paisajes y atractivos tur\u00edsticos naturales, adem\u00e1s de ser uno de los m\u00e1s productivos del pa\u00eds, lo que lo convierte\u00a0 sin lugar a dudas, en un destino ecotur\u00edstico para los amantes de la naturaleza. \u00a1Jinotega es un diamante en bruto esperando que lo [&hellip;]<\/p>\n","protected":false},"author":2,"featured_media":0,"parent":0,"menu_order":0,"comment_status":"closed","ping_status":"closed","template":"","meta":{"footnotes":""},"_links":{"self":[{"href":"https:\/\/nicaragua-travel-guide.com\/site\/wp-json\/wp\/v2\/pages\/16192"}],"collection":[{"href":"https:\/\/nicaragua-travel-guide.com\/site\/wp-json\/wp\/v2\/pages"}],"about":[{"href":"https:\/\/nicaragua-travel-guide.com\/site\/wp-json\/wp\/v2\/types\/page"}],"author":[{"embeddable":true,"href":"https:\/\/nicaragua-travel-guide.com\/site\/wp-json\/wp\/v2\/users\/2"}],"replies":[{"embeddable":true,"href":"https:\/\/nicaragua-travel-guide.com\/site\/wp-json\/wp\/v2\/comments?post=16192"}],"version-history":[{"count":15,"href":"https:\/\/nicaragua-travel-guide.com\/site\/wp-json\/wp\/v2\/pages\/16192\/revisions"}],"predecessor-version":[{"id":16254,"href":"https:\/\/nicaragua-travel-guide.com\/site\/wp-json\/wp\/v2\/pages\/16192\/revisions\/16254"}],"wp:attachment":[{"href":"https:\/\/nicaragua-travel-guide.com\/site\/wp-json\/wp\/v2\/media?parent=16192"}],"curies":[{"name":"wp","href":"https:\/\/api.w.org\/{rel}","templated":true}]}}