{"id":16293,"date":"2020-05-13T18:29:24","date_gmt":"2020-05-14T00:29:24","guid":{"rendered":"https:\/\/nicaragua-travel-guide.com\/site\/?page_id=16293"},"modified":"2020-05-15T04:49:05","modified_gmt":"2020-05-15T10:49:05","slug":"matagalpa-viajes-eventos-proyectos-de-inversion-hoteles-restaurantes-ecoturismo-boda-quinceanos-cumpleanos-transporte-decoracion-pasteleria-floristeria-musica-g","status":"publish","type":"page","link":"https:\/\/nicaragua-travel-guide.com\/site\/matagalpa-viajes-eventos-proyectos-de-inversion-hoteles-restaurantes-ecoturismo-boda-quinceanos-cumpleanos-transporte-decoracion-pasteleria-floristeria-musica-g\/","title":{"rendered":"Matagalpa"},"content":{"rendered":"<section class=\"wpb-content-wrapper\"><p>[vc_row][vc_column][vc_gallery interval=\u00bb3&#8243; images=\u00bb16294&#8243; img_size=\u00bbfull\u00bb][\/vc_column][\/vc_row][vc_row][vc_column][vc_column_text]Si busca un paquete tur\u00edstico completo de Nicaragua, o simplemente algunos servicios independientes de viajes, como informaci\u00f3n sobre algunos destinos o actividades especiales, alojamiento, transporte o gu\u00edas tur\u00edsticos, consultar con Gioconda Tours, que organizara su compa\u00f1\u00eda.<\/p>\n<p>Adem\u00e1s de ofrecer la posibilidad de visitar los destinos tur\u00edsticos cl\u00e1sicos de Nicaragua,\u00a0 se especializa en la Nicaragua inexplorada y en actividades especiales como trekking, agroturismo, turismo rural comunitario, avistamiento de aves y rutas en bicicleta por las monta\u00f1as que se organizan en el departamento de Matagalpa.<\/p>\n<p>Contactenos y\u00a0 cu\u00e9ntenos sus intereses, para recibir una propuesta de viaje personalizado.[\/vc_column_text][\/vc_column][\/vc_row][vc_row][vc_column width=\u00bb1\/3&#8243;][vc_gallery interval=\u00bb3&#8243; images=\u00bb16296,16298,16297&#8243; img_size=\u00bbfull\u00bb title=\u00bbCatedral de Matagalpa\u00bb][\/vc_column][vc_column width=\u00bb1\/3&#8243;][vc_gallery interval=\u00bb3&#8243; images=\u00bb16302,16303&#8243; title=\u00bbHotel en ciudad\u00bb][\/vc_column][vc_column width=\u00bb1\/3&#8243;][\/vc_column][\/vc_row][vc_row][vc_column width=\u00bb1\/3&#8243;][vc_gallery interval=\u00bb3&#8243; images=\u00bb16305,16306,16307&#8243; title=\u00bbRestaurante\u00bb][\/vc_column][vc_column width=\u00bb1\/3&#8243;][vc_gallery interval=\u00bb3&#8243; images=\u00bb16300,16301&#8243; img_size=\u00bbfull\u00bb title=\u00bbCacao y chocolates\u00bb][\/vc_column][vc_column width=\u00bb1\/3&#8243;][\/vc_column][\/vc_row][vc_row][vc_column width=\u00bb1\/3&#8243;][vc_gallery interval=\u00bb3&#8243; images=\u00bb16308,16309&#8243; img_size=\u00bbfull\u00bb title=\u00bbTour del cafe\u00bb][\/vc_column][vc_column width=\u00bb1\/3&#8243;][vc_gallery interval=\u00bb3&#8243; images=\u00bb16310&#8243; img_size=\u00bbfull\u00bb title=\u00bbCaba\u00f1as\u00bb][\/vc_column][vc_column width=\u00bb1\/3&#8243;][\/vc_column][\/vc_row][vc_row][vc_column width=\u00bb1\/3&#8243;][vc_gallery interval=\u00bb3&#8243; images=\u00bb16313,16314,16315&#8243; img_size=\u00bbfull\u00bb title=\u00bbAventura Rafting\u00bb][\/vc_column][vc_column width=\u00bb1\/3&#8243;][vc_gallery interval=\u00bb3&#8243; images=\u00bb16316,16317,16318&#8243; img_size=\u00bbfull\u00bb title=\u00bbEco-Lodge Cascada Blanca\u00bb][\/vc_column][vc_column width=\u00bb1\/3&#8243;][\/vc_column][\/vc_row][vc_row][vc_column width=\u00bb1\/3&#8243;][vc_gallery interval=\u00bb3&#8243; images=\u00bb16319,16320,16321&#8243; img_size=\u00bbfull\u00bb title=\u00bbVisita Cascada Blanca\u00bb][\/vc_column][vc_column width=\u00bb1\/3&#8243;][vc_gallery interval=\u00bb3&#8243; images=\u00bb16323,16337&#8243; img_size=\u00bbfull\u00bb title=\u00bbKayaks\u00bb][\/vc_column][vc_column width=\u00bb1\/3&#8243;][\/vc_column][\/vc_row][vc_row][vc_column width=\u00bb1\/3&#8243;][vc_gallery interval=\u00bb3&#8243; images=\u00bb16324,16325,16326&#8243; title=\u00bbFogata y camping\u00bb][\/vc_column][vc_column width=\u00bb1\/3&#8243;][vc_gallery interval=\u00bb3&#8243; images=\u00bb16327&#8243; title=\u00bbExcursi\u00f3n en Moto\u00bb][\/vc_column][vc_column width=\u00bb1\/3&#8243;][\/vc_column][\/vc_row][vc_row][vc_column width=\u00bb1\/3&#8243;][vc_gallery interval=\u00bb3&#8243; images=\u00bb16344,16343,16342&#8243; img_size=\u00bbfull\u00bb title=\u00bb\u00c1rea de Juegos\u00bb][\/vc_column][vc_column width=\u00bb1\/3&#8243;][vc_gallery interval=\u00bb3&#8243; images=\u00bb16346,16347,16348&#8243; img_size=\u00bbfull\u00bb title=\u00bbCanopy\u00bb][\/vc_column][vc_column width=\u00bb1\/3&#8243;][\/vc_column][\/vc_row][vc_row][vc_column width=\u00bb1\/3&#8243;][vc_gallery interval=\u00bb3&#8243; images=\u00bb16351,16350,16349&#8243; img_size=\u00bbfull\u00bb title=\u00bbCascada La Luna\u00bb][\/vc_column][vc_column width=\u00bb1\/3&#8243;][vc_gallery interval=\u00bb3&#8243; images=\u00bb16363&#8243; img_size=\u00bbfull\u00bb title=\u00bbReserva La Sombra Eco-Lodge\u00bb][\/vc_column][vc_column width=\u00bb1\/3&#8243;][\/vc_column][\/vc_row][vc_row][vc_column width=\u00bb1\/3&#8243;][vc_gallery interval=\u00bb3&#8243; images=\u00bb16356,16355,16354&#8243; img_size=\u00bbfull\u00bb title=\u00bbFlorister\u00eda y Chocolateria\u00bb][\/vc_column][vc_column width=\u00bb1\/3&#8243;][vc_gallery interval=\u00bb3&#8243; images=\u00bb16357&#8243; img_size=\u00bbfull\u00bb title=\u00bbPasteler\u00eda y reposter\u00eda\u00bb][\/vc_column][vc_column width=\u00bb1\/3&#8243;][\/vc_column][\/vc_row][vc_row][vc_column width=\u00bb1\/3&#8243;][vc_gallery interval=\u00bb3&#8243; images=\u00bb16349,16358&#8243; img_size=\u00bbfull\u00bb title=\u00bbDecoraci\u00f3n con globos\u00bb][\/vc_column][vc_column width=\u00bb1\/3&#8243;][vc_gallery interval=\u00bb3&#8243; images=\u00bb16364&#8243; img_size=\u00bbfull\u00bb title=\u00bbPresentaci\u00f3n Art\u00edstica\u00bb][\/vc_column][vc_column width=\u00bb1\/3&#8243;][\/vc_column][\/vc_row][vc_row][vc_column width=\u00bb1\/3&#8243;][vc_column_text]El city tour guiado por el d\u00eda, ustedes eligen las diferentes opciones de acuerdo su presupuesto, preferiblemente para grupo mayor de 5 personas. En el centro de la ciudad se visitara el parque central, la catedral y apreciaci\u00f3n de la arquitectura, tambien combinaremos con la vista panor\u00e1mica desde el mirador <a href=\"https:\/\/nicaragua-travel-guide.com\/site\/apante-matagalpa-naturaleza-vista-panoramica-turismo-religioso-visita-guiada-mirador-cerro-apante-la-cruz-y-la-virgen-de-guadalupe-la-montana-de-la-paz\/\">La monta\u00f1a de la Paz con su majestuoso monumento de la virgen de Guadalupe<\/a>. Otras opciones a su elecci\u00f3n para extensiones.[\/vc_column_text][\/vc_column][vc_column width=\u00bb1\/3&#8243;][vc_column_text]El\u00a0 tour del caf\u00e9 o del cacao\u00a0 guiado por el d\u00eda, ustedes eligen las diferentes opciones de acuerdo su presupuesto, preferiblemente para grupo mayor de 5 personas. En el centro de la ciudad se visitara el parque central, la catedral y apreciaci\u00f3n de la arquitectura, tambien combinaremos con la vista panor\u00e1mica desde el mirador <a href=\"https:\/\/nicaragua-travel-guide.com\/site\/apante-matagalpa-naturaleza-vista-panoramica-turismo-religioso-visita-guiada-mirador-cerro-apante-la-cruz-y-la-virgen-de-guadalupe-la-montana-de-la-paz\/\">La monta\u00f1a de la Paz con su majestuoso monumento de la virgen de Guadalupe<\/a>. Otras opciones a su elecci\u00f3n para extensiones.[\/vc_column_text][\/vc_column][vc_column width=\u00bb1\/3&#8243;][vc_column_text]El tour guiado para visitar reservas naturales, fincas y conocer de su producci\u00f3n, senderismo, saltos y r\u00edos para nadar, o el tour de aventura rafting o canopy\u00a0 por el d\u00eda.\u00a0 Ustedes eligen las diferentes opciones de acuerdo su presupuesto, preferiblemente para grupo mayor de 5 personas. En el centro de la ciudad se visitara el parque central, la catedral y apreciaci\u00f3n de la arquitectura, tambien combinaremos con la vista panor\u00e1mica desde el mirador <a href=\"https:\/\/nicaragua-travel-guide.com\/site\/apante-matagalpa-naturaleza-vista-panoramica-turismo-religioso-visita-guiada-mirador-cerro-apante-la-cruz-y-la-virgen-de-guadalupe-la-montana-de-la-paz\/\">La monta\u00f1a de la Paz con su majestuoso monumento de la virgen de Guadalupe<\/a>. Otras opciones a su elecci\u00f3n para extensiones.[\/vc_column_text][\/vc_column][\/vc_row]<\/p>\n<\/section>","protected":false},"excerpt":{"rendered":"<p>[vc_row][vc_column][vc_gallery interval=\u00bb3&#8243; images=\u00bb16294&#8243; img_size=\u00bbfull\u00bb][\/vc_column][\/vc_row][vc_row][vc_column][vc_column_text]Si busca un paquete tur\u00edstico completo de Nicaragua, o simplemente algunos servicios independientes de viajes, como informaci\u00f3n sobre algunos destinos o actividades especiales, alojamiento, transporte o gu\u00edas tur\u00edsticos, consultar con Gioconda Tours, que organizara su compa\u00f1\u00eda. Adem\u00e1s de ofrecer la posibilidad de visitar los destinos tur\u00edsticos cl\u00e1sicos de Nicaragua,\u00a0 se especializa en [&hellip;]<\/p>\n","protected":false},"author":2,"featured_media":0,"parent":0,"menu_order":0,"comment_status":"closed","ping_status":"closed","template":"","meta":{"footnotes":""},"_links":{"self":[{"href":"https:\/\/nicaragua-travel-guide.com\/site\/wp-json\/wp\/v2\/pages\/16293"}],"collection":[{"href":"https:\/\/nicaragua-travel-guide.com\/site\/wp-json\/wp\/v2\/pages"}],"about":[{"href":"https:\/\/nicaragua-travel-guide.com\/site\/wp-json\/wp\/v2\/types\/page"}],"author":[{"embeddable":true,"href":"https:\/\/nicaragua-travel-guide.com\/site\/wp-json\/wp\/v2\/users\/2"}],"replies":[{"embeddable":true,"href":"https:\/\/nicaragua-travel-guide.com\/site\/wp-json\/wp\/v2\/comments?post=16293"}],"version-history":[{"count":23,"href":"https:\/\/nicaragua-travel-guide.com\/site\/wp-json\/wp\/v2\/pages\/16293\/revisions"}],"predecessor-version":[{"id":16366,"href":"https:\/\/nicaragua-travel-guide.com\/site\/wp-json\/wp\/v2\/pages\/16293\/revisions\/16366"}],"wp:attachment":[{"href":"https:\/\/nicaragua-travel-guide.com\/site\/wp-json\/wp\/v2\/media?parent=16293"}],"curies":[{"name":"wp","href":"https:\/\/api.w.org\/{rel}","templated":true}]}}