{"id":4936,"date":"2016-06-21T16:43:54","date_gmt":"2016-06-21T16:43:54","guid":{"rendered":"http:\/\/nicaragua-travel-guide.com\/site\/?page_id=4936"},"modified":"2019-01-30T00:17:47","modified_gmt":"2019-01-30T06:17:47","slug":"contactanos","status":"publish","type":"page","link":"https:\/\/nicaragua-travel-guide.com\/site\/contactanos\/","title":{"rendered":"Contacto"},"content":{"rendered":"<table style=\"width: 767px; height: 1603px;\">\n<tbody>\n<tr style=\"height: 6px;\">\n<td style=\"width: 98px; height: 6px; border-color: #e8e810; background-color: #cadb0d;\" colspan=\"6\"><img loading=\"lazy\" decoding=\"async\" class=\"wp-image-8021 aligncenter\" src=\"http:\/\/nicaragua-travel-guide.com\/site\/wp-content\/uploads\/2016\/06\/header-agradecimiento-giocnda-tours-1.jpg\" alt=\"header agradecimiento giocnda tours\" width=\"801\" height=\"270\" srcset=\"https:\/\/nicaragua-travel-guide.com\/site\/wp-content\/uploads\/2016\/06\/header-agradecimiento-giocnda-tours-1.jpg 1025w, https:\/\/nicaragua-travel-guide.com\/site\/wp-content\/uploads\/2016\/06\/header-agradecimiento-giocnda-tours-1-600x202.jpg 600w\" sizes=\"(max-width: 801px) 100vw, 801px\" \/><\/td>\n<\/tr>\n<tr style=\"height: 6px;\">\n<td style=\"width: 98px; height: 6px; border-color: #fcfc28; background-color: #fcfc28;\" colspan=\"6\">A sus \u00f3rdenes para mayor comodidad de su viaje y organizaci\u00f3n de eventos, \u00a0reservaci\u00f3n de \u00a0hotel, restaurante, recorrido con transporte, visitas \u00a0guiadas, por d\u00edas, horas, dise\u00f1amos paquetes a su elecci\u00f3n, formulaci\u00f3n y evaluaci\u00f3n de proyectos y le pondremos en manos de especialistas.<\/p>\n<p>&nbsp;<\/p>\n<p>Solicite cualquier servicio que se le ofrece en este sitio \u00a0y se el organizara dependiendo de la disponibilidad \u00a0del especialista.<\/p>\n<p>&nbsp;<\/p>\n<p>Solicitamos sea detallado en sus preguntas con su nombre y apellido, lugar donde se encuentra, fecha que necesita el \u00a0servicio, lugar, hora , para cuantas personas y obtendr\u00e1 su \u00a0respuesta en un tiempo m\u00e1ximo a mas tardar en 48 horas despu\u00e9s de que \u00a0env\u00ede su mensaje.<\/p>\n<p>&nbsp;<\/p>\n<p>Por mayor informaci\u00f3n, \u00a0contactarnos \u00a0por cualquiera de los siguientes medios <strong>env\u00ede su mensaje de texto y \u00a0hablado<\/strong> en caso de urgencia al n\u00famero de<strong> tel\u00e9fono m\u00f3vil celular directamente<\/strong>\u00a0 en caso de no poder atender su llamada \u00a0al tel\u00e9fono fijo. anteponiendo el numero de \u00e1rea (505) si llama desde el exterior de Nicaragua.<\/td>\n<\/tr>\n<tr style=\"height: 6px;\">\n<td style=\"width: 98px; height: 6px; background-color: #ffffff; border-color: #ffffff;\" colspan=\"6\">\n<table style=\"height: 419px; width: 758px;\">\n<tbody>\n<tr style=\"height: 10px;\">\n<td style=\"width: 624.3333740234375px; background-color: #f7f736;\" rowspan=\"3\">\n<table style=\"height: 259px; width: 595px;\">\n<tbody>\n<tr style=\"height: 14px;\">\n<td style=\"width: 557px; height: 14px;\">\n<table style=\"height: 27px; width: 445px;\">\n<tbody>\n<tr style=\"height: 74.666748046875px;\">\n<td style=\"width: 230px; border-color: #ffffff; height: 74.666748046875px; background-color: #ffffff;\"><strong><a href=\"https:\/\/www.tripadvisor.com.mx\/Attraction_Review-g580113-d2060695-Reviews-Gioconda_Tours-Granada_Granada_Department.html\"><img loading=\"lazy\" decoding=\"async\" class=\"alignnone wp-image-8075\" src=\"http:\/\/nicaragua-travel-guide.com\/site\/wp-content\/uploads\/2016\/06\/gioconda-tours-trip-advisor.jpeg\" alt=\"gioconda tours trip advisor\" width=\"236\" height=\"75\" \/><\/a><\/strong><\/td>\n<td style=\"width: 80px; border-color: #ffffff; height: 74.666748046875px; background-color: #ffffff;\" colspan=\"3\"><strong><a href=\"https:\/\/www.tripadvisor.com.mx\/Attraction_Review-g580113-d2060695-Reviews-Gioconda_Tours-Granada_Granada_Department.html\">Gioconda Tours<\/a><\/strong><\/td>\n<\/tr>\n<\/tbody>\n<\/table>\n<\/td>\n<\/tr>\n<tr style=\"height: 7px;\">\n<td style=\"width: 557px; height: 7px;\">\n<table style=\"width: 580.3333740234375px;\">\n<tbody>\n<tr style=\"height: 22px;\">\n<td style=\"width: 75px; border-color: #ffffff; background-color: #ffffff; height: 44px;\" rowspan=\"2\"><img loading=\"lazy\" decoding=\"async\" class=\"alignnone wp-image-10449\" src=\"http:\/\/nicaragua-travel-guide.com\/site\/wp-content\/uploads\/2015\/02\/facebook-logotipo.png\" alt=\"facebook logotipo\" width=\"221\" height=\"71\" \/><\/td>\n<td style=\"width: 127.3333740234375px; border-color: #ffffff; background-color: #ffffff; height: 44px;\"><a href=\"https:\/\/www.facebook.com\/Nicaragua-Travel-Guide-391197990936688\/\">Nicaragua travel guide<\/a><\/td>\n<\/tr>\n<tr style=\"height: 22px;\">\n<td style=\"width: 127.3333740234375px; border-color: #ffffff; background-color: #ffffff; height: 44px;\"><a href=\"https:\/\/www.facebook.com\/yoconica\">Gioconda \u00a0 Organizadora de viajes y eventos<\/a><\/td>\n<\/tr>\n<\/tbody>\n<\/table>\n<\/td>\n<\/tr>\n<tr style=\"height: 20px;\">\n<td style=\"width: 557px; height: 20px;\">\n<table style=\"height: 24px; width: 513px;\">\n<tbody>\n<tr style=\"height: 33.3333740234375px;\">\n<td style=\"width: 313px; border-color: #ffffff; height: 33.3333740234375px; background-color: #ffffff;\"><img loading=\"lazy\" decoding=\"async\" class=\"alignnone wp-image-10643\" src=\"http:\/\/nicaragua-travel-guide.com\/site\/wp-content\/uploads\/2016\/06\/logo-skype-nicaragua-travel-guide.jpg\" alt=\"logo skype nicaragua travel guide\" width=\"201\" height=\"94\" \/><\/td>\n<td style=\"width: 20px; border-color: #ffffff; height: 33.3333740234375px; background-color: #ffffff;\" colspan=\"2\"><a href=\"skype:nicaragua-travel-guide?call\">nicaragua-travel-guide<\/a><\/td>\n<\/tr>\n<\/tbody>\n<\/table>\n<\/td>\n<\/tr>\n<tr style=\"height: 20px;\">\n<td style=\"width: 557px; height: 20px;\"><img loading=\"lazy\" decoding=\"async\" class=\"wp-image-13083 aligncenter\" src=\"http:\/\/nicaragua-travel-guide.com\/site\/wp-content\/uploads\/2016\/06\/nicaragua-travel-guide-direccion-contacto-formato-de-mensaje-abajo.jpg\" alt=\"nicaragua travel guide direccion contacto formato de mensaje abajo\" width=\"579\" height=\"202\" \/><\/td>\n<\/tr>\n<\/tbody>\n<\/table>\n<\/td>\n<td style=\"width: 110.6666259765625px;\" rowspan=\"3\">\n<table style=\"height: 323px; width: 146px;\">\n<tbody>\n<tr style=\"height: 6.3333740234375px;\">\n<td style=\"width: 101px; border-color: #ffffff; height: 6.3333740234375px; background-color: #ffffff; text-align: center;\" colspan=\"3\"><a href=\"https:\/\/web.whatsapp.com\/\"><img loading=\"lazy\" decoding=\"async\" class=\"alignnone wp-image-15326\" src=\"https:\/\/nicaragua-travel-guide.com\/site\/wp-content\/uploads\/2016\/09\/WhatsApp-Nicaragua-Travel-Guide.png\" alt=\"\" width=\"100\" height=\"78\" srcset=\"https:\/\/nicaragua-travel-guide.com\/site\/wp-content\/uploads\/2016\/09\/WhatsApp-Nicaragua-Travel-Guide.png 1280w, https:\/\/nicaragua-travel-guide.com\/site\/wp-content\/uploads\/2016\/09\/WhatsApp-Nicaragua-Travel-Guide-600x468.png 600w\" sizes=\"(max-width: 100px) 100vw, 100px\" \/><\/a><img loading=\"lazy\" decoding=\"async\" class=\"alignnone wp-image-8098\" src=\"http:\/\/nicaragua-travel-guide.com\/site\/wp-content\/uploads\/2016\/06\/movistar.jpeg\" alt=\"movistar\" width=\"108\" height=\"72\" srcset=\"https:\/\/nicaragua-travel-guide.com\/site\/wp-content\/uploads\/2016\/06\/movistar.jpeg 275w, https:\/\/nicaragua-travel-guide.com\/site\/wp-content\/uploads\/2016\/06\/movistar-180x120.jpeg 180w\" sizes=\"(max-width: 108px) 100vw, 108px\" \/><br \/>\n<strong>(505) 89 67 31 97<\/strong><\/td>\n<\/tr>\n<tr style=\"height: 11px;\">\n<td style=\"width: 101px; border-color: #ffffff; height: 6.3333740234375px; background-color: #ffffff; text-align: center;\" colspan=\"3\"><img loading=\"lazy\" decoding=\"async\" class=\"wp-image-10438 aligncenter\" src=\"http:\/\/nicaragua-travel-guide.com\/site\/wp-content\/uploads\/2015\/02\/banderadenicaragua.png\" alt=\"banderadenicaragua\" width=\"112\" height=\"70\" \/><br \/>\n(505) 2552 2876<img loading=\"lazy\" decoding=\"async\" class=\"wp-image-12977 aligncenter\" src=\"http:\/\/nicaragua-travel-guide.com\/site\/wp-content\/uploads\/2016\/07\/embajada-de-estados-unidos-bandera.png\" alt=\"embajada de estados unidos bandera\" width=\"119\" height=\"62\" \/><\/p>\n<p style=\"text-align: center;\">(408) 905 5896<\/p>\n<\/td>\n<\/tr>\n<tr style=\"height: 20px;\">\n<td style=\"width: 101px; border-color: #ffffff; height: 6.3333740234375px; background-color: #ffffff; text-align: center;\" colspan=\"3\"><img loading=\"lazy\" decoding=\"async\" class=\"wp-image-8095 aligncenter\" src=\"http:\/\/nicaragua-travel-guide.com\/site\/wp-content\/uploads\/2016\/06\/logoclaro.jpeg\" alt=\"logoclaro\" width=\"84\" height=\"84\" srcset=\"https:\/\/nicaragua-travel-guide.com\/site\/wp-content\/uploads\/2016\/06\/logoclaro.jpeg 225w, https:\/\/nicaragua-travel-guide.com\/site\/wp-content\/uploads\/2016\/06\/logoclaro-100x100.jpeg 100w, https:\/\/nicaragua-travel-guide.com\/site\/wp-content\/uploads\/2016\/06\/logoclaro-200x200.jpeg 200w\" sizes=\"(max-width: 84px) 100vw, 84px\" \/><span style=\"font-family: inherit; font-size: inherit; line-height: 1.5;\">(505) 88 46 43 58<\/span><\/td>\n<\/tr>\n<\/tbody>\n<\/table>\n<\/td>\n<\/tr>\n<\/tbody>\n<\/table>\n<\/td>\n<\/tr>\n<tr style=\"height: 6px;\">\n<td style=\"width: 98px; height: 6px; border-color: #dbdbd7; background-color: #daf5f3;\" colspan=\"6\"><strong>\n<div class=\"wpcf7 no-js\" id=\"wpcf7-f4992-o1\" lang=\"es-ES\" dir=\"ltr\">\n<div class=\"screen-reader-response\"><p role=\"status\" aria-live=\"polite\" aria-atomic=\"true\"><\/p> <ul><\/ul><\/div>\n<form action=\"\/site\/wp-json\/wp\/v2\/pages\/4936#wpcf7-f4992-o1\" method=\"post\" class=\"wpcf7-form init\" aria-label=\"Formulario de contacto\" novalidate=\"novalidate\" data-status=\"init\">\n<div style=\"display: none;\">\n<input type=\"hidden\" name=\"_wpcf7\" value=\"4992\" \/>\n<input type=\"hidden\" name=\"_wpcf7_version\" value=\"5.8\" \/>\n<input type=\"hidden\" name=\"_wpcf7_locale\" value=\"es_ES\" \/>\n<input type=\"hidden\" name=\"_wpcf7_unit_tag\" value=\"wpcf7-f4992-o1\" \/>\n<input type=\"hidden\" name=\"_wpcf7_container_post\" value=\"0\" \/>\n<input type=\"hidden\" name=\"_wpcf7_posted_data_hash\" value=\"\" \/>\n<\/div>\n<p>Nombre Completo (requerido)\n<\/p>\n<p><span class=\"wpcf7-form-control-wrap\" data-name=\"your-name\"><input size=\"40\" class=\"wpcf7-form-control wpcf7-text wpcf7-validates-as-required\" aria-required=\"true\" aria-invalid=\"false\" value=\"\" type=\"text\" name=\"your-name\" \/><\/span>\n<\/p>\n<p>Origen\n<\/p>\n<p><span class=\"wpcf7-form-control-wrap\" data-name=\"text-111\"><input size=\"40\" class=\"wpcf7-form-control wpcf7-text\" aria-invalid=\"false\" value=\"\" type=\"text\" name=\"text-111\" \/><\/span>\n<\/p>\n<p>Tel\u00e9fono\n<\/p>\n<p><span class=\"wpcf7-form-control-wrap\" data-name=\"tel-475\"><input size=\"40\" class=\"wpcf7-form-control wpcf7-tel wpcf7-text wpcf7-validates-as-tel\" aria-invalid=\"false\" value=\"\" type=\"tel\" name=\"tel-475\" \/><\/span>\n<\/p>\n<p>Email (requerido)\n<\/p>\n<p><span class=\"wpcf7-form-control-wrap\" data-name=\"your-email\"><input size=\"40\" class=\"wpcf7-form-control wpcf7-email wpcf7-validates-as-required wpcf7-text wpcf7-validates-as-email\" aria-required=\"true\" aria-invalid=\"false\" value=\"\" type=\"email\" name=\"your-email\" \/><\/span>\n<\/p>\n<p>Asunto\n<\/p>\n<p><span class=\"wpcf7-form-control-wrap\" data-name=\"your-subject\"><input size=\"40\" class=\"wpcf7-form-control wpcf7-text\" aria-invalid=\"false\" value=\"\" type=\"text\" name=\"your-subject\" \/><\/span>\n<\/p>\n<p>Mensaje\n<\/p>\n<p><span class=\"wpcf7-form-control-wrap\" data-name=\"your-message\"><textarea cols=\"40\" rows=\"10\" class=\"wpcf7-form-control wpcf7-textarea\" aria-invalid=\"false\" name=\"your-message\"><\/textarea><\/span>\n<\/p>\n<p><input class=\"wpcf7-form-control wpcf7-submit has-spinner\" type=\"submit\" value=\"Enviar\" \/>\n<\/p><div class=\"wpcf7-response-output\" aria-hidden=\"true\"><\/div>\n<\/form>\n<\/div>\n<\/strong><\/td>\n<\/tr>\n<tr style=\"height: 21px;\">\n<td style=\"width: 98px; height: 21px; background-color: #f9fc35;\" colspan=\"6\"><strong>\u00a0 \u00a0 \u00a0 \u00a0 \u00a0 \u00a0 \u00a0 \u00a0 \u00a0 \u00a0 \u00a0 \u00a0 \u00a0 \u00a0 \u00a0 \u00a0 \u00a0VER \u00a0 MAPA \u00a0 \u00a0 \u00a0 \u00a0 \u00a0 \u00a0 \u00a0 \u00a0 \u00a0 \u00a0 \u00a0 \u00a0 \u00a0 \u00a0 \u00a0 \u00a0 \u00a0 \u00a0 \u00a0 \u00a0 \u00a0 \u00a0 \u00a0<\/strong>\u00a0 \u00a0 \u00a0 \u00a0 \u00a0 \u00a0 \u00a0\u00a0<strong><a href=\"http:\/\/nicaragua-travel-guide.com\/site\/\">&lt;&lt; Volver a INICIO<\/a><\/strong><\/td>\n<\/tr>\n<\/tbody>\n<\/table>\n<p style=\"text-align: center;\"><iframe loading=\"lazy\" src=\"https:\/\/www.google.com\/maps\/d\/embed?mid=1T1J1hm_jyGE28F6ArOi3_GTgjk0&amp;hl=es-419\" width=\"640\" height=\"480\"><\/iframe><\/p>\n<table style=\"height: 285px; width: 846px;\">\n<tbody>\n<tr style=\"height: 37px;\">\n<td style=\"width: 840px; background-color: #faf74d; border-color: #faf74d; height: 37px;\"><strong><img loading=\"lazy\" decoding=\"async\" class=\"wp-image-13092 aligncenter\" src=\"http:\/\/nicaragua-travel-guide.com\/site\/wp-content\/uploads\/2016\/06\/nicaragua-travel-guide-contact-format-is-up.jpg\" alt=\"nicaragua travel guide contact format is up\" width=\"890\" height=\"311\" \/><\/strong><\/td>\n<\/tr>\n<\/tbody>\n<\/table>\n","protected":false},"excerpt":{"rendered":"<p>A sus \u00f3rdenes para mayor comodidad de su viaje y organizaci\u00f3n de eventos, \u00a0reservaci\u00f3n de \u00a0hotel, restaurante, recorrido con transporte, visitas \u00a0guiadas, por d\u00edas, horas, dise\u00f1amos paquetes a su elecci\u00f3n, formulaci\u00f3n y evaluaci\u00f3n de proyectos y le pondremos en manos de especialistas. &nbsp; Solicite cualquier servicio que se le ofrece en este sitio \u00a0y se [&hellip;]<\/p>\n","protected":false},"author":1,"featured_media":0,"parent":0,"menu_order":0,"comment_status":"closed","ping_status":"closed","template":"","meta":{"footnotes":""},"_links":{"self":[{"href":"https:\/\/nicaragua-travel-guide.com\/site\/wp-json\/wp\/v2\/pages\/4936"}],"collection":[{"href":"https:\/\/nicaragua-travel-guide.com\/site\/wp-json\/wp\/v2\/pages"}],"about":[{"href":"https:\/\/nicaragua-travel-guide.com\/site\/wp-json\/wp\/v2\/types\/page"}],"author":[{"embeddable":true,"href":"https:\/\/nicaragua-travel-guide.com\/site\/wp-json\/wp\/v2\/users\/1"}],"replies":[{"embeddable":true,"href":"https:\/\/nicaragua-travel-guide.com\/site\/wp-json\/wp\/v2\/comments?post=4936"}],"version-history":[{"count":236,"href":"https:\/\/nicaragua-travel-guide.com\/site\/wp-json\/wp\/v2\/pages\/4936\/revisions"}],"predecessor-version":[{"id":15328,"href":"https:\/\/nicaragua-travel-guide.com\/site\/wp-json\/wp\/v2\/pages\/4936\/revisions\/15328"}],"wp:attachment":[{"href":"https:\/\/nicaragua-travel-guide.com\/site\/wp-json\/wp\/v2\/media?parent=4936"}],"curies":[{"name":"wp","href":"https:\/\/api.w.org\/{rel}","templated":true}]}}