{"id":5131,"date":"2016-06-22T17:02:26","date_gmt":"2016-06-22T17:02:26","guid":{"rendered":"http:\/\/nicaragua-travel-guide.com\/site\/?page_id=5131"},"modified":"2016-08-26T03:02:37","modified_gmt":"2016-08-26T03:02:37","slug":"guia-de-actividades","status":"publish","type":"page","link":"https:\/\/nicaragua-travel-guide.com\/site\/guia-de-actividades\/","title":{"rendered":"Gu\u00eda de"},"content":{"rendered":"<table style=\"width: 1017px;\">\n<tbody>\n<tr style=\"height: 81px;\">\n<th style=\"height: 81px; width: 999px;\" colspan=\"3\" scope=\"col\" bgcolor=\"#0000FF\">\n<table style=\"width: 1011.59px;\" border=\"0\">\n<tbody>\n<tr style=\"height: 21px;\">\n<td style=\"width: 598px; height: 21px;\" colspan=\"2\"><img loading=\"lazy\" decoding=\"async\" class=\"alignnone size-full wp-image-5124\" src=\"http:\/\/nicaragua-travel-guide.com\/site\/wp-content\/uploads\/2016\/06\/header-guia-de-actividades-alquiler-de-carros.jpg\" alt=\"header guia de actividades alquiler de carros\" width=\"1025\" height=\"345\" srcset=\"https:\/\/nicaragua-travel-guide.com\/site\/wp-content\/uploads\/2016\/06\/header-guia-de-actividades-alquiler-de-carros.jpg 1025w, https:\/\/nicaragua-travel-guide.com\/site\/wp-content\/uploads\/2016\/06\/header-guia-de-actividades-alquiler-de-carros-600x202.jpg 600w\" sizes=\"(max-width: 1025px) 100vw, 1025px\" \/><\/td>\n<\/tr>\n<tr style=\"height: 21px;\">\n<td style=\"width: 598px; height: 21px;\">\n<ul style=\"list-style-type: square;\">\n<li>Gu\u00eda de Restaurantes<\/li>\n<\/ul>\n<\/td>\n<td style=\"width: 419.594px; height: 21px;\">\n<ul style=\"list-style-type: disc;\">\n<li>Gu\u00eda de Hoteles \/Acomodaci\u00f3n<\/li>\n<\/ul>\n<\/td>\n<\/tr>\n<tr style=\"height: 21px;\">\n<td style=\"width: 598px; height: 21px;\">\n<ul>\n<li>Gu\u00eda de Compras<\/li>\n<\/ul>\n<\/td>\n<td style=\"width: 419.594px; height: 21px;\">\n<ul>\n<li>Gu\u00eda de Turismo Medico<\/li>\n<\/ul>\n<\/td>\n<\/tr>\n<tr style=\"height: 21.5243px;\">\n<td style=\"width: 598px; height: 21.5243px;\">\n<ul>\n<li>Gu\u00eda de Bienes Ra\u00edces<\/li>\n<\/ul>\n<\/td>\n<td style=\"width: 419.594px; height: 21.5243px;\">\n<ul>\n<li>Gu\u00eda de Salud y Belleza<\/li>\n<\/ul>\n<\/td>\n<\/tr>\n<tr style=\"height: 21px;\">\n<td style=\"width: 598px; height: 21px;\">\n<ul>\n<li>Servicio de env\u00edo encomiendas<\/li>\n<\/ul>\n<\/td>\n<td style=\"width: 419.594px; height: 21px;\">\n<ul>\n<li>Galer\u00eda de Arte<\/li>\n<\/ul>\n<\/td>\n<\/tr>\n<\/tbody>\n<\/table>\n<\/th>\n<\/tr>\n<tr style=\"height: 21px;\">\n<th style=\"height: 21px; width: 341.3333435058594px;\" scope=\"row\" bgcolor=\"#FFFFFF\">Gu\u00eda\u00a0de donde dormir<\/th>\n<td style=\"height: 21px; width: 343.6666564941406px;\" bgcolor=\"#FFFFFF\"><strong>Guia de donde comer<\/strong><\/td>\n<td style=\"height: 21px; width: 314px;\" bgcolor=\"#FFFFFF\"><strong>Guai de Acatividades<\/strong><\/td>\n<\/tr>\n<tr style=\"height: 21px;\">\n<th style=\"height: 21px; width: 341.3333435058594px; text-align: left;\" scope=\"row\" bgcolor=\"#FFFFFF\">Regi\u00f3n Pacifico<\/th>\n<td style=\"height: 21px; width: 343.6666564941406px; text-align: left;\" bgcolor=\"#FFFFFF\"><strong>Regi\u00f3n\u00a0Pacifico<\/strong><\/td>\n<td style=\"height: 21px; width: 314px; text-align: left;\" bgcolor=\"#FFFFFF\"><strong>Regi\u00f3n\u00a0Pacifico<\/strong><\/td>\n<\/tr>\n<tr style=\"height: 21px;\">\n<th style=\"height: 21px; width: 341.3333435058594px; text-align: left;\" scope=\"row\" bgcolor=\"#FFFFFF\">Chinandega<\/th>\n<td style=\"height: 21px; width: 343.6666564941406px; text-align: left;\" bgcolor=\"#FFFFFF\"><strong>Chinandega<\/strong><\/td>\n<td style=\"height: 21px; width: 314px; text-align: left;\" bgcolor=\"#FFFFFF\"><strong>Chinandega<\/strong><\/td>\n<\/tr>\n<tr style=\"height: 21px;\">\n<th style=\"height: 21px; width: 341.3333435058594px; text-align: left;\" scope=\"row\" bgcolor=\"#FFFFFF\">Leon<\/th>\n<td style=\"height: 21px; width: 343.6666564941406px; text-align: left;\" bgcolor=\"#FFFFFF\"><strong>Leon<\/strong><\/td>\n<td style=\"height: 21px; width: 314px; text-align: left;\" bgcolor=\"#FFFFFF\"><strong>Leon<\/strong><\/td>\n<\/tr>\n<tr style=\"height: 21px;\">\n<th style=\"height: 21px; width: 341.3333435058594px; text-align: left;\" scope=\"row\" bgcolor=\"#FFFFFF\">Managua<\/th>\n<td style=\"height: 21px; width: 343.6666564941406px; text-align: left;\" bgcolor=\"#FFFFFF\"><strong>Managua<\/strong><\/td>\n<td style=\"height: 21px; width: 314px; text-align: left;\" bgcolor=\"#FFFFFF\"><strong>Managua<\/strong><\/td>\n<\/tr>\n<tr style=\"height: 21px;\">\n<th style=\"height: 21px; width: 341.3333435058594px; text-align: left;\" scope=\"row\" bgcolor=\"#FFFFFF\">Carazo<\/th>\n<td style=\"height: 21px; width: 343.6666564941406px; text-align: left;\" bgcolor=\"#FFFFFF\"><strong>Carazo<\/strong><\/td>\n<td style=\"height: 21px; width: 314px; text-align: left;\" bgcolor=\"#FFFFFF\"><strong>Carazo<\/strong><\/td>\n<\/tr>\n<tr style=\"height: 21px;\">\n<th style=\"height: 21px; width: 341.3333435058594px; text-align: left;\" scope=\"row\" bgcolor=\"#FFFFFF\">Masaya<\/th>\n<td style=\"height: 21px; width: 343.6666564941406px; text-align: left;\" bgcolor=\"#FFFFFF\"><strong>Masaya<\/strong><\/td>\n<td style=\"height: 21px; width: 314px; text-align: left;\" bgcolor=\"#FFFFFF\"><strong>Masaya<\/strong><\/td>\n<\/tr>\n<tr style=\"height: 21px;\">\n<th style=\"height: 21px; width: 341.3333435058594px; text-align: left;\" scope=\"row\" bgcolor=\"#FFFFFF\"><a href=\"http:\/\/www.nicaragua-travel-guide.com\/dondedormirengranadaysusalrededores.html\">Granada<\/a><\/th>\n<td style=\"height: 21px; width: 343.6666564941406px; text-align: left;\" bgcolor=\"#FFFFFF\"><strong><a href=\"http:\/\/www.nicaragua-travel-guide.com\/dondecomerybeberengranada.html\">Granada<\/a><\/strong><\/td>\n<td style=\"height: 21px; width: 314px; text-align: left;\" bgcolor=\"#FFFFFF\"><strong><a href=\"http:\/\/www.nicaragua-travel-guide.com\/actividadesturisticasengranada.html\">Granada<\/a><\/strong><\/td>\n<\/tr>\n<tr style=\"height: 21px;\">\n<th style=\"height: 21px; width: 341.3333435058594px; text-align: left;\" scope=\"row\" bgcolor=\"#FFFFFF\">Rivas<\/th>\n<td style=\"height: 21px; width: 343.6666564941406px; text-align: left;\" bgcolor=\"#FFFFFF\"><strong>Rivas<\/strong><\/td>\n<td style=\"height: 21px; width: 314px; text-align: left;\" bgcolor=\"#FFFFFF\"><strong>Rivas<\/strong><\/td>\n<\/tr>\n<tr style=\"height: 21px;\">\n<th style=\"height: 21px; width: 341.3333435058594px;\" scope=\"row\" bgcolor=\"#FFFFFF\"><\/th>\n<td style=\"height: 21px; width: 343.6666564941406px;\" bgcolor=\"#FFFFFF\"><\/td>\n<td style=\"height: 21px; width: 314px;\" bgcolor=\"#FFFFFF\"><\/td>\n<\/tr>\n<tr style=\"height: 21px;\">\n<th style=\"height: 21px; text-align: left; width: 341.3333435058594px;\" scope=\"row\" bgcolor=\"#FFFFFF\">Regi\u00f3n Central Norte<\/th>\n<th style=\"height: 21px; text-align: left; width: 343.6666564941406px;\" scope=\"row\" bgcolor=\"#FFFFFF\">Regi\u00f3n Central Norte<\/th>\n<th style=\"height: 21px; text-align: left; width: 314px;\" scope=\"row\" bgcolor=\"#FFFFFF\">Regi\u00f3n Central Norte<\/th>\n<\/tr>\n<tr style=\"height: 21px;\">\n<th style=\"height: 21px; text-align: left; width: 341.3333435058594px;\" scope=\"row\" bgcolor=\"#FFFFFF\">Madriz<\/th>\n<th style=\"height: 21px; text-align: left; width: 343.6666564941406px;\" scope=\"row\" bgcolor=\"#FFFFFF\">Madriz<\/th>\n<th style=\"height: 21px; text-align: left; width: 314px;\" scope=\"row\" bgcolor=\"#FFFFFF\">Madriz<\/th>\n<\/tr>\n<tr style=\"height: 21px;\">\n<th style=\"height: 21px; text-align: left; width: 341.3333435058594px;\" scope=\"row\" bgcolor=\"#FFFFFF\">Jinotega<\/th>\n<th style=\"height: 21px; text-align: left; width: 343.6666564941406px;\" scope=\"row\" bgcolor=\"#FFFFFF\">Jinotega<\/th>\n<th style=\"height: 21px; text-align: left; width: 314px;\" scope=\"row\" bgcolor=\"#FFFFFF\">Jinotega<\/th>\n<\/tr>\n<tr style=\"height: 21px;\">\n<th style=\"height: 21px; text-align: left; width: 341.3333435058594px;\" scope=\"row\" bgcolor=\"#FFFFFF\">Nueva Segovia<\/th>\n<th style=\"height: 21px; text-align: left; width: 343.6666564941406px;\" scope=\"row\" bgcolor=\"#FFFFFF\">Nueva Segovia<\/th>\n<th style=\"height: 21px; text-align: left; width: 314px;\" scope=\"row\" bgcolor=\"#FFFFFF\">Nueva Segovia<\/th>\n<\/tr>\n<tr style=\"height: 21px;\">\n<th style=\"height: 21px; text-align: left; width: 341.3333435058594px;\" scope=\"row\" bgcolor=\"#FFFFFF\">Esteli<\/th>\n<th style=\"height: 21px; text-align: left; width: 343.6666564941406px;\" scope=\"row\" bgcolor=\"#FFFFFF\">Esteli<\/th>\n<th style=\"height: 21px; text-align: left; width: 314px;\" scope=\"row\" bgcolor=\"#FFFFFF\">Esteli<\/th>\n<\/tr>\n<tr style=\"height: 21px;\">\n<th style=\"height: 21px; text-align: left; width: 341.3333435058594px;\" scope=\"row\" bgcolor=\"#FFFFFF\">Matagalpa<\/th>\n<th style=\"height: 21px; text-align: left; width: 343.6666564941406px;\" scope=\"row\" bgcolor=\"#FFFFFF\">Matagalpa<\/th>\n<th style=\"height: 21px; text-align: left; width: 314px;\" scope=\"row\" bgcolor=\"#FFFFFF\">Matagalpa<\/th>\n<\/tr>\n<tr style=\"height: 21px;\">\n<th style=\"height: 21px; text-align: left; width: 341.3333435058594px;\" scope=\"row\" bgcolor=\"#FFFFFF\">Boaco<\/th>\n<td style=\"height: 21px; text-align: left; width: 343.6666564941406px;\" bgcolor=\"#FFFFFF\">Boaco<\/td>\n<td style=\"height: 21px; text-align: left; width: 314px;\" bgcolor=\"#FFFFFF\">Boaco<\/td>\n<\/tr>\n<tr style=\"height: 21px;\">\n<th style=\"height: 21px; text-align: left; width: 999px;\" colspan=\"3\" scope=\"row\" bgcolor=\"#FFFFFF\"><\/th>\n<\/tr>\n<tr style=\"height: 21px;\">\n<th style=\"height: 21px; text-align: left; width: 341.3333435058594px;\" scope=\"row\" bgcolor=\"#FFFFFF\">Regi\u00f3n Atl\u00e1ntico:<\/th>\n<th style=\"height: 21px; text-align: left; width: 343.6666564941406px;\" scope=\"row\" bgcolor=\"#FFFFFF\">Regi\u00f3n Atl\u00e1ntico:<\/th>\n<th style=\"height: 21px; text-align: left; width: 314px;\" scope=\"row\" bgcolor=\"#FFFFFF\">Regi\u00f3n Atl\u00e1ntico:<\/th>\n<\/tr>\n<tr style=\"height: 21px;\">\n<th style=\"height: 21px; text-align: left; width: 341.3333435058594px;\" scope=\"row\" bgcolor=\"#FFFFFF\">Corn Island<\/th>\n<th style=\"height: 21px; text-align: left; width: 343.6666564941406px;\" scope=\"row\" bgcolor=\"#FFFFFF\">Corn Island<\/th>\n<th style=\"height: 21px; text-align: left; width: 314px;\" scope=\"row\" bgcolor=\"#FFFFFF\">Corn Island<\/th>\n<\/tr>\n<tr style=\"height: 21px;\">\n<th style=\"height: 21px; text-align: left; width: 341.3333435058594px;\" scope=\"row\" bgcolor=\"#FFFFFF\">Bluefields<\/th>\n<th style=\"height: 21px; text-align: left; width: 343.6666564941406px;\" scope=\"row\" bgcolor=\"#FFFFFF\">Bluefields<\/th>\n<th style=\"height: 21px; text-align: left; width: 314px;\" scope=\"row\" bgcolor=\"#FFFFFF\">Bluefields<\/th>\n<\/tr>\n<\/tbody>\n<\/table>\n","protected":false},"excerpt":{"rendered":"<p>Gu\u00eda de Restaurantes Gu\u00eda de Hoteles \/Acomodaci\u00f3n Gu\u00eda de Compras Gu\u00eda de Turismo Medico Gu\u00eda de Bienes Ra\u00edces Gu\u00eda de Salud y Belleza Servicio de env\u00edo encomiendas Galer\u00eda de Arte Gu\u00eda\u00a0de donde dormir Guia de donde comer Guai de Acatividades Regi\u00f3n Pacifico Regi\u00f3n\u00a0Pacifico Regi\u00f3n\u00a0Pacifico Chinandega Chinandega Chinandega Leon Leon Leon Managua Managua Managua Carazo Carazo [&hellip;]<\/p>\n","protected":false},"author":2,"featured_media":0,"parent":0,"menu_order":0,"comment_status":"closed","ping_status":"closed","template":"","meta":{"footnotes":""},"_links":{"self":[{"href":"https:\/\/nicaragua-travel-guide.com\/site\/wp-json\/wp\/v2\/pages\/5131"}],"collection":[{"href":"https:\/\/nicaragua-travel-guide.com\/site\/wp-json\/wp\/v2\/pages"}],"about":[{"href":"https:\/\/nicaragua-travel-guide.com\/site\/wp-json\/wp\/v2\/types\/page"}],"author":[{"embeddable":true,"href":"https:\/\/nicaragua-travel-guide.com\/site\/wp-json\/wp\/v2\/users\/2"}],"replies":[{"embeddable":true,"href":"https:\/\/nicaragua-travel-guide.com\/site\/wp-json\/wp\/v2\/comments?post=5131"}],"version-history":[{"count":10,"href":"https:\/\/nicaragua-travel-guide.com\/site\/wp-json\/wp\/v2\/pages\/5131\/revisions"}],"predecessor-version":[{"id":12449,"href":"https:\/\/nicaragua-travel-guide.com\/site\/wp-json\/wp\/v2\/pages\/5131\/revisions\/12449"}],"wp:attachment":[{"href":"https:\/\/nicaragua-travel-guide.com\/site\/wp-json\/wp\/v2\/media?parent=5131"}],"curies":[{"name":"wp","href":"https:\/\/api.w.org\/{rel}","templated":true}]}}