{"id":5184,"date":"2016-06-22T23:23:50","date_gmt":"2016-06-22T23:23:50","guid":{"rendered":"http:\/\/nicaragua-travel-guide.com\/site\/?page_id=5184"},"modified":"2016-08-22T21:00:06","modified_gmt":"2016-08-22T21:00:06","slug":"organizamos-eventos-especiales-viajes-y-proyectos-en-nicaragua-travel-guide-com","status":"publish","type":"page","link":"https:\/\/nicaragua-travel-guide.com\/site\/organizamos-eventos-especiales-viajes-y-proyectos-en-nicaragua-travel-guide-com\/","title":{"rendered":"Organizamos"},"content":{"rendered":"<table style=\"width: 972.052px;\" border=\"0\">\n<tbody>\n<tr style=\"height: 304.122px;\" bgcolor=\"#0066FF\">\n<td style=\"width: 40px; height: 304.122px; border-color: #c4c4c2; background-color: #f7ecda;\" colspan=\"4\" bgcolor=\"#FFFFCC\"><img loading=\"lazy\" decoding=\"async\" class=\"wp-image-5185 aligncenter\" src=\"http:\/\/nicaragua-travel-guide.com\/site\/wp-content\/uploads\/2016\/06\/header-Organizamos-eventos-especiales.jpg\" alt=\"header Organizamos eventos especiales\" width=\"993\" height=\"334\" srcset=\"https:\/\/nicaragua-travel-guide.com\/site\/wp-content\/uploads\/2016\/06\/header-Organizamos-eventos-especiales.jpg 1025w, https:\/\/nicaragua-travel-guide.com\/site\/wp-content\/uploads\/2016\/06\/header-Organizamos-eventos-especiales-600x202.jpg 600w\" sizes=\"(max-width: 993px) 100vw, 993px\" \/><\/td>\n<\/tr>\n<tr style=\"height: 26px;\" bgcolor=\"#0066FF\">\n<td style=\"width: 40px; height: 26px; border-color: #faea9b; background-color: #faea9b;\" colspan=\"4\" bgcolor=\"#FFFFCC\">Ofrecemos una gama de variados servicios para una mejor organizaci\u00f3n de su evento p\u00fablico, privado, social, cultural, religioso, pol\u00edtico, tur\u00edstico, de negocio, etc&#8230;<\/p>\n<p>Dise\u00f1amos paquetes a su gusto y elecci\u00f3n de acuerdo con su presupuesto:<\/td>\n<\/tr>\n<tr style=\"height: 98px;\" bgcolor=\"#0066FF\">\n<td style=\"width: 40px; height: 98px; border-color: #faea9b; background-color: #faea9b;\" colspan=\"4\" bgcolor=\"#FFFF00\">Salones y Espacios, Ejecutivos, Cumplea\u00f1os, Congresos, Convenciones,Seminarios, Graduaciones,Bodas, Bautizos, Primera Comuniones, 15 a\u00f1os, aniversarios, Funeral y mas&#8230;<\/p>\n<p>para organizar y realizar eventos privados y p\u00fablicos;<\/p>\n<p>Religiosos, Culturales, Corporativos<\/td>\n<\/tr>\n<tr style=\"height: 67px;\" bgcolor=\"#0066FF\">\n<td style=\"width: 40px; height: 67px; border-color: #faea9b; background-color: #faea9b;\" colspan=\"4\" bgcolor=\"#FFFFCC\">Hay diversas opciones par elegir el lugar desde hermosos salones de hoteles para eventos , restaurantes al aire libre y mucho m\u00e1s&#8230;<\/p>\n<p>Te invitamos a conocer algunos de los salones y lugares m\u00e1s adecuados para realizar su evento combinados otros servicio necesarios para organizar tu fiesta con la mejor decoraci\u00f3n y equipo de trabajo con nuestra asistencia y asesoramiento, El sal\u00f3n o sitio a tu elecci\u00f3n donde se lleve a cabo el evento, seg\u00fan sea el motivo de celebraci\u00f3n, religiosa, fiesta de aniversario, cumplea\u00f1os, 15 a\u00f1os, boda, Bautizo, Primera comuni\u00f3n, aniversario de bodas, aniversario de difunto y cuerpo presente, con arreglos florales,\u00a0decoraci\u00f3n,\u00a0iluminaci\u00f3n, equipos de audio\u00a0y\u00a0sonido,\u00a0m\u00fasica,\u00a0animaci\u00f3n, servicio de alimentos y bebidas, transporte para los festejados e invitados.<\/p>\n<p>Organizamos a tu elecci\u00f3n seg\u00fan sea tu presupuesto para hacer un evento \u00fanico e inolvidable!<\/td>\n<\/tr>\n<tr style=\"height: 21px;\" bgcolor=\"#0066FF\">\n<td style=\"width: 40px; height: 21px; border-color: #faea9b; background-color: #d6c054;\" colspan=\"4\" bgcolor=\"#FF0000\"><strong>Alquiler de salones y espacios prar realizar eventos especiales:\u00a0GRANADA NICARAGUA<\/strong><\/td>\n<\/tr>\n<tr style=\"height: 344px;\" bgcolor=\"#0066FF\">\n<td style=\"width: 40px; height: 344px; border-color: #faea9b; background-color: #faea9b;\" colspan=\"4\" bgcolor=\"#CC0000\">\n<table border=\"0\">\n<tbody>\n<tr>\n<td colspan=\"8\" align=\"left\" valign=\"top\" bgcolor=\"#000000\"><img loading=\"lazy\" decoding=\"async\" class=\"alignnone size-full wp-image-5188\" src=\"http:\/\/nicaragua-travel-guide.com\/site\/wp-content\/uploads\/2016\/06\/header-arreglos-de-sillas-y-mesas.jpg\" alt=\"header arreglos de sillas y mesas\" width=\"1025\" height=\"345\" srcset=\"https:\/\/nicaragua-travel-guide.com\/site\/wp-content\/uploads\/2016\/06\/header-arreglos-de-sillas-y-mesas.jpg 1025w, https:\/\/nicaragua-travel-guide.com\/site\/wp-content\/uploads\/2016\/06\/header-arreglos-de-sillas-y-mesas-600x202.jpg 600w\" sizes=\"(max-width: 1025px) 100vw, 1025px\" \/><\/td>\n<\/tr>\n<tr>\n<td style=\"background-color: #ebb238;\" colspan=\"8\" bgcolor=\"#CCFFFF\"><strong>Eventos y fiestas \u00a0<\/strong><\/td>\n<\/tr>\n<tr>\n<td colspan=\"3\" bgcolor=\"#FFFFFF\"><a href=\"http:\/\/nicaragua-travel-guide.com\/site\/organizamos-decoracion-de-iglesias-y-salon-de-eventos\/\"><strong>En Iglesias<\/strong><\/a><\/td>\n<td bgcolor=\"#FFFFFF\"><\/td>\n<td colspan=\"2\" bgcolor=\"#FFFFFF\"><\/td>\n<td colspan=\"2\" bgcolor=\"#FFFFFF\"><\/td>\n<\/tr>\n<tr>\n<td colspan=\"3\" bgcolor=\"#FFFFFF\">Bautizos<\/td>\n<td bgcolor=\"#FFFFFF\"><\/td>\n<td colspan=\"2\" bgcolor=\"#FFFFFF\"><a href=\"http:\/\/nicaragua-travel-guide.com\/site\/eventos-especiales-organizamos-fiesta-infantil-paquetes-a-su-eleccion\/\"><strong>Fiestas infantiles<\/strong><\/a><\/td>\n<td colspan=\"2\" bgcolor=\"#FFFFFF\">Religiosos<\/td>\n<\/tr>\n<tr>\n<td colspan=\"3\" bgcolor=\"#FFFFFF\">Comunion<\/td>\n<td bgcolor=\"#FFFFFF\"><\/td>\n<td colspan=\"2\" bgcolor=\"#FFFFFF\">Baby Shower<\/td>\n<td colspan=\"2\" bgcolor=\"#FFFFFF\">Fiestas Privadas<\/td>\n<\/tr>\n<tr>\n<td colspan=\"3\" bgcolor=\"#FFFFFF\">Confirmacion<\/td>\n<td bgcolor=\"#FFFFFF\"><\/td>\n<td colspan=\"2\" bgcolor=\"#FFFFFF\">Bautizo<\/td>\n<td colspan=\"2\" bgcolor=\"#FFFFFF\">Corporativos<\/td>\n<\/tr>\n<tr>\n<td colspan=\"3\" bgcolor=\"#FFFFFF\">Quince a\u00f1os<\/td>\n<td bgcolor=\"#FFFFFF\"><\/td>\n<td colspan=\"2\" bgcolor=\"#FFFFFF\">Primera comuni\u00f3n<\/td>\n<td colspan=\"2\" bgcolor=\"#FFFFFF\">Seminarios<\/td>\n<\/tr>\n<tr>\n<td colspan=\"3\" bgcolor=\"#FFFFFF\"><a href=\"http:\/\/nicaragua-travel-guide.com\/site\/boda-evento-especial-organizamos-todo-en-nicaragua\/\">Boda<\/a>\u00a0 \u00a0 \u00a0 \u00a0 <a href=\"http:\/\/nicaragua-travel-guide.com\/site\/boda-paquete-platino-en-managua-evento-especial\/\">\u00abPaquete Platino\u00bb<\/a><\/td>\n<td align=\"left\" bgcolor=\"#FFFFFF\"><\/td>\n<td colspan=\"2\" bgcolor=\"#FFFFFF\">Fiestas juveniles<\/td>\n<td colspan=\"2\" align=\"left\" valign=\"top\" bgcolor=\"#FFFFFF\">Congresos<\/td>\n<\/tr>\n<tr>\n<td colspan=\"3\" bgcolor=\"#FFFFFF\">Aniversarios de bodas<\/td>\n<td align=\"left\" bgcolor=\"#FFFFFF\"><\/td>\n<td colspan=\"2\" bgcolor=\"#FFFFFF\">Fiestas de cumplea\u00f1os<\/td>\n<td colspan=\"2\" align=\"left\" valign=\"top\" bgcolor=\"#FFFFFF\">Sociales<\/td>\n<\/tr>\n<tr>\n<td colspan=\"3\" bgcolor=\"#FFFFFF\">Funeral<\/td>\n<td bgcolor=\"#FFFFFF\"><\/td>\n<td colspan=\"2\" bgcolor=\"#FFFFFF\">Fiesta de 15 a\u00f1os<\/td>\n<td colspan=\"2\" align=\"left\" valign=\"top\" bgcolor=\"#FFFFFF\">Empresariales<\/td>\n<\/tr>\n<tr>\n<td colspan=\"3\" bgcolor=\"#FFFFFF\">Aniversario de funeral<\/td>\n<td bgcolor=\"#FFFFFF\"><\/td>\n<td colspan=\"2\" bgcolor=\"#FFFFFF\">Despedida de soltero<\/td>\n<td colspan=\"2\" align=\"left\" valign=\"top\" bgcolor=\"#FFFFFF\">Matrimonio Civil<\/td>\n<\/tr>\n<tr>\n<td colspan=\"3\" bgcolor=\"#FFFFFF\">Misa de Acci\u00f3n de Gracias<\/td>\n<td bgcolor=\"#FFFFFF\"><\/td>\n<td colspan=\"2\" bgcolor=\"#FFFFFF\">Boda paquete 2016<\/td>\n<td colspan=\"2\" align=\"left\" valign=\"top\" bgcolor=\"#FFFFFF\"><\/td>\n<\/tr>\n<tr>\n<td colspan=\"8\" bgcolor=\"#CCFFFF\">Nosotros lo pondremos en manos de los especialistas por cada detalle!<\/td>\n<\/tr>\n<tr>\n<td colspan=\"4\" bgcolor=\"#FFFF00\"><a href=\"http:\/\/nicaragua-travel-guide.com\/site\/organizamos-alquiler-de-equipos-de-sonido-y-audio-en-nicaragua\/\"><strong>Instalaci\u00f3n de equipos de sonido y audiovisual<\/strong><\/a><\/td>\n<td bgcolor=\"#99FFCC\"><a href=\"http:\/\/nicaragua-travel-guide.com\/site\/musicos-y-equipos-de-sonido-organizamos-eventos-especiales-a-su-eleccion\/\"><strong>M\u00fasicos y equipos<\/strong><\/a><\/td>\n<td bgcolor=\"#FFFFFF\">Orquestas<\/td>\n<td bgcolor=\"#FFFFFF\">Filarm\u00f3nicos<\/td>\n<td bgcolor=\"#FFFFFF\">Chicheros<\/td>\n<\/tr>\n<tr>\n<td colspan=\"4\" bgcolor=\"#FFFFFF\">Tarimas, toldos, sillas y mesas, manteler\u00eda, menaje.<\/td>\n<td bgcolor=\"#FFCC99\">Transporte<\/td>\n<td bgcolor=\"#FFFFFF\">Microbus<\/td>\n<td bgcolor=\"#FFFFFF\">Rent a car<\/td>\n<td bgcolor=\"#FFFFFF\">Coches<\/td>\n<\/tr>\n<tr>\n<td colspan=\"4\" bgcolor=\"#FFFFFF\">Salones de hoteles de baile para fiesta<\/td>\n<td bgcolor=\"#CCFFFF\">Paquetes Tur\u00edsticos<\/td>\n<td bgcolor=\"#FFFFFF\">Medio d\u00eda<\/td>\n<td bgcolor=\"#FFFFFF\">Todo el d\u00eda<\/td>\n<td bgcolor=\"#FFFFFF\">por hora<\/td>\n<\/tr>\n<tr>\n<td colspan=\"4\" bgcolor=\"#FFFFFF\">Salones de restaurantes para eventos.<\/td>\n<td bgcolor=\"#FFFF66\">Maestro de ceremonia<\/td>\n<td bgcolor=\"#FFFFFF\">Teatro y mimo<\/td>\n<td bgcolor=\"#FFFF00\"><a href=\"http:\/\/nicaragua-travel-guide.com\/site\/eventos-para-ninos-animacion-payasos-sankistas-malabares-magia-globo-flexia-brinca-brinca-dulces-y-mas-alegria\/\"><b>Payasos<\/b><\/a><\/td>\n<td bgcolor=\"#FFFFFF\">El Atabal<\/td>\n<\/tr>\n<tr>\n<td colspan=\"4\" bgcolor=\"#FFFFFF\">Animaci\u00f3n Musical:<\/td>\n<td bgcolor=\"#CCCCFF\"><a href=\"http:\/\/nicaragua-travel-guide.com\/site\/evento-especial-grupo-de-danza-parejas-e-instructor-desde-granada-se-organiza-y-viaja-en-nicaragua-y-el-exterior\/\"><b>Grupo de Danza<\/b><\/a><\/td>\n<td bgcolor=\"#FFFFFF\">Moderna<\/td>\n<td bgcolor=\"#FFFFFF\">Contempor\u00e1nea<\/td>\n<td bgcolor=\"#FFFFFF\">Folcl\u00f3rica<\/td>\n<\/tr>\n<tr>\n<td colspan=\"4\" bgcolor=\"#FFFFFF\">Grupo musical para evento religioso<\/td>\n<td bgcolor=\"#FFFFFF\">Alquiler de trajes<\/td>\n<td bgcolor=\"#FFFF00\"><a href=\"http:\/\/nicaragua-travel-guide.com\/site\/evento-especial-alquiler-o-confeccion-de-disfraz-tipico-nacional-de-fantasia-y-animalitos-mascotas-nicaragua-managua-masaya-y-granada\/\"><strong>Disfraces<\/strong><\/a><\/td>\n<td bgcolor=\"#FFFF00\">Folcl\u00f3ricos<\/td>\n<td bgcolor=\"#FFFFFF\">de Fantas\u00eda<\/td>\n<\/tr>\n<tr>\n<td colspan=\"4\" bgcolor=\"#FFFFFF\">Grupo musical para bailar en fiesta<\/td>\n<td bgcolor=\"#FFFFFF\">Eventos y fiestas<\/td>\n<td bgcolor=\"#FFFFFF\">Evento religioso<\/td>\n<td bgcolor=\"#FFFFFF\">Hombre y Mujer<\/td>\n<td bgcolor=\"#FFFFFF\">Ni\u00f1os y Ni\u00f1as<\/td>\n<\/tr>\n<tr>\n<td colspan=\"4\" bgcolor=\"#FFFFFF\">Grupo musical marimbas, cuerdas y otros<\/td>\n<td bgcolor=\"#FFFFFF\"><a href=\"http:\/\/nicaragua-travel-guide.com\/site\/shopping-compras\/\"><strong>Compra y regalos<\/strong><\/a><\/td>\n<td bgcolor=\"#FFFFFF\">Joyer\u00eda<\/td>\n<td bgcolor=\"#FFFFFF\">Pewter<\/td>\n<td bgcolor=\"#FFFFFF\">Ropa<\/td>\n<\/tr>\n<tr>\n<td colspan=\"4\" valign=\"top\" bgcolor=\"#FFFFFF\">Conjunto musical electr\u00f3nico para fiesta<\/td>\n<td bgcolor=\"#FFFF00\"><a href=\"http:\/\/nicaragua-travel-guide.com\/site\/floristeria-nicaragua\/\"><strong>Florister\u00eda<\/strong><\/a><\/td>\n<td bgcolor=\"#FFFFFF\">Arreglos florales<\/td>\n<td bgcolor=\"#FFFFFF\">Decoraci\u00f3n<\/td>\n<td bgcolor=\"#FFFFFF\"><\/td>\n<\/tr>\n<tr>\n<td colspan=\"2\" bgcolor=\"#FFFF00\">Cantantes<\/td>\n<td colspan=\"3\" bgcolor=\"#CCFF99\">Serenatas con Guitarra o Mariachis<\/td>\n<td colspan=\"3\" bgcolor=\"#FFFFFF\">*Grabaci\u00f3n de Video, y DVD,CD<\/td>\n<\/tr>\n<tr>\n<td valign=\"top\" bgcolor=\"#FFFFFF\">\n<ul>\n<li>Solista<\/li>\n<\/ul>\n<\/td>\n<td valign=\"top\" bgcolor=\"#FFFFFF\">\n<ul>\n<li>Tr\u00edos<\/li>\n<\/ul>\n<\/td>\n<td colspan=\"2\" bgcolor=\"#FFFFFF\">\n<ul>\n<li>Solista<\/li>\n<\/ul>\n<\/td>\n<td bgcolor=\"#FFFFFF\">\n<ul>\n<li>D\u00fao<\/li>\n<\/ul>\n<\/td>\n<td colspan=\"3\" bgcolor=\"#FFFFFF\">*Dise\u00f1o Gr\u00e1fico publicitario y p\u00e1ginas web<\/td>\n<\/tr>\n<tr>\n<td valign=\"top\" bgcolor=\"#FFFFFF\">\n<ul>\n<li>D\u00faos<\/li>\n<\/ul>\n<\/td>\n<td valign=\"top\" bgcolor=\"#FFFFFF\">\n<ul>\n<li>Cuartetos<\/li>\n<\/ul>\n<\/td>\n<td colspan=\"2\" bgcolor=\"#FFFFFF\">\n<ul>\n<li>Tr\u00edo<\/li>\n<\/ul>\n<\/td>\n<td bgcolor=\"#FFFFFF\">\n<ul>\n<li>Cuarteto<\/li>\n<\/ul>\n<\/td>\n<td colspan=\"3\" bgcolor=\"#FFFFFF\">*Dise\u00f1o de Tarjetas de Invitaci\u00f3n<\/td>\n<\/tr>\n<\/tbody>\n<\/table>\n<\/td>\n<\/tr>\n<tr style=\"height: 296px;\" bgcolor=\"#0066FF\">\n<td style=\"width: 40px; height: 296px; border-color: #faea9b; background-color: #faea9b;\" colspan=\"4\" bgcolor=\"#FFFFFF\">\n<table border=\"0\" width=\"1009\">\n<tbody>\n<tr style=\"height: 25px;\">\n<td style=\"height: 25px; background-color: #cf9a32;\" colspan=\"3\" bgcolor=\"#CC0000\">Hacer click sobre el nombre del departamento del pa\u00eds donde piensa realizar su evento para ver los salones<\/td>\n<\/tr>\n<tr style=\"height: 21px;\">\n<td style=\"height: 21px;\" bgcolor=\"#FFFF33\" width=\"307\"><strong>Regi\u00f3n Pacifico<\/strong><\/td>\n<td style=\"height: 21px;\" bgcolor=\"#FFFF33\" width=\"315\"><strong>Regi\u00f3n Central Norte<\/strong><\/td>\n<td style=\"height: 21px;\" bgcolor=\"#FFFF33\" width=\"373\"><strong>Regi\u00f3n Atl\u00e1ntico<\/strong><\/td>\n<\/tr>\n<tr style=\"height: 21px;\">\n<td style=\"height: 21px;\" bgcolor=\"#FFFFFF\">Chinandega<\/td>\n<td style=\"height: 21px;\" bgcolor=\"#FFFFFF\">Nueva Segovia<\/td>\n<td style=\"height: 21px;\" bgcolor=\"#FFFFFF\">Corn Islands<\/td>\n<\/tr>\n<tr style=\"height: 21px;\">\n<td style=\"height: 21px;\" bgcolor=\"#FFFFFF\">Leon<\/td>\n<td style=\"height: 21px;\" bgcolor=\"#FFFFFF\">Jinotega<\/td>\n<td style=\"height: 21px;\" bgcolor=\"#FFFFFF\">Bluefields<\/td>\n<\/tr>\n<tr style=\"height: 21px;\">\n<td style=\"height: 21px;\" bgcolor=\"#FFFFFF\">Managua<\/td>\n<td style=\"height: 21px;\" bgcolor=\"#FFFFFF\">Madriz<\/td>\n<td style=\"height: 21px;\" bgcolor=\"#FFFFFF\"><\/td>\n<\/tr>\n<tr style=\"height: 21px;\">\n<td style=\"height: 21px;\" bgcolor=\"#FFFFFF\">Carazo<\/td>\n<td style=\"height: 21px;\" bgcolor=\"#FFFFFF\">Esteli<\/td>\n<td style=\"height: 21px;\" bgcolor=\"#FFFFFF\"><\/td>\n<\/tr>\n<tr style=\"height: 21px;\">\n<td style=\"height: 21px;\" bgcolor=\"#FFFFFF\">Masaya<\/td>\n<td style=\"height: 21px;\" bgcolor=\"#FFFFFF\">Matagalpa<\/td>\n<td style=\"height: 21px;\" bgcolor=\"#FFFFFF\"><\/td>\n<\/tr>\n<tr style=\"height: 21px;\">\n<td style=\"height: 21px;\" bgcolor=\"#FFFFCC\"><strong><a href=\"http:\/\/nicaragua-travel-guide.com\/site\/organizacion-de-eventos-salones-y-espacios-cerrados-y-abiertos-nicaragua\/\">Granada*<\/a><\/strong><\/td>\n<td style=\"height: 21px;\" bgcolor=\"#FFFFFF\"><strong>Regi\u00f3n Central<\/strong><\/td>\n<td style=\"height: 21px;\" bgcolor=\"#FFFFFF\"><\/td>\n<\/tr>\n<tr style=\"height: 21px;\">\n<td style=\"height: 21px;\" bgcolor=\"#FFFFFF\">Rivas<\/td>\n<td style=\"height: 21px;\" bgcolor=\"#FFFFFF\">Boaco<\/td>\n<td style=\"height: 21px;\" bgcolor=\"#FFFFFF\">Ver Agenda del d\u00eda<\/td>\n<\/tr>\n<tr style=\"height: 21px;\">\n<td style=\"height: 21px;\" bgcolor=\"#FFFFFF\"><\/td>\n<td style=\"height: 21px;\" bgcolor=\"#FFFFFF\">Juigalpa<\/td>\n<td style=\"height: 21px;\" bgcolor=\"#FFFFFF\">Ver Agenda Cultural<\/td>\n<\/tr>\n<tr style=\"height: 0.857666px;\">\n<td style=\"height: 0.857666px;\" bgcolor=\"#FFFFFF\"><\/td>\n<td style=\"height: 0.857666px;\" bgcolor=\"#FFFFFF\">Rio San Juan<\/td>\n<td style=\"height: 0.857666px;\" bgcolor=\"#FFFFFF\"><\/td>\n<\/tr>\n<tr style=\"height: 21px;\">\n<td style=\"height: 21px; background-color: #fadd75;\" colspan=\"3\" bgcolor=\"#FFFFFF\">Solo tiene que <strong>Contactarnos<\/strong> y le ayudaremos a organizar todo!<\/td>\n<\/tr>\n<\/tbody>\n<\/table>\n<\/td>\n<\/tr>\n<\/tbody>\n<\/table>\n","protected":false},"excerpt":{"rendered":"<p>Ofrecemos una gama de variados servicios para una mejor organizaci\u00f3n de su evento p\u00fablico, privado, social, cultural, religioso, pol\u00edtico, tur\u00edstico, de negocio, etc&#8230; Dise\u00f1amos paquetes a su gusto y elecci\u00f3n de acuerdo con su presupuesto: Salones y Espacios, Ejecutivos, Cumplea\u00f1os, Congresos, Convenciones,Seminarios, Graduaciones,Bodas, Bautizos, Primera Comuniones, 15 a\u00f1os, aniversarios, Funeral y mas&#8230; para organizar y [&hellip;]<\/p>\n","protected":false},"author":2,"featured_media":0,"parent":0,"menu_order":0,"comment_status":"closed","ping_status":"closed","template":"","meta":{"footnotes":""},"_links":{"self":[{"href":"https:\/\/nicaragua-travel-guide.com\/site\/wp-json\/wp\/v2\/pages\/5184"}],"collection":[{"href":"https:\/\/nicaragua-travel-guide.com\/site\/wp-json\/wp\/v2\/pages"}],"about":[{"href":"https:\/\/nicaragua-travel-guide.com\/site\/wp-json\/wp\/v2\/types\/page"}],"author":[{"embeddable":true,"href":"https:\/\/nicaragua-travel-guide.com\/site\/wp-json\/wp\/v2\/users\/2"}],"replies":[{"embeddable":true,"href":"https:\/\/nicaragua-travel-guide.com\/site\/wp-json\/wp\/v2\/comments?post=5184"}],"version-history":[{"count":43,"href":"https:\/\/nicaragua-travel-guide.com\/site\/wp-json\/wp\/v2\/pages\/5184\/revisions"}],"predecessor-version":[{"id":11942,"href":"https:\/\/nicaragua-travel-guide.com\/site\/wp-json\/wp\/v2\/pages\/5184\/revisions\/11942"}],"wp:attachment":[{"href":"https:\/\/nicaragua-travel-guide.com\/site\/wp-json\/wp\/v2\/media?parent=5184"}],"curies":[{"name":"wp","href":"https:\/\/api.w.org\/{rel}","templated":true}]}}