{"id":5192,"date":"2016-06-22T23:36:33","date_gmt":"2016-06-22T23:36:33","guid":{"rendered":"http:\/\/nicaragua-travel-guide.com\/site\/?page_id=5192"},"modified":"2016-08-15T11:16:54","modified_gmt":"2016-08-15T11:16:54","slug":"fotografo-y-video-para-evento-especial-y-domicilio-en-nicaragua","status":"publish","type":"page","link":"https:\/\/nicaragua-travel-guide.com\/site\/fotografo-y-video-para-evento-especial-y-domicilio-en-nicaragua\/","title":{"rendered":"Fot\u00f3grafo y Video"},"content":{"rendered":"<table style=\"height: 730px; width: 619px;\">\n<tbody>\n<tr style=\"height: 22px;\">\n<td style=\"width: 611px; height: 22px;\"><img loading=\"lazy\" decoding=\"async\" class=\"size-full wp-image-5189 aligncenter\" src=\"http:\/\/nicaragua-travel-guide.com\/site\/wp-content\/uploads\/2016\/06\/header-nicaragua-travel-guide-grabacion-de-video-y-fotografo-profesional.jpg\" alt=\"header nicaragua travel guide grabacion de video y fotografo profesional\" width=\"1025\" height=\"345\" srcset=\"https:\/\/nicaragua-travel-guide.com\/site\/wp-content\/uploads\/2016\/06\/header-nicaragua-travel-guide-grabacion-de-video-y-fotografo-profesional.jpg 1025w, https:\/\/nicaragua-travel-guide.com\/site\/wp-content\/uploads\/2016\/06\/header-nicaragua-travel-guide-grabacion-de-video-y-fotografo-profesional-600x202.jpg 600w\" sizes=\"(max-width: 1025px) 100vw, 1025px\" \/><\/td>\n<\/tr>\n<tr style=\"height: 16px;\">\n<td style=\"width: 611px; height: 16px;\">Ofrecemos servicio de fot\u00f3grafos profesionales para darle cobertura fotogr\u00e1fica en sus fiestas y reuniones especiales, sesi\u00f3n de fotograf\u00eda particular y v\u00eddeo grabaci\u00f3n:<\/td>\n<\/tr>\n<tr style=\"height: 15px;\">\n<td style=\"width: 611px; height: 15px;\"><strong>Fotograf\u00eda y v\u00eddeo:<\/strong><\/td>\n<\/tr>\n<tr style=\"height: 14px;\">\n<td style=\"width: 611px; height: 14px;\">Uno de los detalles m\u00e1s importantes que hay que tener en cuenta cuando organicemos una fiesta de cumplea\u00f1os, eventos religiosos, u otros eventos para que sea mas inolvidable y llena de gratos recuerdos ofrecemos hacer la grabaci\u00f3n del v\u00eddeo y fotograf\u00edas para tu \u00e1lbum y CD.<\/td>\n<\/tr>\n<tr style=\"height: 16px;\">\n<td style=\"width: 611px; height: 16px;\"><img loading=\"lazy\" decoding=\"async\" class=\"wp-image-11204 aligncenter\" src=\"http:\/\/nicaragua-travel-guide.com\/site\/wp-content\/uploads\/2016\/06\/sesionfotograficaquiceiglesiamisa.jpg\" alt=\"sesionfotograficaquiceiglesiamisa\" width=\"807\" height=\"563\" \/><\/td>\n<\/tr>\n<tr style=\"height: 9px;\">\n<td style=\"width: 611px; height: 9px;\">Hay que pensar que ser\u00e1 un momento \u00fanico e irrepetible, un recuerdo para toda la vida, por lo que es necesario contar con fot\u00f3grafos altamente profesionales y de calidad demostrada que realicen un trabajo excelente y logren que la imagen quede plasmada por siempre en cada una de las tomas&#8230; S\u00f3lo imag\u00ednate lo que representan las fotos de boda o matrimonio civil y eclesi\u00e1stico y las de la luna de miel con el pasar de los a\u00f1os&#8230;realmente vale la pena!.<\/p>\n<p>Tomarse una foto sera un recuerdo para toda tu vida de esos d\u00edas donde eres protagonista de tus eventos hist\u00f3ricos!<\/td>\n<\/tr>\n<tr style=\"height: 8px;\">\n<td style=\"width: 611px; height: 8px;\"><img loading=\"lazy\" decoding=\"async\" class=\"alignnone size-full wp-image-11203\" src=\"http:\/\/nicaragua-travel-guide.com\/site\/wp-content\/uploads\/2016\/06\/headerfotografovideoboda.jpg\" alt=\"headerfotografovideoboda\" width=\"1025\" height=\"345\" srcset=\"https:\/\/nicaragua-travel-guide.com\/site\/wp-content\/uploads\/2016\/06\/headerfotografovideoboda.jpg 1025w, https:\/\/nicaragua-travel-guide.com\/site\/wp-content\/uploads\/2016\/06\/headerfotografovideoboda-600x202.jpg 600w\" sizes=\"(max-width: 1025px) 100vw, 1025px\" \/><\/td>\n<\/tr>\n<tr style=\"height: 8px;\">\n<td style=\"width: 611px; height: 8px;\">Por mayor informaci\u00f3n y reservacion <strong>Contactarnos<\/strong><\/td>\n<\/tr>\n<\/tbody>\n<\/table>\n<p>&nbsp;<\/p>\n<p>&nbsp;<\/p>\n<p>&nbsp;<\/p>\n<p>&nbsp;<\/p>\n<p>&nbsp;<\/p>\n<p>&nbsp;<\/p>\n<p>&nbsp;<\/p>\n<p>&nbsp;<\/p>\n","protected":false},"excerpt":{"rendered":"<p>Ofrecemos servicio de fot\u00f3grafos profesionales para darle cobertura fotogr\u00e1fica en sus fiestas y reuniones especiales, sesi\u00f3n de fotograf\u00eda particular y v\u00eddeo grabaci\u00f3n: Fotograf\u00eda y v\u00eddeo: Uno de los detalles m\u00e1s importantes que hay que tener en cuenta cuando organicemos una fiesta de cumplea\u00f1os, eventos religiosos, u otros eventos para que sea mas inolvidable y llena [&hellip;]<\/p>\n","protected":false},"author":2,"featured_media":0,"parent":0,"menu_order":0,"comment_status":"closed","ping_status":"closed","template":"","meta":{"footnotes":""},"_links":{"self":[{"href":"https:\/\/nicaragua-travel-guide.com\/site\/wp-json\/wp\/v2\/pages\/5192"}],"collection":[{"href":"https:\/\/nicaragua-travel-guide.com\/site\/wp-json\/wp\/v2\/pages"}],"about":[{"href":"https:\/\/nicaragua-travel-guide.com\/site\/wp-json\/wp\/v2\/types\/page"}],"author":[{"embeddable":true,"href":"https:\/\/nicaragua-travel-guide.com\/site\/wp-json\/wp\/v2\/users\/2"}],"replies":[{"embeddable":true,"href":"https:\/\/nicaragua-travel-guide.com\/site\/wp-json\/wp\/v2\/comments?post=5192"}],"version-history":[{"count":12,"href":"https:\/\/nicaragua-travel-guide.com\/site\/wp-json\/wp\/v2\/pages\/5192\/revisions"}],"predecessor-version":[{"id":11207,"href":"https:\/\/nicaragua-travel-guide.com\/site\/wp-json\/wp\/v2\/pages\/5192\/revisions\/11207"}],"wp:attachment":[{"href":"https:\/\/nicaragua-travel-guide.com\/site\/wp-json\/wp\/v2\/media?parent=5192"}],"curies":[{"name":"wp","href":"https:\/\/api.w.org\/{rel}","templated":true}]}}