{"id":5194,"date":"2016-06-22T23:39:30","date_gmt":"2016-06-22T23:39:30","guid":{"rendered":"http:\/\/nicaragua-travel-guide.com\/site\/?page_id=5194"},"modified":"2016-08-20T05:47:13","modified_gmt":"2016-08-20T05:47:13","slug":"diseno-web","status":"publish","type":"page","link":"https:\/\/nicaragua-travel-guide.com\/site\/diseno-web\/","title":{"rendered":"Dise\u00f1o Web"},"content":{"rendered":"<table style=\"width: 904px;\" border=\"0\">\n<tbody>\n<tr style=\"height: 28px;\">\n<td style=\"height: 28px; width: 20px;\" colspan=\"2\" valign=\"top\" bgcolor=\"#FFFFFF\"><img loading=\"lazy\" decoding=\"async\" class=\"alignnone wp-image-5691\" src=\"http:\/\/nicaragua-travel-guide.com\/site\/wp-content\/uploads\/2016\/06\/header-diseno-paginas-web-nicaragua-travel-guide-1.jpg\" alt=\"header-diseno-paginas-web-nicaragua-travel-guide\" width=\"936\" height=\"315\" srcset=\"https:\/\/nicaragua-travel-guide.com\/site\/wp-content\/uploads\/2016\/06\/header-diseno-paginas-web-nicaragua-travel-guide-1.jpg 1025w, https:\/\/nicaragua-travel-guide.com\/site\/wp-content\/uploads\/2016\/06\/header-diseno-paginas-web-nicaragua-travel-guide-1-600x202.jpg 600w\" sizes=\"(max-width: 936px) 100vw, 936px\" \/><\/td>\n<\/tr>\n<tr style=\"height: 30px;\">\n<td style=\"width: 20px; background-color: #f7f1d7; height: 30px;\" colspan=\"2\" valign=\"top\" bgcolor=\"#FFFFFF\">\n<table style=\"width: 917.3333740234375px;\" border=\"0\">\n<tbody>\n<tr>\n<td style=\"width: 218px; background-color: #f5f507;\" bgcolor=\"#FFFF00\">Alojamiento \u00a0y Dominio<\/td>\n<td style=\"width: 182px; background-color: #f143f7;\" bgcolor=\"#FF0033\">Dise\u00f1o p\u00e1ginas web<\/td>\n<td style=\"width: 296px; background-color: #32e5fc;\" bgcolor=\"#0066FF\">Edici\u00f3n de texto y dise\u00f1o gr\u00e1fico<\/td>\n<td style=\"width: 214.3333740234375px; background-color: #35a106;\" bgcolor=\"#009900\">\u00a0Publicidad digital impresa<\/td>\n<\/tr>\n<\/tbody>\n<\/table>\n<\/td>\n<\/tr>\n<tr style=\"height: 206px;\">\n<td style=\"width: 20px; background-color: #f7f1d7; height: 206px;\" colspan=\"2\" valign=\"top\" bgcolor=\"#0033FF\">Promoci\u00f3n de centro de impresi\u00f3n digital en Nicaragua.<\/p>\n<p>Ofrecemos una amplia variedad de servicios que van desde la impresi\u00f3n de tarjetas, afiches, stikers, papeler\u00eda corporativa, pasando por impresiones para camisetas en transfer y vinilo. Adem\u00e1s contamos con servicio de impresi\u00f3n a gran formato, como gigantografias, roll ups en papel fotogr\u00e1fico, vinil, transl\u00facido; tanto para interiores y exteriores.<\/p>\n<p>Los a\u00f1os en el mercado nos han servido para crecer a nivel profesional y tecnol\u00f3gico para ofrecer los mejores servicios de impresi\u00f3n digital y dise\u00f1o gr\u00e1fico.<\/td>\n<\/tr>\n<tr style=\"height: 3px;\">\n<td style=\"height: 3px; width: 20px; background-color: #ffffff; border-color: #ffffff;\" colspan=\"2\" valign=\"top\" bgcolor=\"#FFFFFF\">\n<table style=\"height: 199px; width: 904px;\">\n<tbody>\n<tr>\n<td style=\"width: 171px; background-color: #ffffff; border-color: #ffffff;\"><img loading=\"lazy\" decoding=\"async\" class=\"alignnone size-full wp-image-11676\" src=\"http:\/\/nicaragua-travel-guide.com\/site\/wp-content\/uploads\/2016\/06\/serigrafiacamisetascuello.jpg\" alt=\"serigrafiacamisetascuello\" width=\"225\" height=\"225\" srcset=\"https:\/\/nicaragua-travel-guide.com\/site\/wp-content\/uploads\/2016\/06\/serigrafiacamisetascuello.jpg 225w, https:\/\/nicaragua-travel-guide.com\/site\/wp-content\/uploads\/2016\/06\/serigrafiacamisetascuello-100x100.jpg 100w, https:\/\/nicaragua-travel-guide.com\/site\/wp-content\/uploads\/2016\/06\/serigrafiacamisetascuello-200x200.jpg 200w\" sizes=\"(max-width: 225px) 100vw, 225px\" \/><\/td>\n<td style=\"width: 168px; background-color: #ffffff; border-color: #ffffff;\"><img loading=\"lazy\" decoding=\"async\" class=\"alignnone wp-image-11680\" src=\"http:\/\/nicaragua-travel-guide.com\/site\/wp-content\/uploads\/2016\/06\/serigrafiadelantal.jpg\" alt=\"serigrafiadelantal\" width=\"170\" height=\"170\" srcset=\"https:\/\/nicaragua-travel-guide.com\/site\/wp-content\/uploads\/2016\/06\/serigrafiadelantal.jpg 225w, https:\/\/nicaragua-travel-guide.com\/site\/wp-content\/uploads\/2016\/06\/serigrafiadelantal-100x100.jpg 100w, https:\/\/nicaragua-travel-guide.com\/site\/wp-content\/uploads\/2016\/06\/serigrafiadelantal-200x200.jpg 200w\" sizes=\"(max-width: 170px) 100vw, 170px\" \/><\/td>\n<td style=\"width: 195px; background-color: #ffffff; border-color: #ffffff;\"><img loading=\"lazy\" decoding=\"async\" class=\"alignnone  wp-image-11678\" src=\"http:\/\/nicaragua-travel-guide.com\/site\/wp-content\/uploads\/2016\/06\/disenograficoserigrafiataza.jpg\" alt=\"disenograficoserigrafiataza\" width=\"181\" height=\"115\" \/><\/td>\n<td style=\"width: 189px; background-color: #ffffff; border-color: #ffffff;\"><img loading=\"lazy\" decoding=\"async\" class=\"alignnone size-medium wp-image-11679\" src=\"http:\/\/nicaragua-travel-guide.com\/site\/wp-content\/uploads\/2016\/06\/disenografimpresionarticulospromocionales.jpg\" alt=\"disenografimpresionarticulospromocionales\" width=\"934\" height=\"508\" srcset=\"https:\/\/nicaragua-travel-guide.com\/site\/wp-content\/uploads\/2016\/06\/disenografimpresionarticulospromocionales.jpg 934w, https:\/\/nicaragua-travel-guide.com\/site\/wp-content\/uploads\/2016\/06\/disenografimpresionarticulospromocionales-600x326.jpg 600w\" sizes=\"(max-width: 934px) 100vw, 934px\" \/><\/td>\n<td style=\"width: 153px; background-color: #ffffff; border-color: #ffffff;\"><img loading=\"lazy\" decoding=\"async\" class=\"alignnone  wp-image-11677\" src=\"http:\/\/nicaragua-travel-guide.com\/site\/wp-content\/uploads\/2016\/06\/disenograficocdquinceanosvideofotos.jpg\" alt=\"disenograficocdquinceanosvideofotos\" width=\"145\" height=\"145\" srcset=\"https:\/\/nicaragua-travel-guide.com\/site\/wp-content\/uploads\/2016\/06\/disenograficocdquinceanosvideofotos.jpg 192w, https:\/\/nicaragua-travel-guide.com\/site\/wp-content\/uploads\/2016\/06\/disenograficocdquinceanosvideofotos-100x100.jpg 100w\" sizes=\"(max-width: 145px) 100vw, 145px\" \/><\/td>\n<\/tr>\n<\/tbody>\n<\/table>\n<\/td>\n<\/tr>\n<tr style=\"height: 21px;\">\n<td style=\"height: 21px; width: 20px; background-color: #d2f9fa;\" colspan=\"2\" valign=\"top\" bgcolor=\"#000000\">Material publicitario y\u00a0papeler\u00eda\u00a0impresa<\/td>\n<\/tr>\n<tr style=\"height: 118px;\">\n<td style=\"height: 118px; width: 20px; background-color: #f7f1d7;\" colspan=\"2\" valign=\"top\" bgcolor=\"#0033FF\">\n<table style=\"width: 912px;\" border=\"0\">\n<tbody>\n<tr>\n<td style=\"width: 462px; background-color: #f7f1d7; border-color: #f7f1d7;\">Trae tu idea y te haremos todo en el ramo:<\/p>\n<p>Arte fotoshop<\/p>\n<p>Dise\u00f1o Gr\u00e1fico<\/p>\n<p>Todo en publicidad<\/p>\n<p>Tarjetas papeler\u00eda impresa<\/p>\n<p>R\u00f3tulos y vanners impresos<\/p>\n<p>Ponemos cada detalle para su mayor satisfacci\u00f3n.<\/td>\n<td style=\"width: 462px; background-color: #f7f1d7; border-color: #f7f1d7;\"><\/td>\n<\/tr>\n<\/tbody>\n<\/table>\n<\/td>\n<\/tr>\n<tr style=\"height: 21px;\">\n<td style=\"height: 21px; width: 20px; background-color: #f7d0d0;\" colspan=\"2\" valign=\"top\" bgcolor=\"#FF0000\">Dise\u00f1o Gr\u00e1fico<\/td>\n<\/tr>\n<tr style=\"height: 91px;\">\n<td style=\"height: 91px; width: 20px; background-color: #f7f1d7;\" colspan=\"2\" valign=\"top\" bgcolor=\"#0033FF\">\u00a0Nuestra creatividad para artes cuenta con un equipo de trabajo profesional de dise\u00f1adores gr\u00e1ficos que le ayudar\u00e1n a dar forma a sus ideas para la imagen de su empresa o negocio. Trabajamos para la satisfacci\u00f3n de nuestros clientes dando asesor\u00eda en la elaboraci\u00f3n del arte.<\/td>\n<\/tr>\n<tr style=\"height: 21px;\">\n<td style=\"height: 21px; width: 20px; background-color: #fcf4b6;\" colspan=\"2\" valign=\"top\" bgcolor=\"#FFFF00\">Material para eventos<\/td>\n<\/tr>\n<tr style=\"height: 62px;\">\n<td style=\"height: 62px; width: 20px; background-color: #f7f1d7;\" colspan=\"2\" valign=\"top\" bgcolor=\"#0033FF\">\u00a0Realizamos material para sus eventos, seminarios, exposiciones, ferias, congresos, lanzamiento de productos. Con la calidad y profesionalismo que requieren la elaboraci\u00f3n de: Identificaciones Diplomas Esf\u00e9ros Invitaciones Folletos Cuadernos Libretas Stickers Flyers Raspaditas Cd\u00b4s Presentaciones Gigantograf\u00edas Roll Ups Paginas web<\/td>\n<\/tr>\n<tr style=\"height: 25px;\">\n<td style=\"height: 25px; width: 20px; background-color: #fae4c5;\" colspan=\"2\" valign=\"top\" bgcolor=\"#FF6600\">Art\u00edculos promocionales<\/td>\n<\/tr>\n<tr style=\"height: 33px;\">\n<td style=\"height: 33px; width: 20px; background-color: #f7f1d7;\" colspan=\"2\" valign=\"top\" bgcolor=\"#0033FF\">\u00a0La mejor forma de estar en la mente de tus clientes con art\u00edculos promocionales, entre estos tenemos Botones Imanes,Calcomanias, sellos,<\/td>\n<\/tr>\n<tr style=\"height: 25px;\">\n<td style=\"height: 25px; width: 20px; background-color: #d7f2d0;\" colspan=\"2\" valign=\"top\" bgcolor=\"#00FF00\">.Fotograf\u00eda digital<\/td>\n<\/tr>\n<tr style=\"height: 33px;\">\n<td style=\"height: 33px; width: 20px; background-color: #f7f1d7;\" colspan=\"2\" valign=\"top\" bgcolor=\"#0033FF\">\u00a0Ofrecemos servicio de fotograf\u00eda digital en alta resoluci\u00f3n, con el profesionalismo que demande el producto final, asi como para impresos en grandes y peque\u00f1os formatos,\u00a0 tambien para usar en web: Fotos para portadas Fotos para cat\u00e1logos de productos Fotograf\u00edas con retoque\u00a0 y edici\u00f3n digital (calibraci\u00f3n, recortes, fotomontajes)<\/td>\n<\/tr>\n<tr style=\"height: 11px;\">\n<td style=\"height: 11px; width: 20px; background-color: #cbf7ee;\" colspan=\"2\" valign=\"top\" bgcolor=\"#66FFFF\">Impresi\u00f3n Offiset<\/td>\n<\/tr>\n<tr style=\"height: 12px;\">\n<td style=\"height: 12px; width: 20px; background-color: #f7f1d7;\" colspan=\"2\" valign=\"top\" bgcolor=\"#0033FF\">\u00a0El mejor servicio en Impresi\u00f3n Offiset que es ideal para trabajos de grandes tirajes y mejores acabados finales. Entre la variedad de estos productos tenemos la producci\u00f3n de: Revistas, Folletos, Flyers Dipticos Tripticos, Brochures, Afiches, etc&#8230;<\/td>\n<\/tr>\n<tr style=\"height: 11px;\">\n<td style=\"height: 11px; width: 20px; background-color: #ebd5f7;\" colspan=\"2\" valign=\"top\" bgcolor=\"#9933CC\">Impresi\u00f3n\u00a0Digital<\/td>\n<\/tr>\n<tr style=\"height: 12px;\">\n<td style=\"height: 12px; width: 20px; background-color: #f7f1d7;\" colspan=\"2\" valign=\"top\" bgcolor=\"#0033FF\">\u00a0Lo \u00faltimo en impresi\u00f3n digital, ideal para trabajos express de calidad y servicio, con la velocidad que caracteriza a la Impresi\u00f3n Digital con varios productos para cat\u00e1logo entre estos: Tarjetas de presentaci\u00f3n Afiches Portadas de cd Identificaciones, Invitaciones Certificados, Diplomas, etc&#8230;<\/td>\n<\/tr>\n<tr style=\"height: 26px;\">\n<td style=\"height: 26px; width: 20px; background-color: #0ab2f5;\" colspan=\"2\" valign=\"bottom\" bgcolor=\"#FF0000\">Por mayor informacion y reservacion <strong>Contactarnos<\/strong><\/td>\n<\/tr>\n<\/tbody>\n<\/table>\n","protected":false},"excerpt":{"rendered":"<p>Alojamiento \u00a0y Dominio Dise\u00f1o p\u00e1ginas web Edici\u00f3n de texto y dise\u00f1o gr\u00e1fico \u00a0Publicidad digital impresa Promoci\u00f3n de centro de impresi\u00f3n digital en Nicaragua. Ofrecemos una amplia variedad de servicios que van desde la impresi\u00f3n de tarjetas, afiches, stikers, papeler\u00eda corporativa, pasando por impresiones para camisetas en transfer y vinilo. Adem\u00e1s contamos con servicio de impresi\u00f3n [&hellip;]<\/p>\n","protected":false},"author":2,"featured_media":0,"parent":0,"menu_order":0,"comment_status":"closed","ping_status":"closed","template":"","meta":{"footnotes":""},"_links":{"self":[{"href":"https:\/\/nicaragua-travel-guide.com\/site\/wp-json\/wp\/v2\/pages\/5194"}],"collection":[{"href":"https:\/\/nicaragua-travel-guide.com\/site\/wp-json\/wp\/v2\/pages"}],"about":[{"href":"https:\/\/nicaragua-travel-guide.com\/site\/wp-json\/wp\/v2\/types\/page"}],"author":[{"embeddable":true,"href":"https:\/\/nicaragua-travel-guide.com\/site\/wp-json\/wp\/v2\/users\/2"}],"replies":[{"embeddable":true,"href":"https:\/\/nicaragua-travel-guide.com\/site\/wp-json\/wp\/v2\/comments?post=5194"}],"version-history":[{"count":10,"href":"https:\/\/nicaragua-travel-guide.com\/site\/wp-json\/wp\/v2\/pages\/5194\/revisions"}],"predecessor-version":[{"id":11685,"href":"https:\/\/nicaragua-travel-guide.com\/site\/wp-json\/wp\/v2\/pages\/5194\/revisions\/11685"}],"wp:attachment":[{"href":"https:\/\/nicaragua-travel-guide.com\/site\/wp-json\/wp\/v2\/media?parent=5194"}],"curies":[{"name":"wp","href":"https:\/\/api.w.org\/{rel}","templated":true}]}}