{"id":5198,"date":"2016-06-22T23:43:03","date_gmt":"2016-06-22T23:43:03","guid":{"rendered":"http:\/\/nicaragua-travel-guide.com\/site\/?page_id=5198"},"modified":"2023-04-20T13:14:08","modified_gmt":"2023-04-20T19:14:08","slug":"formulacion-y-evaluacion-de-proyectos","status":"publish","type":"page","link":"https:\/\/nicaragua-travel-guide.com\/site\/formulacion-y-evaluacion-de-proyectos\/","title":{"rendered":"Consultor\u00eda"},"content":{"rendered":"<h4><img loading=\"lazy\" decoding=\"async\" class=\"aligncenter size-full wp-image-7334\" src=\"https:\/\/nicaragua-travel-guide.com\/site\/wp-content\/uploads\/2016\/07\/header-formulacion-y-evaluacion-de-proyectos-de-inversion.jpg\" alt=\"\" width=\"1025\" height=\"345\" srcset=\"https:\/\/nicaragua-travel-guide.com\/site\/wp-content\/uploads\/2016\/07\/header-formulacion-y-evaluacion-de-proyectos-de-inversion.jpg 1025w, https:\/\/nicaragua-travel-guide.com\/site\/wp-content\/uploads\/2016\/07\/header-formulacion-y-evaluacion-de-proyectos-de-inversion-600x202.jpg 600w\" sizes=\"(max-width: 1025px) 100vw, 1025px\" \/>Consultor\u00eda Empresarial<\/h4>\n\n\n<p>Mediante la&nbsp;<strong>consultor\u00eda Organizacional<\/strong>, se vincula y coopera con el medio empresarial, para la transferencia del conocimiento, de manera que le permita ser din\u00e1mica en la soluci\u00f3n de problemas y en la satisfacci\u00f3n de necesidades que conduzca al mejoramiento de la calidad de vida.<\/p>\n\n\n\n<h2 class=\"wp-block-heading\">Objetivo<\/h2>\n\n\n\n<p>Proporcionar a las empresas p\u00fablicas y privadas los fundamentos, metodolog\u00edas, herramientas y apoyo profesional especializado, soluciones orientadas al logro de un desarrollo integrado y arm\u00f3nico de las funciones organizacionales involucradas.<\/p>\n\n\n\n<h2 class=\"wp-block-heading\">Portafolio Servicios de Consultor\u00eda<\/h2>\n\n\n\n<h3 class=\"wp-block-heading\">\u00c1rea de Administraci\u00f3n de Empresas:<\/h3>\n\n\n\n<ul><li>Planeaci\u00f3n estrat\u00e9gica.<\/li><li>Sistemas de informaci\u00f3n administrativa.<\/li><li>Diagn\u00f3sticos de clima organizacional.<\/li><li>An\u00e1lisis de competitividad.<\/li><li>Dise\u00f1o de programas, cursos y seminarios para el desarrollo de competencias administrativas y laborales.<\/li><li>Construcci\u00f3n de Indicadores de Gesti\u00f3n.<\/li><li>An\u00e1lisis de Imagen Corporativa e Intervenci\u00f3n.<\/li><\/ul>\n\n\n\n<h3 class=\"wp-block-heading\">\u00c1rea de Contadur\u00eda:<\/h3>\n\n\n\n<ul><li>Estudios de peritazgo.<\/li><li>Asistencias contables.<\/li><li>Actualizaci\u00f3n tributaria.<\/li><\/ul>\n\n\n\n<h3 class=\"wp-block-heading\">\u00c1rea de Econom\u00eda:<\/h3>\n\n\n\n<ul><li>An\u00e1lisis de pol\u00edticas sectoriales y gremiales.<\/li><li>An\u00e1lisis de impactos de la Globalizaci\u00f3n.<\/li><\/ul>\n\n\n\n<h3 class=\"wp-block-heading\">\u00c1rea de Administraci\u00f3n Tur\u00edstica y Hotelera:<\/h3>\n\n\n\n<ul><li>Gastronom\u00eda y operaci\u00f3n de restaurantes.<\/li><li>Mercadeo tur\u00edstico.<\/li><li>Organizaci\u00f3n de eventos.<\/li><li>Planificaci\u00f3n del turismo local, regional y nacional.<\/li><li>Planeaci\u00f3n y desarrollo de modalidades tur\u00edsticas; Ecoturismo, Agroturismo y Turismo Rural.<\/li><li>Calidad en el servicio.<\/li><li>Guianza especializada.<\/li><li>Definici\u00f3n de imagen y producto tur\u00edstico.<\/li><\/ul>\n\n\n\n<h3 class=\"wp-block-heading\">\u00c1rea de Ingenier\u00eda Financiera:<\/h3>\n\n\n\n<ul><li>Factibilidad de proyectos de inversi\u00f3n.<\/li><li>Evaluaci\u00f3n financiera de proyectos de inversi\u00f3n.<\/li><li>Valoraci\u00f3n de Empresas.<\/li><li>Pron\u00f3sticos y proyecciones financieras.<\/li><li>Estudios de costos y presupuestos.<\/li><li>An\u00e1lisis, Evaluaci\u00f3n y recomendaciones para empresas en problemas financieros.<\/li><li>Fusiones y adquisiciones.<\/li><li>Estructuraciones Financieras.<\/li><li>Dise\u00f1o de modelos financieros.<\/li><li>Estudios de viabilidad.<\/li><li>Determinaci\u00f3n de necesidades de financiaci\u00f3n.<\/li><\/ul>\n\n\n\n<h3 class=\"wp-block-heading\">\u00c1rea de Ingenier\u00eda de Mercados:<\/h3>\n\n\n\n<ul><li>Formulaci\u00f3n de estrategias de mercadeo.<\/li><li>Investigaciones de mercados.<\/li><li>An\u00e1lisis de mercados.<\/li><\/ul>\n\n\n\n<h3 class=\"wp-block-heading\">\u00c1rea de Ingenier\u00eda de Sistemas:<\/h3>\n\n\n\n<ul><li>Dise\u00f1o de aplicaciones especiales.<\/li><li>Consultor\u00eda en la implementaci\u00f3n de sistemas empresariales.<\/li><li>Capacitaci\u00f3n a personal Corporativo en TIC\u2019s.<\/li><li>Dise\u00f1o y asesor\u00eda en redes de computo.<\/li><li>Dise\u00f1o y asesor\u00eda en redes inal\u00e1mbricas.<\/li><li>Dise\u00f1o y asesor\u00eda en gesti\u00f3n y servicios de redes.<\/li><li>Redes de computadores.<\/li><li>Evaluaci\u00f3n de infraestructura de redes.<\/li><li>Asesor\u00eda en servicios y servidores para intranet e Internet.<\/li><\/ul>\n\n\n\n<h3 class=\"wp-block-heading\">\u00c1rea de Comunicaci\u00f3n Social:<\/h3>\n\n\n\n<ul><li>Producci\u00f3n, realizaci\u00f3n y asesor\u00eda de programas institucionales.<\/li><li>Elaboraci\u00f3n de videos institucionales.<\/li><li>Asesor\u00eda en comunicaci\u00f3n organizacional.<\/li><\/ul>\n\n\n\n<h3 class=\"wp-block-heading\">\u00c1rea de Psicolog\u00eda:<\/h3>\n\n\n\n<ul><li>Aplicaci\u00f3n de pruebas psicot\u00e9cnicas.<\/li><li>Procesos de selecci\u00f3n de personal para entidades privadas y p\u00fablicas.<\/li><\/ul>\n\n\n\n<h3 class=\"wp-block-heading\">Programas de Formaci\u00f3n Corporativa:<\/h3>\n\n\n\n<ul><li>Desarrollo de habilidades directivas.<\/li><li>Desarrollo administrativo y gerencial.<\/li><li>Fortalecimiento organizacional.<\/li><li>Finanzas para no financieros.<\/li><li>Capacitaci\u00f3n en an\u00e1lisis de estados financieros.<\/li><li>Gesti\u00f3n financiera y de mercados para el sector cooperativo.<\/li><li>Mercadeo y ventas.<\/li><li>Servicio al cliente.<\/li><li>Formaci\u00f3n de formadores.<\/li><li>Etiqueta y protocolo.<\/li><li>Capacitaci\u00f3n en JAVA.<\/li><li>Capacitaci\u00f3n en Balance Score Card.<\/li><li>Gesti\u00f3n humana por competencias.<\/li><\/ul>\n","protected":false},"excerpt":{"rendered":"<p>Consultor\u00eda Empresarial Mediante la&nbsp;consultor\u00eda Organizacional, se vincula y coopera con el medio empresarial, para la transferencia del conocimiento, de manera que le permita ser din\u00e1mica en la soluci\u00f3n de problemas y en la satisfacci\u00f3n de necesidades que conduzca al mejoramiento de la calidad de vida. Objetivo Proporcionar a las empresas p\u00fablicas y privadas los fundamentos, [&hellip;]<\/p>\n","protected":false},"author":2,"featured_media":0,"parent":0,"menu_order":0,"comment_status":"closed","ping_status":"closed","template":"","meta":{"footnotes":""},"_links":{"self":[{"href":"https:\/\/nicaragua-travel-guide.com\/site\/wp-json\/wp\/v2\/pages\/5198"}],"collection":[{"href":"https:\/\/nicaragua-travel-guide.com\/site\/wp-json\/wp\/v2\/pages"}],"about":[{"href":"https:\/\/nicaragua-travel-guide.com\/site\/wp-json\/wp\/v2\/types\/page"}],"author":[{"embeddable":true,"href":"https:\/\/nicaragua-travel-guide.com\/site\/wp-json\/wp\/v2\/users\/2"}],"replies":[{"embeddable":true,"href":"https:\/\/nicaragua-travel-guide.com\/site\/wp-json\/wp\/v2\/comments?post=5198"}],"version-history":[{"count":7,"href":"https:\/\/nicaragua-travel-guide.com\/site\/wp-json\/wp\/v2\/pages\/5198\/revisions"}],"predecessor-version":[{"id":16824,"href":"https:\/\/nicaragua-travel-guide.com\/site\/wp-json\/wp\/v2\/pages\/5198\/revisions\/16824"}],"wp:attachment":[{"href":"https:\/\/nicaragua-travel-guide.com\/site\/wp-json\/wp\/v2\/media?parent=5198"}],"curies":[{"name":"wp","href":"https:\/\/api.w.org\/{rel}","templated":true}]}}