{"id":5202,"date":"2016-06-22T23:46:25","date_gmt":"2016-06-22T23:46:25","guid":{"rendered":"http:\/\/nicaragua-travel-guide.com\/site\/?page_id=5202"},"modified":"2023-04-20T14:25:53","modified_gmt":"2023-04-20T20:25:53","slug":"asesoria-legal","status":"publish","type":"page","link":"https:\/\/nicaragua-travel-guide.com\/site\/asesoria-legal\/","title":{"rendered":"Asesor Legal"},"content":{"rendered":"\n<div class=\"wp-block-image\"><figure class=\"aligncenter size-large\"><img loading=\"lazy\" decoding=\"async\" width=\"1025\" height=\"345\" src=\"https:\/\/nicaragua-travel-guide.com\/site\/wp-content\/uploads\/2016\/06\/header-serviciode-abogado-profesional-legal.jpg\" alt=\"\" class=\"wp-image-5205\" srcset=\"https:\/\/nicaragua-travel-guide.com\/site\/wp-content\/uploads\/2016\/06\/header-serviciode-abogado-profesional-legal.jpg 1025w, https:\/\/nicaragua-travel-guide.com\/site\/wp-content\/uploads\/2016\/06\/header-serviciode-abogado-profesional-legal-600x202.jpg 600w\" sizes=\"(max-width: 1025px) 100vw, 1025px\" \/><figcaption>*<strong>Documents<\/strong><\/figcaption><\/figure><\/div>\n\n\n\n<ol><li>Servicio de traducci\u00f3n biling\u00fce ingl\u00e9s\/ espa\u00f1ol\/ franc\u00e9s \/ japon\u00e9s<\/li><li>Tramite Migratorio y consular<\/li><li>Bienes ra\u00edces<\/li><li>Registro civil<\/li><li>Asesor\u00eda<\/li><li>Litigios<\/li><\/ol>\n\n\n\n<p>Por mayor informaci\u00f3n y reservaci\u00f3n Contactarnos<\/p>\n\n\n","protected":false},"excerpt":{"rendered":"<p>Servicio de traducci\u00f3n biling\u00fce ingl\u00e9s\/ espa\u00f1ol\/ franc\u00e9s \/ japon\u00e9s Tramite Migratorio y consular Bienes ra\u00edces Registro civil Asesor\u00eda Litigios Por mayor informaci\u00f3n y reservaci\u00f3n Contactarnos<\/p>\n","protected":false},"author":2,"featured_media":0,"parent":0,"menu_order":0,"comment_status":"closed","ping_status":"closed","template":"","meta":{"footnotes":""},"_links":{"self":[{"href":"https:\/\/nicaragua-travel-guide.com\/site\/wp-json\/wp\/v2\/pages\/5202"}],"collection":[{"href":"https:\/\/nicaragua-travel-guide.com\/site\/wp-json\/wp\/v2\/pages"}],"about":[{"href":"https:\/\/nicaragua-travel-guide.com\/site\/wp-json\/wp\/v2\/types\/page"}],"author":[{"embeddable":true,"href":"https:\/\/nicaragua-travel-guide.com\/site\/wp-json\/wp\/v2\/users\/2"}],"replies":[{"embeddable":true,"href":"https:\/\/nicaragua-travel-guide.com\/site\/wp-json\/wp\/v2\/comments?post=5202"}],"version-history":[{"count":11,"href":"https:\/\/nicaragua-travel-guide.com\/site\/wp-json\/wp\/v2\/pages\/5202\/revisions"}],"predecessor-version":[{"id":16837,"href":"https:\/\/nicaragua-travel-guide.com\/site\/wp-json\/wp\/v2\/pages\/5202\/revisions\/16837"}],"wp:attachment":[{"href":"https:\/\/nicaragua-travel-guide.com\/site\/wp-json\/wp\/v2\/media?parent=5202"}],"curies":[{"name":"wp","href":"https:\/\/api.w.org\/{rel}","templated":true}]}}