{"id":5207,"date":"2016-06-22T23:52:46","date_gmt":"2016-06-22T23:52:46","guid":{"rendered":"http:\/\/nicaragua-travel-guide.com\/site\/?page_id=5207"},"modified":"2023-04-20T15:25:57","modified_gmt":"2023-04-20T21:25:57","slug":"ongs","status":"publish","type":"page","link":"https:\/\/nicaragua-travel-guide.com\/site\/ongs\/","title":{"rendered":"ONG&#8217;S"},"content":{"rendered":"<p><img loading=\"lazy\" decoding=\"async\" class=\"size-full wp-image-5208 aligncenter\" src=\"https:\/\/nicaragua-travel-guide.com\/site\/wp-content\/uploads\/2016\/06\/header-ongs-nicaragua-volunteering-activities.jpg\" alt=\"\" width=\"1025\" height=\"345\" srcset=\"https:\/\/nicaragua-travel-guide.com\/site\/wp-content\/uploads\/2016\/06\/header-ongs-nicaragua-volunteering-activities.jpg 1025w, https:\/\/nicaragua-travel-guide.com\/site\/wp-content\/uploads\/2016\/06\/header-ongs-nicaragua-volunteering-activities-600x202.jpg 600w\" sizes=\"(max-width: 1025px) 100vw, 1025px\" \/><\/p>\n\n\n<div class=\"wp-block-columns is-layout-flex wp-container-core-columns-is-layout-5 wp-block-columns-is-layout-flex\">\n<div class=\"wp-block-column is-layout-flow wp-block-column-is-layout-flow\" style=\"flex-basis:100%\">\n<div class=\"wp-block-columns is-layout-flex wp-container-core-columns-is-layout-4 wp-block-columns-is-layout-flex\">\n<div class=\"wp-block-column is-layout-flow wp-block-column-is-layout-flow\" style=\"flex-basis:100%\">\n<p>Por tu estad\u00eda en Granada Nicaragua si deseas hacer actividades de servicio social y humanitario con\u00a0<strong>ONG\u00b4S<\/strong>\u00a0 Cristianas, de ense\u00f1anza, \u00a0social en escuelas de la ciudad, centros culturales y \u00e1reas rurales, para colaborar en la comunidad con tu servicio voluntario, promoviendo la cultura e intercambiando tus ideas con ni\u00f1os y j\u00f3venes impartiendo tus conocimientos y destrezas art\u00edsticas, pintura, m\u00fasica, teatro, danza, lectura, clases de idioma, elaboraci\u00f3n de cer\u00e1mica, artesan\u00eda, construcci\u00f3n, etc..<\/p>\n\n\n\n<p>Presentamos las opciones de participar como asistentes voluntarios en las siguientes organizaciones:<\/p>\n\n\n\n<div class=\"wp-block-group\"><div class=\"wp-block-group__inner-container is-layout-flow wp-block-group-is-layout-flow\">\n<div class=\"wp-block-columns is-layout-flex wp-container-core-columns-is-layout-3 wp-block-columns-is-layout-flex\">\n<div class=\"wp-block-column is-layout-flow wp-block-column-is-layout-flow\" style=\"flex-basis:100%\">\n<div class=\"wp-block-columns are-vertically-aligned-center is-layout-flex wp-container-core-columns-is-layout-2 wp-block-columns-is-layout-flex\">\n<div class=\"wp-block-column is-vertically-aligned-center is-layout-flow wp-block-column-is-layout-flow\" style=\"flex-basis:100%\">\n<div class=\"wp-block-group\"><div class=\"wp-block-group__inner-container is-layout-flow wp-block-group-is-layout-flow\">\n<div class=\"wp-block-columns is-layout-flex wp-container-core-columns-is-layout-1 wp-block-columns-is-layout-flex\">\n<div class=\"wp-block-column is-layout-flow wp-block-column-is-layout-flow\" style=\"flex-basis:100%\">\n<figure class=\"wp-block-table aligncenter is-style-regular\"><table><tbody><tr><td><strong>Nombre de la Organizaci\u00f3n<\/strong><\/td><td><strong>Lugar de ubicaci\u00f3n<\/strong><\/td><td><strong>Perfil<\/strong><\/td><td class=\"has-text-align-left\" data-align=\"left\"><strong>P\u00e1gina Web<\/strong><\/td><\/tr><tr><td>1.Fundaci\u00f3n Corpus Christi<\/td><td>Granada<\/td><td>Cristiano<\/td><td class=\"has-text-align-left\" data-align=\"left\"><a rel=\"noreferrer noopener\" href=\"http:\/\/fundacioncorpuschristi.org\/\" target=\"_blank\">http:\/\/fundacioncorpuschristi.org\/<\/a><\/td><\/tr><tr><td>2.La Esperanza Granada<\/td><td>Granada<\/td><td>Social<\/td><td class=\"has-text-align-left\" data-align=\"left\">http:\/\/la-esperanza-granada.org\/<\/td><\/tr><tr><td>3.Fundaci\u00f3n Tres Mundos <\/td><td>Granada<\/td><td>Cultural<\/td><td class=\"has-text-align-left\" data-align=\"left\">http:\/\/www.c3mundos.org\/es<\/td><\/tr><tr><td>4.Tio Antonio Granada <\/td><td>Granada<\/td><td>Social<\/td><td class=\"has-text-align-left\" data-align=\"left\">http:\/\/tioantonio.org\/spa\/spa_content\/calendario.htm<\/td><\/tr><tr><td>5.Carita Feliz- Perfil<\/td><td>Granada<\/td><td>Social<\/td><td class=\"has-text-align-left\" data-align=\"left\">http:\/\/www.caritafeliz.org\/<\/td><\/tr><tr><td>6.Escuela Futbol sin Barrera <\/td><td>Granada<\/td><td>Social<\/td><td class=\"has-text-align-left\" data-align=\"left\">http:\/\/www.soccerwithoutborders.org\/<\/td><\/tr><tr><td>7.Las Casas de la Esperanza <\/td><td>Granada<\/td><td>Social<\/td><td class=\"has-text-align-left\" data-align=\"left\">http:\/\/www.casas-de-la-esperanza.org\/indexes.html<\/td><\/tr><tr><td>8.Voluntarios del Mundo<\/td><td>Granada<\/td><td>Social<\/td><td class=\"has-text-align-left\" data-align=\"left\"><\/td><\/tr><\/tbody><\/table><figcaption>Por mayor informaci\u00f3n y reserva Contactarnos<\/figcaption><\/figure>\n<\/div>\n<\/div>\n<\/div><\/div>\n<\/div>\n<\/div>\n<\/div>\n<\/div>\n<\/div><\/div>\n<\/div>\n<\/div>\n<\/div>\n<\/div>\n\n\n\n<p><\/p>\n","protected":false},"excerpt":{"rendered":"<p>Por tu estad\u00eda en Granada Nicaragua si deseas hacer actividades de servicio social y humanitario con\u00a0ONG\u00b4S\u00a0 Cristianas, de ense\u00f1anza, \u00a0social en escuelas de la ciudad, centros culturales y \u00e1reas rurales, para colaborar en la comunidad con tu servicio voluntario, promoviendo la cultura e intercambiando tus ideas con ni\u00f1os y j\u00f3venes impartiendo tus conocimientos y destrezas [&hellip;]<\/p>\n","protected":false},"author":2,"featured_media":0,"parent":0,"menu_order":0,"comment_status":"closed","ping_status":"closed","template":"","meta":{"footnotes":""},"_links":{"self":[{"href":"https:\/\/nicaragua-travel-guide.com\/site\/wp-json\/wp\/v2\/pages\/5207"}],"collection":[{"href":"https:\/\/nicaragua-travel-guide.com\/site\/wp-json\/wp\/v2\/pages"}],"about":[{"href":"https:\/\/nicaragua-travel-guide.com\/site\/wp-json\/wp\/v2\/types\/page"}],"author":[{"embeddable":true,"href":"https:\/\/nicaragua-travel-guide.com\/site\/wp-json\/wp\/v2\/users\/2"}],"replies":[{"embeddable":true,"href":"https:\/\/nicaragua-travel-guide.com\/site\/wp-json\/wp\/v2\/comments?post=5207"}],"version-history":[{"count":16,"href":"https:\/\/nicaragua-travel-guide.com\/site\/wp-json\/wp\/v2\/pages\/5207\/revisions"}],"predecessor-version":[{"id":16843,"href":"https:\/\/nicaragua-travel-guide.com\/site\/wp-json\/wp\/v2\/pages\/5207\/revisions\/16843"}],"wp:attachment":[{"href":"https:\/\/nicaragua-travel-guide.com\/site\/wp-json\/wp\/v2\/media?parent=5207"}],"curies":[{"name":"wp","href":"https:\/\/api.w.org\/{rel}","templated":true}]}}