{"id":5223,"date":"2016-06-23T00:17:38","date_gmt":"2016-06-23T00:17:38","guid":{"rendered":"http:\/\/nicaragua-travel-guide.com\/site\/?page_id=5223"},"modified":"2016-08-14T23:41:43","modified_gmt":"2016-08-14T23:41:43","slug":"alquiler-de-vehiculo-carro-privado-en-nicaragua","status":"publish","type":"page","link":"https:\/\/nicaragua-travel-guide.com\/site\/alquiler-de-vehiculo-carro-privado-en-nicaragua\/","title":{"rendered":"Carro Privado"},"content":{"rendered":"<table style=\"width: 992px;\" border=\"0\">\n<tbody>\n<tr style=\"height: 335px;\">\n<td style=\"height: 335px; width: 969px;\" colspan=\"3\" bgcolor=\"#FFFFCC\"><img loading=\"lazy\" decoding=\"async\" class=\"alignnone size-full wp-image-5113\" src=\"http:\/\/nicaragua-travel-guide.com\/site\/wp-content\/uploads\/2016\/06\/header-carro-privado-de-alquiler.jpg\" alt=\"header carro privado de alquiler\" width=\"1025\" height=\"345\" srcset=\"https:\/\/nicaragua-travel-guide.com\/site\/wp-content\/uploads\/2016\/06\/header-carro-privado-de-alquiler.jpg 1025w, https:\/\/nicaragua-travel-guide.com\/site\/wp-content\/uploads\/2016\/06\/header-carro-privado-de-alquiler-600x202.jpg 600w\" sizes=\"(max-width: 1025px) 100vw, 1025px\" \/><\/td>\n<\/tr>\n<tr style=\"height: 22px;\">\n<td style=\"height: 22px; width: 969px;\" colspan=\"3\" bgcolor=\"#FFFFCC\"><strong>Alquiler de carros \u00a0privados para viajar en Nicaragua:<\/strong><\/td>\n<\/tr>\n<tr style=\"height: 359px;\">\n<td style=\"height: 359px; width: 969px;\" colspan=\"3\" bgcolor=\"#FFFFFF\">\u00a0\u00a0\u00a0<img loading=\"lazy\" decoding=\"async\" class=\"alignnone size-full wp-image-10929\" src=\"http:\/\/nicaragua-travel-guide.com\/site\/wp-content\/uploads\/2016\/07\/alquilerdecarroparticulargrupo.jpg\" alt=\"alquilerdecarroparticulargrupo\" width=\"1025\" height=\"345\" \/><\/td>\n<\/tr>\n<tr style=\"height: 142px;\">\n<td style=\"height: 142px; width: 969px;\" colspan=\"3\" bgcolor=\"#FFFFCC\"><strong>Somos una empresa dedicada al alquiler de veh\u00edculos<\/strong>, traslados y excursiones en Nicaragua; principalmente enfocados en turistas, sin dejar de lado al cliente local como al corporativo.<\/p>\n<p>Adem\u00e1s de contar con los mejores precios del mercado, nos\u00a0<strong>esforzamos por brindar un servicio personalizado<\/strong>, asistiendo y ayud\u00e1ndote a que disfrutes al m\u00e1ximo tu estad\u00eda en Nicaragua.<\/td>\n<\/tr>\n<tr style=\"height: 21px;\">\n<td style=\"height: 21px; width: 969px;\" colspan=\"3\">\u00a0<img loading=\"lazy\" decoding=\"async\" class=\"alignnone size-full wp-image-10927\" src=\"http:\/\/nicaragua-travel-guide.com\/site\/wp-content\/uploads\/2016\/07\/alquilerdecarrodestinodoslandcruiserp.jpg\" alt=\"alquilerdecarrodestinodoslandcruiserp\" width=\"1025\" height=\"345\" srcset=\"https:\/\/nicaragua-travel-guide.com\/site\/wp-content\/uploads\/2016\/07\/alquilerdecarrodestinodoslandcruiserp.jpg 1025w, https:\/\/nicaragua-travel-guide.com\/site\/wp-content\/uploads\/2016\/07\/alquilerdecarrodestinodoslandcruiserp-600x202.jpg 600w\" sizes=\"(max-width: 1025px) 100vw, 1025px\" \/><\/td>\n<\/tr>\n<tr style=\"height: 208px;\">\n<td style=\"height: 208px; width: 487px;\"><strong>Toyota Land Cruiser Prado \/ Sequoia<\/strong><br \/>\n<strong>Costo diario:<\/strong>\u00a0$75-80-85-90<br \/>\n<strong>Costo mensual:\u00a0<\/strong><br \/>\n<strong>Deposito:<\/strong>\u00a0$300<br \/>\n<strong>Transmisi\u00f3n:<\/strong>\u00a0Autom\u00e1tica\/Mec\u00e1nica<br \/>\n<strong>Pasajeros:<\/strong>\u00a08<\/p>\n<div><span id=\"ContentPlaceHolder1_Repeater1_lblRadio_8\">RADIO\/CD\/MP3<\/span>,<span id=\"ContentPlaceHolder1_Repeater1_lblAC_8\">\u00a0A\/C, 4&#215;4,<\/span>\u00a0Airbags, Espejos el\u00e9ctricos. conexi\u00f3n a Ipod, Alarma.<\/div>\n<\/td>\n<td style=\"height: 208px; width: 67px;\"><\/td>\n<td style=\"height: 208px; width: 415px;\"><strong>Toyota 4runner<\/strong><br \/>\n<strong>Costo diario:<\/strong>\u00a0$75-80-85-90<br \/>\n<strong>Costo mensual:\u00a0<\/strong>$1200<br \/>\n<strong>Deposito:<\/strong>\u00a0$300<br \/>\n<strong>Transmisi\u00f3n:<\/strong>\u00a0Autom\u00e1tica\/Mec\u00e1nica<br \/>\n<strong>Pasajeros:<\/strong>\u00a06<\/p>\n<div><span id=\"ContentPlaceHolder1_Repeater1_lblRadio_\">RADIO\/CD\/MP3<\/span>,<span id=\"ContentPlaceHolder1_Repeater1_lblAC_\">\u00a0A\/C, 4&#215;4,<\/span>\u00a0Airbags, Espejos el\u00e9ctricos. conexi\u00f3n a Ipod, Alarma.<\/div>\n<\/td>\n<\/tr>\n<tr style=\"height: 21px;\">\n<td style=\"height: 21px; width: 969px;\" colspan=\"3\" bgcolor=\"#0000FF\"><\/td>\n<\/tr>\n<tr style=\"height: 21px;\">\n<td style=\"height: 21px; width: 969px;\" colspan=\"3\"><img loading=\"lazy\" decoding=\"async\" class=\"alignnone size-full wp-image-10928\" src=\"http:\/\/nicaragua-travel-guide.com\/site\/wp-content\/uploads\/2016\/07\/alquilerdecarrodestinotresrav4hilux.jpg\" alt=\"alquilerdecarrodestinotresrav4hilux\" width=\"1025\" height=\"345\" srcset=\"https:\/\/nicaragua-travel-guide.com\/site\/wp-content\/uploads\/2016\/07\/alquilerdecarrodestinotresrav4hilux.jpg 1025w, https:\/\/nicaragua-travel-guide.com\/site\/wp-content\/uploads\/2016\/07\/alquilerdecarrodestinotresrav4hilux-600x202.jpg 600w\" sizes=\"(max-width: 1025px) 100vw, 1025px\" \/><\/td>\n<\/tr>\n<tr style=\"height: 190px;\">\n<td style=\"height: 190px; width: 487px;\"><strong>Toyota Rav4<\/strong><br \/>\n<strong>Costo diario:<\/strong>\u00a0$75-80-85-90<br \/>\n<strong>Costo mensual:\u00a0<\/strong><br \/>\n<strong>Deposito:<\/strong>\u00a0$300<br \/>\n<strong>Transmisi\u00f3n:<\/strong>\u00a0Autom\u00e1tica\/Mec\u00e1nica<br \/>\n<strong>Pasajeros:<\/strong>\u00a05<\/p>\n<div><span id=\"ContentPlaceHolder1_Repeater1_lblRadio_2\">RADIO\/CD\/MP3<\/span>,<span id=\"ContentPlaceHolder1_Repeater1_lblAC_2\">\u00a0A\/C, 4&#215;4,<\/span>\u00a0Airbags, Espejos el\u00e9ctricos. conexi\u00f3n a Ipod, Alarma.<\/div>\n<\/td>\n<td style=\"height: 190px; width: 67px;\"><\/td>\n<td style=\"height: 190px; width: 415px;\"><strong>Toyota Hilux<\/strong><br \/>\n<strong>Costo diario:<\/strong>\u00a0$75-80-85-90-95<br \/>\n<strong>Costo mensual:\u00a0<\/strong><br \/>\n<strong>Deposito:<\/strong>\u00a0$300<br \/>\n<strong>Transmisi\u00f3n:<\/strong>\u00a0Autom\u00e1tica\/Mec\u00e1nica<br \/>\n<strong>Pasajeros:<\/strong>\u00a05<\/p>\n<div><span id=\"ContentPlaceHolder1_Repeater1_lblRadio_4\">RADIO\/CD\/MP3<\/span>,<span id=\"ContentPlaceHolder1_Repeater1_lblAC_4\">\u00a0A\/C, 4&#215;4,<\/span>\u00a0Airbags, Espejos el\u00e9ctricos. conexi\u00f3n a Ipod, Alarma.<\/div>\n<\/td>\n<\/tr>\n<tr style=\"height: 21px;\">\n<td style=\"height: 21px; width: 969px;\" colspan=\"3\" valign=\"top\" bgcolor=\"#0000FF\"><\/td>\n<\/tr>\n<tr style=\"height: 511px;\">\n<td style=\"height: 511px; width: 487px;\" align=\"left\" valign=\"top\" bgcolor=\"#FFFFCC\">Servicios:<\/p>\n<p>*Servicios de traslado de un destino a otro de Nicaragua<\/p>\n<p>*Entrega y devoluciones en aeropuerto, hotel o terminales<\/p>\n<p>*Servicio de conductor.<\/p>\n<p>Accesorios:<\/p>\n<p>* Silla para bebe<\/p>\n<p>*Alquiler de celulares<\/p>\n<p>*Alquiler de Gps<\/p>\n<p>*Parrillas para techo<\/p>\n<p>*Kilometraje Libre.<\/td>\n<td style=\"height: 511px; width: 67px;\" valign=\"top\" bgcolor=\"#FFFFFF\"><\/td>\n<td style=\"height: 511px; width: 415px;\" valign=\"top\">\n<div><strong>Toyota Corolla<\/strong><br \/>\n<strong>Costo diario:<\/strong>\u00a0$35-40-45-50-55-60-65<br \/>\n<strong>Costo mensual:\u00a0<\/strong><br \/>\n<strong>Deposito:<\/strong>\u00a0$300<br \/>\n<strong>Transmisi\u00f3n:<\/strong>\u00a0Autom\u00e1tica\/Mec\u00e1nica<br \/>\n<strong>Pasajeros:<\/strong>\u00a05<\/div>\n<p><span id=\"ContentPlaceHolder1_Repeater1_lblRadio_3\">RADIO\/CD\/MP3<\/span>,<span id=\"ContentPlaceHolder1_Repeater1_lblAC_3\">\u00a0A\/C,<\/span>\u00a0Airbags, Espejos el\u00e9ctricos. conexi\u00f3n a Ipod, Alarma.<\/p>\n<p style=\"text-align: center;\"><img loading=\"lazy\" decoding=\"async\" class=\"alignnone wp-image-10926\" src=\"http:\/\/nicaragua-travel-guide.com\/site\/wp-content\/uploads\/2016\/07\/toyota-corolla-managua.jpg\" alt=\"toyota corolla managua\" width=\"425\" height=\"215\" srcset=\"https:\/\/nicaragua-travel-guide.com\/site\/wp-content\/uploads\/2016\/07\/toyota-corolla-managua.jpg 301w, https:\/\/nicaragua-travel-guide.com\/site\/wp-content\/uploads\/2016\/07\/toyota-corolla-managua-300x152.jpg 300w\" sizes=\"(max-width: 425px) 100vw, 425px\" \/><\/p>\n<\/td>\n<\/tr>\n<tr style=\"height: 22px;\">\n<td style=\"height: 22px; width: 969px;\" colspan=\"3\" align=\"left\" valign=\"top\" bgcolor=\"#FFFFCC\"><strong>Requisitos:<\/strong><\/td>\n<\/tr>\n<tr style=\"height: 2px;\">\n<td style=\"height: 2px; width: 487px;\" align=\"left\" valign=\"top\" bgcolor=\"#FFFFCC\">Para viajes con fines tur\u00edsticos, recreaci\u00f3n, negocio, visitas a familiares etc.<\/p>\n<p>RENT A CAR desde $35,40,45,50,55,60,65,70,75,80,85,90,95.<\/p>\n<p>d\u00edas de 24 horas.<\/p>\n<p>Autom\u00f3viles Sedan Toyota Corolla 2012 autom\u00e1ticos o mec\u00e1nicos $50,55,60 d\u00f3lares el d\u00eda precio final, ( 24 horas)<\/p>\n<p>Incluye todos los impuestos y con su seguro full cover.<\/p>\n<p>Camionetas Cerradas Suv full extras Toyota Prado, Land Cruiser, Sequoia, 4runner o Rav4 2012 autom\u00e1ticos o mec\u00e1nicos $90 d\u00f3lares el d\u00eda (las 24 horas) precio total.<\/p>\n<p>Incluye todos los impuestos y seguro full cover.<\/p>\n<p>Dep\u00f3sitos por cualquiera de nuestros veh\u00edculos camionetas o Sedan $300 efectivo sin necesidad de dejar tarjeta de cr\u00e9dito abierta, aceptamos clientes con licencia de conducir vigente.<\/p>\n<p>Los precios se mantienen igual en temporada baja y alta.<\/td>\n<td style=\"height: 2px; width: 67px;\" valign=\"top\" bgcolor=\"#FFFFFF\"><\/td>\n<td style=\"height: 2px; width: 415px;\" valign=\"top\">\n<div>\n<p>Alquilamos a visitantes turistas, nacionales y no residentes.<\/p>\n<p>Nos reservamos algunos derechos por seguridad y restricciones.<\/p>\n<p>*Servicio de conductor con licencia.<\/p>\n<p>*Opci\u00f3n de contratar gu\u00eda tur\u00edstico nacional bilingue (adicional)<\/p>\n<p>*Dejar pasaporte depositado<\/p>\n<p>Firmar el contrato (recomendado)<\/p>\n<p>El cliente recibir\u00e1 el veh\u00edculo con el conductor y tanque de combustible lleno y devolverlo en las mismas condiciones que lo recibe.<\/p>\n<p>Servicios por hora, medio d\u00eda, todo el d\u00eda de 8,12, 24 horas.<\/p>\n<\/div>\n<\/td>\n<\/tr>\n<tr style=\"height: 9px;\">\n<td style=\"height: 9px; width: 969px;\" colspan=\"3\" align=\"left\" valign=\"top\" bgcolor=\"#FFFFCC\">Por mayor informaci\u00f3n y reservaci\u00f3n <strong>Contactarnos<\/strong><\/td>\n<\/tr>\n<\/tbody>\n<\/table>\n","protected":false},"excerpt":{"rendered":"<p>Alquiler de carros \u00a0privados para viajar en Nicaragua: \u00a0\u00a0\u00a0 Somos una empresa dedicada al alquiler de veh\u00edculos, traslados y excursiones en Nicaragua; principalmente enfocados en turistas, sin dejar de lado al cliente local como al corporativo. Adem\u00e1s de contar con los mejores precios del mercado, nos\u00a0esforzamos por brindar un servicio personalizado, asistiendo y ayud\u00e1ndote a [&hellip;]<\/p>\n","protected":false},"author":2,"featured_media":0,"parent":0,"menu_order":0,"comment_status":"closed","ping_status":"closed","template":"","meta":{"footnotes":""},"_links":{"self":[{"href":"https:\/\/nicaragua-travel-guide.com\/site\/wp-json\/wp\/v2\/pages\/5223"}],"collection":[{"href":"https:\/\/nicaragua-travel-guide.com\/site\/wp-json\/wp\/v2\/pages"}],"about":[{"href":"https:\/\/nicaragua-travel-guide.com\/site\/wp-json\/wp\/v2\/types\/page"}],"author":[{"embeddable":true,"href":"https:\/\/nicaragua-travel-guide.com\/site\/wp-json\/wp\/v2\/users\/2"}],"replies":[{"embeddable":true,"href":"https:\/\/nicaragua-travel-guide.com\/site\/wp-json\/wp\/v2\/comments?post=5223"}],"version-history":[{"count":11,"href":"https:\/\/nicaragua-travel-guide.com\/site\/wp-json\/wp\/v2\/pages\/5223\/revisions"}],"predecessor-version":[{"id":10932,"href":"https:\/\/nicaragua-travel-guide.com\/site\/wp-json\/wp\/v2\/pages\/5223\/revisions\/10932"}],"wp:attachment":[{"href":"https:\/\/nicaragua-travel-guide.com\/site\/wp-json\/wp\/v2\/media?parent=5223"}],"curies":[{"name":"wp","href":"https:\/\/api.w.org\/{rel}","templated":true}]}}