{"id":5229,"date":"2016-06-23T00:26:28","date_gmt":"2016-06-23T00:26:28","guid":{"rendered":"http:\/\/nicaragua-travel-guide.com\/site\/?page_id=5229"},"modified":"2016-08-15T03:57:50","modified_gmt":"2016-08-15T03:57:50","slug":"lancha-y-catamaran-bar-y-restaurante-entre-las-isletas-de-granada-evento-especial-cumpleano-quinceano-despedida-de-soltero-boda-observacion-de-la-flora-y-la-fauna-exploracion-visita-guiada","status":"publish","type":"page","link":"https:\/\/nicaragua-travel-guide.com\/site\/lancha-y-catamaran-bar-y-restaurante-entre-las-isletas-de-granada-evento-especial-cumpleano-quinceano-despedida-de-soltero-boda-observacion-de-la-flora-y-la-fauna-exploracion-visita-guiada\/","title":{"rendered":"Lancha y  Catamaran"},"content":{"rendered":"<table style=\"width: 932px;\" border=\"0\">\n<tbody>\n<tr style=\"height: 22px;\">\n<td style=\"width: 934px; height: 22px; background-color: #ffffff;\" colspan=\"2\" bgcolor=\"#CCFF33\"><img loading=\"lazy\" decoding=\"async\" class=\"alignnone wp-image-5230\" src=\"http:\/\/nicaragua-travel-guide.com\/site\/wp-content\/uploads\/2016\/06\/header-booat-tour.jpg\" alt=\"header booat tour\" width=\"920\" height=\"309\" srcset=\"https:\/\/nicaragua-travel-guide.com\/site\/wp-content\/uploads\/2016\/06\/header-booat-tour.jpg 1025w, https:\/\/nicaragua-travel-guide.com\/site\/wp-content\/uploads\/2016\/06\/header-booat-tour-600x202.jpg 600w\" sizes=\"(max-width: 920px) 100vw, 920px\" \/><\/td>\n<\/tr>\n<tr style=\"height: 22px;\">\n<td style=\"width: 934px; height: 22px; background-color: #08d4bf;\" colspan=\"2\" bgcolor=\"#CCFF33\"><strong>Paseo en lancha o catamaran \u00a0recorrido tur\u00edstico \u00a0entre las Isletas \u00a0de Granada \u00a0 \/ \u00a0evento especial<\/strong><\/td>\n<\/tr>\n<tr style=\"height: 22px;\">\n<td style=\"width: 934px; height: 22px; background-color: #ffffff;\" colspan=\"2\" bgcolor=\"#CCFF33\"><strong>Descripci\u00f3n:<\/strong><\/td>\n<\/tr>\n<tr style=\"height: 22px;\">\n<td style=\"width: 934px; height: 22px; background-color: #e1faf9;\" colspan=\"2\" bgcolor=\"#CCFF33\">\n<h4>Cuando el Volc\u00e1n Mombacho hizo erupci\u00f3n hace miles de a\u00f1os, tir\u00f3 enormes rocas al Lago de Nicaragua. Como resultado de esta violenta erupci\u00f3n, se formaron las Isletas que var\u00edan en tama\u00f1o y forma desde cien metros cuadrados hasta m\u00e1s de cien hect\u00e1reas. Podemos pasar lentamente entre las Isletas y subir a algunas, \u00a0dise\u00f1amos el recorrido a su elecci\u00f3n\u00a0tambien\u00a0podemos visitar por tierra firme a lo largo de la\u00a0pen\u00ednsula\u00a0ara bajar a un restaurante local, tomar un ba\u00f1o, con agua dulce y fresca \u00a0del lago, y disfrutar mas tiempo durante nuestro recorrido.<\/h4>\n<p>Estas son las \u201cIsletas\u201d en el gran lago de Nicaragua. Hay distintas comunidades alrededor de la\u00a0pen\u00ednsula\u00a0y entre las isletas, siendo la mayor\u00eda pescadores. Otras islas acomodan hoteles o a casas lujosas (algunas pueden ser rentadas.) Hay tambi\u00e9n islas que no han sido habitadas por la flora y fauna que podemos admirar.La vida de aves es abundante, Podemos ver el ave que representa a Granada, entre otras especies, El lago tambi\u00e9n alberga a muchos peces. Alguna vez, los tiburones de agua dulce abundaron en el lago, pero este animal \u00fanico hoy en d\u00eda se esta viendo amenazado, est\u00e1 en peligro de extinci\u00f3n y rara vez se ven. Puede ver el inmenso Volc\u00e1n Mombacho justo al lado del lago.<\/p>\n<p>Tomar un paseo en las populares Lanchas por las Isletas de Granada es una manera divertida y relajada de explorar nuestras bellezas, flora y fauna e historia natural.<\/td>\n<\/tr>\n<tr style=\"height: 10.66668701171875px;\">\n<td style=\"width: 934px; height: 10.66668701171875px; background-color: #b5ebe5;\" colspan=\"2\" bgcolor=\"#CCFF33\">\n<h4>Alquiler por hora en lancha \u00a0 \u00a0 \u00a0 \u00a0 \u00a0 \u00a0 \u00a0 \u00a0 \u00a0 \u00a0 \u00a0 \u00a0 \u00a0 \u00a0 \u00a0 \u00a0 \u00a0 \u00a0 \u00a0 \u00a0 \u00a0 \u00a0 \u00a0 \u00a0 \u00a0 \u00a0 \u00a0 \u00a0 \u00a0 \u00a0 \u00a0 \u00a0 \u00a0 \u00a0 \u00a0 \u00a0 \u00a0 \u00a0 \u00a0 \u00a0 \u00a0 \u00a0 \u00a0 \u00a0 \u00a0 \u00a0 \u00a0Precio por \u00a0persona<\/h4>\n<\/td>\n<\/tr>\n<tr style=\"height: 22px;\">\n<td style=\"width: 934px; height: 22px; background-color: #e1faf9;\" colspan=\"2\" bgcolor=\"#CCFF33\">\n<h4><span style=\"font-family: inherit; font-size: inherit; line-height: 1.5;\">El alquiler de dos horas en \u00a0 lancha guiado \u00a0es muy popular.\u00a0<\/span><\/h4>\n<h4><span style=\"font-family: inherit; font-size: inherit; line-height: 1.5;\">m\u00ednimo\u00a01 persona\u00a0m\u00e1ximo\u00a020 pasajeros en cada lancha.<\/span><\/h4>\n<p>Leer la descripci\u00f3n de los tours en lancha que incluye\u00a0gu\u00eda\u00a0biling\u00fce , transporte ida y vuelta con entrada.<\/p>\n<p>Si nos detenemos en una isla o restaurante para\u00a0descansar, almorzar, o nadar se cobra adicional por hora.<\/p>\n<p>La\u00a0duraci\u00f3n\u00a0del tiempo para llegar al puerto depende del medio de transporte a su\u00a0elecci\u00f3n\u00a0en carro o bicicletas.<\/td>\n<\/tr>\n<tr style=\"height: 22px;\">\n<td style=\"width: 934px; height: 22px; background-color: #6ee094;\" colspan=\"2\" bgcolor=\"#CCFF33\">\u00a0<strong>Paseo en lancha entre le archipi\u00e9lago\u00a0de Isletas \u00a0\u00a8Norte\u00a8<\/strong><\/td>\n<\/tr>\n<tr style=\"height: 22px;\">\n<td style=\"width: 934px; height: 22px;\" colspan=\"2\" bgcolor=\"#CCFF33\"><img loading=\"lazy\" decoding=\"async\" class=\"alignnone size-full wp-image-5299\" src=\"http:\/\/nicaragua-travel-guide.com\/site\/wp-content\/uploads\/2016\/06\/header-mombacho-volcanoe-isletas.jpg\" alt=\"header mombacho volcanoe &amp; isletas\" width=\"1025\" height=\"345\" srcset=\"https:\/\/nicaragua-travel-guide.com\/site\/wp-content\/uploads\/2016\/06\/header-mombacho-volcanoe-isletas.jpg 1025w, https:\/\/nicaragua-travel-guide.com\/site\/wp-content\/uploads\/2016\/06\/header-mombacho-volcanoe-isletas-600x202.jpg 600w\" sizes=\"(max-width: 1025px) 100vw, 1025px\" \/><\/td>\n<\/tr>\n<tr style=\"height: 22px;\">\n<td style=\"width: 14.666667938232422px; height: 22px;\" bgcolor=\"#CCFF33\">1<\/td>\n<td style=\"width: 919.3333320617676px; height: 22px;\" bgcolor=\"#CCFF99\"><a href=\"http:\/\/nicaragua-travel-guide.com\/site\/tour-entre-las-isletas-1-hora-norte-del-archipielago\/\">Tour en Lancha entre la Isletas una hora \u201cTibur\u00f3n\u00a0Herido\u201d<\/a><\/td>\n<\/tr>\n<tr style=\"height: 22px;\">\n<td style=\"width: 14.666667938232422px; height: 22px;\" bgcolor=\"#CCFF33\">2<\/td>\n<td style=\"width: 919.3333320617676px; height: 22px;\" bgcolor=\"#CCFF99\"><a href=\"http:\/\/nicaragua-travel-guide.com\/site\/tour-en-lancha-entre-las-isletas-de-granada-1-hora-y-media-%c2%a8los-monos%c2%a8\/\">Tour en Lancha entre las Isletas una hora y media \u201cLos Monos\u201d<\/a><\/td>\n<\/tr>\n<tr style=\"height: 22px;\">\n<td style=\"width: 14.666667938232422px; height: 22px;\" bgcolor=\"#CCFF33\">3<\/td>\n<td style=\"width: 919.3333320617676px; height: 22px;\" bgcolor=\"#CCFF99\"><a href=\"http:\/\/nicaragua-travel-guide.com\/site\/tour-en-lancha-entre-las-isletas-dos-horas-%c2%a8los-monos%c2%a8\/\">Tour en Lancha entre las Isletas dos horas \u201d flora y fauna\u201d<\/a><\/td>\n<\/tr>\n<tr style=\"height: 22px;\">\n<td style=\"width: 14.666667938232422px; height: 22px;\" bgcolor=\"#CCFF33\">4<\/td>\n<td style=\"width: 919.3333320617676px; height: 22px;\" bgcolor=\"#CCFF99\"><a href=\"http:\/\/nicaragua-travel-guide.com\/site\/tour-en-lancha-entre-las-isletas-dos-horas-y-media-%c2%a8flora-y-fauna%c2%a8-tiburon-herido\/\">Tour en Lancha entre las Isletas dos horas y media \u201cTibur\u00f3n\u00a0Herido\u201d<\/a><\/td>\n<\/tr>\n<tr style=\"height: 22px;\">\n<td style=\"width: 14.666667938232422px; height: 22px;\" bgcolor=\"#CCFF33\">5<\/td>\n<td style=\"width: 919.3333320617676px; height: 22px;\" bgcolor=\"#CCFF99\"><a href=\"http:\/\/nicaragua-travel-guide.com\/site\/en-lancha-entre-las-isletas-3-horas-tiburon-herido\/\">Tour en Lancha entre las Isletas \u00a03 horas \u201cTibur\u00f3n Herido\u201d<\/a><\/td>\n<\/tr>\n<tr style=\"height: 22px;\">\n<td style=\"width: 14.666667938232422px; height: 22px;\" bgcolor=\"#CCFF33\">6<\/td>\n<td style=\"width: 919.3333320617676px; height: 22px;\" bgcolor=\"#CCFF99\"><a href=\"http:\/\/nicaragua-travel-guide.com\/site\/semana-santa-viacrucis-acuatico-en-lancha-entre-las-isletas-de-granada-4-horas\/\">Viacrucis\u00a0acu\u00e1tico\u00a0\u201cEspecial de Semana Santa\u201d entre las isletas en lancha.<\/a><\/td>\n<\/tr>\n<tr style=\"height: 22px;\">\n<td style=\"width: 934px; height: 22px; background-color: #96ed82;\" colspan=\"2\" bgcolor=\"#009900\">\u00a0<strong>Paseo en lancha entre el archipielago de Isletas \u00a0\u00a8Bah\u00eda Sur\u00a8<\/strong><\/td>\n<\/tr>\n<tr style=\"height: 22px;\">\n<td style=\"width: 14.666667938232422px; height: 22px;\" bgcolor=\"#009900\">1<\/td>\n<td style=\"width: 919.3333320617676px; height: 22px;\" bgcolor=\"#CCFF99\"><a href=\"http:\/\/nicaragua-travel-guide.com\/site\/tour-en-lancha-entre-las-isletas-una-hora-%c2%a8bahia-%c2%a8\/\">Tour en Lancha entre las Isletas una hora \u201cBah\u00eda\u201d<\/a><\/td>\n<\/tr>\n<tr style=\"height: 22px;\">\n<td style=\"width: 14.666667938232422px; height: 22px;\" bgcolor=\"#009900\">2<\/td>\n<td style=\"width: 919.3333320617676px; height: 22px;\" bgcolor=\"#CCFF99\"><a href=\"http:\/\/nicaragua-travel-guide.com\/site\/tour-en-lancha-entre-las-isletas-una-hora-y-media-%c2%a8-bahia-%c2%a8\/\">Tour en lancha entre las Isletas una hora y media \u201cBah\u00eda\u201d<\/a><\/td>\n<\/tr>\n<tr style=\"height: 22px;\">\n<td style=\"width: 14.666667938232422px; height: 22px;\" bgcolor=\"#009900\">3<\/td>\n<td style=\"width: 919.3333320617676px; height: 22px;\" bgcolor=\"#CCFF99\"><a href=\"http:\/\/nicaragua-travel-guide.com\/site\/tour-en-lancha-entre-las-isletas-dos-horas-%c2%a8-bahia-%c2%a8\/\">Tour en lancha entre las Isletas dos horas \u201cBah\u00eda\u201d<\/a><\/td>\n<\/tr>\n<tr style=\"height: 22px;\">\n<td style=\"width: 14.666667938232422px; height: 22px;\" bgcolor=\"#009900\">4<\/td>\n<td style=\"width: 919.3333320617676px; height: 22px;\" bgcolor=\"#CCFF99\"><a href=\"http:\/\/nicaragua-travel-guide.com\/site\/tour-en-lancha-entre-las-isletas-2-horas-y-media-%c2%a8-bahia-%c2%a8\/\">Tour en lancha entre las Isletas dos horas y media \u201cBah\u00eda\u201d<\/a><\/td>\n<\/tr>\n<tr style=\"height: 22px;\">\n<td style=\"width: 14.666667938232422px; height: 22px;\" bgcolor=\"#009900\">5<\/td>\n<td style=\"width: 919.3333320617676px; height: 22px;\" valign=\"top\" bgcolor=\"#CCFF99\"><a href=\"http:\/\/nicaragua-travel-guide.com\/site\/tour-en-lancha-entre-las-isletas-3-horas-%c2%a8-bahia-%c2%a8\/\">Tour en lancha entre las Isletas tres horas \u201cBah\u00eda\u201d<\/a><\/td>\n<\/tr>\n<tr style=\"height: 22px;\">\n<td style=\"width: 934px; height: 22px; background-color: #79bd4f;\" colspan=\"2\" bgcolor=\"#009900\"><\/td>\n<\/tr>\n<tr style=\"height: 316px;\">\n<td style=\"width: 934px; height: 316px;\" colspan=\"2\" bgcolor=\"#33FF00\"><img loading=\"lazy\" decoding=\"async\" class=\"alignnone size-full wp-image-6445\" src=\"http:\/\/nicaragua-travel-guide.com\/site\/wp-content\/uploads\/2016\/07\/headertourentrelasisletaswatamaran.jpg\" alt=\"headertourentrelasisletaswatamaran\" width=\"1025\" height=\"345\" srcset=\"https:\/\/nicaragua-travel-guide.com\/site\/wp-content\/uploads\/2016\/07\/headertourentrelasisletaswatamaran.jpg 1025w, https:\/\/nicaragua-travel-guide.com\/site\/wp-content\/uploads\/2016\/07\/headertourentrelasisletaswatamaran-600x202.jpg 600w\" sizes=\"(max-width: 1025px) 100vw, 1025px\" \/><\/td>\n<\/tr>\n<tr style=\"height: 22px;\">\n<td style=\"width: 14.666667938232422px; height: 22px;\" bgcolor=\"#33FF00\">1<\/td>\n<td style=\"width: 919.3333320617676px; height: 22px;\" bgcolor=\"#99FF00\">Recorrido\u00a0tur\u00edstico\u00a0en Whatamar\u00e1n \u00a0 <strong>\u00a8Organizaci\u00f3n de evento para 30 personas\u00a8<\/strong><\/td>\n<\/tr>\n<tr style=\"height: 316px;\">\n<td style=\"width: 934px; height: 316px;\" colspan=\"2\" bgcolor=\"#33FF00\"><img loading=\"lazy\" decoding=\"async\" class=\"alignnone size-full wp-image-10611\" src=\"http:\/\/nicaragua-travel-guide.com\/site\/wp-content\/uploads\/2016\/07\/header-isletas-tour-la-bella-del-mar-granada-reservacion.jpg\" alt=\"header isletas tour la bella del mar granada reservacion\" width=\"1025\" height=\"345\" srcset=\"https:\/\/nicaragua-travel-guide.com\/site\/wp-content\/uploads\/2016\/07\/header-isletas-tour-la-bella-del-mar-granada-reservacion.jpg 1025w, https:\/\/nicaragua-travel-guide.com\/site\/wp-content\/uploads\/2016\/07\/header-isletas-tour-la-bella-del-mar-granada-reservacion-600x202.jpg 600w\" sizes=\"(max-width: 1025px) 100vw, 1025px\" \/><\/td>\n<\/tr>\n<tr style=\"height: 22px;\">\n<td style=\"width: 14.666667938232422px; height: 22px;\" bgcolor=\"#33FF00\">2<\/td>\n<td style=\"width: 919.3333320617676px; height: 22px;\" bgcolor=\"#99FF00\">Catamar\u00e1n lancha entre las Isletas 3 horas tour \u00a0 \u00a0 <strong>\u00a8Organizamos \u00a0evento especial 150 personas\u00a8<\/strong><\/td>\n<\/tr>\n<tr style=\"height: 22px;\">\n<td style=\"width: 934px; height: 22px; background-color: #62e6f5;\" colspan=\"2\" bgcolor=\"#33FF00\"><\/td>\n<\/tr>\n<tr style=\"height: 22px;\">\n<td style=\"width: 934px; height: 22px;\" colspan=\"2\" bgcolor=\"#33FF00\"><strong>Pasar el d\u00eda en una Isleta \u00a0con o sin restaurante, piscina, alojamiento, alquiler, privado.<\/strong><\/td>\n<\/tr>\n<tr style=\"height: 22px;\">\n<td style=\"width: 934px; height: 22px;\" colspan=\"2\" bgcolor=\"#33FF00\"><strong><img loading=\"lazy\" decoding=\"async\" class=\"alignnone size-full wp-image-5335\" src=\"http:\/\/nicaragua-travel-guide.com\/site\/wp-content\/uploads\/2016\/06\/combotoursisletasyvolcanmombacho-1.jpg\" alt=\"combotoursisletasyvolcanmombacho\" width=\"1025\" height=\"345\" srcset=\"https:\/\/nicaragua-travel-guide.com\/site\/wp-content\/uploads\/2016\/06\/combotoursisletasyvolcanmombacho-1.jpg 1025w, https:\/\/nicaragua-travel-guide.com\/site\/wp-content\/uploads\/2016\/06\/combotoursisletasyvolcanmombacho-1-600x202.jpg 600w\" sizes=\"(max-width: 1025px) 100vw, 1025px\" \/><\/strong><\/td>\n<\/tr>\n<tr style=\"height: 22px;\">\n<td style=\"width: 14.666667938232422px; height: 22px;\" bgcolor=\"#33FF00\"><strong>1<\/strong><\/td>\n<td style=\"width: 919.3333320617676px; height: 22px; background-color: #e1faf9;\" bgcolor=\"#99CC00\"><strong>Alquiler y alojamiento en Isleta por 24 horas, todo el d\u00eda, medio d\u00eda \u00a8Titi\u00a8<\/strong><\/td>\n<\/tr>\n<tr style=\"height: 22px;\">\n<td style=\"width: 14.666667938232422px; height: 22px;\" bgcolor=\"#33FF00\"><strong>2<\/strong><\/td>\n<td style=\"width: 919.3333320617676px; height: 22px; background-color: #e1faf9;\" bgcolor=\"#99CC00\"><strong>Alquiler y alojamiento en Isleta ecol\u00f3gica para 19 personas por 24 horas<\/strong><\/td>\n<\/tr>\n<tr style=\"height: 22px;\">\n<td style=\"width: 14.666667938232422px; height: 22px;\" bgcolor=\"#33FF00\"><b>3<\/b><\/td>\n<td style=\"width: 919.3333320617676px; height: 22px; background-color: #e1faf9;\" bgcolor=\"#99CC00\"><strong>\u00a0Alquiler y alojamiento \u00a0\u00a8Se organiza fiesta en Isleta privada\u00a8 Balcon<\/strong><\/td>\n<\/tr>\n<tr style=\"height: 22px;\">\n<td style=\"width: 14.666667938232422px; height: 22px;\" bgcolor=\"#99FF00\"><b>4<\/b><\/td>\n<td style=\"width: 919.3333320617676px; height: 22px; background-color: #e1faf9;\" bgcolor=\"#99CC00\"><strong>Pasar el d\u00eda en Isla compartida o privada paquete especial por el d\u00eda<\/strong><\/td>\n<\/tr>\n<tr style=\"height: 22px;\">\n<td style=\"width: 14.666667938232422px; height: 22px;\" bgcolor=\"#99FF00\"><strong>5<\/strong><\/td>\n<td style=\"width: 919.3333320617676px; height: 22px; background-color: #e1faf9;\" bgcolor=\"#99CC00\"><strong>Isleta con restaurante,piscina,visita por hora y Alojamiento<\/strong><\/td>\n<\/tr>\n<tr style=\"height: 22px;\">\n<td style=\"width: 14.666667938232422px; height: 22px;\" bgcolor=\"#99FF00\"><strong>6<\/strong><\/td>\n<td style=\"width: 919.3333320617676px; height: 22px; background-color: #e1faf9;\" bgcolor=\"#99CC00\"><strong>Alojamiento en Isla El Roble \u00a0Hotel<\/strong><\/td>\n<\/tr>\n<tr style=\"height: 22px;\">\n<td style=\"width: 14.666667938232422px; height: 22px;\" bgcolor=\"#FFFFFF\"><strong>*<\/strong><\/td>\n<td style=\"width: 919.3333320617676px; height: 22px;\" bgcolor=\"#FFFFFF\"><strong>Servicio Traslado en Lancha para huespedes de Islas<\/strong><\/td>\n<\/tr>\n<tr style=\"height: 22px;\">\n<td style=\"width: 14.666667938232422px; height: 22px;\" bgcolor=\"#FFFFFF\"><strong>*<\/strong><\/td>\n<td style=\"width: 919.3333320617676px; height: 22px;\" bgcolor=\"#FFFFFF\"><strong>Especial tour en Lancha entre las Isletas \u00a04 horas \u201cNorte y Sur\u201d<\/strong><\/td>\n<\/tr>\n<tr style=\"height: 22px;\">\n<td style=\"width: 14.666667938232422px; height: 22px;\" bgcolor=\"#FFFFFF\"><strong>*<\/strong><\/td>\n<td style=\"width: 919.3333320617676px; height: 22px;\" bgcolor=\"#FFFFFF\"><strong>Crucero familiar dia Domingo en el barco, payasos,\u00a0m\u00fasica\u00a0y m\u00e1s<\/strong><\/td>\n<\/tr>\n<tr style=\"height: 22px;\">\n<td style=\"width: 14.666667938232422px; height: 22px;\" valign=\"top\" bgcolor=\"#CCFF66\"><strong>*<\/strong><\/td>\n<td style=\"width: 919.3333320617676px; height: 22px;\" bgcolor=\"#009900\"><strong>Isla de Zapatera visita por el d\u00eda, una noche y 2 d\u00edas<\/strong><\/td>\n<\/tr>\n<\/tbody>\n<\/table>\n<p>&nbsp;<\/p>\n<p>&nbsp;<\/p>\n","protected":false},"excerpt":{"rendered":"<p>Paseo en lancha o catamaran \u00a0recorrido tur\u00edstico \u00a0entre las Isletas \u00a0de Granada \u00a0 \/ \u00a0evento especial Descripci\u00f3n: Cuando el Volc\u00e1n Mombacho hizo erupci\u00f3n hace miles de a\u00f1os, tir\u00f3 enormes rocas al Lago de Nicaragua. Como resultado de esta violenta erupci\u00f3n, se formaron las Isletas que var\u00edan en tama\u00f1o y forma desde cien metros cuadrados hasta [&hellip;]<\/p>\n","protected":false},"author":2,"featured_media":0,"parent":0,"menu_order":0,"comment_status":"closed","ping_status":"closed","template":"","meta":{"footnotes":""},"_links":{"self":[{"href":"https:\/\/nicaragua-travel-guide.com\/site\/wp-json\/wp\/v2\/pages\/5229"}],"collection":[{"href":"https:\/\/nicaragua-travel-guide.com\/site\/wp-json\/wp\/v2\/pages"}],"about":[{"href":"https:\/\/nicaragua-travel-guide.com\/site\/wp-json\/wp\/v2\/types\/page"}],"author":[{"embeddable":true,"href":"https:\/\/nicaragua-travel-guide.com\/site\/wp-json\/wp\/v2\/users\/2"}],"replies":[{"embeddable":true,"href":"https:\/\/nicaragua-travel-guide.com\/site\/wp-json\/wp\/v2\/comments?post=5229"}],"version-history":[{"count":13,"href":"https:\/\/nicaragua-travel-guide.com\/site\/wp-json\/wp\/v2\/pages\/5229\/revisions"}],"predecessor-version":[{"id":11006,"href":"https:\/\/nicaragua-travel-guide.com\/site\/wp-json\/wp\/v2\/pages\/5229\/revisions\/11006"}],"wp:attachment":[{"href":"https:\/\/nicaragua-travel-guide.com\/site\/wp-json\/wp\/v2\/media?parent=5229"}],"curies":[{"name":"wp","href":"https:\/\/api.w.org\/{rel}","templated":true}]}}