{"id":5238,"date":"2016-06-23T00:43:26","date_gmt":"2016-06-23T00:43:26","guid":{"rendered":"http:\/\/nicaragua-travel-guide.com\/site\/?page_id=5238"},"modified":"2016-08-14T23:03:03","modified_gmt":"2016-08-14T23:03:03","slug":"transporte-de-alquiler-privado-con-servicio-de-conductor-y-guiado-por-nicaragua-y-centroamerica","status":"publish","type":"page","link":"https:\/\/nicaragua-travel-guide.com\/site\/transporte-de-alquiler-privado-con-servicio-de-conductor-y-guiado-por-nicaragua-y-centroamerica\/","title":{"rendered":"Gu\u00eda \/ Conductor"},"content":{"rendered":"<table border=\"0\" width=\"1004\">\n<tbody>\n<tr style=\"height: 22px;\">\n<td style=\"height: 22px; width: 1002px;\" valign=\"top\" bgcolor=\"#FFFF00\"><img loading=\"lazy\" decoding=\"async\" class=\"alignnone size-full wp-image-5128\" src=\"http:\/\/nicaragua-travel-guide.com\/site\/wp-content\/uploads\/2016\/06\/header-tu-viajes-por-nicaragua.jpg\" alt=\"header tu viajes por nicaragua\" width=\"1025\" height=\"345\" srcset=\"https:\/\/nicaragua-travel-guide.com\/site\/wp-content\/uploads\/2016\/06\/header-tu-viajes-por-nicaragua.jpg 1025w, https:\/\/nicaragua-travel-guide.com\/site\/wp-content\/uploads\/2016\/06\/header-tu-viajes-por-nicaragua-600x202.jpg 600w\" sizes=\"(max-width: 1025px) 100vw, 1025px\" \/><\/td>\n<\/tr>\n<tr style=\"height: 22px;\">\n<td style=\"height: 22px; width: 1002px;\" valign=\"top\" bgcolor=\"#FFFF00\">\n<table style=\"width: 1005.3333740234375px;\">\n<tbody>\n<tr style=\"height: 24px;\">\n<td style=\"width: 98px; height: 24px;\" bgcolor=\"#0033FF\">Managua<\/td>\n<td style=\"width: 142px; height: 24px;\" bgcolor=\"#0000FF\">Masaya<\/td>\n<td style=\"width: 142px; height: 24px;\" bgcolor=\"#0000FF\">Matagalpa<\/td>\n<td style=\"width: 126px; height: 24px;\" bgcolor=\"#FFFF00\">Granada<\/td>\n<td style=\"width: 115.33333587646484px; height: 24px;\" bgcolor=\"#0033FF\">Estel\u00ed<\/td>\n<td style=\"width: 82px; height: 24px;\" bgcolor=\"#0033FF\">Leon<\/td>\n<td style=\"width: 247.3333282470703px; height: 24px;\" bgcolor=\"#0033FF\">Juigalpa Chontales<\/td>\n<\/tr>\n<\/tbody>\n<\/table>\n<\/td>\n<\/tr>\n<tr style=\"height: 22px;\">\n<td style=\"height: 22px; width: 1002px;\" valign=\"top\" bgcolor=\"#FFFF00\">\n<h4>Servicio de conductor y guiado en <a href=\"http:\/\/nicaragua-travel-guide.com\/site\/viajes-privados-transporte-en-nicaragua-y-centroamerica\/\">TRANSPORTE<\/a>\u00a0 privado \u00a0y de alquiler en unidad de\u00a0veh\u00edculo disponible, \u00a0recorrido tur\u00edstico, viajes corporativos, \u00a0congresos y convenciones, eventos especiales, viajes privados por\u00a0Centroam\u00e9rica\u00a0traslado de un\u00a0destino\u00a0a otro, a su elecci\u00f3n y de acuerdo a su capacidad.<\/h4>\n<h4>Le pondremos en contacto con servicio de conductor con la \u00a0opci\u00f3n ir acompa\u00f1ado con gu\u00eda tur\u00edstico bilingue.<\/h4>\n<\/td>\n<\/tr>\n<tr style=\"height: 860px;\">\n<td style=\"height: 860px; width: 1002px;\" valign=\"top\" bgcolor=\"#FFFFFF\">\n<table border=\"0\" width=\"988\">\n<tbody>\n<tr>\n<td align=\"center\" bgcolor=\"#FFFFFF\" height=\"34\">Or\u00edgen<\/td>\n<td colspan=\"4\" rowspan=\"21\" valign=\"top\" bgcolor=\"#FFFFFF\" width=\"704\">\n<table border=\"0\" width=\"709\">\n<tbody>\n<tr>\n<td colspan=\"2\" bgcolor=\"#0000FF\" height=\"136\">Distancias<\/p>\n<p>por Km<\/td>\n<td bgcolor=\"#FFCC99\"><img loading=\"lazy\" decoding=\"async\" src=\"http:\/\/www.nicaragua-travel-guide.com\/imangenestres\/tablasuperiordepartamentos.jpg\" width=\"30\" height=\"120\" align=\"right\" \/><\/td>\n<td bgcolor=\"#990099\"><img loading=\"lazy\" decoding=\"async\" src=\"http:\/\/www.nicaragua-travel-guide.com\/imangenestres\/DEPARTAMENTODOS.jpg\" width=\"33\" height=\"128\" \/><\/td>\n<td bgcolor=\"#FF99FF\"><img loading=\"lazy\" decoding=\"async\" src=\"http:\/\/www.nicaragua-travel-guide.com\/imangenestres\/departamentoBoaco.jpg\" width=\"24\" height=\"130\" \/><\/td>\n<td bgcolor=\"#009900\"><img loading=\"lazy\" decoding=\"async\" src=\"http:\/\/www.nicaragua-travel-guide.com\/imangenestres\/departamentochinandega.jpg\" width=\"25\" height=\"134\" \/><\/td>\n<td bgcolor=\"#99FF99\"><img loading=\"lazy\" decoding=\"async\" src=\"http:\/\/www.nicaragua-travel-guide.com\/imangenestres\/departamentoEsteli.jpg\" width=\"19\" height=\"113\" \/><\/td>\n<td bgcolor=\"#0033FF\"><img loading=\"lazy\" decoding=\"async\" src=\"http:\/\/www.nicaragua-travel-guide.com\/imangenestres\/departamentoGranada.jpg\" width=\"22\" height=\"129\" \/><\/td>\n<td bgcolor=\"#99FFFF\"><img loading=\"lazy\" decoding=\"async\" src=\"http:\/\/www.nicaragua-travel-guide.com\/imangenestres\/departamentoJinotega.jpg\" width=\"21\" height=\"129\" \/><\/td>\n<td bgcolor=\"#FF0000\"><img loading=\"lazy\" decoding=\"async\" src=\"http:\/\/www.nicaragua-travel-guide.com\/imangenestres\/departamentoJinotepe.jpg\" width=\"19\" height=\"121\" \/><\/td>\n<td bgcolor=\"#FFFFFF\"><img loading=\"lazy\" decoding=\"async\" src=\"http:\/\/www.nicaragua-travel-guide.com\/imangenestres\/departamentoJuigalpa.jpg\" width=\"18\" height=\"124\" \/><\/td>\n<td bgcolor=\"#663399\"><img loading=\"lazy\" decoding=\"async\" src=\"http:\/\/www.nicaragua-travel-guide.com\/imangenestres\/departamentoLEON.jpg\" width=\"28\" height=\"141\" \/><\/td>\n<td bgcolor=\"#CC66FF\"><img loading=\"lazy\" decoding=\"async\" src=\"http:\/\/www.nicaragua-travel-guide.com\/imangenestres\/departamentomasaya.jpg\" width=\"27\" height=\"126\" \/><\/td>\n<td bgcolor=\"#9900CC\"><img loading=\"lazy\" decoding=\"async\" src=\"http:\/\/www.nicaragua-travel-guide.com\/imangenestres\/departamentomatagalpa.jpg\" width=\"25\" height=\"142\" \/><\/td>\n<td bgcolor=\"#FF33FF\"><img loading=\"lazy\" decoding=\"async\" src=\"http:\/\/www.nicaragua-travel-guide.com\/imangenestres\/departamentocotal.jpg\" width=\"27\" height=\"131\" \/><\/td>\n<td bgcolor=\"#669900\"><img loading=\"lazy\" decoding=\"async\" src=\"http:\/\/www.nicaragua-travel-guide.com\/imangenestres\/departamentoptocabezas.jpg\" width=\"25\" height=\"142\" \/><\/td>\n<td bgcolor=\"#CCCC66\"><img loading=\"lazy\" decoding=\"async\" src=\"http:\/\/www.nicaragua-travel-guide.com\/imangenestres\/departamentorivas.jpg\" width=\"23\" height=\"121\" \/><\/td>\n<td bgcolor=\"#663300\"><img loading=\"lazy\" decoding=\"async\" src=\"http:\/\/www.nicaragua-travel-guide.com\/imangenestres\/departamentosancarlos.jpg\" width=\"23\" height=\"131\" \/><\/td>\n<td bgcolor=\"#CC9966\"><img loading=\"lazy\" decoding=\"async\" src=\"http:\/\/www.nicaragua-travel-guide.com\/imangenestres\/departamentosomoto.jpg\" width=\"25\" height=\"130\" \/><\/td>\n<\/tr>\n<tr>\n<td bgcolor=\"#FFFFFF\" width=\"26\">A<\/td>\n<td bgcolor=\"#FFCC99\" width=\"142\"><img loading=\"lazy\" decoding=\"async\" src=\"http:\/\/www.nicaragua-travel-guide.com\/imangenestres\/deapratemtojinotegav.jpg\" width=\"128\" height=\"32\" \/><\/td>\n<td bgcolor=\"#FFFFFF\" width=\"34\"><\/td>\n<td bgcolor=\"#9900CC\" width=\"33\"><\/td>\n<td bgcolor=\"#FF99FF\" width=\"29\"><\/td>\n<td bgcolor=\"#009900\" width=\"28\"><\/td>\n<td bgcolor=\"#99FF00\" width=\"23\"><\/td>\n<td bgcolor=\"#0033FF\" width=\"27\"><\/td>\n<td bgcolor=\"#99FFFF\" width=\"24\"><\/td>\n<td bgcolor=\"#FF0000\" width=\"21\"><\/td>\n<td bgcolor=\"#CCCCCC\" width=\"18\"><\/td>\n<td bgcolor=\"#663399\" width=\"28\"><\/td>\n<td bgcolor=\"#9999FF\" width=\"27\"><\/td>\n<td bgcolor=\"#993399\" width=\"25\"><\/td>\n<td bgcolor=\"#FF66FF\" width=\"27\"><\/td>\n<td bgcolor=\"#669900\" width=\"26\"><\/td>\n<td bgcolor=\"#CCCC00\" width=\"28\"><\/td>\n<td bgcolor=\"#663300\" width=\"26\"><\/td>\n<td bgcolor=\"#CC9900\" width=\"39\"><\/td>\n<\/tr>\n<tr>\n<td bgcolor=\"#FFFFFF\">B<\/td>\n<td valign=\"top\" bgcolor=\"#990099\" width=\"142\"><img loading=\"lazy\" decoding=\"async\" src=\"http:\/\/www.nicaragua-travel-guide.com\/imangenestres\/deapratemtoBluefields.jpg\" width=\"134\" height=\"27\" \/><\/td>\n<td bgcolor=\"#9900CC\"><\/td>\n<td bgcolor=\"#FFFFFF\"><\/td>\n<td bgcolor=\"#FF99FF\"><\/td>\n<td bgcolor=\"#009900\"><\/td>\n<td bgcolor=\"#99FF00\"><\/td>\n<td bgcolor=\"#0033FF\"><\/td>\n<td bgcolor=\"#99FFFF\"><\/td>\n<td bgcolor=\"#FF0000\"><\/td>\n<td bgcolor=\"#CCCCCC\"><\/td>\n<td bgcolor=\"#663399\"><\/td>\n<td bgcolor=\"#9999FF\"><\/td>\n<td bgcolor=\"#993399\"><\/td>\n<td bgcolor=\"#FF66FF\"><\/td>\n<td bgcolor=\"#669900\"><\/td>\n<td bgcolor=\"#CCCC00\"><\/td>\n<td bgcolor=\"#663300\"><\/td>\n<td bgcolor=\"#CC9900\"><\/td>\n<\/tr>\n<tr>\n<td bgcolor=\"#FFFFFF\">C<\/td>\n<td valign=\"top\" bgcolor=\"#FF99FF\" width=\"142\"><img loading=\"lazy\" decoding=\"async\" src=\"http:\/\/www.nicaragua-travel-guide.com\/imangenestres\/deapratemtoboacov.jpg\" width=\"133\" height=\"29\" \/><\/td>\n<td bgcolor=\"#FF99FF\"><\/td>\n<td bgcolor=\"#FF99FF\"><\/td>\n<td bgcolor=\"#FFFFFF\"><\/td>\n<td bgcolor=\"#009900\"><\/td>\n<td bgcolor=\"#99FF00\"><\/td>\n<td bgcolor=\"#0033FF\"><\/td>\n<td bgcolor=\"#99FFFF\"><\/td>\n<td bgcolor=\"#FF0000\"><\/td>\n<td bgcolor=\"#CCCCCC\"><\/td>\n<td bgcolor=\"#663399\"><\/td>\n<td bgcolor=\"#9999FF\"><\/td>\n<td bgcolor=\"#993399\"><\/td>\n<td bgcolor=\"#FF66FF\"><\/td>\n<td bgcolor=\"#669900\"><\/td>\n<td bgcolor=\"#CCCC00\"><\/td>\n<td bgcolor=\"#663300\"><\/td>\n<td bgcolor=\"#CC9900\"><\/td>\n<\/tr>\n<tr>\n<td bgcolor=\"#FFFFFF\">D<\/td>\n<td valign=\"top\" bgcolor=\"#006600\" width=\"142\"><img loading=\"lazy\" decoding=\"async\" src=\"http:\/\/www.nicaragua-travel-guide.com\/imangenestres\/deapratemtochinandegav.jpg\" width=\"139\" height=\"30\" \/><\/td>\n<td bgcolor=\"#009900\"><\/td>\n<td bgcolor=\"#009900\"><\/td>\n<td bgcolor=\"#009900\"><\/td>\n<td bgcolor=\"#FFFFFF\"><\/td>\n<td bgcolor=\"#99FF00\"><\/td>\n<td bgcolor=\"#0033FF\"><\/td>\n<td bgcolor=\"#99FFFF\"><\/td>\n<td bgcolor=\"#FF0000\"><\/td>\n<td bgcolor=\"#CCCCCC\"><\/td>\n<td bgcolor=\"#663399\"><\/td>\n<td bgcolor=\"#9999FF\"><\/td>\n<td bgcolor=\"#993399\"><\/td>\n<td bgcolor=\"#FF66FF\"><\/td>\n<td bgcolor=\"#669900\"><\/td>\n<td bgcolor=\"#CCCC00\"><\/td>\n<td bgcolor=\"#663300\"><\/td>\n<td bgcolor=\"#CC9900\"><\/td>\n<\/tr>\n<tr>\n<td bgcolor=\"#FFFFFF\">E<\/td>\n<td valign=\"top\" bgcolor=\"#99FF99\" width=\"142\"><img loading=\"lazy\" decoding=\"async\" src=\"http:\/\/www.nicaragua-travel-guide.com\/imangenestres\/deapratemtoesteliv.jpg\" width=\"122\" height=\"24\" \/><\/td>\n<td bgcolor=\"#99FF00\"><\/td>\n<td bgcolor=\"#99FF00\"><\/td>\n<td bgcolor=\"#99FF00\"><\/td>\n<td bgcolor=\"#99FF00\"><\/td>\n<td bgcolor=\"#FFFFFF\"><\/td>\n<td bgcolor=\"#0033FF\"><\/td>\n<td bgcolor=\"#99FFFF\"><\/td>\n<td bgcolor=\"#FF0000\"><\/td>\n<td bgcolor=\"#CCCCCC\"><\/td>\n<td bgcolor=\"#663399\"><\/td>\n<td bgcolor=\"#9999FF\"><\/td>\n<td bgcolor=\"#993399\"><\/td>\n<td bgcolor=\"#FF66FF\"><\/td>\n<td bgcolor=\"#669900\"><\/td>\n<td bgcolor=\"#CCCC00\"><\/td>\n<td bgcolor=\"#663300\"><\/td>\n<td bgcolor=\"#CC9900\"><\/td>\n<\/tr>\n<tr>\n<td bgcolor=\"#FFFFFF\">F<\/td>\n<td valign=\"top\" bgcolor=\"#0000FF\" width=\"142\"><img loading=\"lazy\" decoding=\"async\" src=\"http:\/\/www.nicaragua-travel-guide.com\/imangenestres\/deapratemtogranadav.jpg\" width=\"128\" height=\"26\" \/><\/td>\n<td bgcolor=\"#0066FF\"><\/td>\n<td bgcolor=\"#0066FF\"><\/td>\n<td bgcolor=\"#0066FF\"><\/td>\n<td bgcolor=\"#0066FF\"><\/td>\n<td bgcolor=\"#0066FF\"><\/td>\n<td bgcolor=\"#FFFFFF\"><\/td>\n<td bgcolor=\"#99FFFF\"><\/td>\n<td bgcolor=\"#FF0000\"><\/td>\n<td bgcolor=\"#CCCCCC\"><\/td>\n<td bgcolor=\"#663399\"><\/td>\n<td bgcolor=\"#9999FF\"><\/td>\n<td bgcolor=\"#993399\"><\/td>\n<td bgcolor=\"#FF66FF\"><\/td>\n<td bgcolor=\"#669900\"><\/td>\n<td bgcolor=\"#CCCC00\"><\/td>\n<td bgcolor=\"#663300\"><\/td>\n<td bgcolor=\"#CC9900\"><\/td>\n<\/tr>\n<tr>\n<td bgcolor=\"#FFFFFF\">G<\/td>\n<td valign=\"top\" bgcolor=\"#99FFFF\" width=\"142\"><img loading=\"lazy\" decoding=\"async\" src=\"http:\/\/www.nicaragua-travel-guide.com\/imangenestres\/deapratemtojinotegavert.jpg\" width=\"128\" height=\"28\" \/><\/td>\n<td bgcolor=\"#99FFFF\"><\/td>\n<td bgcolor=\"#99FFFF\"><\/td>\n<td bgcolor=\"#99FFFF\"><\/td>\n<td bgcolor=\"#99FFFF\"><\/td>\n<td bgcolor=\"#99FFFF\"><\/td>\n<td bgcolor=\"#99FFFF\"><\/td>\n<td bgcolor=\"#FFFFFF\"><\/td>\n<td bgcolor=\"#FF0000\"><\/td>\n<td bgcolor=\"#CCCCCC\"><\/td>\n<td bgcolor=\"#663399\"><\/td>\n<td bgcolor=\"#9999FF\"><\/td>\n<td bgcolor=\"#993399\"><\/td>\n<td bgcolor=\"#FF66FF\"><\/td>\n<td bgcolor=\"#669900\"><\/td>\n<td bgcolor=\"#CCCC00\"><\/td>\n<td bgcolor=\"#663300\"><\/td>\n<td bgcolor=\"#CC9900\"><\/td>\n<\/tr>\n<tr>\n<td bgcolor=\"#FFFFFF\">H<\/td>\n<td valign=\"top\" bgcolor=\"#FF0000\" width=\"142\"><img loading=\"lazy\" decoding=\"async\" src=\"http:\/\/www.nicaragua-travel-guide.com\/imangenestres\/deapratemtojinotepevert.jpg\" width=\"128\" height=\"28\" \/><\/td>\n<td bgcolor=\"#FF0000\"><\/td>\n<td bgcolor=\"#FF0000\"><\/td>\n<td bgcolor=\"#FF0000\"><\/td>\n<td bgcolor=\"#FF0000\"><\/td>\n<td bgcolor=\"#FF0000\"><\/td>\n<td bgcolor=\"#FF0000\"><\/td>\n<td bgcolor=\"#FF0000\"><\/td>\n<td bgcolor=\"#FFFFFF\"><\/td>\n<td bgcolor=\"#CCCCCC\"><\/td>\n<td bgcolor=\"#663399\"><\/td>\n<td bgcolor=\"#9999FF\"><\/td>\n<td bgcolor=\"#993399\"><\/td>\n<td bgcolor=\"#FF66FF\"><\/td>\n<td bgcolor=\"#669900\"><\/td>\n<td bgcolor=\"#CCCC00\"><\/td>\n<td bgcolor=\"#663300\"><\/td>\n<td bgcolor=\"#CC9900\"><\/td>\n<\/tr>\n<tr>\n<td valign=\"bottom\" bgcolor=\"#FFFFFF\">I<\/td>\n<td valign=\"top\" bgcolor=\"#FFFFFF\" width=\"142\"><img loading=\"lazy\" decoding=\"async\" src=\"http:\/\/www.nicaragua-travel-guide.com\/imangenestres\/deapratemtojuigalpavert.jpg\" width=\"128\" height=\"24\" \/><\/td>\n<td bgcolor=\"#CCCCCC\"><\/td>\n<td bgcolor=\"#CCCCCC\"><\/td>\n<td bgcolor=\"#CCCCCC\"><\/td>\n<td bgcolor=\"#CCCCCC\"><\/td>\n<td bgcolor=\"#CCCCCC\"><\/td>\n<td bgcolor=\"#CCCCCC\"><\/td>\n<td bgcolor=\"#CCCCCC\"><\/td>\n<td bgcolor=\"#CCCCCC\"><\/td>\n<td bgcolor=\"#FFFFFF\"><\/td>\n<td bgcolor=\"#663399\"><\/td>\n<td bgcolor=\"#9999FF\"><\/td>\n<td bgcolor=\"#993399\"><\/td>\n<td bgcolor=\"#FF66FF\"><\/td>\n<td bgcolor=\"#669900\"><\/td>\n<td bgcolor=\"#CCCC00\"><\/td>\n<td bgcolor=\"#663300\"><\/td>\n<td bgcolor=\"#CC9900\"><\/td>\n<\/tr>\n<tr>\n<td bgcolor=\"#FFFFFF\">J<\/td>\n<td valign=\"top\" bgcolor=\"#660099\" width=\"142\"><img loading=\"lazy\" decoding=\"async\" src=\"http:\/\/www.nicaragua-travel-guide.com\/imangenestres\/deapratemtoleonvert.jpg\" width=\"128\" height=\"25\" \/><\/td>\n<td bgcolor=\"#663399\"><\/td>\n<td bgcolor=\"#663399\"><\/td>\n<td bgcolor=\"#663399\"><\/td>\n<td bgcolor=\"#663399\"><\/td>\n<td bgcolor=\"#663399\"><\/td>\n<td bgcolor=\"#663399\"><\/td>\n<td bgcolor=\"#663399\"><\/td>\n<td bgcolor=\"#663399\"><\/td>\n<td bgcolor=\"#663399\"><\/td>\n<td bgcolor=\"#FFFFFF\"><\/td>\n<td bgcolor=\"#9999FF\"><\/td>\n<td bgcolor=\"#993399\"><\/td>\n<td bgcolor=\"#FF66FF\"><\/td>\n<td bgcolor=\"#669900\"><\/td>\n<td bgcolor=\"#CCCC00\"><\/td>\n<td bgcolor=\"#663300\"><\/td>\n<td bgcolor=\"#CC9900\"><\/td>\n<\/tr>\n<tr>\n<td bgcolor=\"#FFFFFF\">K<\/td>\n<td valign=\"top\" bgcolor=\"#9966FF\" width=\"142\"><img loading=\"lazy\" decoding=\"async\" src=\"http:\/\/www.nicaragua-travel-guide.com\/imangenestres\/deapratemtomasayavert.jpg\" width=\"128\" height=\"34\" \/><\/td>\n<td bgcolor=\"#9999FF\"><\/td>\n<td bgcolor=\"#9999FF\"><\/td>\n<td bgcolor=\"#9999FF\"><\/td>\n<td bgcolor=\"#9999FF\"><\/td>\n<td bgcolor=\"#9999FF\"><\/td>\n<td bgcolor=\"#9999FF\"><\/td>\n<td bgcolor=\"#9999FF\"><\/td>\n<td bgcolor=\"#9999FF\"><\/td>\n<td bgcolor=\"#9999FF\"><\/td>\n<td bgcolor=\"#9999FF\"><\/td>\n<td bgcolor=\"#FFFFFF\"><\/td>\n<td bgcolor=\"#993399\"><\/td>\n<td bgcolor=\"#FF66FF\"><\/td>\n<td bgcolor=\"#669900\"><\/td>\n<td bgcolor=\"#CCCC00\"><\/td>\n<td bgcolor=\"#663300\"><\/td>\n<td bgcolor=\"#CC9900\"><\/td>\n<\/tr>\n<tr>\n<td bgcolor=\"#FFFFFF\">L<\/td>\n<td valign=\"top\" bgcolor=\"#9933CC\" width=\"142\"><img loading=\"lazy\" decoding=\"async\" src=\"http:\/\/www.nicaragua-travel-guide.com\/imangenestres\/deapratemtomatagalpavert.jpg\" width=\"129\" height=\"30\" \/><\/td>\n<td bgcolor=\"#993399\"><\/td>\n<td bgcolor=\"#993399\"><\/td>\n<td bgcolor=\"#993399\"><\/td>\n<td bgcolor=\"#993399\"><\/td>\n<td bgcolor=\"#993399\"><\/td>\n<td bgcolor=\"#993399\"><\/td>\n<td bgcolor=\"#993399\"><\/td>\n<td bgcolor=\"#993399\"><\/td>\n<td bgcolor=\"#993399\"><\/td>\n<td bgcolor=\"#993399\"><\/td>\n<td bgcolor=\"#993399\"><\/td>\n<td bgcolor=\"#FFFFFF\"><\/td>\n<td bgcolor=\"#FF66FF\"><\/td>\n<td bgcolor=\"#669900\"><\/td>\n<td bgcolor=\"#CCCC00\"><\/td>\n<td bgcolor=\"#663300\"><\/td>\n<td bgcolor=\"#CC9900\"><\/td>\n<\/tr>\n<tr>\n<td bgcolor=\"#FFFFFF\">M<\/td>\n<td valign=\"top\" bgcolor=\"#FF33FF\" width=\"142\"><img loading=\"lazy\" decoding=\"async\" src=\"http:\/\/www.nicaragua-travel-guide.com\/imangenestres\/deapratemtocotalvert.jpg\" width=\"128\" height=\"28\" \/><\/td>\n<td bgcolor=\"#FF66FF\"><\/td>\n<td bgcolor=\"#FF66FF\"><\/td>\n<td bgcolor=\"#FF66FF\"><\/td>\n<td bgcolor=\"#FF66FF\"><\/td>\n<td bgcolor=\"#FF66FF\"><\/td>\n<td bgcolor=\"#FF66FF\"><\/td>\n<td bgcolor=\"#FF66FF\"><\/td>\n<td bgcolor=\"#FF66FF\"><\/td>\n<td bgcolor=\"#FF66FF\"><\/td>\n<td bgcolor=\"#FF66FF\"><\/td>\n<td bgcolor=\"#FF66FF\"><\/td>\n<td bgcolor=\"#FF66FF\"><\/td>\n<td bgcolor=\"#FFFFFF\"><\/td>\n<td bgcolor=\"#669900\"><\/td>\n<td bgcolor=\"#CCCC00\"><\/td>\n<td bgcolor=\"#663300\"><\/td>\n<td bgcolor=\"#CC9900\"><\/td>\n<\/tr>\n<tr>\n<td bgcolor=\"#FFFFFF\">N<\/td>\n<td valign=\"top\" bgcolor=\"#669933\" width=\"142\"><img loading=\"lazy\" decoding=\"async\" src=\"http:\/\/www.nicaragua-travel-guide.com\/imangenestres\/deapratemtopuertocabezasv.jpg\" width=\"142\" height=\"27\" \/><\/td>\n<td bgcolor=\"#009900\"><\/td>\n<td bgcolor=\"#009900\"><\/td>\n<td bgcolor=\"#009900\"><\/td>\n<td bgcolor=\"#009900\"><\/td>\n<td bgcolor=\"#009900\"><\/td>\n<td bgcolor=\"#009900\"><\/td>\n<td bgcolor=\"#009900\"><\/td>\n<td bgcolor=\"#009900\"><\/td>\n<td bgcolor=\"#009900\"><\/td>\n<td bgcolor=\"#009900\"><\/td>\n<td bgcolor=\"#009900\"><\/td>\n<td bgcolor=\"#009900\"><\/td>\n<td bgcolor=\"#009900\"><\/td>\n<td bgcolor=\"#FFFFFF\"><\/td>\n<td bgcolor=\"#CCCC00\"><\/td>\n<td bgcolor=\"#663300\"><\/td>\n<td bgcolor=\"#CC9900\"><\/td>\n<\/tr>\n<tr>\n<td bgcolor=\"#FFFFFF\" width=\"26\">O<\/td>\n<td valign=\"top\" bgcolor=\"#CCCC66\" width=\"142\"><img loading=\"lazy\" decoding=\"async\" src=\"http:\/\/www.nicaragua-travel-guide.com\/imangenestres\/deapratemtorivasvert.jpg\" width=\"128\" height=\"32\" \/><\/td>\n<td bgcolor=\"#CCCC00\"><\/td>\n<td bgcolor=\"#CCCC00\"><\/td>\n<td bgcolor=\"#CCCC00\"><\/td>\n<td bgcolor=\"#CCCC00\"><\/td>\n<td bgcolor=\"#CCCC00\"><\/td>\n<td bgcolor=\"#CCCC00\"><\/td>\n<td bgcolor=\"#CCCC00\"><\/td>\n<td bgcolor=\"#CCCC00\"><\/td>\n<td bgcolor=\"#CCCC00\"><\/td>\n<td bgcolor=\"#CCCC00\"><\/td>\n<td bgcolor=\"#CCCC00\"><\/td>\n<td bgcolor=\"#CCCC00\"><\/td>\n<td bgcolor=\"#CCCC00\"><\/td>\n<td bgcolor=\"#CCCC00\"><\/td>\n<td bgcolor=\"#FFFFFF\"><\/td>\n<td bgcolor=\"#663300\"><\/td>\n<td bgcolor=\"#CC9900\"><\/td>\n<\/tr>\n<tr>\n<td bgcolor=\"#FFFFFF\" width=\"26\">P<\/td>\n<td valign=\"top\" bgcolor=\"#663300\" width=\"142\"><img loading=\"lazy\" decoding=\"async\" src=\"http:\/\/www.nicaragua-travel-guide.com\/imangenestres\/deapratemtosancarlosvert.jpg\" width=\"121\" height=\"25\" \/><\/td>\n<td bgcolor=\"#663333\"><\/td>\n<td bgcolor=\"#663333\"><\/td>\n<td bgcolor=\"#663333\"><\/td>\n<td bgcolor=\"#663333\"><\/td>\n<td bgcolor=\"#663333\"><\/td>\n<td bgcolor=\"#663333\"><\/td>\n<td bgcolor=\"#663333\"><\/td>\n<td bgcolor=\"#663333\"><\/td>\n<td bgcolor=\"#663333\"><\/td>\n<td bgcolor=\"#663333\"><\/td>\n<td bgcolor=\"#663333\"><\/td>\n<td bgcolor=\"#663333\"><\/td>\n<td bgcolor=\"#663333\"><\/td>\n<td bgcolor=\"#663333\"><\/td>\n<td bgcolor=\"#663333\"><\/td>\n<td bgcolor=\"#FFFFFF\"><\/td>\n<td bgcolor=\"#CC9900\"><\/td>\n<\/tr>\n<tr>\n<td bgcolor=\"#FFFFFF\" width=\"26\" height=\"35\">Q<\/td>\n<td valign=\"top\" bgcolor=\"#CC9966\" width=\"142\"><img loading=\"lazy\" decoding=\"async\" src=\"http:\/\/www.nicaragua-travel-guide.com\/imangenestres\/deapratemtosomotovert.jpg\" width=\"126\" height=\"27\" \/><\/td>\n<td bgcolor=\"#CC9900\"><\/td>\n<td bgcolor=\"#CC9900\"><\/td>\n<td bgcolor=\"#CC9900\"><\/td>\n<td bgcolor=\"#CC9900\"><\/td>\n<td bgcolor=\"#CC9900\"><\/td>\n<td bgcolor=\"#CC9900\"><\/td>\n<td bgcolor=\"#CC9900\"><\/td>\n<td bgcolor=\"#CC9900\"><\/td>\n<td bgcolor=\"#CC9900\"><\/td>\n<td bgcolor=\"#CC9900\"><\/td>\n<td bgcolor=\"#CC9900\"><\/td>\n<td bgcolor=\"#CC9900\"><\/td>\n<td bgcolor=\"#CC9900\"><\/td>\n<td bgcolor=\"#CC9900\"><\/td>\n<td bgcolor=\"#CC9900\"><\/td>\n<td bgcolor=\"#CC9900\"><\/td>\n<td bgcolor=\"#FFFFFF\"><\/td>\n<\/tr>\n<\/tbody>\n<\/table>\n<\/td>\n<\/tr>\n<tr>\n<td align=\"center\" bgcolor=\"#FFFF00\" height=\"35\">Managua<\/td>\n<\/tr>\n<tr>\n<td align=\"center\" bgcolor=\"#FFFFFF\" height=\"31\">Estel\u00ed<\/td>\n<\/tr>\n<tr>\n<td align=\"center\" bgcolor=\"#FFFFFF\" height=\"32\">Granada<\/td>\n<\/tr>\n<tr>\n<td bgcolor=\"#CCFFFF\" width=\"277\" height=\"35\"><strong>Carro \u00a0privado 4 pasajeros\u00a0<\/strong><\/td>\n<\/tr>\n<tr>\n<td bgcolor=\"#CCFFFF\">Van 7 pasajeros con gu\u00eda<\/td>\n<\/tr>\n<tr bgcolor=\"#FFCC00\">\n<td bgcolor=\"#CCFFFF\">Microbus 15 pasajeros<\/td>\n<\/tr>\n<tr bgcolor=\"#FFCC00\">\n<td bgcolor=\"#CCFFFF\" width=\"277\">Carro Yaris 5 pasajeros<\/td>\n<\/tr>\n<tr bgcolor=\"#FFCC00\">\n<td bgcolor=\"#CCFFFF\">Land Cruiser 4&#215;4 8 pasajeros<\/td>\n<\/tr>\n<tr bgcolor=\"#FFCC00\">\n<td bgcolor=\"#CCFFFF\">Ford Runner 4&#215;4 8 pasajeros<\/td>\n<\/tr>\n<tr bgcolor=\"#FFCC00\">\n<td bgcolor=\"#CCFFFF\">Camioneta 1 Cabina 2 pasajeros<\/td>\n<\/tr>\n<tr bgcolor=\"#FFCC00\">\n<td bgcolor=\"#CCFFFF\">Camioneta 2 Cabina 5 pasajeros<\/td>\n<\/tr>\n<tr bgcolor=\"#FFCC00\">\n<td bgcolor=\"#CCFFFF\">Coaster24 pasajeros<\/td>\n<\/tr>\n<tr bgcolor=\"#FFCC00\">\n<td bgcolor=\"#CCFFFF\">Higer37pasajeros<\/td>\n<\/tr>\n<tr bgcolor=\"#FFCC00\">\n<td bgcolor=\"#FFFF00\">Marcopolo 45-55 pasajeros<\/td>\n<\/tr>\n<tr bgcolor=\"#FFCC00\">\n<td bgcolor=\"#CCFFFF\">SchoolBus 60 pasajeros<\/td>\n<\/tr>\n<tr bgcolor=\"#FFCC00\">\n<td bgcolor=\"#FFFFFF\">Medio d\u00eda<\/td>\n<\/tr>\n<tr bgcolor=\"#FFCC00\">\n<td bgcolor=\"#FFFFFF\" height=\"33\">Tod el d\u00eda<\/td>\n<\/tr>\n<tr bgcolor=\"#FFCC00\">\n<td bgcolor=\"#FFFFFF\" height=\"33\">Una v\u00eda<\/td>\n<\/tr>\n<tr bgcolor=\"#FFCC00\">\n<td valign=\"bottom\" bgcolor=\"#FFFFFF\" height=\"12\">Ida y vuelta<\/td>\n<\/tr>\n<tr bgcolor=\"#FFCC00\">\n<td valign=\"bottom\" bgcolor=\"#FFFFFF\" height=\"13\"><\/td>\n<\/tr>\n<tr>\n<td colspan=\"5\" bgcolor=\"#FFFFFF\">\n<table border=\"0\" width=\"994\">\n<tbody>\n<tr>\n<td bgcolor=\"#FFFFCC\" width=\"49\">A+B<\/td>\n<td bgcolor=\"#FFFFCC\" width=\"51\">A+C<\/td>\n<td bgcolor=\"#FFFFCC\" width=\"55\">A+D<\/td>\n<td bgcolor=\"#FFFFCC\" width=\"58\">A+E<\/td>\n<td bgcolor=\"#FFFFCC\" width=\"52\">A+F<\/td>\n<td bgcolor=\"#FFFFCC\" width=\"56\">A+G<\/td>\n<td bgcolor=\"#FFFFCC\" width=\"57\">A+H<\/td>\n<td bgcolor=\"#FFFFCC\" width=\"58\">A+I<\/td>\n<td bgcolor=\"#FFFFCC\" width=\"54\">A+J<\/td>\n<td bgcolor=\"#FFFFCC\" width=\"66\">A+K<\/td>\n<td bgcolor=\"#FFFFCC\" width=\"48\">A+L<\/td>\n<td bgcolor=\"#FFFFCC\" width=\"52\">A+M<\/td>\n<td bgcolor=\"#FFFFCC\" width=\"284\">A+N<\/td>\n<\/tr>\n<\/tbody>\n<\/table>\n<\/td>\n<\/tr>\n<tr>\n<td colspan=\"5\" bgcolor=\"#FFFFFF\">Ida y vuelta: 12 horas de servicio:con espera en parqueo.<\/td>\n<\/tr>\n<tr>\n<td colspan=\"5\" bgcolor=\"#FFFFFF\">\n<table border=\"0\" width=\"994\">\n<tbody>\n<tr>\n<td bgcolor=\"#FFFFCC\" width=\"49\">A+B<\/td>\n<td bgcolor=\"#FFFFCC\" width=\"51\">A+C<\/td>\n<td bgcolor=\"#FFFFCC\" width=\"55\">A+D<\/td>\n<td bgcolor=\"#FFFFCC\" width=\"58\">A+E<\/td>\n<td bgcolor=\"#FFFFCC\" width=\"52\">A+F<\/td>\n<td bgcolor=\"#FFFFCC\" width=\"56\">A+G<\/td>\n<td bgcolor=\"#FFFFCC\" width=\"57\">A+H<\/td>\n<td bgcolor=\"#FFFFCC\" width=\"58\">A+I<\/td>\n<td bgcolor=\"#FFFFCC\" width=\"54\">A+J<\/td>\n<td bgcolor=\"#FFFFCC\" width=\"66\">A+K<\/td>\n<td bgcolor=\"#FFFFCC\" width=\"48\">A+L<\/td>\n<td bgcolor=\"#FFFFCC\" width=\"52\">A+M<\/td>\n<td bgcolor=\"#FFFFCC\" width=\"284\">A+N<\/td>\n<\/tr>\n<\/tbody>\n<\/table>\n<\/td>\n<\/tr>\n<tr>\n<td colspan=\"5\" bgcolor=\"#FFFFFF\">Managua:Tour Nocturno $ traslado desde el \u00a0hotel en Managua hacia la zona viva por la noche. \u00a0Horas:8:00pm-12:00pm<\/td>\n<\/tr>\n<tr>\n<td colspan=\"5\" bgcolor=\"#FFFFFF\">Managua: City Tour + Masaya volcano: transporte desde el hotel en Managua \u00a0city tour en el centro.<\/td>\n<\/tr>\n<tr>\n<td colspan=\"5\" bgcolor=\"#FFFFFF\">Esteli -Granada- Esteli: Ida y vuelta (todo el\u00a0d\u00eda) 12 horas.<\/td>\n<\/tr>\n<tr>\n<td colspan=\"5\" bgcolor=\"#FFFFCC\">Viaje en bus marcopolo privado con conductor para grupo de 45 -55 pasajeros con aire acondicionado y letrina<\/td>\n<\/tr>\n<\/tbody>\n<\/table>\n<\/td>\n<\/tr>\n<\/tbody>\n<\/table>\n","protected":false},"excerpt":{"rendered":"<p>Managua Masaya Matagalpa Granada Estel\u00ed Leon Juigalpa Chontales Servicio de conductor y guiado en TRANSPORTE\u00a0 privado \u00a0y de alquiler en unidad de\u00a0veh\u00edculo disponible, \u00a0recorrido tur\u00edstico, viajes corporativos, \u00a0congresos y convenciones, eventos especiales, viajes privados por\u00a0Centroam\u00e9rica\u00a0traslado de un\u00a0destino\u00a0a otro, a su elecci\u00f3n y de acuerdo a su capacidad. Le pondremos en contacto con servicio de conductor [&hellip;]<\/p>\n","protected":false},"author":2,"featured_media":0,"parent":0,"menu_order":0,"comment_status":"closed","ping_status":"closed","template":"","meta":{"footnotes":""},"_links":{"self":[{"href":"https:\/\/nicaragua-travel-guide.com\/site\/wp-json\/wp\/v2\/pages\/5238"}],"collection":[{"href":"https:\/\/nicaragua-travel-guide.com\/site\/wp-json\/wp\/v2\/pages"}],"about":[{"href":"https:\/\/nicaragua-travel-guide.com\/site\/wp-json\/wp\/v2\/types\/page"}],"author":[{"embeddable":true,"href":"https:\/\/nicaragua-travel-guide.com\/site\/wp-json\/wp\/v2\/users\/2"}],"replies":[{"embeddable":true,"href":"https:\/\/nicaragua-travel-guide.com\/site\/wp-json\/wp\/v2\/comments?post=5238"}],"version-history":[{"count":9,"href":"https:\/\/nicaragua-travel-guide.com\/site\/wp-json\/wp\/v2\/pages\/5238\/revisions"}],"predecessor-version":[{"id":10924,"href":"https:\/\/nicaragua-travel-guide.com\/site\/wp-json\/wp\/v2\/pages\/5238\/revisions\/10924"}],"wp:attachment":[{"href":"https:\/\/nicaragua-travel-guide.com\/site\/wp-json\/wp\/v2\/media?parent=5238"}],"curies":[{"name":"wp","href":"https:\/\/api.w.org\/{rel}","templated":true}]}}