{"id":5240,"date":"2016-06-23T00:45:19","date_gmt":"2016-06-23T00:45:19","guid":{"rendered":"http:\/\/nicaragua-travel-guide.com\/site\/?page_id=5240"},"modified":"2016-08-15T02:40:10","modified_gmt":"2016-08-15T02:40:10","slug":"traslado-shuttle-from-granada-to-managua-airport-leon-san-jorge-port-san-juan-del-sur-one-way-or-round-trip","status":"publish","type":"page","link":"https:\/\/nicaragua-travel-guide.com\/site\/traslado-shuttle-from-granada-to-managua-airport-leon-san-jorge-port-san-juan-del-sur-one-way-or-round-trip\/","title":{"rendered":"Traslados"},"content":{"rendered":"<table style=\"height: 577px; width: 844px;\">\n<tbody>\n<tr style=\"height: 17px;\">\n<td style=\"width: 704px; height: 17px;\" colspan=\"5\"><img loading=\"lazy\" decoding=\"async\" class=\"size-full wp-image-5117 aligncenter\" src=\"http:\/\/nicaragua-travel-guide.com\/site\/wp-content\/uploads\/2016\/06\/headertransportealquileryviajes.jpg\" alt=\"headertransportealquileryviajes\" width=\"1025\" height=\"345\" srcset=\"https:\/\/nicaragua-travel-guide.com\/site\/wp-content\/uploads\/2016\/06\/headertransportealquileryviajes.jpg 1025w, https:\/\/nicaragua-travel-guide.com\/site\/wp-content\/uploads\/2016\/06\/headertransportealquileryviajes-600x202.jpg 600w\" sizes=\"(max-width: 1025px) 100vw, 1025px\" \/><\/td>\n<\/tr>\n<tr style=\"height: 20px;\">\n<td style=\"width: 704px; height: 20px; border-color: #d1edca; background-color: #d1edca; text-align: left;\" colspan=\"5\">\n<table style=\"height: 29px; width: 833px;\">\n<tbody>\n<tr style=\"height: 16.6007px;\">\n<td style=\"width: 821px; height: 16.6007px; border-color: #a7bfa1; background-color: #d1edca; text-align: center;\" colspan=\"2\"><strong>Servicio de Transporte: Shuttle \/ Transffer \/ Viaje \u00a0 \u00a0 \u00a0Compartido o\u00a0Privado<\/strong><\/p>\n<p>Traslado de un destino a otro, en veh\u00edculo p\u00fablico o privado a su elecci\u00f3n y de acuerdo a su capacidad.<\/p>\n<p>Le pondremos en contacto con servicio de conductor y opci\u00f3n ir acompa\u00f1ado con gu\u00eda tur\u00edstico nacional bilingue.<\/p>\n<p>&nbsp;<\/td>\n<\/tr>\n<tr style=\"height: 16.6007px;\">\n<td style=\"width: 300px; height: 16.6007px; border-color: #ffffff; background-color: #ffffff; text-align: center;\"><\/td>\n<td style=\"width: 521px; height: 16.6007px; border-color: #ffffff; background-color: #ffffff; text-align: center;\">\n<table style=\"height: 30px; width: 199.08px;\">\n<tbody>\n<tr style=\"height: 21.9757px;\">\n<td style=\"width: 202.08px; height: 21.9757px; border-color: #030000; text-align: center; background-color: #2dd61e;\"><strong>\u00a0Traslado \/ Shuttle una v\u00eda<\/strong><\/td>\n<\/tr>\n<\/tbody>\n<\/table>\n<\/td>\n<\/tr>\n<\/tbody>\n<\/table>\n<\/td>\n<\/tr>\n<tr style=\"height: 24px;\">\n<td style=\"width: 140px; height: 24px; background-color: #ffffff;\"><strong>Origen \u00a0 \u00a0 \u00a0 <\/strong><\/td>\n<td style=\"width: 156.66668701171875px; height: 24px; background-color: #7ccc8a;\"><strong>Destino \u00a0 \u00a0 \u00a0<\/strong><\/td>\n<td style=\"width: 154.33331298828125px; height: 24px; background-color: #7ccc8a;\"><strong>Hora de salida <\/strong><\/td>\n<td style=\"width: 127px; height: 24px; background-color: #7ccc8a;\"><strong>Tiempo: <\/strong><\/td>\n<td style=\"width: 126px; height: 24px; background-color: #7ccc8a;\"><strong> U$ por persona<\/strong><\/td>\n<\/tr>\n<tr style=\"height: 24px;\">\n<td style=\"width: 140px; height: 24px; background-color: #eefa07;\"><strong>Granada<\/strong><\/td>\n<td style=\"width: 156.66668701171875px; height: 24px; background-color: #fcfcbb;\">Laguna de Apoyo<\/td>\n<td style=\"width: 154.33331298828125px; height: 24px; background-color: #fafaf7;\">10:oo am<\/td>\n<td style=\"width: 127px; height: 24px; background-color: #fafaf7;\">30 minutos<\/td>\n<td style=\"width: 126px; height: 24px; background-color: #fafaf7;\">U$15<\/td>\n<\/tr>\n<tr style=\"height: 24px;\">\n<td style=\"width: 140px; height: 24px; background-color: #eefa07;\">\u00a0<strong>Granada<\/strong><\/td>\n<td style=\"width: 156.66668701171875px; height: 24px; background-color: #fcfcbb;\">Aeropuerto<\/td>\n<td style=\"width: 154.33331298828125px; height: 24px; background-color: #fafaf7;\">4:00 am<\/p>\n<p>8:00 am<\/p>\n<p>12:00 p<\/td>\n<td style=\"width: 127px; height: 24px; background-color: #fafaf7;\">50 minutos<\/td>\n<td style=\"width: 126px; height: 24px; background-color: #fafaf7;\">U$18<\/td>\n<\/tr>\n<tr style=\"height: 24px;\">\n<td style=\"width: 140px; height: 24px; background-color: #eefa07;\">\u00a0<strong>Granada<\/strong><\/td>\n<td style=\"width: 156.66668701171875px; height: 24px; background-color: #fcfcbb;\">Le\u00f3n<\/td>\n<td style=\"width: 154.33331298828125px; height: 24px; background-color: #fafaf7;\">12:00 pm<\/td>\n<td style=\"width: 127px; height: 24px; background-color: #fafaf7;\">3 horas<\/td>\n<td style=\"width: 126px; height: 24px; background-color: #fafaf7;\">U$18 p\/p<\/td>\n<\/tr>\n<tr style=\"height: 24px;\">\n<td style=\"width: 140px; height: 24px; background-color: #eefa07;\"><strong>Granada<\/strong><\/td>\n<td style=\"width: 156.66668701171875px; height: 24px; background-color: #fcfcbb;\">Puerto San Jorge<\/td>\n<td style=\"width: 154.33331298828125px; height: 24px; background-color: #fafaf7;\">10:00 am<\/p>\n<p>12:30 pm<\/td>\n<td style=\"width: 127px; height: 24px; background-color: #fafaf7;\">1 hora y 20 min<\/td>\n<td style=\"width: 126px; height: 24px; background-color: #fafaf7;\">U$18 p\/p<\/td>\n<\/tr>\n<tr style=\"height: 24px;\">\n<td style=\"width: 140px; height: 24px; background-color: #eefa07;\">\u00a0<strong>Granada<\/strong><\/td>\n<td style=\"width: 156.66668701171875px; height: 24px; background-color: #fcfcbb;\">Pto. San Juan del Sur<\/td>\n<td style=\"width: 154.33331298828125px; height: 24px; background-color: #fafaf7;\">10:00 am<\/p>\n<p>12:30 pm<\/td>\n<td style=\"width: 127px; height: 24px; background-color: #fafaf7;\">1 hora y 45 min<\/td>\n<td style=\"width: 126px; height: 24px; background-color: #fafaf7;\">U$18 p\/p<\/td>\n<\/tr>\n<tr style=\"height: 24px;\">\n<td style=\"width: 140px; height: 24px; background-color: #eefa07;\">\u00a0<strong>Granada<\/strong><\/td>\n<td style=\"width: 156.66668701171875px; height: 24px; background-color: #fcfcbb;\">Pe\u00f1as Blancas<\/td>\n<td style=\"width: 154.33331298828125px; height: 24px; background-color: #fafaf7;\"><\/td>\n<td style=\"width: 127px; height: 24px; background-color: #fafaf7;\"><\/td>\n<td style=\"width: 126px; height: 24px; background-color: #fafaf7;\">U$40 p\/p<\/td>\n<\/tr>\n<tr style=\"height: 24px;\">\n<td style=\"width: 140px; height: 24px; background-color: #eefa07;\"><strong>Granada<\/strong><\/td>\n<td style=\"width: 156.66668701171875px; height: 24px; background-color: #fcfcbb;\">Volc\u00e1n Masaya<\/td>\n<td style=\"width: 154.33331298828125px; height: 24px; background-color: #fafaf7;\"><\/td>\n<td style=\"width: 127px; height: 24px; background-color: #fafaf7;\"><\/td>\n<td style=\"width: 126px; height: 24px; background-color: #fafaf7;\">U$30 p\/p<\/td>\n<\/tr>\n<tr style=\"height: 24px;\">\n<td style=\"width: 140px; height: 24px; background-color: #eefa07;\"><strong>Granada<\/strong><\/td>\n<td style=\"width: 156.66668701171875px; height: 24px; background-color: #fcfcbb;\">Volc\u00e1n Mombacho<\/td>\n<td style=\"width: 154.33331298828125px; height: 24px; background-color: #fafaf7;\"><\/td>\n<td style=\"width: 127px; height: 24px; background-color: #fafaf7;\"><\/td>\n<td style=\"width: 126px; height: 24px; background-color: #fafaf7;\">U$20 p\/p<\/td>\n<\/tr>\n<tr style=\"height: 24px;\">\n<td style=\"width: 704px; height: 24px; background-color: #ffffff; border-color: #ffffff;\" colspan=\"5\"><\/td>\n<\/tr>\n<tr style=\"height: 24px;\">\n<td style=\"width: 140px; height: 24px; background-color: #22f5d9;\">\u00a0<b>Le\u00f3n<\/b><\/td>\n<td style=\"width: 156.66668701171875px; height: 24px; background-color: #d7f5ef;\">\u00a0Aeropuerto<\/td>\n<td style=\"width: 154.33331298828125px; height: 24px; background-color: #fafaf7;\">\u00a09:30 am<\/td>\n<td style=\"width: 127px; height: 24px; background-color: #fafaf7;\">\u00a0 2 \u00a0horas<\/td>\n<td style=\"width: 126px; height: 24px; background-color: #fafaf7;\">\u00a0U$$18 p\/p<\/td>\n<\/tr>\n<tr style=\"height: 24px;\">\n<td style=\"width: 140px; height: 24px; background-color: #22f5d9;\"><strong>Le\u00f3n\u00a0<\/strong><\/td>\n<td style=\"width: 156.66668701171875px; height: 24px; background-color: #d7f5ef;\">\u00a0Granada<\/td>\n<td style=\"width: 154.33331298828125px; height: 24px; background-color: #fafaf7;\">\u00a09:30 am<\/td>\n<td style=\"width: 127px; height: 24px; background-color: #fafaf7;\">\u00a03 horas<\/td>\n<td style=\"width: 126px; height: 24px; background-color: #fafaf7;\">\u00a0U$18 p\/p<\/td>\n<\/tr>\n<tr style=\"height: 24px;\">\n<td style=\"width: 140px; height: 24px; background-color: #22f5d9;\">\u00a0<strong>Le\u00f3n<\/strong><\/td>\n<td style=\"width: 156.66668701171875px; height: 24px; background-color: #d7f5ef;\">\u00a0<strong>San Juan del \u00a0Sur<\/strong><\/td>\n<td style=\"width: 154.33331298828125px; height: 24px; background-color: #fafaf7;\">\u00a09:30 am<\/td>\n<td style=\"width: 127px; height: 24px; background-color: #fafaf7;\">\u00a04 horas<\/td>\n<td style=\"width: 126px; height: 24px; background-color: #fafaf7;\">\u00a0U$25 \u00a0p\/p<\/td>\n<\/tr>\n<tr style=\"height: 17px;\">\n<td style=\"width: 140px; height: 17px; background-color: #22f5d9;\"><strong>Le\u00f3n\u00a0<\/strong><\/td>\n<td style=\"width: 156.66668701171875px; height: 17px; background-color: #d7f5ef;\">Puerto San Jorge<\/td>\n<td style=\"width: 154.33331298828125px; height: 17px; background-color: #fafaf7;\">10:30 am<\/td>\n<td style=\"width: 127px; height: 17px; background-color: #fafaf7;\">3 horas y 30 min<\/td>\n<td style=\"width: 126px; height: 17px; background-color: #fafaf7;\">U$25<\/td>\n<\/tr>\n<tr style=\"height: 10px;\">\n<td style=\"width: 704px; height: 10px; background-color: #ffffff;\" colspan=\"5\"><\/td>\n<\/tr>\n<tr style=\"height: 17.666748046875px;\">\n<td style=\"width: 140px; height: 17.666748046875px; background-color: #ffc505;\"><strong>San Juan del Sur<\/strong><\/td>\n<td style=\"width: 156.66668701171875px; height: 17.666748046875px; background-color: #faee96;\">San Jorge<\/td>\n<td style=\"width: 154.33331298828125px; height: 17.666748046875px; background-color: #fafaf7;\">9:30 am<\/p>\n<p>3:30 pm<\/td>\n<td style=\"width: 127px; height: 17.666748046875px; background-color: #fafaf7;\">\u00a030 min<\/td>\n<td style=\"width: 126px; height: 17.666748046875px; background-color: #fafaf7;\">U$15 p\/p<\/td>\n<\/tr>\n<tr style=\"height: 17px;\">\n<td style=\"width: 140px; height: 17px; background-color: #ffc505;\"><strong>San Juan del Sur<\/strong><\/td>\n<td style=\"width: 156.66668701171875px; height: 17px; background-color: #faee96;\">Granada<\/td>\n<td style=\"width: 154.33331298828125px; height: 17px; background-color: #fafaf7;\">9:30 am<\/p>\n<p>3:00pm<\/td>\n<td style=\"width: 127px; height: 17px; background-color: #fafaf7;\">\u00a01 hora y 45 min<\/td>\n<td style=\"width: 126px; height: 17px; background-color: #fafaf7;\">U$15 p\/p<\/td>\n<\/tr>\n<tr style=\"height: 17px;\">\n<td style=\"width: 140px; height: 17px; background-color: #ffc505;\"><strong>San Juan del Sur<\/strong><\/td>\n<td style=\"width: 156.66668701171875px; height: 17px; background-color: #faee96;\">Aeropuerto<\/td>\n<td style=\"width: 154.33331298828125px; height: 17px; background-color: #fafaf7;\">9:30 am<\/p>\n<p>3:30pm<\/td>\n<td style=\"width: 127px; height: 17px; background-color: #fafaf7;\">\u00a03 \u00a0 horas<\/td>\n<td style=\"width: 126px; height: 17px; background-color: #fafaf7;\">U$25 p\/p<\/td>\n<\/tr>\n<tr style=\"height: 17px;\">\n<td style=\"width: 140px; height: 17px; background-color: #ffc505;\"><strong>San Juan del Sur<\/strong><\/td>\n<td style=\"width: 156.66668701171875px; height: 17px; background-color: #faee96;\">Le\u00f3n<\/td>\n<td style=\"width: 154.33331298828125px; height: 17px; background-color: #fafaf7;\">9:30 am<\/td>\n<td style=\"width: 127px; height: 17px; background-color: #fafaf7;\">\u00a04 horas<\/td>\n<td style=\"width: 126px; height: 17px; background-color: #fafaf7;\">U$25 p\/p<\/td>\n<\/tr>\n<tr style=\"height: 17px;\">\n<td style=\"width: 704px; height: 17px; background-color: #ffffff;\" colspan=\"5\">\u00a0<img loading=\"lazy\" decoding=\"async\" class=\"alignnone size-full wp-image-10884\" src=\"http:\/\/nicaragua-travel-guide.com\/site\/wp-content\/uploads\/2016\/07\/headertransportemocrobustoyotahiaceviajesprivadosyalquiler-1.jpg\" alt=\"headertransportemocrobustoyotahiaceviajesprivadosyalquiler\" width=\"1025\" height=\"345\" srcset=\"https:\/\/nicaragua-travel-guide.com\/site\/wp-content\/uploads\/2016\/07\/headertransportemocrobustoyotahiaceviajesprivadosyalquiler-1.jpg 1025w, https:\/\/nicaragua-travel-guide.com\/site\/wp-content\/uploads\/2016\/07\/headertransportemocrobustoyotahiaceviajesprivadosyalquiler-1-600x202.jpg 600w\" sizes=\"(max-width: 1025px) 100vw, 1025px\" \/><\/td>\n<\/tr>\n<tr style=\"height: 17px;\">\n<td style=\"width: 704px; height: 17px; background-color: #ffffff;\" colspan=\"5\"><img loading=\"lazy\" decoding=\"async\" class=\"alignnone size-full wp-image-10876\" src=\"http:\/\/nicaragua-travel-guide.com\/site\/wp-content\/uploads\/2016\/07\/headertransffergranadamanaguaairportcarrotoyotacorolla.jpg\" alt=\"headertransffergranadamanaguaairportcarrotoyotacorolla\" width=\"1025\" height=\"345\" srcset=\"https:\/\/nicaragua-travel-guide.com\/site\/wp-content\/uploads\/2016\/07\/headertransffergranadamanaguaairportcarrotoyotacorolla.jpg 1025w, https:\/\/nicaragua-travel-guide.com\/site\/wp-content\/uploads\/2016\/07\/headertransffergranadamanaguaairportcarrotoyotacorolla-600x202.jpg 600w\" sizes=\"(max-width: 1025px) 100vw, 1025px\" \/><\/td>\n<\/tr>\n<tr style=\"height: 24px;\">\n<td style=\"width: 704px; height: 24px;\" colspan=\"5\">Por mayor informaci\u00f3n y reservacion <a href=\"http:\/\/nicaragua-travel-guide.com\/site\/contactanos\/\"><strong>Contactarnos<\/strong><\/a><\/td>\n<\/tr>\n<\/tbody>\n<\/table>\n","protected":false},"excerpt":{"rendered":"<p>Servicio de Transporte: Shuttle \/ Transffer \/ Viaje \u00a0 \u00a0 \u00a0Compartido o\u00a0Privado Traslado de un destino a otro, en veh\u00edculo p\u00fablico o privado a su elecci\u00f3n y de acuerdo a su capacidad. Le pondremos en contacto con servicio de conductor y opci\u00f3n ir acompa\u00f1ado con gu\u00eda tur\u00edstico nacional bilingue. &nbsp; \u00a0Traslado \/ Shuttle una v\u00eda [&hellip;]<\/p>\n","protected":false},"author":2,"featured_media":0,"parent":0,"menu_order":0,"comment_status":"closed","ping_status":"closed","template":"","meta":{"footnotes":""},"_links":{"self":[{"href":"https:\/\/nicaragua-travel-guide.com\/site\/wp-json\/wp\/v2\/pages\/5240"}],"collection":[{"href":"https:\/\/nicaragua-travel-guide.com\/site\/wp-json\/wp\/v2\/pages"}],"about":[{"href":"https:\/\/nicaragua-travel-guide.com\/site\/wp-json\/wp\/v2\/types\/page"}],"author":[{"embeddable":true,"href":"https:\/\/nicaragua-travel-guide.com\/site\/wp-json\/wp\/v2\/users\/2"}],"replies":[{"embeddable":true,"href":"https:\/\/nicaragua-travel-guide.com\/site\/wp-json\/wp\/v2\/comments?post=5240"}],"version-history":[{"count":55,"href":"https:\/\/nicaragua-travel-guide.com\/site\/wp-json\/wp\/v2\/pages\/5240\/revisions"}],"predecessor-version":[{"id":10996,"href":"https:\/\/nicaragua-travel-guide.com\/site\/wp-json\/wp\/v2\/pages\/5240\/revisions\/10996"}],"wp:attachment":[{"href":"https:\/\/nicaragua-travel-guide.com\/site\/wp-json\/wp\/v2\/media?parent=5240"}],"curies":[{"name":"wp","href":"https:\/\/api.w.org\/{rel}","templated":true}]}}