{"id":5270,"date":"2016-06-23T01:28:52","date_gmt":"2016-06-23T01:28:52","guid":{"rendered":"http:\/\/nicaragua-travel-guide.com\/site\/?page_id=5270"},"modified":"2016-08-26T03:26:27","modified_gmt":"2016-08-26T03:26:27","slug":"actividades-turisticas","status":"publish","type":"page","link":"https:\/\/nicaragua-travel-guide.com\/site\/actividades-turisticas\/","title":{"rendered":"Actividades turisticas"},"content":{"rendered":"<table style=\"width: 1005px;\">\n<tbody>\n<tr style=\"height: 115px;\">\n<th style=\"height: 115px; width: 985px;\" colspan=\"4\" scope=\"col\" bgcolor=\"#FFFFFF\"><img loading=\"lazy\" decoding=\"async\" class=\"wp-image-5124 aligncenter\" src=\"http:\/\/nicaragua-travel-guide.com\/site\/wp-content\/uploads\/2016\/06\/header-guia-de-actividades-alquiler-de-carros.jpg\" alt=\"header guia de actividades alquiler de carros\" width=\"1032\" height=\"347\" srcset=\"https:\/\/nicaragua-travel-guide.com\/site\/wp-content\/uploads\/2016\/06\/header-guia-de-actividades-alquiler-de-carros.jpg 1025w, https:\/\/nicaragua-travel-guide.com\/site\/wp-content\/uploads\/2016\/06\/header-guia-de-actividades-alquiler-de-carros-600x202.jpg 600w\" sizes=\"(max-width: 1032px) 100vw, 1032px\" \/><\/th>\n<\/tr>\n<tr style=\"height: 21px;\">\n<th style=\"height: 21px; width: 985px; background-color: #d1f0ce;\" colspan=\"4\" scope=\"col\" valign=\"top\" bgcolor=\"#0000FF\">Gu\u00eda de Actividades Tur\u00edsticas en Nicaragua:<\/th>\n<\/tr>\n<tr style=\"height: 21px;\">\n<th style=\"height: 21px; width: 216px;\" colspan=\"4\" scope=\"row\" align=\"left\" bgcolor=\"#FFFFFF\"><img loading=\"lazy\" decoding=\"async\" class=\"alignnone wp-image-12452\" src=\"http:\/\/nicaragua-travel-guide.com\/site\/wp-content\/uploads\/2016\/06\/nicaragua-travel-guide-guia-de-viajes-y-eventos.jpg\" alt=\"nicaragua travel guide guia de viajes y eventos\" width=\"986\" height=\"345\" \/><\/th>\n<\/tr>\n<tr style=\"height: 21px;\">\n<th style=\"height: 21px; width: 216px; background-color: #f5a00f;\" scope=\"row\" align=\"left\" bgcolor=\"#FFFFFF\">Regi\u00f3n Pacifico:<\/th>\n<th style=\"height: 21px; width: 269px; background-color: #14c408;\" scope=\"row\" align=\"left\" bgcolor=\"#FFFFFF\">Regi\u00f3n Central:<\/th>\n<th style=\"height: 21px; width: 289.726px; background-color: #f339fa;\" scope=\"row\" align=\"left\" bgcolor=\"#FFFFFF\">Regi\u00f3n Atl\u00e1ntico Norte:<\/th>\n<th style=\"height: 21px; width: 210.274px; background-color: #27e4f5;\" scope=\"row\" align=\"left\" bgcolor=\"#FFFFFF\">Regi\u00f3n Atl\u00e1ntico Sur:<\/th>\n<\/tr>\n<tr style=\"height: 21.3333740234375px;\" bgcolor=\"#FFFFFF\">\n<th style=\"height: 21.3333740234375px; width: 216px; background-color: #fff9d4;\" scope=\"row\" align=\"left\">Chinandega<\/th>\n<th style=\"height: 21.3333740234375px; width: 269px; background-color: #e4f7e4;\" scope=\"row\" align=\"left\">Madriz<\/th>\n<th style=\"height: 21.3333740234375px; width: 289.726px; background-color: #f5eadc;\" scope=\"row\" align=\"left\">RAAN<\/th>\n<th style=\"height: 21.3333740234375px; width: 210.274px; background-color: #e4eef0;\" scope=\"row\" align=\"left\">RAAS<\/th>\n<\/tr>\n<tr style=\"height: 21px;\" bgcolor=\"#FFFFFF\">\n<th style=\"height: 21.3333740234375px; width: 216px; background-color: #fff9d4;\" scope=\"row\" align=\"left\">Le\u00f3n<\/th>\n<th style=\"height: 21.3333740234375px; width: 269px; background-color: #e4f7e4;\" scope=\"row\" align=\"left\">Jinotega<\/th>\n<th style=\"height: 21.3333740234375px; width: 289.726px; background-color: #f5eadc;\" scope=\"row\" align=\"left\">Puerto Cabezas<\/th>\n<th style=\"height: 21.3333740234375px; width: 210.274px; background-color: #e4eef0;\" scope=\"row\" align=\"left\">Corn Islands<\/th>\n<\/tr>\n<tr style=\"height: 21px;\" bgcolor=\"#FFFFFF\">\n<th style=\"height: 21.3333740234375px; width: 216px; background-color: #fff9d4;\" scope=\"row\" align=\"left\">Managua<\/th>\n<th style=\"height: 21.3333740234375px; width: 269px; background-color: #e4f7e4;\" scope=\"row\" align=\"left\">Nueva Segovia<\/th>\n<th style=\"height: 21.3333740234375px; width: 289.726px; background-color: #f5eadc; text-align: left;\" scope=\"row\" bgcolor=\"#FFFFFF\"><a href=\"http:\/\/nicaragua-travel-guide.com\/site\/kayos-miskitos-mar-caribe-costa-atlantica-norte-de-nicaragua-tour-guiado\/\">Kayos Miskitos<\/a><\/th>\n<th style=\"height: 21.3333740234375px; width: 210.274px; background-color: #e4eef0;\" scope=\"row\" bgcolor=\"#FFFFFF\">Little corn Island<\/th>\n<\/tr>\n<tr style=\"height: 21px;\" bgcolor=\"#FFFFFF\">\n<th style=\"height: 21.3333740234375px; width: 216px; background-color: #fff9d4;\" scope=\"row\" align=\"left\">Carazo<\/th>\n<th style=\"height: 21.3333740234375px; width: 269px; background-color: #e4f7e4;\" scope=\"row\" align=\"left\">Esteli<\/th>\n<th style=\"height: 21.3333740234375px; width: 289.726px; background-color: #f5eadc; text-align: left;\" scope=\"row\" bgcolor=\"#FFFFFF\">Siuna-Rosita-Bonanza<\/th>\n<th style=\"height: 21.3333740234375px; width: 210.274px; background-color: #e4eef0;\" scope=\"row\" bgcolor=\"#FFFFFF\">Bluefields<\/th>\n<\/tr>\n<tr style=\"height: 21px;\" bgcolor=\"#FFFFFF\">\n<th style=\"height: 21.3333740234375px; width: 216px; background-color: #fff9d4;\" scope=\"row\" align=\"left\">Masaya<\/th>\n<th style=\"height: 21.3333740234375px; width: 269px; background-color: #e4f7e4;\" scope=\"row\" align=\"left\">Matagalpa<\/th>\n<th style=\"height: 21.3333740234375px; width: 289.726px; background-color: #f5eadc; text-align: left;\" scope=\"row\" bgcolor=\"#FFFFFF\">Reservas Naturales<\/th>\n<th style=\"height: 21.3333740234375px; width: 210.274px; background-color: #e4eef0;\" scope=\"row\" bgcolor=\"#FFFFFF\">Pearl Lagoon<\/th>\n<\/tr>\n<tr style=\"height: 21px;\" bgcolor=\"#FFFFFF\">\n<th style=\"height: 21px; width: 216px;\" scope=\"row\" align=\"left\" bgcolor=\"#FFFF00\"><a href=\"http:\/\/nicaragua-travel-guide.com\/site\/guia-de-actividades-turisticas-en-granada-nicaragua\/\">Granada*<\/a><\/th>\n<th style=\"height: 21.3333740234375px; width: 269px; background-color: #e4f7e4; text-align: left;\" scope=\"row\">Boaco<\/th>\n<th style=\"height: 21.3333740234375px; width: 289.726px; background-color: #f5eadc; text-align: left;\" scope=\"row\" bgcolor=\"#FFFFFF\">Comunidades Ind\u00edgenas<\/th>\n<th style=\"height: 21.3333740234375px; width: 210.274px; background-color: #e4eef0;\" scope=\"row\" bgcolor=\"#FFFFFF\">Rama River (escondido)<\/th>\n<\/tr>\n<tr style=\"height: 21px;\" bgcolor=\"#FFFFFF\">\n<th style=\"height: 21px; width: 216px; background-color: #fff9d4;\" scope=\"row\" align=\"left\">Rivas<\/th>\n<th style=\"height: 21.3333740234375px; width: 269px; background-color: #e4f7e4; text-align: left;\" scope=\"row\">Chontales-Juigalpa<\/th>\n<th style=\"height: 21.3333740234375px; width: 289.726px; background-color: #f5eadc;\" scope=\"row\" bgcolor=\"#FFFFFF\"><\/th>\n<th style=\"height: 21.3333740234375px; width: 210.274px; background-color: #e4eef0;\" scope=\"row\" bgcolor=\"#FFFFFF\"><\/th>\n<\/tr>\n<tr style=\"height: 26px;\" bgcolor=\"#FFFFFF\">\n<th style=\"height: 26px; width: 216px; background-color: #fff9d4;\" scope=\"row\" align=\"left\" valign=\"middle\"><\/th>\n<th style=\"height: 21.3333740234375px; width: 269px; background-color: #e4f7e4;\" scope=\"row\" align=\"left\" valign=\"middle\">R\u00edo\u00a0San Juan<\/th>\n<th style=\"height: 21.3333740234375px; width: 289.726px; background-color: #f5eadc;\" scope=\"row\" align=\"left\" valign=\"middle\"><\/th>\n<th style=\"height: 21.3333740234375px; width: 210.274px; background-color: #e4eef0;\" scope=\"row\" align=\"left\" valign=\"middle\"><\/th>\n<\/tr>\n<tr style=\"height: 26px;\" bgcolor=\"#FFFFFF\">\n<th style=\"height: 26px; width: 485px;\" colspan=\"2\" scope=\"row\" align=\"left\" valign=\"middle\">\u00a0Por mayor informaci\u00f3n y reservacion Contactarnos<\/th>\n<th style=\"height: 26px; width: 289.726px;\" scope=\"row\" align=\"left\" valign=\"middle\">Ver Agenda del Tour del dia<\/th>\n<th style=\"height: 26px; width: 210.274px;\" scope=\"row\" align=\"left\" valign=\"middle\">Ver Agenda Cultural<\/th>\n<\/tr>\n<tr style=\"height: 11px;\">\n<th style=\"height: 11px; width: 985px; background-color: #0acc2e;\" colspan=\"4\" scope=\"row\" align=\"left\" bgcolor=\"#0066FF\">\u00a0\u00a0\u00a0 \u00a0\u00abNicaragua Tan Peque\u00f1a, y tan Grande\u00bb \u00a0 \u00a0 \u00a0 \u00a0 \u00a0 \u00a0 \u00a0 \u00a0 \u00a0 \u00a0 \u00a0 \u00a0 \u00a0 \u00a0 \u00a0 \u00a0 \u00a0 \u00a0 \u00a0 \u00a0 \u00a0 \u00a0 Gu\u00eda\u00a0de viaje \u00a0 \u00a0eventos y proyectos<\/th>\n<\/tr>\n<\/tbody>\n<\/table>\n","protected":false},"excerpt":{"rendered":"<p>Gu\u00eda de Actividades Tur\u00edsticas en Nicaragua: Regi\u00f3n Pacifico: Regi\u00f3n Central: Regi\u00f3n Atl\u00e1ntico Norte: Regi\u00f3n Atl\u00e1ntico Sur: Chinandega Madriz RAAN RAAS Le\u00f3n Jinotega Puerto Cabezas Corn Islands Managua Nueva Segovia Kayos Miskitos Little corn Island Carazo Esteli Siuna-Rosita-Bonanza Bluefields Masaya Matagalpa Reservas Naturales Pearl Lagoon Granada* Boaco Comunidades Ind\u00edgenas Rama River (escondido) Rivas Chontales-Juigalpa R\u00edo\u00a0San Juan [&hellip;]<\/p>\n","protected":false},"author":2,"featured_media":0,"parent":0,"menu_order":0,"comment_status":"closed","ping_status":"closed","template":"","meta":{"footnotes":""},"_links":{"self":[{"href":"https:\/\/nicaragua-travel-guide.com\/site\/wp-json\/wp\/v2\/pages\/5270"}],"collection":[{"href":"https:\/\/nicaragua-travel-guide.com\/site\/wp-json\/wp\/v2\/pages"}],"about":[{"href":"https:\/\/nicaragua-travel-guide.com\/site\/wp-json\/wp\/v2\/types\/page"}],"author":[{"embeddable":true,"href":"https:\/\/nicaragua-travel-guide.com\/site\/wp-json\/wp\/v2\/users\/2"}],"replies":[{"embeddable":true,"href":"https:\/\/nicaragua-travel-guide.com\/site\/wp-json\/wp\/v2\/comments?post=5270"}],"version-history":[{"count":11,"href":"https:\/\/nicaragua-travel-guide.com\/site\/wp-json\/wp\/v2\/pages\/5270\/revisions"}],"predecessor-version":[{"id":12455,"href":"https:\/\/nicaragua-travel-guide.com\/site\/wp-json\/wp\/v2\/pages\/5270\/revisions\/12455"}],"wp:attachment":[{"href":"https:\/\/nicaragua-travel-guide.com\/site\/wp-json\/wp\/v2\/media?parent=5270"}],"curies":[{"name":"wp","href":"https:\/\/api.w.org\/{rel}","templated":true}]}}