{"id":5272,"date":"2016-06-23T01:31:39","date_gmt":"2016-06-23T01:31:39","guid":{"rendered":"http:\/\/nicaragua-travel-guide.com\/site\/?page_id=5272"},"modified":"2016-09-12T20:48:42","modified_gmt":"2016-09-12T20:48:42","slug":"guia-de-compras-por-el-dia","status":"publish","type":"page","link":"https:\/\/nicaragua-travel-guide.com\/site\/guia-de-compras-por-el-dia\/","title":{"rendered":"Compras"},"content":{"rendered":"<table style=\"width: 1015px;\" border=\"0\">\n<tbody>\n<tr style=\"height: 11px;\">\n<td style=\"height: 11px; width: 20px;\" colspan=\"2\" valign=\"top\" bgcolor=\"#0099FF\"><img loading=\"lazy\" decoding=\"async\" class=\"alignnone size-full wp-image-11185\" src=\"http:\/\/nicaragua-travel-guide.com\/site\/wp-content\/uploads\/2016\/06\/guiadecomprasnicaragua.jpg\" alt=\"guiadecomprasnicaragua\" width=\"1025\" height=\"345\" srcset=\"https:\/\/nicaragua-travel-guide.com\/site\/wp-content\/uploads\/2016\/06\/guiadecomprasnicaragua.jpg 1025w, https:\/\/nicaragua-travel-guide.com\/site\/wp-content\/uploads\/2016\/06\/guiadecomprasnicaragua-600x202.jpg 600w\" sizes=\"(max-width: 1025px) 100vw, 1025px\" \/><\/td>\n<\/tr>\n<tr style=\"height: 68px;\">\n<td style=\"height: 68px; width: 20px;\" colspan=\"2\" valign=\"top\" bgcolor=\"#0099FF\"><a href=\"http:\/\/nicaragua-travel-guide.com\/site\/guia-de-compras-y-regalos-en-nicaragua\/\">Productos decorativos y utilitarios 100% echos en Nicaragua<\/a><\/p>\n<p><strong>Productos para uso personal y regalos de cumplea\u00f1os, eventos, boda, bautizo, comuni\u00f3n, confirmaciones y m\u00e1s&#8230;<\/strong><\/td>\n<\/tr>\n<tr style=\"height: 24px;\">\n<td style=\"height: 24px; width: 20px;\" colspan=\"2\" bgcolor=\"#FFFFFF\"><img loading=\"lazy\" decoding=\"async\" class=\"alignnone size-full wp-image-11188\" src=\"http:\/\/nicaragua-travel-guide.com\/site\/wp-content\/uploads\/2016\/06\/guiadecomprasmercado.jpg\" alt=\"guiadecomprasmercado\" width=\"1025\" height=\"345\" srcset=\"https:\/\/nicaragua-travel-guide.com\/site\/wp-content\/uploads\/2016\/06\/guiadecomprasmercado.jpg 1025w, https:\/\/nicaragua-travel-guide.com\/site\/wp-content\/uploads\/2016\/06\/guiadecomprasmercado-600x202.jpg 600w\" sizes=\"(max-width: 1025px) 100vw, 1025px\" \/><\/td>\n<\/tr>\n<tr style=\"height: 96px;\">\n<td style=\"height: 96px; width: 20px;\" colspan=\"2\" bgcolor=\"#00CCCC\"><a href=\"http:\/\/nicaragua-travel-guide.com\/site\/productos-decorativos-y-utilitarios-importados-en-nicaragua\/\">Productos decorativos y utilitarios 100% importados<\/a><\/p>\n<p><strong>Productos para uso personal y regalos de cumplea\u00f1os, eventos, boda, bautizo, comunion, confirmaciones y m\u00e1a&#8230;<\/strong><\/td>\n<\/tr>\n<tr style=\"height: 18px;\">\n<td style=\"height: 18px; width: 20px;\" colspan=\"2\" valign=\"top\" bgcolor=\"#FFFFFF\"><img loading=\"lazy\" decoding=\"async\" class=\"alignnone size-full wp-image-11187\" src=\"http:\/\/nicaragua-travel-guide.com\/site\/wp-content\/uploads\/2016\/06\/guiadecompraimportado.jpg\" alt=\"guiadecompraimportado\" width=\"1025\" height=\"345\" \/><\/td>\n<\/tr>\n<tr style=\"height: 37px;\">\n<td style=\"height: 37px; width: 20px;\" colspan=\"2\" bgcolor=\"#0099FF\">Por mayor informaci\u00f3n y reservaci\u00f3n <strong>Contactarnos<\/strong><\/td>\n<\/tr>\n<\/tbody>\n<\/table>\n","protected":false},"excerpt":{"rendered":"<p>Productos decorativos y utilitarios 100% echos en Nicaragua Productos para uso personal y regalos de cumplea\u00f1os, eventos, boda, bautizo, comuni\u00f3n, confirmaciones y m\u00e1s&#8230; Productos decorativos y utilitarios 100% importados Productos para uso personal y regalos de cumplea\u00f1os, eventos, boda, bautizo, comunion, confirmaciones y m\u00e1a&#8230; Por mayor informaci\u00f3n y reservaci\u00f3n Contactarnos<\/p>\n","protected":false},"author":2,"featured_media":0,"parent":0,"menu_order":0,"comment_status":"closed","ping_status":"closed","template":"","meta":{"footnotes":""},"_links":{"self":[{"href":"https:\/\/nicaragua-travel-guide.com\/site\/wp-json\/wp\/v2\/pages\/5272"}],"collection":[{"href":"https:\/\/nicaragua-travel-guide.com\/site\/wp-json\/wp\/v2\/pages"}],"about":[{"href":"https:\/\/nicaragua-travel-guide.com\/site\/wp-json\/wp\/v2\/types\/page"}],"author":[{"embeddable":true,"href":"https:\/\/nicaragua-travel-guide.com\/site\/wp-json\/wp\/v2\/users\/2"}],"replies":[{"embeddable":true,"href":"https:\/\/nicaragua-travel-guide.com\/site\/wp-json\/wp\/v2\/comments?post=5272"}],"version-history":[{"count":7,"href":"https:\/\/nicaragua-travel-guide.com\/site\/wp-json\/wp\/v2\/pages\/5272\/revisions"}],"predecessor-version":[{"id":13431,"href":"https:\/\/nicaragua-travel-guide.com\/site\/wp-json\/wp\/v2\/pages\/5272\/revisions\/13431"}],"wp:attachment":[{"href":"https:\/\/nicaragua-travel-guide.com\/site\/wp-json\/wp\/v2\/media?parent=5272"}],"curies":[{"name":"wp","href":"https:\/\/api.w.org\/{rel}","templated":true}]}}