{"id":5285,"date":"2016-06-23T01:48:59","date_gmt":"2016-06-23T01:48:59","guid":{"rendered":"http:\/\/nicaragua-travel-guide.com\/site\/?page_id=5285"},"modified":"2024-07-21T21:07:02","modified_gmt":"2024-07-22T03:07:02","slug":"galeria-de-arte-grupo-immanti-pintores-dibujantes-escultores-musicos-poetas-actores-de-nicaragua","status":"publish","type":"page","link":"https:\/\/nicaragua-travel-guide.com\/site\/galeria-de-arte-grupo-immanti-pintores-dibujantes-escultores-musicos-poetas-actores-de-nicaragua\/","title":{"rendered":"Galer\u00eda de Arte"},"content":{"rendered":"<section class=\"wpb-content-wrapper\"><p>[vc_row][vc_column][vc_column_text]<strong>El Grupo de Artistas IMMANTI ofrece:<\/strong><\/p>\n<p><strong>Exposiciones,eventos, clases, cursos de dibujo, pintura y esculturas:<\/strong><\/p>\n<p><strong>El dibujo<\/strong> ha sido un aspecto significativo y esencial de la expresi\u00f3n est\u00e9tica humana durante milenios. La producci\u00f3n de dibujos de artistas famosos es una indicaci\u00f3n del papel fundamental que ha jugado el dibujo en nuestras civilizaciones y formas de vida desde los primeros dibujos rupestres hasta las obras de arte contempor\u00e1neas a l\u00e1piz.<\/p>\n<p><strong>En pintura <\/strong>no es la belleza, sino la expresi\u00f3n del sentimiento del artista, predominando de manera clara la perspectiva subjetiva en cualquiera de sus obras. A partir de este momento, se empezar\u00e1n a utilizar diferentes t\u00e9cnicas art\u00edsticas tales como el\u00a0<strong>\u00f3leo<\/strong>, y las\u00a0<strong>acuarelas.<\/strong><\/p>\n<p>Las <strong>esculturas<\/strong> son variadas y los materiales pueden ir desde la piedra o el m\u00e1rmol, hasta diferentes tipos de metales. As\u00ed mismo, a medida que han ido apareciendo nuevos materiales, como <strong>resina<\/strong>, pl\u00e1stico, cart\u00f3n y hasta el mismo\u00a0<strong>papel peri\u00f3dico<\/strong>, se han ido incorporando otros tipos de materiales a este arte.[\/vc_column_text][\/vc_column][\/vc_row][vc_row][vc_column][vc_gallery interval=\u00bb3&#8243; images=\u00bb16974,16975,16976,16977,16978,16979,16980,16981,16982,16983,16984,16985,16986,16987,16988&#8243; img_size=\u00bbfull\u00bb css_animation=\u00bbbounceIn\u00bb][\/vc_column][\/vc_row][vc_row][vc_column][vc_column_text]<strong>Eventos en Agenda:<\/strong>[\/vc_column_text][\/vc_column][\/vc_row][vc_row][vc_column][vc_column_text]Ver catalogo de la\u00a0 <a href=\"https:\/\/nicaragua-travel-guide.com\/site\/wp-content\/uploads\/2024\/07\/Exposicion-digital-permanente-obras-de-arte-del-grupo-IMMANTI-Nicaragua.pdf\">Exposicion digital permanente obras de arte del grupo IMMANTI Nicaragua<\/a>[\/vc_column_text][\/vc_column][\/vc_row][vc_row][vc_column width=\u00bb1\/2&#8243;][vc_column_text]<\/p>\n<ol>\n<li>Miguel \u00c1ngel Abarca<\/li>\n<li><a href=\"https:\/\/nicaragua-travel-guide.com\/site\/wp-content\/uploads\/2024\/07\/Artista-Itziar-Garalde-Larranaga-Exposicion-digital-permanente-obras-de-arte-del-grupo-IMMANTI-Nicaragua.docx.pdf\">Artista Itziar Garalde Larra\u00f1aga Exposicion digital.docx<\/a><\/li>\n<li><a href=\"https:\/\/nicaragua-travel-guide.com\/site\/wp-content\/uploads\/2024\/07\/Artista-Jose-Javier-Sanchez-Exposicion-digital-permanente-obras-de-arte-del-grupo-IMMANTI-Nicaragua.pdf\">Artista Jose Javier Sanchez Exposicion digital.docx<\/a><\/li>\n<li>Mario Adolfo Garc\u00eda<\/li>\n<li><a href=\"https:\/\/nicaragua-travel-guide.com\/site\/wp-content\/uploads\/2024\/07\/Artista-Maria-Antonia-Cuadra-Exposicion-digital-permanente-obras-de-arte-del-grupo-IMMANTI-Nicaragua.pdf\">Artista Maria Antonia Cuadra Exposicion digital.docx<\/a><\/li>\n<li>Pablo Paraj\u00f3n<\/li>\n<li>Juan Ram\u00f3n Falc\u00f3n<\/li>\n<li><a href=\"https:\/\/nicaragua-travel-guide.com\/site\/wp-content\/uploads\/2024\/07\/Artista-Maria-Renee-Perez-Exposicion-digital-permanente-obras-de-arte-del-grupo-IMMANTI-Nicaragua.pdf\">Artista Maria Renee Perez Exposicion digital.docx<\/a><\/li>\n<\/ol>\n<p>[\/vc_column_text][\/vc_column][vc_column width=\u00bb1\/2&#8243;][vc_column_text]<\/p>\n<ol>\n<li><a href=\"https:\/\/nicaragua-travel-guide.com\/site\/wp-content\/uploads\/2024\/07\/Artista-Pablo-Centeno-Gomez-Exposicion-digital-permanente-obras-de-arte-del-grupo-IMMANTI-Nicaragua.pdf\">Artista Pablo Centeno Gomez Exposicion digital.docx<\/a><\/li>\n<li><a href=\"https:\/\/nicaragua-travel-guide.com\/site\/wp-content\/uploads\/2024\/07\/Artista-Mauricio-Solis-Exposicion-digital-permanente-obras-de-arte-del-grupo-IMMANTI-Nicaragua.pdf\">Artista Mauricio Solis Exposicion digital.docx<\/a><\/li>\n<li><a href=\"https:\/\/nicaragua-travel-guide.com\/site\/wp-content\/uploads\/2024\/07\/Artista-Tita-Valle-Exposicion-digital-permanente-obras-de-arte-del-grupo-IMMANTI-Nicaragua.pdf\">Artista Tita Valle Exposicion digital.docx<\/a><\/li>\n<li><a href=\"https:\/\/nicaragua-travel-guide.com\/site\/wp-content\/uploads\/2024\/07\/Artista-Bertha-Maria-Marenco-Exposicion-digital-permanente-obras-de-arte-del-grupo-IMMANTI-Nicaragua.docx.pdf\">Artista Bertha Maria Marenco Exposicion digital.docx <\/a><\/li>\n<li><a href=\"https:\/\/nicaragua-travel-guide.com\/site\/wp-content\/uploads\/2024\/07\/Artista-Isabel-Turcios-Exposicion-digital-permanente-obras-de-arte-del-grupo-IMMANTI-Nicaragua.docx.pdf\">Artista Isabel Turcios Exposicion digital.docx <\/a><\/li>\n<li><a href=\"https:\/\/nicaragua-travel-guide.com\/site\/wp-content\/uploads\/2024\/07\/Artista-Miguel-Angel-Espinoza-Exposicion-digital-permanente-obras-de-arte-del-grupo-IMMANTI-Nicaragua.docx.pdf\">Artista Miguel Angel Espinoza Exposicion digital.docx <\/a><\/li>\n<li><a href=\"https:\/\/nicaragua-travel-guide.com\/site\/wp-content\/uploads\/2024\/07\/Artista-Jorge-Jenkins-Exposicion-digital-permanente-obras-de-arte-del-grupo-IMMANTI-Nicaragua.docx.pdf\">Artista Jorge Jenkins Exposicion digital.docx<\/a><\/li>\n<li><a href=\"https:\/\/nicaragua-travel-guide.com\/site\/wp-content\/uploads\/2024\/07\/Artista-Roger-Perez-de-la-Rocha-Exposicion-digital-permanente-obras-de-arte-del-grupo-IMMANTI-Nicaragua.docx.pdf\">Artista Roger Perez de la Rocha Exposicion digital.docx<\/a><\/li>\n<\/ol>\n<p>[\/vc_column_text][\/vc_column][\/vc_row][vc_row][vc_column][vc_gallery interval=\u00bb3&#8243; images=\u00bb16898,16943,16944,16945,16946&#8243; img_size=\u00bbfull\u00bb css_animation=\u00bbbounceInDown\u00bb][\/vc_column][\/vc_row]<\/p>\n<\/section>","protected":false},"excerpt":{"rendered":"<p>[vc_row][vc_column][vc_column_text]El Grupo de Artistas IMMANTI ofrece: Exposiciones,eventos, clases, cursos de dibujo, pintura y esculturas: El dibujo ha sido un aspecto significativo y esencial de la expresi\u00f3n est\u00e9tica humana durante milenios. La producci\u00f3n de dibujos de artistas famosos es una indicaci\u00f3n del papel fundamental que ha jugado el dibujo en nuestras civilizaciones y formas de vida [&hellip;]<\/p>\n","protected":false},"author":2,"featured_media":0,"parent":0,"menu_order":0,"comment_status":"closed","ping_status":"closed","template":"","meta":{"footnotes":""},"_links":{"self":[{"href":"https:\/\/nicaragua-travel-guide.com\/site\/wp-json\/wp\/v2\/pages\/5285"}],"collection":[{"href":"https:\/\/nicaragua-travel-guide.com\/site\/wp-json\/wp\/v2\/pages"}],"about":[{"href":"https:\/\/nicaragua-travel-guide.com\/site\/wp-json\/wp\/v2\/types\/page"}],"author":[{"embeddable":true,"href":"https:\/\/nicaragua-travel-guide.com\/site\/wp-json\/wp\/v2\/users\/2"}],"replies":[{"embeddable":true,"href":"https:\/\/nicaragua-travel-guide.com\/site\/wp-json\/wp\/v2\/comments?post=5285"}],"version-history":[{"count":98,"href":"https:\/\/nicaragua-travel-guide.com\/site\/wp-json\/wp\/v2\/pages\/5285\/revisions"}],"predecessor-version":[{"id":16960,"href":"https:\/\/nicaragua-travel-guide.com\/site\/wp-json\/wp\/v2\/pages\/5285\/revisions\/16960"}],"wp:attachment":[{"href":"https:\/\/nicaragua-travel-guide.com\/site\/wp-json\/wp\/v2\/media?parent=5285"}],"curies":[{"name":"wp","href":"https:\/\/api.w.org\/{rel}","templated":true}]}}