{"id":5351,"date":"2016-06-23T15:42:01","date_gmt":"2016-06-23T15:42:01","guid":{"rendered":"http:\/\/nicaragua-travel-guide.com\/site\/?page_id=5351"},"modified":"2016-08-22T20:50:36","modified_gmt":"2016-08-22T20:50:36","slug":"evento-especial-grupo-de-danza-parejas-e-instructor-desde-granada-se-organiza-y-viaja-en-nicaragua-y-el-exterior","status":"publish","type":"page","link":"https:\/\/nicaragua-travel-guide.com\/site\/evento-especial-grupo-de-danza-parejas-e-instructor-desde-granada-se-organiza-y-viaja-en-nicaragua-y-el-exterior\/","title":{"rendered":"Danza Nicaragua en \u00abEventos especiales\u00bb grupo, parejas e instructor"},"content":{"rendered":"<table style=\"width: 1026px;\" border=\"0\">\n<tbody>\n<tr style=\"height: 24px;\">\n<td style=\"height: 24px; width: 717px;\" bgcolor=\"#FFFFFF\"><img loading=\"lazy\" decoding=\"async\" class=\"alignnone size-full wp-image-5353\" src=\"http:\/\/nicaragua-travel-guide.com\/site\/wp-content\/uploads\/2016\/06\/header-leon-gigantonas-casa-colonial.jpg\" alt=\"header leon gigantonas casa colonial\" width=\"1025\" height=\"345\" srcset=\"https:\/\/nicaragua-travel-guide.com\/site\/wp-content\/uploads\/2016\/06\/header-leon-gigantonas-casa-colonial.jpg 1025w, https:\/\/nicaragua-travel-guide.com\/site\/wp-content\/uploads\/2016\/06\/header-leon-gigantonas-casa-colonial-600x202.jpg 600w\" sizes=\"(max-width: 1025px) 100vw, 1025px\" \/><\/td>\n<\/tr>\n<tr style=\"height: 24px;\">\n<td style=\"height: 24px; width: 717px;\" bgcolor=\"#FFFFFF\">\u00a0Se organiza grupos de danzas\u00a0folcl\u00f3rica\u00a0nacional moderna y\u00a0contempor\u00e1nea\u00a0para amenizar en\u00a0eventos culturales\u00a0fiestas privadas y publicas\u00a0as\u00ed\u00a0como los tradicionales copleros poesilleros que dedicaran con mucha\u00a0animaci\u00f3n\u00a0versos y poemas a los homenajeados.<\/p>\n<p>Tambien se prepara el cortejo de bodas, 15 a\u00f1os con valz, coreograf\u00eda con damas e invitados en su recepci\u00f3n.<\/td>\n<\/tr>\n<tr style=\"height: 24px;\">\n<td style=\"height: 24px; width: 717px; background-color: #fcead9;\" bgcolor=\"#FFFFFF\">Danza Tradicional Folklorica Regional de Nicaragua \u00a0 \u00a0 \u00a0 \u00a0Set de 12 Piezas Folkloricas mixtas \u00a0 \u00a0 \u00a0 \u00a0 \u00a0 \u00a0 \u00a0 \u00a0 \u00a0 \u00a0 \u00a0 \u00a0Precio por hora:<\/td>\n<\/tr>\n<tr style=\"height: 130px;\">\n<td style=\"height: 130px; width: 717px;\" bgcolor=\"#FFFFFF\">\n<table style=\"width: 1011.3333740234375px;\" border=\"0\">\n<tbody>\n<tr style=\"height: 220.66668701171875px;\">\n<td style=\"width: 992.3333740234375px; height: 220.66668701171875px;\" colspan=\"4\"><img loading=\"lazy\" decoding=\"async\" class=\"wp-image-11732 aligncenter\" src=\"http:\/\/nicaragua-travel-guide.com\/site\/wp-content\/uploads\/2016\/06\/grupodedanzavaletyvalz.jpg\" alt=\"grupodedanzavaletyvalz\" width=\"1030\" height=\"347\" srcset=\"https:\/\/nicaragua-travel-guide.com\/site\/wp-content\/uploads\/2016\/06\/grupodedanzavaletyvalz.jpg 1025w, https:\/\/nicaragua-travel-guide.com\/site\/wp-content\/uploads\/2016\/06\/grupodedanzavaletyvalz-600x202.jpg 600w\" sizes=\"(max-width: 1030px) 100vw, 1030px\" \/><\/td>\n<\/tr>\n<tr style=\"height: 25px;\">\n<td style=\"width: 82px; height: 25px; background-color: #f0faf9;\" colspan=\"4\" bgcolor=\"#FFFFFF\">\u00a0 \u00a0 \u00a0 \u00a0 \u00a0 \u00a0 \u00a0 \u00a0 Danza\u00a0contempor\u00e1nea\u00a0 \u00a0 \u00a0 \u00a0 \u00a0 \u00a0 \u00a0 \u00a0 \u00a0 \u00a0 \u00a0 \u00a0 \u00a0 \u00a0 \u00a0 \u00a0 \u00a0 \u00a0 \u00a0 \u00a0 \u00a0 \u00a0 \u00a0 \u00a0 \u00a0 \u00a0 \u00a0 \u00a0 \u00a0 \u00a0 \u00a0 \u00a0 \u00a0 \u00a0 \u00a0 \u00a0 \u00a0 \u00a0 \u00a0 \u00a0 \u00a0 \u00a0 \u00a0 \u00a0 \u00a0 \u00a0 \u00a0 \u00a0 \u00a0(Instructor de Danza) Tiempo de Valz<\/td>\n<\/tr>\n<tr style=\"height: 25px;\">\n<td style=\"width: 992.3333740234375px; height: 25px;\" colspan=\"4\" bgcolor=\"#FFFFFF\"><img loading=\"lazy\" decoding=\"async\" class=\"alignnone size-medium wp-image-11734\" src=\"http:\/\/nicaragua-travel-guide.com\/site\/wp-content\/uploads\/2016\/06\/grupodedanzabailedehungaras.jpg\" alt=\"grupodedanzabailedehungaras\" width=\"1025\" height=\"345\" srcset=\"https:\/\/nicaragua-travel-guide.com\/site\/wp-content\/uploads\/2016\/06\/grupodedanzabailedehungaras.jpg 1025w, https:\/\/nicaragua-travel-guide.com\/site\/wp-content\/uploads\/2016\/06\/grupodedanzabailedehungaras-600x202.jpg 600w\" sizes=\"(max-width: 1025px) 100vw, 1025px\" \/><\/td>\n<\/tr>\n<tr style=\"height: 25px;\">\n<td style=\"width: 82px; height: 25px; background-color: #faf9d2;\" colspan=\"4\" bgcolor=\"#FFFFFF\">\u00a0 \u00a0 \u00a0 \u00a0 \u00a0 \u00a0 \u00a0 \u00a0 \u00a0 \u00a0 \u00a0 \u00a0 \u00a0 \u00a0 \u00a0 \u00a0 \u00a0 \u00a0\u00a0Baile de las Inditas\u00a0 \u00a0 \u00a0 \u00a0 \u00a0 \u00a0 \u00a0 \u00a0 \u00a0 \u00a0 \u00a0 \u00a0 \u00a0 \u00a0 \u00a0 \u00a0 \u00a0 \u00a0 \u00a0 \u00a0 \u00a0 \u00a0 \u00a0 \u00a0 \u00a0 \u00a0 \u00a0 \u00a0 \u00a0 \u00a0 \u00a0 \u00a0 \u00a0 \u00a0 \u00a0 \u00a0 \u00a0 \u00a0 \u00a0 \u00a0 \u00a0 \u00a0 \u00a0 \u00a0 Baile de\u00a0H\u00fangaras<\/td>\n<\/tr>\n<tr style=\"height: 25px;\">\n<td style=\"width: 992.3333740234375px; height: 25px;\" colspan=\"4\" bgcolor=\"#FFFFFF\"><img loading=\"lazy\" decoding=\"async\" class=\"alignnone wp-image-11736\" src=\"http:\/\/nicaragua-travel-guide.com\/site\/wp-content\/uploads\/2016\/06\/grupodedanzabailedelmestizaje.jpg\" alt=\"grupodedanzabailedelmestizaje\" width=\"1010\" height=\"340\" srcset=\"https:\/\/nicaragua-travel-guide.com\/site\/wp-content\/uploads\/2016\/06\/grupodedanzabailedelmestizaje.jpg 1025w, https:\/\/nicaragua-travel-guide.com\/site\/wp-content\/uploads\/2016\/06\/grupodedanzabailedelmestizaje-600x202.jpg 600w\" sizes=\"(max-width: 1010px) 100vw, 1010px\" \/><\/td>\n<\/tr>\n<tr style=\"height: 24px;\">\n<td style=\"width: 82px; height: 24px; background-color: #efdff5;\" colspan=\"4\" bgcolor=\"#FFFFFF\">\u00a0 \u00a0 \u00a0 \u00a0 \u00a0 \u00a0 \u00a0 \u00a0 \u00a0 \u00a0Baile del\u00a0mestizaje \u00a0 \u00a0 \u00a0 \u00a0 \u00a0 \u00a0 \u00a0 \u00a0 \u00a0 \u00a0 \u00a0 \u00a0 \u00a0 \u00a0 \u00a0 \u00a0 \u00a0 \u00a0 \u00a0 \u00a0 \u00a0 \u00a0 \u00a0 \u00a0 \u00a0 \u00a0 \u00a0 \u00a0 \u00a0 \u00a0 \u00a0 \u00a0 \u00a0 \u00a0 \u00a0 \u00a0 \u00a0 \u00a0 \u00a0 \u00a0 \u00a0 \u00a0 \u00a0 \u00a0 \u00a0 \u00a0 \u00a0 \u00a0 \u00a0 \u00a0 \u00a0 \u00a0 Comparsas<\/td>\n<\/tr>\n<\/tbody>\n<\/table>\n<\/td>\n<\/tr>\n<tr style=\"height: 96px;\">\n<td style=\"height: 96px; width: 717px;\" bgcolor=\"#FFFFFF\">\n<table style=\"width: 1020px;\" border=\"0\">\n<tbody>\n<tr>\n<td style=\"width: 993px;\" colspan=\"4\"><img loading=\"lazy\" decoding=\"async\" class=\"alignnone wp-image-11728\" src=\"http:\/\/nicaragua-travel-guide.com\/site\/wp-content\/uploads\/2016\/06\/grupodedanzabailedelzompopo.jpg\" alt=\"grupodedanzabailedelzompopo\" width=\"1001\" height=\"337\" srcset=\"https:\/\/nicaragua-travel-guide.com\/site\/wp-content\/uploads\/2016\/06\/grupodedanzabailedelzompopo.jpg 1025w, https:\/\/nicaragua-travel-guide.com\/site\/wp-content\/uploads\/2016\/06\/grupodedanzabailedelzompopo-600x202.jpg 600w\" sizes=\"(max-width: 1001px) 100vw, 1001px\" \/><\/td>\n<\/tr>\n<tr>\n<td style=\"width: 98px; background-color: #d3f2d0;\" colspan=\"4\" bgcolor=\"#FFFFFF\">\u00a0 \u00a0 \u00a0 \u00a0 \u00a0 \u00a0 \u00a0 \u00a0 \u00a0 \u00a0 \u00a0 \u00a0 \u00a0 \u00a0 \u00a0 \u00a0 \u00a0 \u00a0 \u00a0 \u00a0 \u00a0 \u00a0 \u00a0 \u00a0 \u00a0 \u00a0 \u00a0 \u00a0 \u00a0 \u00a0 \u00a0 \u00a0 \u00a0 \u00a0\u00a0\u00a0Baile del Zompopo\u00a0 \u00a0 \u00a0 \u00a0 \u00a0 \u00a0 \u00a0 \u00a0 \u00a0 \u00a0 \u00a0 \u00a0 \u00a0 \u00a0 \u00a0 \u00a0 \u00a0 \u00a0 \u00a0 \u00a0 \u00a0 \u00a0 \u00a0 \u00a0 \u00a0 \u00a0 \u00a0 \u00a0 \u00a0 \u00a0 \u00a0 \u00a0 \u00a0 \u00a0 \u00a0 \u00a0 \u00a0 \u00a0 \u00a0 \u00a0 \u00a0 \u00a0 \u00a0 \u00a0 \u00a0 \u00a0 \u00a0 \u00a0 \u00a0 \u00a0 \u00a0 \u00a0Danza de Polka<\/td>\n<\/tr>\n<\/tbody>\n<\/table>\n<\/td>\n<\/tr>\n<tr style=\"height: 1px;\">\n<td style=\"height: 1px; width: 717px;\" valign=\"top\" bgcolor=\"#FFFFFF\"><img loading=\"lazy\" decoding=\"async\" class=\"alignnone wp-image-11727\" src=\"http:\/\/nicaragua-travel-guide.com\/site\/wp-content\/uploads\/2016\/06\/grupodedanzabailedelviejoylavieja-1.jpg\" alt=\"grupodedanzabailedelviejoylavieja\" width=\"1013\" height=\"341\" srcset=\"https:\/\/nicaragua-travel-guide.com\/site\/wp-content\/uploads\/2016\/06\/grupodedanzabailedelviejoylavieja-1.jpg 1025w, https:\/\/nicaragua-travel-guide.com\/site\/wp-content\/uploads\/2016\/06\/grupodedanzabailedelviejoylavieja-1-600x202.jpg 600w\" sizes=\"(max-width: 1013px) 100vw, 1013px\" \/><\/td>\n<\/tr>\n<tr style=\"height: 13px;\">\n<td style=\"height: 13px; width: 717px; background-color: #faf3d2;\" valign=\"top\" bgcolor=\"#FFFFFF\">\u00a0 \u00a0 \u00a0 \u00a0 \u00a0 \u00a0 \u00a0 \u00a0 \u00a0 \u00a0 \u00a0 \u00a0 \u00a0 \u00a0 \u00a0 \u00a0 \u00a0 \u00a0 \u00a0 \u00a0 \u00a0 \u00a0 \u00a0 \u00a0 \u00a0 \u00a0 \u00a0 \u00a0 \u00a0 \u00a0 \u00a0 \u00a0 \u00a0 \u00a0 \u00a0 \u00a0 \u00a0 \u00a0 \u00a0 \u00a0 \u00a0 \u00a0\u00a0El Viejo y la Vieja \u00a0 \u00a0 \u00a0 \u00a0 \u00a0 \u00a0 \u00a0 \u00a0 \u00a0 \u00a0 \u00a0 \u00a0 \u00a0 \u00a0 \u00a0 \u00a0 \u00a0 \u00a0 \u00a0 \u00a0 \u00a0 \u00a0 \u00a0 \u00a0 \u00a0 \u00a0 \u00a0 \u00a0 \u00a0 \u00a0 \u00a0 \u00a0 \u00a0 \u00a0 \u00a0 \u00a0El Toro Huaco<\/td>\n<\/tr>\n<tr style=\"height: 12px;\">\n<td style=\"height: 12px; width: 717px;\" valign=\"top\" bgcolor=\"#FFFFFF\"><img loading=\"lazy\" decoding=\"async\" class=\"alignnone wp-image-11730\" src=\"http:\/\/nicaragua-travel-guide.com\/site\/wp-content\/uploads\/2016\/06\/grupodedanzabreakdance.jpg\" alt=\"grupodedanzabreakdance\" width=\"979\" height=\"330\" srcset=\"https:\/\/nicaragua-travel-guide.com\/site\/wp-content\/uploads\/2016\/06\/grupodedanzabreakdance.jpg 1025w, https:\/\/nicaragua-travel-guide.com\/site\/wp-content\/uploads\/2016\/06\/grupodedanzabreakdance-600x202.jpg 600w\" sizes=\"(max-width: 979px) 100vw, 979px\" \/><\/td>\n<\/tr>\n<tr style=\"height: 5px;\">\n<td style=\"height: 5px; width: 717px; background-color: #e3fcfc;\" valign=\"top\" bgcolor=\"#FFFFFF\">\u00a0 \u00a0 \u00a0 \u00a0 \u00a0 \u00a0 \u00a0 \u00a0 \u00a0 \u00a0 \u00a0 \u00a0 \u00a0 \u00a0 \u00a0 \u00a0 \u00a0 \u00a0 \u00a0 \u00a0 \u00a0 \u00a0 \u00a0 \u00a0 \u00a0 \u00a0 \u00a0 \u00a0 \u00a0 \u00a0 \u00a0 \u00a0 \u00a0 \u00a0 \u00a0 \u00a0 \u00a0 \u00a0 \u00a0 \u00a0 \u00a0 \u00a0\u00a0\u00a0Clases de danza \u00a0 \u00a0 \u00a0 \u00a0 \u00a0 \u00a0 \u00a0 \u00a0 \u00a0 \u00a0 \u00a0 \u00a0 \u00a0 \u00a0 \u00a0 \u00a0 \u00a0 \u00a0 \u00a0 \u00a0 \u00a0 \u00a0 \u00a0 \u00a0 \u00a0 \u00a0 \u00a0 \u00a0 \u00a0 \u00a0 \u00a0 \u00a0 \u00a0\u00a0Breakdance moderno<\/td>\n<\/tr>\n<tr style=\"height: 17px;\">\n<td style=\"height: 17px; width: 717px;\" valign=\"top\" bgcolor=\"#FFFFFF\"><img loading=\"lazy\" decoding=\"async\" class=\"alignnone size-medium wp-image-11735\" src=\"http:\/\/nicaragua-travel-guide.com\/site\/wp-content\/uploads\/2016\/06\/grupodedanzabailedelgueguense.jpg\" alt=\"grupodedanzabailedelgueguense\" width=\"1025\" height=\"345\" srcset=\"https:\/\/nicaragua-travel-guide.com\/site\/wp-content\/uploads\/2016\/06\/grupodedanzabailedelgueguense.jpg 1025w, https:\/\/nicaragua-travel-guide.com\/site\/wp-content\/uploads\/2016\/06\/grupodedanzabailedelgueguense-600x202.jpg 600w\" sizes=\"(max-width: 1025px) 100vw, 1025px\" \/><\/td>\n<\/tr>\n<tr style=\"height: 10px;\">\n<td style=\"height: 10px; width: 717px; background-color: #eeddf0; text-align: center;\" valign=\"top\" bgcolor=\"#FFFFFF\">\u00a0 \u00a0 \u00a0 \u00a0El Gueguense<\/td>\n<\/tr>\n<tr style=\"height: 13px;\">\n<td style=\"height: 13px; width: 717px;\" valign=\"top\" bgcolor=\"#FFFFFF\"><img loading=\"lazy\" decoding=\"async\" class=\"alignnone size-medium wp-image-11729\" src=\"http:\/\/nicaragua-travel-guide.com\/site\/wp-content\/uploads\/2016\/06\/grupodedanzabailepalodemayo.jpg\" alt=\"grupodedanzabailepalodemayo\" width=\"1025\" height=\"345\" srcset=\"https:\/\/nicaragua-travel-guide.com\/site\/wp-content\/uploads\/2016\/06\/grupodedanzabailepalodemayo.jpg 1025w, https:\/\/nicaragua-travel-guide.com\/site\/wp-content\/uploads\/2016\/06\/grupodedanzabailepalodemayo-600x202.jpg 600w\" sizes=\"(max-width: 1025px) 100vw, 1025px\" \/><\/td>\n<\/tr>\n<tr style=\"height: 13px;\">\n<td style=\"height: 13px; width: 717px; background-color: #fcfcd2;\" valign=\"top\" bgcolor=\"#FFFFFF\">\u00a0 \u00a0 \u00a0 \u00a0 \u00a0 \u00a0 \u00a0 \u00a0 \u00a0 La Gigantona y el enano\u00a0Cabez\u00f3n \u00a0 \u00a0 \u00a0 \u00a0 \u00a0 \u00a0 \u00a0 \u00a0 \u00a0 \u00a0 \u00a0 \u00a0 \u00a0 \u00a0 \u00a0 \u00a0 \u00a0 \u00a0 \u00a0 \u00a0 \u00a0 \u00a0 \u00a0 \u00a0 \u00a0 \u00a0 \u00a0 \u00a0 \u00a0 \u00a0 \u00a0 \u00a0 \u00a0 \u00a0 \u00a0 \u00a0 \u00a0 \u00a0 \u00a0 \u00a0 \u00a0 \u00a0 \u00a0 \u00a0 \u00a0 \u00a0 \u00a0 \u00a0 \u00a0 \u00a0Palo de Mayo<\/td>\n<\/tr>\n<tr style=\"height: 20px;\">\n<td style=\"height: 20px; width: 717px;\" valign=\"top\" bgcolor=\"#FFFFFF\"><img loading=\"lazy\" decoding=\"async\" class=\"alignnone size-medium wp-image-11731\" src=\"http:\/\/nicaragua-travel-guide.com\/site\/wp-content\/uploads\/2016\/06\/grupodedanzalosaguisotes.jpg\" alt=\"grupodedanzalosaguisotes\" width=\"1025\" height=\"345\" srcset=\"https:\/\/nicaragua-travel-guide.com\/site\/wp-content\/uploads\/2016\/06\/grupodedanzalosaguisotes.jpg 1025w, https:\/\/nicaragua-travel-guide.com\/site\/wp-content\/uploads\/2016\/06\/grupodedanzalosaguisotes-600x202.jpg 600w\" sizes=\"(max-width: 1025px) 100vw, 1025px\" \/><\/td>\n<\/tr>\n<tr style=\"height: 20px;\">\n<td style=\"height: 20px; width: 717px; background-color: #ededed; text-align: left;\" valign=\"top\" bgcolor=\"#FFFFFF\">\u00a0 \u00a0 \u00a0 \u00a0 \u00a0 \u00a0 \u00a0 \u00a0 \u00a0 \u00a0 \u00a0 \u00a0 \u00a0 \u00a0 \u00a0 \u00a0 \u00a0 \u00a0 \u00a0 \u00a0 \u00a0 \u00a0 \u00a0 \u00a0 \u00a0 \u00a0 \u00a0 \u00a0 Los \u00a0 Diablitos \u00a0 \u00a0 \u00a0 \u00a0 \u00a0 \u00a0 \u00a0 \u00a0 \u00a0 \u00a0 \u00a0 \u00a0 \u00a0 \u00a0 \u00a0 \u00a0 \u00a0 \u00a0Danza de Aguisotes \u00a0 \u00a0 \u00a0 \u00a0 \u00a0 \u00a0 \u00a0 \u00a0 \u00a0 \u00a0 \u00a0 \u00a0 \u00a0El Cartel<\/td>\n<\/tr>\n<tr style=\"height: 27px;\">\n<td style=\"height: 27px; width: 717px;\" valign=\"top\" bgcolor=\"#FFFFFF\"><img loading=\"lazy\" decoding=\"async\" class=\"wp-image-11738 aligncenter\" style=\"text-align: center;\" src=\"http:\/\/nicaragua-travel-guide.com\/site\/wp-content\/uploads\/2016\/06\/elatabalgran.jpg\" alt=\"elatabalgran\" width=\"1016\" height=\"563\" \/><\/td>\n<\/tr>\n<tr style=\"height: 21px;\">\n<td style=\"height: 21px; width: 717px; background-color: #faebd2; text-align: center;\" valign=\"top\" bgcolor=\"#FFFFFF\">El Atabal Granadino<\/td>\n<\/tr>\n<tr style=\"height: 21px;\">\n<td style=\"height: 21px; width: 717px; background-color: #faf8f5;\" valign=\"top\" bgcolor=\"#FFFFFF\">Por mayor informaci\u00f3n y reservaci\u00f3n <strong>Contactarnos<\/strong><\/td>\n<\/tr>\n<\/tbody>\n<\/table>\n<p>&nbsp;<\/p>\n","protected":false},"excerpt":{"rendered":"<p>\u00a0Se organiza grupos de danzas\u00a0folcl\u00f3rica\u00a0nacional moderna y\u00a0contempor\u00e1nea\u00a0para amenizar en\u00a0eventos culturales\u00a0fiestas privadas y publicas\u00a0as\u00ed\u00a0como los tradicionales copleros poesilleros que dedicaran con mucha\u00a0animaci\u00f3n\u00a0versos y poemas a los homenajeados. Tambien se prepara el cortejo de bodas, 15 a\u00f1os con valz, coreograf\u00eda con damas e invitados en su recepci\u00f3n. Danza Tradicional Folklorica Regional de Nicaragua \u00a0 \u00a0 \u00a0 \u00a0Set [&hellip;]<\/p>\n","protected":false},"author":2,"featured_media":0,"parent":0,"menu_order":0,"comment_status":"closed","ping_status":"closed","template":"","meta":{"footnotes":""},"_links":{"self":[{"href":"https:\/\/nicaragua-travel-guide.com\/site\/wp-json\/wp\/v2\/pages\/5351"}],"collection":[{"href":"https:\/\/nicaragua-travel-guide.com\/site\/wp-json\/wp\/v2\/pages"}],"about":[{"href":"https:\/\/nicaragua-travel-guide.com\/site\/wp-json\/wp\/v2\/types\/page"}],"author":[{"embeddable":true,"href":"https:\/\/nicaragua-travel-guide.com\/site\/wp-json\/wp\/v2\/users\/2"}],"replies":[{"embeddable":true,"href":"https:\/\/nicaragua-travel-guide.com\/site\/wp-json\/wp\/v2\/comments?post=5351"}],"version-history":[{"count":11,"href":"https:\/\/nicaragua-travel-guide.com\/site\/wp-json\/wp\/v2\/pages\/5351\/revisions"}],"predecessor-version":[{"id":11938,"href":"https:\/\/nicaragua-travel-guide.com\/site\/wp-json\/wp\/v2\/pages\/5351\/revisions\/11938"}],"wp:attachment":[{"href":"https:\/\/nicaragua-travel-guide.com\/site\/wp-json\/wp\/v2\/media?parent=5351"}],"curies":[{"name":"wp","href":"https:\/\/api.w.org\/{rel}","templated":true}]}}