{"id":5423,"date":"2016-06-23T17:56:13","date_gmt":"2016-06-23T17:56:13","guid":{"rendered":"http:\/\/nicaragua-travel-guide.com\/site\/?page_id=5423"},"modified":"2016-08-08T21:40:29","modified_gmt":"2016-08-08T21:40:29","slug":"en-lancha-entre-las-isletas-3-horas-tiburon-herido","status":"publish","type":"page","link":"https:\/\/nicaragua-travel-guide.com\/site\/en-lancha-entre-las-isletas-3-horas-tiburon-herido\/","title":{"rendered":"Tour en lancha entre las isletas  3 horas  \u201cTibur\u00f3n herido\u201d"},"content":{"rendered":"<table style=\"width: 1012px;\" border=\"0\">\n<tbody>\n<tr style=\"height: 22px;\">\n<td style=\"width: 990px; height: 22px;\" colspan=\"3\" bgcolor=\"#009900\">En lancha entre las isletas\u00a0 3 horas \u00a0\u201ctibur\u00f3n herido\u201d<\/td>\n<\/tr>\n<tr style=\"height: 32px;\">\n<td style=\"width: 990px; height: 32px;\" colspan=\"3\" valign=\"top\" bgcolor=\"#FFFFFF\">\n<table border=\"0\" width=\"1003\">\n<tbody>\n<tr>\n<td valign=\"top\" bgcolor=\"#CC33CC\" width=\"130\" height=\"25\">Geolog\u00eda<\/td>\n<td valign=\"top\" bgcolor=\"#FFFFFF\" width=\"144\">Volcanes<\/td>\n<td valign=\"top\" bgcolor=\"#FF0000\" width=\"158\">Historia<\/td>\n<td valign=\"top\" bgcolor=\"#FFFF00\" width=\"166\">Naturaleza<\/td>\n<td valign=\"top\" bgcolor=\"#FF3399\" width=\"196\">Flora<\/td>\n<td valign=\"top\" bgcolor=\"#0033FF\" width=\"183\">Fauna<\/td>\n<\/tr>\n<\/tbody>\n<\/table>\n<\/td>\n<\/tr>\n<tr style=\"height: 141px;\">\n<td style=\"width: 424px; height: 547px;\" rowspan=\"3\" valign=\"top\" bgcolor=\"#99CC33\">1.Observar la flora y fauna<br \/>\n2.Ave que representa a Granada<br \/>\n3.El \u00e1rbol que representa a Granada<br \/>\n4.Origen del lago<br \/>\n5.Origen de las Isletas<br \/>\n6.Historia del Volc\u00e1n Mombacho<br \/>\n7.Origen del territorio de Nicaragua<br \/>\n8.Ind\u00edgenas Pre-Colombinos<br \/>\n9.Colonia Espa\u00f1ola<br \/>\n10.Dominios territoriales<br \/>\n11.Eventos Hist\u00f3ricos<br \/>\n12.Invasiones Piratas<br \/>\n13.Bajar y subir a la Fortaleza (Isleta)<br \/>\n14.Saber de la gente local<br \/>\n15.Islas en venta y alquiler<br \/>\n16. Tiempo para pensar\u2026.<br \/>\n17.El cementerio local<br \/>\n18.Ver la Isla de los monos<br \/>\n19.Astillero ver el resto de un famoso vapor ( historia)<br \/>\n20. Diamante donde arman y descansan barcos y ferry.<br \/>\n21. La gu\u00eda cantara canciones nacionales durante el recorrido<\/p>\n<table border=\"0\" width=\"425\">\n<tbody>\n<tr>\n<td bgcolor=\"#339900\" width=\"419\">Opciones: Se paga por tiempo extra.<\/td>\n<\/tr>\n<tr>\n<td>1. Quedarse m\u00e1s tiempo \u00a0para nadar y almorzar en restaurante en tierra firme o \u00a0Isleta con restaurante\u00a0 ver men\u00fa. Llevar vestido de ba\u00f1o, bloqueador solar, repelente de insectos.<\/td>\n<\/tr>\n<tr>\n<td>2. Quedarse m\u00e1s tiempo en la fortaleza para nadar puedes llevar tu comida y bebidas.<\/td>\n<\/tr>\n<tr>\n<td>3.Opci\u00f3n de\u00a0 ordenar del men\u00fa de Restaurante. Servicio para llevar a la orden.<\/td>\n<\/tr>\n<\/tbody>\n<\/table>\n<\/td>\n<td style=\"width: 304px; height: 141px;\" align=\"center\" valign=\"middle\" bgcolor=\"#006633\"><img loading=\"lazy\" decoding=\"async\" class=\"alignnone wp-image-10539\" src=\"http:\/\/nicaragua-travel-guide.com\/site\/wp-content\/uploads\/2016\/06\/isletaslancha.jpg\" alt=\"isletaslancha\" width=\"132\" height=\"176\" \/><\/td>\n<td style=\"width: 262px; height: 141px;\" align=\"right\" valign=\"top\" bgcolor=\"#006633\"><img loading=\"lazy\" decoding=\"async\" class=\"wp-image-10537 aligncenter\" src=\"http:\/\/nicaragua-travel-guide.com\/site\/wp-content\/uploads\/2016\/06\/isletasjardin.jpg\" alt=\"isletasjardin\" width=\"237\" height=\"178\" \/><\/td>\n<\/tr>\n<tr style=\"height: 175px;\">\n<td style=\"width: 304px; height: 175px;\" align=\"right\" valign=\"top\" bgcolor=\"#006633\">&nbsp;<\/p>\n<p><img loading=\"lazy\" decoding=\"async\" class=\" wp-image-10552 aligncenter\" src=\"http:\/\/nicaragua-travel-guide.com\/site\/wp-content\/uploads\/2016\/06\/isletas-de-granada-pesca-en-bote-de-remo-1.jpg\" alt=\"isletas de granada pesca en bote de remo\" width=\"261\" height=\"197\" \/><\/td>\n<td style=\"width: 262px; height: 175px;\" align=\"right\" valign=\"top\" bgcolor=\"#006633\">&nbsp;<\/p>\n<p><img loading=\"lazy\" decoding=\"async\" class=\" wp-image-10548 aligncenter\" style=\"font-family: inherit; font-size: inherit; line-height: 1.5;\" src=\"http:\/\/nicaragua-travel-guide.com\/site\/wp-content\/uploads\/2016\/06\/pescamojarras.jpg\" alt=\"pescamojarras\" width=\"224\" height=\"199\" \/><\/p>\n<p>&nbsp;<\/td>\n<\/tr>\n<tr style=\"height: 231px;\">\n<td style=\"width: 304px; height: 231px;\" align=\"right\" valign=\"top\" bgcolor=\"#006633\"><img loading=\"lazy\" decoding=\"async\" class=\" wp-image-10550 aligncenter\" src=\"http:\/\/nicaragua-travel-guide.com\/site\/wp-content\/uploads\/2016\/06\/isletasgarza.jpg\" alt=\"isletasgarza\" width=\"275\" height=\"183\" \/><\/p>\n<p>&nbsp;<\/td>\n<td style=\"width: 262px; height: 231px;\" align=\"right\" valign=\"top\" bgcolor=\"#006633\"><img loading=\"lazy\" decoding=\"async\" class=\"wp-image-10511 aligncenter\" style=\"font-family: inherit; font-size: inherit; line-height: 1.5;\" src=\"http:\/\/nicaragua-travel-guide.com\/site\/wp-content\/uploads\/2016\/06\/isletastiburon.jpg\" alt=\"isletastiburon\" width=\"197\" height=\"186\" \/><\/td>\n<\/tr>\n<\/tbody>\n<\/table>\n","protected":false},"excerpt":{"rendered":"<p>En lancha entre las isletas\u00a0 3 horas \u00a0\u201ctibur\u00f3n herido\u201d Geolog\u00eda Volcanes Historia Naturaleza Flora Fauna 1.Observar la flora y fauna 2.Ave que representa a Granada 3.El \u00e1rbol que representa a Granada 4.Origen del lago 5.Origen de las Isletas 6.Historia del Volc\u00e1n Mombacho 7.Origen del territorio de Nicaragua 8.Ind\u00edgenas Pre-Colombinos 9.Colonia Espa\u00f1ola 10.Dominios territoriales 11.Eventos Hist\u00f3ricos [&hellip;]<\/p>\n","protected":false},"author":2,"featured_media":0,"parent":0,"menu_order":0,"comment_status":"closed","ping_status":"closed","template":"","meta":{"footnotes":""},"_links":{"self":[{"href":"https:\/\/nicaragua-travel-guide.com\/site\/wp-json\/wp\/v2\/pages\/5423"}],"collection":[{"href":"https:\/\/nicaragua-travel-guide.com\/site\/wp-json\/wp\/v2\/pages"}],"about":[{"href":"https:\/\/nicaragua-travel-guide.com\/site\/wp-json\/wp\/v2\/types\/page"}],"author":[{"embeddable":true,"href":"https:\/\/nicaragua-travel-guide.com\/site\/wp-json\/wp\/v2\/users\/2"}],"replies":[{"embeddable":true,"href":"https:\/\/nicaragua-travel-guide.com\/site\/wp-json\/wp\/v2\/comments?post=5423"}],"version-history":[{"count":7,"href":"https:\/\/nicaragua-travel-guide.com\/site\/wp-json\/wp\/v2\/pages\/5423\/revisions"}],"predecessor-version":[{"id":10556,"href":"https:\/\/nicaragua-travel-guide.com\/site\/wp-json\/wp\/v2\/pages\/5423\/revisions\/10556"}],"wp:attachment":[{"href":"https:\/\/nicaragua-travel-guide.com\/site\/wp-json\/wp\/v2\/media?parent=5423"}],"curies":[{"name":"wp","href":"https:\/\/api.w.org\/{rel}","templated":true}]}}