{"id":5432,"date":"2016-06-25T02:18:37","date_gmt":"2016-06-25T02:18:37","guid":{"rendered":"http:\/\/nicaragua-travel-guide.com\/site\/?page_id=5432"},"modified":"2016-06-25T18:26:59","modified_gmt":"2016-06-25T18:26:59","slug":"caminando-granada-capital-turisitica-una-hora","status":"publish","type":"page","link":"https:\/\/nicaragua-travel-guide.com\/site\/caminando-granada-capital-turisitica-una-hora\/","title":{"rendered":"Granada Tour  \u00abCapital Turistica\u00bb una hora"},"content":{"rendered":"<table style=\"width: 1011px;\" border=\"0\">\n<tbody>\n<tr style=\"height: 25px;\">\n<td style=\"height: 25px; width: 40px; text-align: left;\" colspan=\"4\" align=\"center\" bgcolor=\"#009933\"><img loading=\"lazy\" decoding=\"async\" class=\"alignnone size-full wp-image-5435\" src=\"http:\/\/nicaragua-travel-guide.com\/site\/wp-content\/uploads\/2016\/06\/granadacapitalturisticadenicaragua.jpg\" alt=\"granadacapitalturisticadenicaragua\" width=\"1025\" height=\"345\" srcset=\"https:\/\/nicaragua-travel-guide.com\/site\/wp-content\/uploads\/2016\/06\/granadacapitalturisticadenicaragua.jpg 1025w, https:\/\/nicaragua-travel-guide.com\/site\/wp-content\/uploads\/2016\/06\/granadacapitalturisticadenicaragua-600x202.jpg 600w\" sizes=\"(max-width: 1025px) 100vw, 1025px\" \/><\/td>\n<\/tr>\n<tr style=\"height: 435px;\">\n<td style=\"height: 435px; width: 40px;\" colspan=\"4\" bgcolor=\"#FFFFFF\">Descripci\u00f3n:<\/p>\n<p>&nbsp;<\/p>\n<p>Visitaremos Mi Museo aprender\u00e1s de donde llegaron nuestros antepasados, como luc\u00edan y su vestuario, que com\u00edan, como enterraban a sus muertos, sus costumbres y creencias, sus dioses, organizaci\u00f3n social, pol\u00edtica y cultural, el dominio de las mujeres, los \u00faltimos chorotegas Veremos una colecci\u00f3n de cer\u00e1mica de distintos periodos de la \u00e9poca precolombina:<br \/>\n* La gu\u00eda cantara una canci\u00f3n nacional dentro del museo.<br \/>\n* Historia de la \u00e9poca colonial, cultura, organizaci\u00f3n pol\u00edtica, arte, religi\u00f3n, y principales actividades econ\u00f3micas desde la colonia.<br \/>\n* Iglesia de la Merced apreciaci\u00f3n de la arquitectura, historia, Gioconda gu\u00eda \u00a0cantara canci\u00f3n (opci\u00f3n subir a la torre)<br \/>\n* En una esquina de la ciudad veremos al \u00cddolo La piedra bocona<br \/>\n* La gu\u00eda cantara una divertida canci\u00f3n dedicada La piedra bocona.<br \/>\n* Veremos una de las casas m\u00e1s antiguas conservando su estilo original adentro opci\u00f3n de comprar en tienda de suvenir.<br \/>\n* Plaza Ind\u00edgena, Parque, Muros e Iglesia de Xalteva (historia, celebraciones)<br \/>\n* Apreciar la exposici\u00f3n de fotos de los gobernantes historia de la Independencia, presidentes que vivieron en Granada<br \/>\n* Significado de los s\u00edmbolos nacionales.La gu\u00eda cantara el himno nacional de Nicaragua.<br \/>\n* Monumento a Sor Mar\u00eda Romero la primera beata de Centroam\u00e9rica sabr\u00e1s de su vida, obras y milagros, visit\u00e1remos la casa donde naci\u00f3, y en la capilla recibir\u00e1s la bendici\u00f3n y oraci\u00f3n por salud con su reliquia.<\/td>\n<\/tr>\n<tr style=\"height: 21px;\" bgcolor=\"#009900\">\n<td style=\"height: 21px; width: 40px;\" colspan=\"4\" bgcolor=\"#006633\"><\/td>\n<\/tr>\n<\/tbody>\n<\/table>\n","protected":false},"excerpt":{"rendered":"<p>Descripci\u00f3n: &nbsp; Visitaremos Mi Museo aprender\u00e1s de donde llegaron nuestros antepasados, como luc\u00edan y su vestuario, que com\u00edan, como enterraban a sus muertos, sus costumbres y creencias, sus dioses, organizaci\u00f3n social, pol\u00edtica y cultural, el dominio de las mujeres, los \u00faltimos chorotegas Veremos una colecci\u00f3n de cer\u00e1mica de distintos periodos de la \u00e9poca precolombina: * [&hellip;]<\/p>\n","protected":false},"author":2,"featured_media":0,"parent":0,"menu_order":0,"comment_status":"closed","ping_status":"closed","template":"","meta":{"footnotes":""},"_links":{"self":[{"href":"https:\/\/nicaragua-travel-guide.com\/site\/wp-json\/wp\/v2\/pages\/5432"}],"collection":[{"href":"https:\/\/nicaragua-travel-guide.com\/site\/wp-json\/wp\/v2\/pages"}],"about":[{"href":"https:\/\/nicaragua-travel-guide.com\/site\/wp-json\/wp\/v2\/types\/page"}],"author":[{"embeddable":true,"href":"https:\/\/nicaragua-travel-guide.com\/site\/wp-json\/wp\/v2\/users\/2"}],"replies":[{"embeddable":true,"href":"https:\/\/nicaragua-travel-guide.com\/site\/wp-json\/wp\/v2\/comments?post=5432"}],"version-history":[{"count":8,"href":"https:\/\/nicaragua-travel-guide.com\/site\/wp-json\/wp\/v2\/pages\/5432\/revisions"}],"predecessor-version":[{"id":5483,"href":"https:\/\/nicaragua-travel-guide.com\/site\/wp-json\/wp\/v2\/pages\/5432\/revisions\/5483"}],"wp:attachment":[{"href":"https:\/\/nicaragua-travel-guide.com\/site\/wp-json\/wp\/v2\/media?parent=5432"}],"curies":[{"name":"wp","href":"https:\/\/api.w.org\/{rel}","templated":true}]}}