{"id":5440,"date":"2016-06-25T16:22:15","date_gmt":"2016-06-25T16:22:15","guid":{"rendered":"http:\/\/nicaragua-travel-guide.com\/site\/?page_id=5440"},"modified":"2016-06-25T18:26:02","modified_gmt":"2016-06-25T18:26:02","slug":"desde-la-plaza-principal-hacia-el-este","status":"publish","type":"page","link":"https:\/\/nicaragua-travel-guide.com\/site\/desde-la-plaza-principal-hacia-el-este\/","title":{"rendered":"Granada Tour \u00abDesde la plaza principal hacia el este\u00bb"},"content":{"rendered":"<table border=\"0\" width=\"1015\">\n<tbody>\n<tr>\n<td colspan=\"2\" bgcolor=\"#0000CC\"><img loading=\"lazy\" decoding=\"async\" class=\"alignnone size-full wp-image-5435\" src=\"http:\/\/nicaragua-travel-guide.com\/site\/wp-content\/uploads\/2016\/06\/granadacapitalturisticadenicaragua.jpg\" alt=\"granadacapitalturisticadenicaragua\" width=\"1025\" height=\"345\" srcset=\"https:\/\/nicaragua-travel-guide.com\/site\/wp-content\/uploads\/2016\/06\/granadacapitalturisticadenicaragua.jpg 1025w, https:\/\/nicaragua-travel-guide.com\/site\/wp-content\/uploads\/2016\/06\/granadacapitalturisticadenicaragua-600x202.jpg 600w\" sizes=\"(max-width: 1025px) 100vw, 1025px\" \/><\/td>\n<\/tr>\n<tr>\n<td colspan=\"2\" bgcolor=\"#0000CC\">Caminando desde \u00a0la plaza \u00a0principal \u00a0hacia \u00a0el este:<\/td>\n<\/tr>\n<tr>\n<td valign=\"top\" bgcolor=\"#FFFF00\" width=\"430\" height=\"252\">Descripci\u00f3n:<\/p>\n<p>* Plaza de los Leones &#8211; Portal Casa de los Leones<br \/>\n* Obelisco de la Independencia (significado e historia)<br \/>\n* S\u00edmbolos Nacionales (significado, historia)<br \/>\n* La gu\u00eda cantara el himno nacional de Nicaragua.<br \/>\n* Museo Convento + Iglesia de San Francisco (canci\u00f3n)<br \/>\n*Calle la Calzada<br \/>\n*Iglesia de Guadalupe apreciaci\u00f3n<br \/>\n*Plaza Espa\u00f1a, el Fuertecito, Puerto principal, y Malec\u00f3n.<br \/>\n*La gu\u00eda cantara una canci\u00f3n dedicada a Granada<\/td>\n<\/tr>\n<\/tbody>\n<\/table>\n","protected":false},"excerpt":{"rendered":"<p>Caminando desde \u00a0la plaza \u00a0principal \u00a0hacia \u00a0el este: Descripci\u00f3n: * Plaza de los Leones &#8211; Portal Casa de los Leones * Obelisco de la Independencia (significado e historia) * S\u00edmbolos Nacionales (significado, historia) * La gu\u00eda cantara el himno nacional de Nicaragua. * Museo Convento + Iglesia de San Francisco (canci\u00f3n) *Calle la Calzada *Iglesia [&hellip;]<\/p>\n","protected":false},"author":2,"featured_media":0,"parent":0,"menu_order":0,"comment_status":"closed","ping_status":"closed","template":"","meta":{"footnotes":""},"_links":{"self":[{"href":"https:\/\/nicaragua-travel-guide.com\/site\/wp-json\/wp\/v2\/pages\/5440"}],"collection":[{"href":"https:\/\/nicaragua-travel-guide.com\/site\/wp-json\/wp\/v2\/pages"}],"about":[{"href":"https:\/\/nicaragua-travel-guide.com\/site\/wp-json\/wp\/v2\/types\/page"}],"author":[{"embeddable":true,"href":"https:\/\/nicaragua-travel-guide.com\/site\/wp-json\/wp\/v2\/users\/2"}],"replies":[{"embeddable":true,"href":"https:\/\/nicaragua-travel-guide.com\/site\/wp-json\/wp\/v2\/comments?post=5440"}],"version-history":[{"count":4,"href":"https:\/\/nicaragua-travel-guide.com\/site\/wp-json\/wp\/v2\/pages\/5440\/revisions"}],"predecessor-version":[{"id":5482,"href":"https:\/\/nicaragua-travel-guide.com\/site\/wp-json\/wp\/v2\/pages\/5440\/revisions\/5482"}],"wp:attachment":[{"href":"https:\/\/nicaragua-travel-guide.com\/site\/wp-json\/wp\/v2\/media?parent=5440"}],"curies":[{"name":"wp","href":"https:\/\/api.w.org\/{rel}","templated":true}]}}