{"id":5444,"date":"2016-06-25T16:52:03","date_gmt":"2016-06-25T16:52:03","guid":{"rendered":"http:\/\/nicaragua-travel-guide.com\/site\/?page_id=5444"},"modified":"2016-11-22T19:01:31","modified_gmt":"2016-11-22T19:01:31","slug":"caminando-desde-el-parque-principal-hacia-el-oeste","status":"publish","type":"page","link":"https:\/\/nicaragua-travel-guide.com\/site\/caminando-desde-el-parque-principal-hacia-el-oeste\/","title":{"rendered":"Granada Tour \u00abDesde el parque hacia el oeste\u00bb"},"content":{"rendered":"<table style=\"width: 1078px;\" border=\"0\">\n<tbody>\n<tr style=\"height: 37px;\">\n<td style=\"height: 37px; width: 96px;\" colspan=\"6\" bgcolor=\"#FFFFFF\"><img loading=\"lazy\" decoding=\"async\" class=\"alignnone wp-image-5307\" src=\"http:\/\/nicaragua-travel-guide.com\/site\/wp-content\/uploads\/2016\/06\/granadacaminandoporlaciudadelparquehaciaeloeste.jpg\" alt=\"granadacaminandoporlaciudadelparquehaciaeloeste\" width=\"1087\" height=\"365\" srcset=\"https:\/\/nicaragua-travel-guide.com\/site\/wp-content\/uploads\/2016\/06\/granadacaminandoporlaciudadelparquehaciaeloeste.jpg 1025w, https:\/\/nicaragua-travel-guide.com\/site\/wp-content\/uploads\/2016\/06\/granadacaminandoporlaciudadelparquehaciaeloeste-600x202.jpg 600w\" sizes=\"(max-width: 1087px) 100vw, 1087px\" \/><\/td>\n<\/tr>\n<tr style=\"height: 3px;\">\n<td style=\"height: 3px; width: 96px;\" colspan=\"6\" bgcolor=\"#FFFFFF\">Caminando desde el parque principal hacia el Oeste:<\/td>\n<\/tr>\n<tr style=\"height: 326px;\">\n<td style=\"height: 326px; width: 96px;\" colspan=\"6\" bgcolor=\"#CC6600\">Descripci\u00f3n:<\/p>\n<p>Identificaci\u00f3n de las calles y casa principales apreciando distintos estilos de la arquitectura, historia, cultura, y actividades econ\u00f3micas en la actualidad.<br \/>\n\u2022 Entrar a Mi Museo apreciaci\u00f3n de la exhibici\u00f3n de cer\u00e1mica Precolombina.<br \/>\n\u2022 En una esquina de la ciudad veremos el \u00cddolo la piedra bocona La gu\u00eda cantara una divertida canci\u00f3n \u00abLa piedra bocona\u00bb<br \/>\n\u2022 Visitaremos la casa antigua conservada original (historia &#8211; opci\u00f3n de comprar artesan\u00edas )<br \/>\n\u2022 Fabrica de Zapatos ( opci\u00f3n de comprar)<br \/>\n\u2022 Plaza Ind\u00edgena , Parque, Muros e Iglesia de Xalteva ( historia de los ind\u00edgenas, celebraciones)<br \/>\n\u2022 Entrar en casa para ver la exposici\u00f3n de fotos de los gobernantes y de los presidentes que vivieron en Granada<br \/>\n\u2022 La gu\u00eda cantara el himno nacional de Nicaragua. Significado de los s\u00edmbolos nacionales.<br \/>\n\u2022 Monumento a la beata Sor Mar\u00eda Romero la monja milagrosa, visitaremos la casa y capilla<br \/>\n\u2022 La gu\u00eda cantara una canci\u00f3n dedicada a sor Mar\u00eda dentro de la capilla.<br \/>\n\u2022 Iglesia de la Merced apreciaci\u00f3n de la arquitectura, historia. La gu\u00eda cantara una canci\u00f3n (opci\u00f3n subir a la torre)<\/td>\n<\/tr>\n<\/tbody>\n<\/table>\n","protected":false},"excerpt":{"rendered":"<p>Caminando desde el parque principal hacia el Oeste: Descripci\u00f3n: Identificaci\u00f3n de las calles y casa principales apreciando distintos estilos de la arquitectura, historia, cultura, y actividades econ\u00f3micas en la actualidad. \u2022 Entrar a Mi Museo apreciaci\u00f3n de la exhibici\u00f3n de cer\u00e1mica Precolombina. \u2022 En una esquina de la ciudad veremos el \u00cddolo la piedra bocona [&hellip;]<\/p>\n","protected":false},"author":2,"featured_media":0,"parent":0,"menu_order":0,"comment_status":"closed","ping_status":"closed","template":"","meta":{"footnotes":""},"_links":{"self":[{"href":"https:\/\/nicaragua-travel-guide.com\/site\/wp-json\/wp\/v2\/pages\/5444"}],"collection":[{"href":"https:\/\/nicaragua-travel-guide.com\/site\/wp-json\/wp\/v2\/pages"}],"about":[{"href":"https:\/\/nicaragua-travel-guide.com\/site\/wp-json\/wp\/v2\/types\/page"}],"author":[{"embeddable":true,"href":"https:\/\/nicaragua-travel-guide.com\/site\/wp-json\/wp\/v2\/users\/2"}],"replies":[{"embeddable":true,"href":"https:\/\/nicaragua-travel-guide.com\/site\/wp-json\/wp\/v2\/comments?post=5444"}],"version-history":[{"count":8,"href":"https:\/\/nicaragua-travel-guide.com\/site\/wp-json\/wp\/v2\/pages\/5444\/revisions"}],"predecessor-version":[{"id":14146,"href":"https:\/\/nicaragua-travel-guide.com\/site\/wp-json\/wp\/v2\/pages\/5444\/revisions\/14146"}],"wp:attachment":[{"href":"https:\/\/nicaragua-travel-guide.com\/site\/wp-json\/wp\/v2\/media?parent=5444"}],"curies":[{"name":"wp","href":"https:\/\/api.w.org\/{rel}","templated":true}]}}