{"id":5450,"date":"2016-06-25T17:13:38","date_gmt":"2016-06-25T17:13:38","guid":{"rendered":"http:\/\/nicaragua-travel-guide.com\/site\/?page_id=5450"},"modified":"2016-11-22T18:55:25","modified_gmt":"2016-11-22T18:55:25","slug":"caminando-en-el-corazon-de-la-ciudad-de-granada","status":"publish","type":"page","link":"https:\/\/nicaragua-travel-guide.com\/site\/caminando-en-el-corazon-de-la-ciudad-de-granada\/","title":{"rendered":"Granada Tour \u00abCaminando en el coraz\u00f3n de la ciudad\u00bb"},"content":{"rendered":"<table style=\"width: 1042px; height: 990px;\" border=\"0\">\n<tbody>\n<tr style=\"height: 350px;\">\n<td style=\"width: 1044px; height: 350px;\" colspan=\"2\" bgcolor=\"#0000FF\"><img loading=\"lazy\" decoding=\"async\" class=\"alignnone size-full wp-image-5306\" src=\"http:\/\/nicaragua-travel-guide.com\/site\/wp-content\/uploads\/2016\/06\/caminandocorazondegranada.jpg\" alt=\"caminandocorazondegranada\" width=\"1025\" height=\"345\" srcset=\"https:\/\/nicaragua-travel-guide.com\/site\/wp-content\/uploads\/2016\/06\/caminandocorazondegranada.jpg 1025w, https:\/\/nicaragua-travel-guide.com\/site\/wp-content\/uploads\/2016\/06\/caminandocorazondegranada-600x202.jpg 600w\" sizes=\"(max-width: 1025px) 100vw, 1025px\" \/><\/td>\n<\/tr>\n<tr style=\"height: 22px;\">\n<td style=\"width: 1044px; height: 22px;\" colspan=\"2\" bgcolor=\"#0000FF\">\u00abCaminando en el coraz\u00f3n de la ciudad de Granada\u00bb<\/td>\n<\/tr>\n<tr style=\"height: 378.3333740234375px;\">\n<td style=\"width: 607.3333740234375px; height: 378.3333740234375px;\" valign=\"top\" bgcolor=\"#FFFF00\">Descripci\u00f3n:<\/p>\n<p>&nbsp;<\/p>\n<p>&nbsp;<\/p>\n<p>Dentro y alrededor del parque, plazas monumentos y edificios principales.<\/p>\n<p>&nbsp;<\/p>\n<p>&nbsp;<\/p>\n<p>\u2022 Fecha de fundaci\u00f3n de la ciudad.<br \/>\n\u2022 Apreciaci\u00f3n de distintos edificios &#8211; estilos de la arquitectura e historia.<br \/>\n\u2022 Fuente Monumental (historia)<br \/>\n\u2022 Palacete de la M\u00fasica (historia + la gu\u00eda cantara una canci\u00f3n)<br \/>\n\u2022 Conocer la comida T\u00edpica de Granada (opci\u00f3n de comer para el almuerzo o cena)<br \/>\n\u2022 Obelisco monumento a Rub\u00e9n Dar\u00edo (significado e historia)<br \/>\n\u2022 La gu\u00eda cantara el himno a Rub\u00e9n Dar\u00edo o un Poema de R.D)<br \/>\n\u2022 Monumento la cruz del siglo (significado e historia)<br \/>\n\u2022 La gu\u00eda cantara una canci\u00f3n cristiana. ( opcional)<br \/>\n\u2022 En la Catedral apreciaci\u00f3n de la arquitectura (historia, celebraciones religiosas,<br \/>\n\u2022 La gu\u00eda cantara una canci\u00f3n dedicada a la Imagen que est\u00e1 en el altar mayor.<br \/>\n\u2022 Alcald\u00eda municipal historia apreciar el edificio y significado del emblema.<br \/>\n\u2022 Casa La Gran Francia \u2013 Historia y apreciar fachada e interior.<br \/>\n\u2022 Centro Popular de la Cultural &#8211; Historia &#8211; fachada e interior (opci\u00f3n de entrar)<br \/>\n\u2022 Plaza de los Leones &#8211; Portal de la Casa de los Leones (historia) \u00a0opci\u00f3n entrar<\/td>\n<td style=\"width: 436.6666259765625px; height: 378.3333740234375px;\" align=\"center\" valign=\"top\" bgcolor=\"#FFFF00\"><img loading=\"lazy\" decoding=\"async\" class=\"wp-image-14141 alignnone\" src=\"http:\/\/nicaragua-travel-guide.com\/site\/wp-content\/uploads\/2016\/06\/granadaparquecolon.jpg.png\" alt=\"granadaparquecolon-jpg\" width=\"448\" height=\"598\" \/><\/td>\n<\/tr>\n<\/tbody>\n<\/table>\n","protected":false},"excerpt":{"rendered":"<p>\u00abCaminando en el coraz\u00f3n de la ciudad de Granada\u00bb Descripci\u00f3n: &nbsp; &nbsp; Dentro y alrededor del parque, plazas monumentos y edificios principales. &nbsp; &nbsp; \u2022 Fecha de fundaci\u00f3n de la ciudad. \u2022 Apreciaci\u00f3n de distintos edificios &#8211; estilos de la arquitectura e historia. \u2022 Fuente Monumental (historia) \u2022 Palacete de la M\u00fasica (historia + la [&hellip;]<\/p>\n","protected":false},"author":2,"featured_media":0,"parent":0,"menu_order":0,"comment_status":"closed","ping_status":"closed","template":"","meta":{"footnotes":""},"_links":{"self":[{"href":"https:\/\/nicaragua-travel-guide.com\/site\/wp-json\/wp\/v2\/pages\/5450"}],"collection":[{"href":"https:\/\/nicaragua-travel-guide.com\/site\/wp-json\/wp\/v2\/pages"}],"about":[{"href":"https:\/\/nicaragua-travel-guide.com\/site\/wp-json\/wp\/v2\/types\/page"}],"author":[{"embeddable":true,"href":"https:\/\/nicaragua-travel-guide.com\/site\/wp-json\/wp\/v2\/users\/2"}],"replies":[{"embeddable":true,"href":"https:\/\/nicaragua-travel-guide.com\/site\/wp-json\/wp\/v2\/comments?post=5450"}],"version-history":[{"count":5,"href":"https:\/\/nicaragua-travel-guide.com\/site\/wp-json\/wp\/v2\/pages\/5450\/revisions"}],"predecessor-version":[{"id":14143,"href":"https:\/\/nicaragua-travel-guide.com\/site\/wp-json\/wp\/v2\/pages\/5450\/revisions\/14143"}],"wp:attachment":[{"href":"https:\/\/nicaragua-travel-guide.com\/site\/wp-json\/wp\/v2\/media?parent=5450"}],"curies":[{"name":"wp","href":"https:\/\/api.w.org\/{rel}","templated":true}]}}