{"id":5457,"date":"2016-06-25T17:28:50","date_gmt":"2016-06-25T17:28:50","guid":{"rendered":"http:\/\/nicaragua-travel-guide.com\/site\/?page_id=5457"},"modified":"2016-08-08T19:31:44","modified_gmt":"2016-08-08T19:31:44","slug":"granada-tour-caminando-eventos-historicos","status":"publish","type":"page","link":"https:\/\/nicaragua-travel-guide.com\/site\/granada-tour-caminando-eventos-historicos\/","title":{"rendered":"Granada Tour Caminando \u00abEventos Hist\u00f3ricos\u00bb"},"content":{"rendered":"<table style=\"width: 972.3333740234375px;\" border=\"0\">\n<tbody>\n<tr style=\"height: 343px;\">\n<td style=\"height: 343px; width: 965.3333740234375px;\" align=\"right\" valign=\"top\" bgcolor=\"#0033FF\"><img loading=\"lazy\" decoding=\"async\" class=\"size-full wp-image-10502 aligncenter\" src=\"http:\/\/nicaragua-travel-guide.com\/site\/wp-content\/uploads\/2016\/06\/header-fiestas-patrias-tour-guiado-septiembre-mes-de-la-patria-1.jpg\" alt=\"header fiestas patrias tour guiado septiembre mes de la patria\" width=\"1025\" height=\"345\" srcset=\"https:\/\/nicaragua-travel-guide.com\/site\/wp-content\/uploads\/2016\/06\/header-fiestas-patrias-tour-guiado-septiembre-mes-de-la-patria-1.jpg 1025w, https:\/\/nicaragua-travel-guide.com\/site\/wp-content\/uploads\/2016\/06\/header-fiestas-patrias-tour-guiado-septiembre-mes-de-la-patria-1-600x202.jpg 600w\" sizes=\"(max-width: 1025px) 100vw, 1025px\" \/><\/td>\n<\/tr>\n<tr style=\"height: 22px;\">\n<td style=\"text-align: left; height: 22px; width: 965.3333740234375px;\" align=\"right\" valign=\"top\" bgcolor=\"#0033FF\">\u201cFiestas Patrias &#8211; D\u00edas Hist\u00f3ricos\u00bb<\/td>\n<\/tr>\n<tr style=\"height: 22px;\">\n<td style=\"text-align: left; height: 22px; width: 965.3333740234375px;\" align=\"right\" valign=\"top\" bgcolor=\"#FFFFFF\">Caminando por la Ciudad:<\/td>\n<\/tr>\n<tr style=\"height: 214px;\">\n<td style=\"background-color: #d8edec; width: 965.3333740234375px; text-align: left; height: 214px;\" align=\"right\" valign=\"top\" bgcolor=\"#0033FF\">Descripci\u00f3n:<\/p>\n<p>Septiembre 14\/15 Celebramos eventos hist\u00f3ricos ver\u00e1s los desfiles de estudiantes de diferentes colegios en la calle principal, podemos visitar algunos colegios y ver los murales elaborados en honor a los personajes hist\u00f3ricos como nuestros h\u00e9roes, hero\u00ednas, aprender\u00e1s sobre historia, cultura de nuestros ind\u00edgenas precolombinos, la colonizaci\u00f3n espa\u00f1ola organizaci\u00f3n social, pol\u00edtica, religiosa . La declaraci\u00f3n de la independencia, los gobernantes y conflictos pol\u00edticos legitimistas y democr\u00e1ticos, guerra civil, guerra nacional hasta nuestros d\u00edas, nuestros s\u00edmbolos nacionales, emblemas, ave nacional, flor nacional, nuestra bandera , escucha nuestro himno y otras canciones ,danzas tradicionales, degustaci\u00f3n de nuestras comidas y bebidas t\u00edpicas (opcional)<\/td>\n<\/tr>\n<tr style=\"height: 14.66668701171875px;\">\n<td style=\"height: 14.66668701171875px; width: 965.3333740234375px;\" align=\"left\" valign=\"top\" bgcolor=\"#0000FF\">\u00a0<img loading=\"lazy\" decoding=\"async\" class=\"size-full wp-image-10500 aligncenter\" style=\"text-align: -webkit-right;\" src=\"http:\/\/nicaragua-travel-guide.com\/site\/wp-content\/uploads\/2016\/06\/header-fiestas-patrias-tour-guiado-septiembre-mes-de-la-patria.jpg\" alt=\"header fiestas patrias tour guiado septiembre mes de la patria\" width=\"1025\" height=\"345\" srcset=\"https:\/\/nicaragua-travel-guide.com\/site\/wp-content\/uploads\/2016\/06\/header-fiestas-patrias-tour-guiado-septiembre-mes-de-la-patria.jpg 1025w, https:\/\/nicaragua-travel-guide.com\/site\/wp-content\/uploads\/2016\/06\/header-fiestas-patrias-tour-guiado-septiembre-mes-de-la-patria-600x202.jpg 600w\" sizes=\"(max-width: 1025px) 100vw, 1025px\" \/><\/td>\n<\/tr>\n<\/tbody>\n<\/table>\n","protected":false},"excerpt":{"rendered":"<p>\u201cFiestas Patrias &#8211; D\u00edas Hist\u00f3ricos\u00bb Caminando por la Ciudad: Descripci\u00f3n: Septiembre 14\/15 Celebramos eventos hist\u00f3ricos ver\u00e1s los desfiles de estudiantes de diferentes colegios en la calle principal, podemos visitar algunos colegios y ver los murales elaborados en honor a los personajes hist\u00f3ricos como nuestros h\u00e9roes, hero\u00ednas, aprender\u00e1s sobre historia, cultura de nuestros ind\u00edgenas precolombinos, la [&hellip;]<\/p>\n","protected":false},"author":2,"featured_media":0,"parent":0,"menu_order":0,"comment_status":"closed","ping_status":"closed","template":"","meta":{"footnotes":""},"_links":{"self":[{"href":"https:\/\/nicaragua-travel-guide.com\/site\/wp-json\/wp\/v2\/pages\/5457"}],"collection":[{"href":"https:\/\/nicaragua-travel-guide.com\/site\/wp-json\/wp\/v2\/pages"}],"about":[{"href":"https:\/\/nicaragua-travel-guide.com\/site\/wp-json\/wp\/v2\/types\/page"}],"author":[{"embeddable":true,"href":"https:\/\/nicaragua-travel-guide.com\/site\/wp-json\/wp\/v2\/users\/2"}],"replies":[{"embeddable":true,"href":"https:\/\/nicaragua-travel-guide.com\/site\/wp-json\/wp\/v2\/comments?post=5457"}],"version-history":[{"count":15,"href":"https:\/\/nicaragua-travel-guide.com\/site\/wp-json\/wp\/v2\/pages\/5457\/revisions"}],"predecessor-version":[{"id":10510,"href":"https:\/\/nicaragua-travel-guide.com\/site\/wp-json\/wp\/v2\/pages\/5457\/revisions\/10510"}],"wp:attachment":[{"href":"https:\/\/nicaragua-travel-guide.com\/site\/wp-json\/wp\/v2\/media?parent=5457"}],"curies":[{"name":"wp","href":"https:\/\/api.w.org\/{rel}","templated":true}]}}