{"id":5464,"date":"2016-06-25T17:49:28","date_gmt":"2016-06-25T17:49:28","guid":{"rendered":"http:\/\/nicaragua-travel-guide.com\/site\/?page_id=5464"},"modified":"2016-11-02T01:56:54","modified_gmt":"2016-11-02T01:56:54","slug":"granada-tour-historia-de-los-gobernantes-de-nicaragua","status":"publish","type":"page","link":"https:\/\/nicaragua-travel-guide.com\/site\/granada-tour-historia-de-los-gobernantes-de-nicaragua\/","title":{"rendered":"Granada Tour \u00abHistoria de los Gobernantes de Nicaragua\u00bb"},"content":{"rendered":"<table style=\"width: 846px;\" border=\"0\">\n<tbody>\n<tr style=\"height: 23px;\">\n<td style=\"height: 23px; width: 1531px;\" colspan=\"6\" valign=\"top\" bgcolor=\"#FFFFFF\"><img loading=\"lazy\" decoding=\"async\" class=\"alignnone size-full wp-image-5465\" src=\"http:\/\/nicaragua-travel-guide.com\/site\/wp-content\/uploads\/2016\/06\/headertourhistoriadelosgobernantes.jpg\" alt=\"headertourhistoriadelosgobernantes\" width=\"1025\" height=\"345\" srcset=\"https:\/\/nicaragua-travel-guide.com\/site\/wp-content\/uploads\/2016\/06\/headertourhistoriadelosgobernantes.jpg 1025w, https:\/\/nicaragua-travel-guide.com\/site\/wp-content\/uploads\/2016\/06\/headertourhistoriadelosgobernantes-600x202.jpg 600w\" sizes=\"(max-width: 1025px) 100vw, 1025px\" \/><\/td>\n<\/tr>\n<tr style=\"height: 19px;\">\n<td style=\"height: 19px; width: 1531px;\" colspan=\"6\" valign=\"top\" bgcolor=\"#FFFFFF\">Visita guiada \u00a0con informaci\u00f3n general por 2 horas Historia de los Gobernantes de Nicaragua\u00bb<\/td>\n<\/tr>\n<tr style=\"height: 91px;\">\n<td style=\"height: 91px; width: 1531px;\" colspan=\"6\" bgcolor=\"#006600\">Granada es la capital tur\u00edstica de Nicaragua y nuestra gu\u00eda tur\u00edstica \u00a0te dar\u00e1 a conocer la historia, desde la \u00e9poca precolombina organizaci\u00f3n pol\u00edtica y social , y la colonizaci\u00f3n espa\u00f1ola, conflictos pol\u00edticos, la declaraci\u00f3n de la Independencia, el partido Liberal y Conservador, la guerra civil, el periodo de los 30 a\u00f1os conservadores, La guerra nacional, revolutas hasta nuestros d\u00edas. Apreciaci\u00f3n de la arquitectura fachada de casas donde vivieron los presidentes y entraras a una de ellas en especial.<\/td>\n<\/tr>\n<tr style=\"height: 26px;\">\n<td style=\"height: 26px; width: 1531px;\" colspan=\"6\" bgcolor=\"#FFFFFF\"><strong>Gobernadores de las Provincias y Presidentes\u00a0de la Rep\u00fablica Federal de Centro\u00a0<\/strong><b>Am\u00e9rica<\/b><\/td>\n<\/tr>\n<tr style=\"height: 219px;\">\n<td style=\"height: 219px; width: 295px;\" bgcolor=\"#FFFFFF\"><img loading=\"lazy\" decoding=\"async\" class=\"alignnone wp-image-13601\" src=\"http:\/\/nicaragua-travel-guide.com\/site\/wp-content\/uploads\/2016\/06\/pdtgabinogainza.jpg\" alt=\"pdtgabinogainza\" width=\"147\" height=\"191\" \/><\/td>\n<td style=\"height: 219px; width: 292px;\" bgcolor=\"#FFFFFF\"><img loading=\"lazy\" decoding=\"async\" class=\"alignnone wp-image-13615\" src=\"http:\/\/nicaragua-travel-guide.com\/site\/wp-content\/uploads\/2016\/06\/pdtmanueljosearce.jpg\" alt=\"pdtmanueljosearce\" width=\"146\" height=\"190\" \/><\/td>\n<td style=\"height: 219px; width: 306px;\" bgcolor=\"#FFFFFF\">\u00a0<img loading=\"lazy\" decoding=\"async\" class=\"alignnone wp-image-13597\" src=\"http:\/\/nicaragua-travel-guide.com\/site\/wp-content\/uploads\/2016\/06\/pdtfranciscomorazan.jpg\" alt=\"pdtfranciscomorazan\" width=\"150\" height=\"195\" \/><\/td>\n<td style=\"height: 219px; width: 293px;\" bgcolor=\"#FFFFFF\"><img loading=\"lazy\" decoding=\"async\" class=\"alignnone wp-image-13614\" src=\"http:\/\/nicaragua-travel-guide.com\/site\/wp-content\/uploads\/2016\/06\/pdtmanuelacerda.jpg\" alt=\"pdtmanuelacerda\" width=\"152\" height=\"197\" \/><\/td>\n<td style=\"height: 219px; width: 324px;\" bgcolor=\"#FFFFFF\"><img loading=\"lazy\" decoding=\"async\" class=\"alignnone wp-image-13607\" src=\"http:\/\/nicaragua-travel-guide.com\/site\/wp-content\/uploads\/2016\/06\/pdtjuanarguello.jpg\" alt=\"pdtjuanarguello\" width=\"149\" height=\"193\" \/><\/td>\n<td style=\"height: 1851.666748046875px; width: 21px;\" rowspan=\"14\" bgcolor=\"#FF0000\"><\/td>\n<\/tr>\n<tr style=\"height: 44px;\">\n<td style=\"height: 44px; width: 295px;\" bgcolor=\"#FFFFFF\"><img loading=\"lazy\" decoding=\"async\" class=\"alignnone wp-image-13591\" src=\"http:\/\/nicaragua-travel-guide.com\/site\/wp-content\/uploads\/2016\/06\/pdtdionisioherrera.jpg\" alt=\"pdtdionisioherrera\" width=\"152\" height=\"197\" \/><\/td>\n<td style=\"height: 44px; width: 292px;\" bgcolor=\"#FFFFFF\"><img loading=\"lazy\" decoding=\"async\" class=\"alignnone wp-image-13617\" src=\"http:\/\/nicaragua-travel-guide.com\/site\/wp-content\/uploads\/2016\/06\/pdtpablobuitrago.jpg\" alt=\"pdtpablobuitrago\" width=\"147\" height=\"191\" \/><\/td>\n<td style=\"height: 44px; width: 306px;\" bgcolor=\"#FFFFFF\"><img loading=\"lazy\" decoding=\"async\" class=\"alignnone wp-image-13610\" src=\"http:\/\/nicaragua-travel-guide.com\/site\/wp-content\/uploads\/2016\/06\/pdtlaureanopineda.jpg\" alt=\"pdtlaureanopineda\" width=\"144\" height=\"187\" \/><\/td>\n<td style=\"height: 44px; width: 293px;\" bgcolor=\"#FFFFFF\"><\/td>\n<td style=\"height: 44px; width: 324px;\" bgcolor=\"#FFFFFF\"><\/td>\n<\/tr>\n<tr style=\"height: 26px;\">\n<td style=\"height: 26px; width: 1510px;\" colspan=\"5\" bgcolor=\"#FFFFFF\"><\/td>\n<\/tr>\n<tr style=\"height: 219px;\">\n<td style=\"height: 219px; width: 295px;\" bgcolor=\"#FFFFFF\"><img loading=\"lazy\" decoding=\"async\" class=\"alignnone wp-image-13600\" src=\"http:\/\/nicaragua-travel-guide.com\/site\/wp-content\/uploads\/2016\/06\/pdtfulgenciovega.jpg\" alt=\"pdtfulgenciovega\" width=\"148\" height=\"192\" \/><\/td>\n<td style=\"height: 219px; width: 292px;\" bgcolor=\"#FFFFFF\"><img loading=\"lazy\" decoding=\"async\" class=\"alignnone wp-image-13599\" src=\"http:\/\/nicaragua-travel-guide.com\/site\/wp-content\/uploads\/2016\/06\/pdtfrutochamorro.jpg\" alt=\"pdtfrutochamorro\" width=\"149\" height=\"194\" \/><\/td>\n<td style=\"height: 219px; width: 306px;\" bgcolor=\"#FFFFFF\"><img loading=\"lazy\" decoding=\"async\" class=\"alignnone wp-image-13604\" src=\"http:\/\/nicaragua-travel-guide.com\/site\/wp-content\/uploads\/2016\/06\/pdtjosemaestrada.jpg\" alt=\"pdtjosemaestrada\" width=\"153\" height=\"198\" \/><\/td>\n<td style=\"height: 219px; width: 293px;\" bgcolor=\"#FFFFFF\"><img loading=\"lazy\" decoding=\"async\" class=\"alignnone wp-image-13596\" src=\"http:\/\/nicaragua-travel-guide.com\/site\/wp-content\/uploads\/2016\/06\/pdtfranciscocastellon.jpg\" alt=\"pdtfranciscocastellon\" width=\"149\" height=\"193\" \/><\/td>\n<td style=\"height: 219px; width: 324px;\" bgcolor=\"#FFFFFF\"><img loading=\"lazy\" decoding=\"async\" class=\"alignnone wp-image-13618\" src=\"http:\/\/nicaragua-travel-guide.com\/site\/wp-content\/uploads\/2016\/06\/pdtpatriciorivas.jpg\" alt=\"pdtpatriciorivas\" width=\"151\" height=\"196\" \/><\/td>\n<\/tr>\n<tr style=\"height: 132.666748046875px;\">\n<td style=\"height: 132.666748046875px; width: 295px;\" bgcolor=\"#FFFFFF\">\u00a0\u00a0<img loading=\"lazy\" decoding=\"async\" class=\"alignnone wp-image-13578\" src=\"http:\/\/nicaragua-travel-guide.com\/site\/wp-content\/uploads\/2016\/06\/pdtwilliamwalker.jpg\" alt=\"pdtwilliamwalker\" width=\"140\" height=\"181\" \/><\/td>\n<td style=\"height: 132.666748046875px; width: 292px;\" bgcolor=\"#FFFFFF\">\u00a0<img loading=\"lazy\" decoding=\"async\" class=\"alignnone wp-image-13616\" src=\"http:\/\/nicaragua-travel-guide.com\/site\/wp-content\/uploads\/2016\/06\/pdtmaximojerez.jpg\" alt=\"pdtmaximojerez\" width=\"147\" height=\"191\" \/><\/td>\n<td style=\"height: 132.666748046875px; width: 306px;\" bgcolor=\"#FFFFFF\"><img loading=\"lazy\" decoding=\"async\" class=\"wp-image-13665 aligncenter\" src=\"http:\/\/nicaragua-travel-guide.com\/site\/wp-content\/uploads\/2016\/06\/Presidente-Tomas-Matinez.jpg\" alt=\"presidente-tomas-matinez\" width=\"141\" height=\"191\" \/><\/td>\n<td style=\"height: 132.666748046875px; width: 293px;\" bgcolor=\"#FFFFFF\"><img loading=\"lazy\" decoding=\"async\" class=\"wp-image-13669 aligncenter\" src=\"http:\/\/nicaragua-travel-guide.com\/site\/wp-content\/uploads\/2016\/06\/Presidente-Fernando-Guzman-Solorzano.jpg\" alt=\"presidente-fernando-guzman-solorzano\" width=\"141\" height=\"191\" \/><\/td>\n<td style=\"height: 132.666748046875px; width: 324px;\" bgcolor=\"#FFFFFF\"><img loading=\"lazy\" decoding=\"async\" class=\"wp-image-13622 aligncenter\" style=\"font-family: inherit; font-size: inherit; line-height: 1.5;\" src=\"http:\/\/nicaragua-travel-guide.com\/site\/wp-content\/uploads\/2016\/06\/pdtvicentecuadra.jpg\" alt=\"pdtvicentecuadra\" width=\"139\" height=\"181\" \/><\/td>\n<\/tr>\n<tr style=\"height: 219px;\">\n<td style=\"height: 219px; width: 295px;\" bgcolor=\"#FFFFFF\"><img loading=\"lazy\" decoding=\"async\" class=\"alignnone size-full wp-image-13619\" src=\"http:\/\/nicaragua-travel-guide.com\/site\/wp-content\/uploads\/2016\/06\/pdtpedrojoaquinchamorro.jpg\" alt=\"pdtpedrojoaquinchamorro\" width=\"165\" height=\"214\" \/><\/td>\n<td style=\"height: 219px; width: 292px;\" bgcolor=\"#FFFFFF\"><img loading=\"lazy\" decoding=\"async\" class=\"alignnone size-full wp-image-13602\" src=\"http:\/\/nicaragua-travel-guide.com\/site\/wp-content\/uploads\/2016\/06\/pdtjoaquinzavala.jpg\" alt=\"pdtjoaquinzavala\" width=\"165\" height=\"214\" \/><\/td>\n<td style=\"height: 219px; width: 306px;\" bgcolor=\"#FFFFFF\"><img loading=\"lazy\" decoding=\"async\" class=\"alignnone wp-image-13581\" src=\"http:\/\/nicaragua-travel-guide.com\/site\/wp-content\/uploads\/2016\/06\/pdtadancardenas.jpg\" alt=\"pdtadancardenas\" width=\"147\" height=\"191\" \/><\/td>\n<td style=\"height: 219px; width: 293px;\" bgcolor=\"#FFFFFF\"><img loading=\"lazy\" decoding=\"async\" class=\"alignnone wp-image-13595\" src=\"http:\/\/nicaragua-travel-guide.com\/site\/wp-content\/uploads\/2016\/06\/pdtevaristocarazo.jpg\" alt=\"pdtevaristocarazo\" width=\"149\" height=\"194\" \/><\/td>\n<td style=\"height: 219px; width: 324px;\" bgcolor=\"#FFFFFF\">\u00a0<img loading=\"lazy\" decoding=\"async\" class=\"alignnone wp-image-13621\" src=\"http:\/\/nicaragua-travel-guide.com\/site\/wp-content\/uploads\/2016\/06\/pdtrobertosacasa.jpg\" alt=\"pdtrobertosacasa\" width=\"149\" height=\"193\" \/><\/td>\n<\/tr>\n<tr style=\"height: 26px;\">\n<td style=\"height: 26px; width: 1510px;\" colspan=\"5\" bgcolor=\"#FFFFFF\"><\/td>\n<\/tr>\n<tr style=\"height: 157px;\">\n<td style=\"height: 157px; width: 295px;\" bgcolor=\"#FFFFFF\"><img loading=\"lazy\" decoding=\"async\" class=\"alignnone wp-image-13606\" src=\"http:\/\/nicaragua-travel-guide.com\/site\/wp-content\/uploads\/2016\/06\/pdtjosesantoszelaya.jpg\" alt=\"pdtjosesantoszelaya\" width=\"135\" height=\"174\" \/><\/td>\n<td style=\"height: 157px; width: 292px;\" bgcolor=\"#FFFFFF\"><img loading=\"lazy\" decoding=\"async\" class=\"alignnone wp-image-13603\" src=\"http:\/\/nicaragua-travel-guide.com\/site\/wp-content\/uploads\/2016\/06\/pdtjosemadriz.jpg\" alt=\"pdtjosemadriz\" width=\"140\" height=\"181\" \/><\/td>\n<td style=\"height: 157px; width: 306px;\" bgcolor=\"#FFFFFF\"><img loading=\"lazy\" decoding=\"async\" class=\"alignnone wp-image-13609\" src=\"http:\/\/nicaragua-travel-guide.com\/site\/wp-content\/uploads\/2016\/06\/pdtjuanjosestrada.jpg\" alt=\"pdtjuanjosestrada\" width=\"144\" height=\"187\" \/><\/td>\n<td style=\"height: 157px; width: 293px;\" bgcolor=\"#FFFFFF\"><img loading=\"lazy\" decoding=\"async\" class=\"alignnone wp-image-13582\" src=\"http:\/\/nicaragua-travel-guide.com\/site\/wp-content\/uploads\/2016\/06\/pdtadolfodiaz.jpg\" alt=\"pdtadolfodiaz\" width=\"149\" height=\"194\" \/><\/td>\n<td style=\"height: 157px; width: 324px;\" bgcolor=\"#FFFFFF\">\u00a0<img loading=\"lazy\" decoding=\"async\" class=\"alignnone wp-image-13593\" src=\"http:\/\/nicaragua-travel-guide.com\/site\/wp-content\/uploads\/2016\/06\/pdtemilianochamorro.jpg\" alt=\"pdtemilianochamorro\" width=\"151\" height=\"196\" \/><\/td>\n<\/tr>\n<tr style=\"height: 216px;\">\n<td style=\"height: 216px; width: 295px;\" bgcolor=\"#FFFFFF\"><img loading=\"lazy\" decoding=\"async\" class=\"alignnone wp-image-13590\" src=\"http:\/\/nicaragua-travel-guide.com\/site\/wp-content\/uploads\/2016\/06\/pdtdiegomchamorro.jpg\" alt=\"pdtdiegomchamorro\" width=\"151\" height=\"196\" \/><\/td>\n<td style=\"height: 216px; width: 292px;\" bgcolor=\"#FFFFFF\"><img loading=\"lazy\" decoding=\"async\" class=\"alignnone wp-image-13592\" src=\"http:\/\/nicaragua-travel-guide.com\/site\/wp-content\/uploads\/2016\/06\/pdtebartolomemartinez.jpg\" alt=\"pdtebartolomemartinez\" width=\"151\" height=\"196\" \/><\/td>\n<td style=\"height: 216px; width: 306px;\" bgcolor=\"#FFFFFF\"><img loading=\"lazy\" decoding=\"async\" class=\"alignnone wp-image-13588\" src=\"http:\/\/nicaragua-travel-guide.com\/site\/wp-content\/uploads\/2016\/06\/pdtcarlosjsolorzano.jpg\" alt=\"pdtcarlosjsolorzano\" width=\"141\" height=\"183\" \/><\/td>\n<td style=\"height: 216px; width: 293px;\" bgcolor=\"#FFFFFF\"><img loading=\"lazy\" decoding=\"async\" class=\"\" src=\"http:\/\/nicaragua-travel-guide.com\/site\/wp-content\/uploads\/2016\/06\/pdtemilianochamorro.jpg\" alt=\"pdtemilianochamorro\" width=\"139\" height=\"180\" \/><\/td>\n<td style=\"height: 216px; width: 324px;\" bgcolor=\"#FFFFFF\"><img loading=\"lazy\" decoding=\"async\" class=\"alignnone wp-image-13605\" src=\"http:\/\/nicaragua-travel-guide.com\/site\/wp-content\/uploads\/2016\/06\/pdtjosemamoncada.jpg\" alt=\"pdtjosemamoncada\" width=\"143\" height=\"186\" \/><\/td>\n<\/tr>\n<tr style=\"height: 216px;\">\n<td style=\"height: 216px; width: 295px;\" bgcolor=\"#FFFFFF\"><img loading=\"lazy\" decoding=\"async\" class=\"alignnone wp-image-13608\" src=\"http:\/\/nicaragua-travel-guide.com\/site\/wp-content\/uploads\/2016\/06\/pdtjuanbautistasacasa.jpg\" alt=\"pdtjuanbautistasacasa\" width=\"146\" height=\"188\" \/><\/td>\n<td style=\"height: 216px; width: 292px;\" bgcolor=\"#FFFFFF\"><img loading=\"lazy\" decoding=\"async\" class=\"alignnone wp-image-13587\" src=\"http:\/\/nicaragua-travel-guide.com\/site\/wp-content\/uploads\/2016\/06\/pdtcarlosbrenes.jpg\" alt=\"pdtcarlosbrenes\" width=\"148\" height=\"191\" \/><\/td>\n<td style=\"height: 216px; width: 306px;\" bgcolor=\"#FFFFFF\"><img loading=\"lazy\" decoding=\"async\" class=\"alignnone wp-image-13584\" src=\"http:\/\/nicaragua-travel-guide.com\/site\/wp-content\/uploads\/2016\/06\/pdtanastasiosomozagarcia.jpg\" alt=\"pdtanastasiosomozagarcia\" width=\"153\" height=\"199\" \/><\/td>\n<td style=\"height: 216px; width: 293px;\" bgcolor=\"#FFFFFF\"><img loading=\"lazy\" decoding=\"async\" class=\"alignnone wp-image-13611\" src=\"http:\/\/nicaragua-travel-guide.com\/site\/wp-content\/uploads\/2016\/06\/pdtleonardoarguello.jpg\" alt=\"pdtleonardoarguello\" width=\"149\" height=\"194\" \/><\/td>\n<td style=\"height: 216px; width: 324px;\" bgcolor=\"#FFFFFF\">\u00a0<img loading=\"lazy\" decoding=\"async\" class=\"alignnone wp-image-13586\" src=\"http:\/\/nicaragua-travel-guide.com\/site\/wp-content\/uploads\/2016\/06\/pdtbenjaminlacayo.jpg\" alt=\"pdtbenjaminlacayo\" width=\"150\" height=\"195\" \/><\/td>\n<\/tr>\n<tr style=\"height: 216px;\">\n<td style=\"height: 216px; width: 295px;\" bgcolor=\"#FFFFFF\">\u00a0<img loading=\"lazy\" decoding=\"async\" class=\"alignnone wp-image-13623\" src=\"http:\/\/nicaragua-travel-guide.com\/site\/wp-content\/uploads\/2016\/06\/pdtvictormroman.jpg\" alt=\"pdtvictormroman\" width=\"144\" height=\"186\" \/><\/td>\n<td style=\"height: 216px; width: 292px;\" bgcolor=\"#FFFFFF\"><img loading=\"lazy\" decoding=\"async\" class=\"alignnone wp-image-13583\" src=\"http:\/\/nicaragua-travel-guide.com\/site\/wp-content\/uploads\/2016\/06\/pdtanastasiosomozadebayle.jpg\" alt=\"pdtanastasiosomozadebayle\" width=\"139\" height=\"179\" \/><\/td>\n<td style=\"height: 216px; width: 306px;\" bgcolor=\"#FFFFFF\"><img loading=\"lazy\" decoding=\"async\" class=\"alignnone wp-image-13613\" src=\"http:\/\/nicaragua-travel-guide.com\/site\/wp-content\/uploads\/2016\/06\/pdtluisasomoza.jpg\" alt=\"pdtluisasomoza\" width=\"142\" height=\"183\" \/><\/td>\n<td style=\"height: 216px; width: 293px;\" bgcolor=\"#FFFFFF\"><img loading=\"lazy\" decoding=\"async\" class=\"alignnone wp-image-13620\" src=\"http:\/\/nicaragua-travel-guide.com\/site\/wp-content\/uploads\/2016\/06\/pdtreneschick.jpg\" alt=\"pdtreneschick\" width=\"145\" height=\"189\" \/><\/td>\n<td style=\"height: 216px; width: 324px;\" bgcolor=\"#FFFFFF\">\u00a0<img loading=\"lazy\" decoding=\"async\" class=\"alignnone wp-image-13612\" src=\"http:\/\/nicaragua-travel-guide.com\/site\/wp-content\/uploads\/2016\/06\/pdtlorenzoguerrero.jpg\" alt=\"pdtlorenzoguerrero\" width=\"149\" height=\"193\" \/><\/td>\n<\/tr>\n<tr style=\"height: 79px;\">\n<td style=\"height: 79px; width: 295px;\" bgcolor=\"#FFFFFF\">\u00a0<img loading=\"lazy\" decoding=\"async\" class=\"alignnone wp-image-13583\" src=\"http:\/\/nicaragua-travel-guide.com\/site\/wp-content\/uploads\/2016\/06\/pdtanastasiosomozadebayle.jpg\" alt=\"pdtanastasiosomozadebayle\" width=\"137\" height=\"177\" \/><\/td>\n<td style=\"height: 79px; width: 292px;\" bgcolor=\"#FFFFFF\">\u00a0<img loading=\"lazy\" decoding=\"async\" class=\"alignnone wp-image-13598\" src=\"http:\/\/nicaragua-travel-guide.com\/site\/wp-content\/uploads\/2016\/06\/pdtfranciscourcuyo.jpg\" alt=\"pdtfranciscourcuyo\" width=\"136\" height=\"175\" \/><\/td>\n<td style=\"height: 79px; width: 306px;\" bgcolor=\"#FFFFFF\"><img loading=\"lazy\" decoding=\"async\" class=\"alignnone wp-image-13589\" src=\"http:\/\/nicaragua-travel-guide.com\/site\/wp-content\/uploads\/2016\/06\/pdtdanielortega.jpg\" alt=\"pdtdanielortega\" width=\"140\" height=\"182\" \/><\/td>\n<td style=\"height: 79px; width: 293px;\" bgcolor=\"#FFFFFF\">\u00a0<img loading=\"lazy\" decoding=\"async\" class=\"alignnone wp-image-13577\" src=\"http:\/\/nicaragua-travel-guide.com\/site\/wp-content\/uploads\/2016\/06\/pdtvioletachamorro.jpg\" alt=\"pdtvioletachamorro\" width=\"133\" height=\"172\" \/><\/td>\n<td style=\"height: 79px; width: 324px;\" bgcolor=\"#FFFFFF\">\u00a0<img loading=\"lazy\" decoding=\"async\" class=\"alignnone wp-image-13585\" src=\"http:\/\/nicaragua-travel-guide.com\/site\/wp-content\/uploads\/2016\/06\/pdtarnoldoaleman.jpg\" alt=\"pdtarnoldoaleman\" width=\"132\" height=\"172\" \/><\/td>\n<\/tr>\n<tr style=\"height: 79px;\">\n<td style=\"height: 79px; width: 295px;\" bgcolor=\"#FFFFFF\">\u00a0<img loading=\"lazy\" decoding=\"async\" class=\"alignnone wp-image-13594\" src=\"http:\/\/nicaragua-travel-guide.com\/site\/wp-content\/uploads\/2016\/06\/pdtenriquebolanos.jpg\" alt=\"pdtenriquebolanos\" width=\"127\" height=\"164\" \/><\/td>\n<td style=\"height: 79px; width: 292px;\" bgcolor=\"#FFFFFF\"><img loading=\"lazy\" decoding=\"async\" class=\"\" src=\"http:\/\/nicaragua-travel-guide.com\/site\/wp-content\/uploads\/2016\/06\/pdtdanielortega.jpg\" alt=\"pdtdanielortega\" width=\"131\" height=\"170\" \/><\/td>\n<td style=\"height: 79px; width: 306px;\" bgcolor=\"#FFFFFF\">\u00a0<img loading=\"lazy\" decoding=\"async\" class=\"\" src=\"http:\/\/nicaragua-travel-guide.com\/site\/wp-content\/uploads\/2016\/06\/pdtdanielortega.jpg\" alt=\"pdtdanielortega\" width=\"136\" height=\"176\" \/><\/td>\n<td style=\"height: 79px; width: 293px;\" bgcolor=\"#FFFFFF\">\u00a0<img loading=\"lazy\" decoding=\"async\" class=\"\" src=\"http:\/\/nicaragua-travel-guide.com\/site\/wp-content\/uploads\/2016\/06\/pdtdanielortega.jpg\" alt=\"pdtdanielortega\" width=\"135\" height=\"175\" \/><\/td>\n<td style=\"height: 79px; width: 324px;\" bgcolor=\"#FFFFFF\"><\/td>\n<\/tr>\n<tr style=\"height: 3px;\">\n<td style=\"height: 3px; width: 295px;\" bgcolor=\"#FFFFFF\"><\/td>\n<td style=\"height: 3px; width: 292px;\" bgcolor=\"#FFFFFF\"><\/td>\n<td style=\"height: 3px; width: 306px;\" bgcolor=\"#FFFFFF\"><\/td>\n<td style=\"height: 3px; width: 293px;\" bgcolor=\"#FFFFFF\"><\/td>\n<td style=\"height: 3px; width: 324px;\" bgcolor=\"#FFFFFF\"><\/td>\n<\/tr>\n<\/tbody>\n<\/table>\n<p>&nbsp;<\/p>\n<p>&nbsp;<\/p>\n","protected":false},"excerpt":{"rendered":"<p>Visita guiada \u00a0con informaci\u00f3n general por 2 horas Historia de los Gobernantes de Nicaragua\u00bb Granada es la capital tur\u00edstica de Nicaragua y nuestra gu\u00eda tur\u00edstica \u00a0te dar\u00e1 a conocer la historia, desde la \u00e9poca precolombina organizaci\u00f3n pol\u00edtica y social , y la colonizaci\u00f3n espa\u00f1ola, conflictos pol\u00edticos, la declaraci\u00f3n de la Independencia, el partido Liberal y [&hellip;]<\/p>\n","protected":false},"author":2,"featured_media":0,"parent":0,"menu_order":0,"comment_status":"closed","ping_status":"closed","template":"","meta":{"footnotes":""},"_links":{"self":[{"href":"https:\/\/nicaragua-travel-guide.com\/site\/wp-json\/wp\/v2\/pages\/5464"}],"collection":[{"href":"https:\/\/nicaragua-travel-guide.com\/site\/wp-json\/wp\/v2\/pages"}],"about":[{"href":"https:\/\/nicaragua-travel-guide.com\/site\/wp-json\/wp\/v2\/types\/page"}],"author":[{"embeddable":true,"href":"https:\/\/nicaragua-travel-guide.com\/site\/wp-json\/wp\/v2\/users\/2"}],"replies":[{"embeddable":true,"href":"https:\/\/nicaragua-travel-guide.com\/site\/wp-json\/wp\/v2\/comments?post=5464"}],"version-history":[{"count":14,"href":"https:\/\/nicaragua-travel-guide.com\/site\/wp-json\/wp\/v2\/pages\/5464\/revisions"}],"predecessor-version":[{"id":13671,"href":"https:\/\/nicaragua-travel-guide.com\/site\/wp-json\/wp\/v2\/pages\/5464\/revisions\/13671"}],"wp:attachment":[{"href":"https:\/\/nicaragua-travel-guide.com\/site\/wp-json\/wp\/v2\/media?parent=5464"}],"curies":[{"name":"wp","href":"https:\/\/api.w.org\/{rel}","templated":true}]}}