{"id":5473,"date":"2016-06-25T18:16:06","date_gmt":"2016-06-25T18:16:06","guid":{"rendered":"http:\/\/nicaragua-travel-guide.com\/site\/?page_id=5473"},"modified":"2016-06-25T18:19:27","modified_gmt":"2016-06-25T18:19:27","slug":"granada-tour-dos-museos-y-centros-culturales","status":"publish","type":"page","link":"https:\/\/nicaragua-travel-guide.com\/site\/granada-tour-dos-museos-y-centros-culturales\/","title":{"rendered":"Granada Tour \u00abDos Museos y centros culturales\u00bb"},"content":{"rendered":"<table border=\"0\" width=\"1017\">\n<tbody>\n<tr>\n<td align=\"left\" valign=\"bottom\" bgcolor=\"#FFFFFF\" width=\"1011\" height=\"35\">\n<table border=\"0\" width=\"821\">\n<tbody>\n<tr>\n<td bgcolor=\"#FFFFFF\" width=\"815\"><img loading=\"lazy\" decoding=\"async\" class=\"alignnone size-full wp-image-5474\" src=\"http:\/\/nicaragua-travel-guide.com\/site\/wp-content\/uploads\/2016\/06\/granadawalkingtour2museumsartgallery.jpg\" alt=\"granadawalkingtour2museumsartgallery\" width=\"1025\" height=\"345\" srcset=\"https:\/\/nicaragua-travel-guide.com\/site\/wp-content\/uploads\/2016\/06\/granadawalkingtour2museumsartgallery.jpg 1025w, https:\/\/nicaragua-travel-guide.com\/site\/wp-content\/uploads\/2016\/06\/granadawalkingtour2museumsartgallery-600x202.jpg 600w\" sizes=\"(max-width: 1025px) 100vw, 1025px\" \/><\/td>\n<\/tr>\n<tr>\n<td bgcolor=\"#FFFFFF\" width=\"815\">\u00abTour 2 Museos\u00a0y Galer\u00edas de Arte\u00bb<\/td>\n<\/tr>\n<tr>\n<td>\u201c\u00cddolos y cer\u00e1mica precolombina, esculturas, pinturas , arte y cultura\u201d<\/td>\n<\/tr>\n<\/tbody>\n<\/table>\n<\/td>\n<\/tr>\n<tr>\n<td valign=\"top\" bgcolor=\"#CCCCCC\" height=\"371\">Descripci\u00f3n:<br \/>\nTours Opera Gioconda \u00a0gu\u00eda nacional y cantante ofrece un tour art\u00edstico hist\u00f3rico cultural, con informaci\u00f3n general desde la \u00e9poca precolombina, caminando por hora hacemos 2 horas. M\u00ednimo con una persona caminando por el centro hist\u00f3rico despacio y escuchado canciones nacionales en los monumentos en el museo sabr\u00e1s de c\u00f3mo llegaron nuestros ancestros, de su cultura, creencias su dioses, costumbres, como viv\u00edan, que com\u00edan, su actividades cotidianas y comerciales, su organizaci\u00f3n social, y como se enterraban los \u00faltimos ind\u00edgenas de la regi\u00f3n.<\/p>\n<p>&nbsp;<\/p>\n<ul>\n<li>Museo Convento \/ Iglesia San Francisco<\/li>\n<li>Colecci\u00f3n de esculturas &#8211; \u00cddolos precolombinos 800-1200 A.C<\/li>\n<li>Mi Museo (Cer\u00e1mica pre-colombina)<\/li>\n<li>Casa de los Leones ( galer\u00eda de arte)<\/li>\n<li>Centro Popular de la Cultura (opcional entrar)<\/li>\n<li>Antig\u00fcedades (muebles, pinturas, espejos y mas)<\/li>\n<li>Galer\u00edas de Arte &#8211; exibicion de pintura de artistas nacionales.<\/li>\n<\/ul>\n<\/td>\n<\/tr>\n<\/tbody>\n<\/table>\n","protected":false},"excerpt":{"rendered":"<p>\u00abTour 2 Museos\u00a0y Galer\u00edas de Arte\u00bb \u201c\u00cddolos y cer\u00e1mica precolombina, esculturas, pinturas , arte y cultura\u201d Descripci\u00f3n: Tours Opera Gioconda \u00a0gu\u00eda nacional y cantante ofrece un tour art\u00edstico hist\u00f3rico cultural, con informaci\u00f3n general desde la \u00e9poca precolombina, caminando por hora hacemos 2 horas. M\u00ednimo con una persona caminando por el centro hist\u00f3rico despacio y escuchado [&hellip;]<\/p>\n","protected":false},"author":2,"featured_media":0,"parent":0,"menu_order":0,"comment_status":"closed","ping_status":"closed","template":"","meta":{"footnotes":""},"_links":{"self":[{"href":"https:\/\/nicaragua-travel-guide.com\/site\/wp-json\/wp\/v2\/pages\/5473"}],"collection":[{"href":"https:\/\/nicaragua-travel-guide.com\/site\/wp-json\/wp\/v2\/pages"}],"about":[{"href":"https:\/\/nicaragua-travel-guide.com\/site\/wp-json\/wp\/v2\/types\/page"}],"author":[{"embeddable":true,"href":"https:\/\/nicaragua-travel-guide.com\/site\/wp-json\/wp\/v2\/users\/2"}],"replies":[{"embeddable":true,"href":"https:\/\/nicaragua-travel-guide.com\/site\/wp-json\/wp\/v2\/comments?post=5473"}],"version-history":[{"count":3,"href":"https:\/\/nicaragua-travel-guide.com\/site\/wp-json\/wp\/v2\/pages\/5473\/revisions"}],"predecessor-version":[{"id":5477,"href":"https:\/\/nicaragua-travel-guide.com\/site\/wp-json\/wp\/v2\/pages\/5473\/revisions\/5477"}],"wp:attachment":[{"href":"https:\/\/nicaragua-travel-guide.com\/site\/wp-json\/wp\/v2\/media?parent=5473"}],"curies":[{"name":"wp","href":"https:\/\/api.w.org\/{rel}","templated":true}]}}