{"id":5499,"date":"2016-06-25T20:16:13","date_gmt":"2016-06-25T20:16:13","guid":{"rendered":"http:\/\/nicaragua-travel-guide.com\/site\/?page_id=5499"},"modified":"2016-08-16T00:51:55","modified_gmt":"2016-08-16T00:51:55","slug":"recorrido-turistico-guiado-en-coche-berlina-hacia-el-puerto-turistico-cabana-combinado-con-lancha","status":"publish","type":"page","link":"https:\/\/nicaragua-travel-guide.com\/site\/recorrido-turistico-guiado-en-coche-berlina-hacia-el-puerto-turistico-cabana-combinado-con-lancha\/","title":{"rendered":"Tour en coche o berlina hacia puerto \u00a8caba\u00f1a\u00a8"},"content":{"rendered":"<table style=\"width: 1013px;\">\n<tbody>\n<tr style=\"height: 343px;\">\n<td style=\"height: 343px; width: 991px;\" colspan=\"3\" bgcolor=\"#FFFFFF\"><img loading=\"lazy\" decoding=\"async\" class=\"alignnone size-full wp-image-5083\" src=\"http:\/\/nicaragua-travel-guide.com\/site\/wp-content\/uploads\/2016\/06\/headertourencocheporhorasnfco.jpg\" alt=\"headertourencocheporhorasnfco\" width=\"1025\" height=\"345\" srcset=\"https:\/\/nicaragua-travel-guide.com\/site\/wp-content\/uploads\/2016\/06\/headertourencocheporhorasnfco.jpg 1025w, https:\/\/nicaragua-travel-guide.com\/site\/wp-content\/uploads\/2016\/06\/headertourencocheporhorasnfco-600x202.jpg 600w\" sizes=\"(max-width: 1025px) 100vw, 1025px\" \/><\/td>\n<\/tr>\n<tr style=\"height: 22px;\">\n<td style=\"height: 22px; width: 991px;\" colspan=\"3\" bgcolor=\"#FFFFFF\"><strong>En coche o berlina hacia \u00a0puerto \u00a0\u00a8caba\u00f1a\u00a8 \u00a0 \u00a0 \u00a0 \u00a0<\/strong> \u00a0 \u00a0 \u00a0 \u00a0 \u00a0 \u00a0 \u00a0 \u00a0 \u00a0 \u00a0 \u00a0 \u00a0 \u00a0 \u00a0 \u00a0 \u00a0 \u00a0 \u00a0 \u00a0 \u00a0 \u00a0 \u00a0 \u00a0 \u00a0 \u00a0 \u00a0 \u00a0 \u00a0 \u00a0 \u00a0 \u00a0 \u00a0 \u00a0 \u00a0 \u00a0 \u00a0 \u00a0 \u00a0 \u00a0 \u00a0 \u00a0 \u00a0 \u00a0 \u00a0 \u00a0 \u00a0 \u00a0 \u00a0 \u00a0 \u00a0 \u00a0 \u00a0 \u00a0 \u00a0 \u00a0 5<\/td>\n<\/tr>\n<tr style=\"height: 26px;\">\n<td style=\"height: 26px; width: 439px;\" valign=\"top\" bgcolor=\"#99CC00\">Que miraremos en esta ruta con el carruaje?<\/td>\n<td style=\"height: 185px; width: 198.3333740234375px;\" rowspan=\"2\" bgcolor=\"#009933\"><img loading=\"lazy\" decoding=\"async\" class=\"alignnone wp-image-10539\" src=\"http:\/\/nicaragua-travel-guide.com\/site\/wp-content\/uploads\/2016\/06\/isletaslancha.jpg\" alt=\"isletaslancha\" width=\"196\" height=\"262\" \/><\/td>\n<td style=\"height: 185px; width: 353.6666259765625px;\" rowspan=\"2\" bgcolor=\"#009933\"><img loading=\"lazy\" decoding=\"async\" class=\"alignnone wp-image-10346\" src=\"http:\/\/nicaragua-travel-guide.com\/site\/wp-content\/uploads\/2015\/02\/cochelagogranada.jpeg\" alt=\"cochelagogranada\" width=\"354\" height=\"267\" \/><\/td>\n<\/tr>\n<tr style=\"height: 159px;\">\n<td style=\"height: 159px; width: 439px;\" align=\"center\" valign=\"middle\" bgcolor=\"#009900\">\n<table border=\"0\" width=\"435\">\n<tbody>\n<tr>\n<td bgcolor=\"#CCFF66\" width=\"192\" height=\"25\">Puerto principal (bodega)<\/td>\n<td bgcolor=\"#CCFF66\" width=\"233\">Calle de los mangos<\/td>\n<\/tr>\n<tr>\n<td bgcolor=\"#CCFF66\">Calle La Libertad<\/td>\n<td bgcolor=\"#CCFF66\">Centro Tur\u00edstico &#8211; Lanchitas<\/td>\n<\/tr>\n<tr>\n<td bgcolor=\"#CCFF66\">Calle la Calzada<\/td>\n<td bgcolor=\"#CCFF66\">Plaza Espa\u00f1a + Monumentos<\/td>\n<\/tr>\n<tr>\n<td bgcolor=\"#CCFF66\">Iglesia de Guadalupe<\/td>\n<td bgcolor=\"#CCFF66\">Malec\u00f3n + Plaza Espa\u00f1a<\/td>\n<\/tr>\n<tr>\n<td colspan=\"2\" bgcolor=\"#CCFF66\" height=\"25\">Opci\u00f3n de caminar con el gu\u00eda antes o despu\u00e9s del coche.<\/td>\n<\/tr>\n<\/tbody>\n<\/table>\n<\/td>\n<\/tr>\n<tr style=\"height: 25px;\">\n<td style=\"height: 25px; width: 439px;\" valign=\"top\" bgcolor=\"#99CC33\">\u00abVamos hacia el Puerto Tur\u00edstico\u00bb<\/td>\n<td style=\"height: 25px; width: 198.3333740234375px;\" valign=\"top\" bgcolor=\"#FF0000\">Una V\u00eda<\/td>\n<td style=\"height: 25px; width: 353.6666259765625px;\" valign=\"top\" bgcolor=\"#0000FF\">Ida o Vuelta<\/td>\n<\/tr>\n<tr style=\"height: 184px;\">\n<td style=\"height: 184px; width: 991px;\" colspan=\"3\" valign=\"top\" bgcolor=\"#009900\">Podemos encontrarnos en alguna punto de referencia de la ciudad, su hotel, nuestra oficina o desde el lugar y la hora mas conveniente que usted decida para salir.<\/p>\n<p>Llevaremos la ruta en direcci\u00f3n este y llegaremos a orillas del gran lago opci\u00f3n de tomar una lancha tur\u00edstica, recomendamos salir en carruaje despu\u00e9s de su desayuno saliendo desde las 8:00 am o m\u00e1s tarde, si el tour sera por la tarde llegaremos al puerto a las 4:00 pm o a las 5:00 pm seg\u00fan el tiempo disponible en caso de hacer el tour en lanchas tur\u00edstica entre las Isletas por la parte norte de la pen\u00ednsula. usted decide la hora y dispone del tiempo para disfrutar de la flora y fauna entre las Isletas. Ver las descripciones de los tours entre las Isletas.<\/td>\n<\/tr>\n<tr style=\"height: 6.66668701171875px;\">\n<td style=\"height: 6.66668701171875px; width: 991px;\" colspan=\"3\" valign=\"top\" bgcolor=\"#009900\">Poor mayor\u00a0informaci\u00f3n\u00a0y reservacion<strong> Contactarnos<\/strong><\/td>\n<\/tr>\n<\/tbody>\n<\/table>\n","protected":false},"excerpt":{"rendered":"<p>En coche o berlina hacia \u00a0puerto \u00a0\u00a8caba\u00f1a\u00a8 \u00a0 \u00a0 \u00a0 \u00a0 \u00a0 \u00a0 \u00a0 \u00a0 \u00a0 \u00a0 \u00a0 \u00a0 \u00a0 \u00a0 \u00a0 \u00a0 \u00a0 \u00a0 \u00a0 \u00a0 \u00a0 \u00a0 \u00a0 \u00a0 \u00a0 \u00a0 \u00a0 \u00a0 \u00a0 \u00a0 \u00a0 \u00a0 \u00a0 \u00a0 \u00a0 \u00a0 \u00a0 \u00a0 \u00a0 \u00a0 \u00a0 \u00a0 \u00a0 \u00a0 \u00a0 \u00a0 \u00a0 \u00a0 [&hellip;]<\/p>\n","protected":false},"author":2,"featured_media":0,"parent":0,"menu_order":0,"comment_status":"closed","ping_status":"closed","template":"","meta":{"footnotes":""},"_links":{"self":[{"href":"https:\/\/nicaragua-travel-guide.com\/site\/wp-json\/wp\/v2\/pages\/5499"}],"collection":[{"href":"https:\/\/nicaragua-travel-guide.com\/site\/wp-json\/wp\/v2\/pages"}],"about":[{"href":"https:\/\/nicaragua-travel-guide.com\/site\/wp-json\/wp\/v2\/types\/page"}],"author":[{"embeddable":true,"href":"https:\/\/nicaragua-travel-guide.com\/site\/wp-json\/wp\/v2\/users\/2"}],"replies":[{"embeddable":true,"href":"https:\/\/nicaragua-travel-guide.com\/site\/wp-json\/wp\/v2\/comments?post=5499"}],"version-history":[{"count":5,"href":"https:\/\/nicaragua-travel-guide.com\/site\/wp-json\/wp\/v2\/pages\/5499\/revisions"}],"predecessor-version":[{"id":11316,"href":"https:\/\/nicaragua-travel-guide.com\/site\/wp-json\/wp\/v2\/pages\/5499\/revisions\/11316"}],"wp:attachment":[{"href":"https:\/\/nicaragua-travel-guide.com\/site\/wp-json\/wp\/v2\/media?parent=5499"}],"curies":[{"name":"wp","href":"https:\/\/api.w.org\/{rel}","templated":true}]}}