{"id":5506,"date":"2016-06-25T20:23:22","date_gmt":"2016-06-25T20:23:22","guid":{"rendered":"http:\/\/nicaragua-travel-guide.com\/site\/?page_id=5506"},"modified":"2016-08-16T01:18:26","modified_gmt":"2016-08-16T01:18:26","slug":"alquiler-de-berlina-carruaje-para-evento-especial-boda-quince-ano-despedida-de-soltero-invitados-recorrido-turistico-especial-desde-la-ciudad-de-granada","status":"publish","type":"page","link":"https:\/\/nicaragua-travel-guide.com\/site\/alquiler-de-berlina-carruaje-para-evento-especial-boda-quince-ano-despedida-de-soltero-invitados-recorrido-turistico-especial-desde-la-ciudad-de-granada\/","title":{"rendered":"Alquiler de berlina carruaje para evento especial \u00a8Paquete\u00a8"},"content":{"rendered":"<table style=\"width: 720.3333740234375px;\" border=\"0\">\n<tbody>\n<tr style=\"height: 228px;\">\n<td style=\"width: 67.3333740234375px; height: 228px;\" colspan=\"2\" bgcolor=\"#FFFFFF\"><img loading=\"lazy\" decoding=\"async\" class=\"alignnone size-full wp-image-5077\" src=\"http:\/\/nicaragua-travel-guide.com\/site\/wp-content\/uploads\/2016\/06\/header-alquiler-de-belina-quince-pacopaco.jpg\" alt=\"header alquiler de belina quince pacopaco\" width=\"1025\" height=\"345\" srcset=\"https:\/\/nicaragua-travel-guide.com\/site\/wp-content\/uploads\/2016\/06\/header-alquiler-de-belina-quince-pacopaco.jpg 1025w, https:\/\/nicaragua-travel-guide.com\/site\/wp-content\/uploads\/2016\/06\/header-alquiler-de-belina-quince-pacopaco-600x202.jpg 600w\" sizes=\"(max-width: 1025px) 100vw, 1025px\" \/><\/td>\n<\/tr>\n<tr style=\"height: 22px;\">\n<td style=\"width: 67.3333740234375px; height: 22px;\" colspan=\"2\" bgcolor=\"#FFFFFF\">Carruaje para evento especial:<\/p>\n<p>Para Boda, cortejo, damas quince a\u00f1os,\u00a0 invitados, despedidas de soltero y con amigos<\/td>\n<\/tr>\n<tr style=\"height: 22px;\">\n<td style=\"width: 67.3333740234375px; height: 22px; background-color: #d8f2ef;\" colspan=\"2\" bgcolor=\"#FFFFFF\"><strong>Precio U$ 120 garantizado en su fecha y lugar.<\/strong><\/td>\n<\/tr>\n<tr style=\"height: 568px;\">\n<td style=\"width: 67.3333740234375px; height: 568px; background-color: #f7ecad;\" colspan=\"2\" bgcolor=\"#FFFFFF\">Para hacer tu fiesta de despedida de soltero, 15 a\u00f1os, aniversario, cumplea\u00f1os, con amigos o para trasladarte a la ceremonia religiosa esto ser\u00e1 un fino detalle que har\u00e1 \u00a0m\u00e1s especial tu celebraci\u00f3n.<\/p>\n<p>Transportados en carruaje o berlinas es una buena opci\u00f3n saliendo desde tu casa para ir a la \u00a0Iglesia\u00a0o la recepci\u00f3n de tu fiesta.<\/p>\n<p>El carruaje o berlina ira con especial arreglo floral y o luces si la recepci\u00f3n es de noche, el caballo o los caballos seleccionados para ese d\u00eda ser\u00e1n muy cuidados por su due\u00f1o para tan especial evento de tal manera que ese d\u00eda entero el o los caballos estar\u00e1n reservados con \u00a0todo un d\u00eda de reposo antes de realizar su recorrido as\u00ed ir\u00e1n a la fiesta fresquitos y contentos de manera que no ir\u00e1n irritados, ni sudados como sucede normalmente despu\u00e9s de un d\u00eda entero de trabajo.<\/p>\n<p>Este desfile y traslado har\u00e1 de tu fiesta un adorno \u00fanico pues esta oferta no se encuentra en otras ciudades del pa\u00eds.<\/p>\n<p>\u00abSiente la magia y emoci\u00f3n de trasladarse en el tiempo y el espacio, pasando por las calles principales mirando el contraste de colores y estilos de casas e iglesias en la ciudad m\u00e1s antigua de Nicaragua que conserva su majestuoso estilo colonial y\u00a0neo-cl\u00e1sico.<\/p>\n<p>Traslado garantizando en berlina o coche jalado por caballos, este carruaje ser\u00e1 puntual y bien decorado seg\u00fan sea la ocasi\u00f3n, tambien puede ser reservado para el\u00a0d\u00eda\u00a0del desfile h\u00edpicos\u00a0de Granada.<\/td>\n<\/tr>\n<tr style=\"height: 20.3333740234375px;\">\n<td style=\"width: 67.3333740234375px; height: 20.3333740234375px;\" colspan=\"2\" bgcolor=\"#FFFFFF\"><img loading=\"lazy\" decoding=\"async\" class=\"alignnone size-full wp-image-5622\" src=\"http:\/\/nicaragua-travel-guide.com\/site\/wp-content\/uploads\/2016\/06\/alquilerdeberlinaparaeventoespecialboda.jpg\" alt=\"alquilerdeberlinaparaeventoespecialboda\" width=\"1025\" height=\"345\" srcset=\"https:\/\/nicaragua-travel-guide.com\/site\/wp-content\/uploads\/2016\/06\/alquilerdeberlinaparaeventoespecialboda.jpg 1025w, https:\/\/nicaragua-travel-guide.com\/site\/wp-content\/uploads\/2016\/06\/alquilerdeberlinaparaeventoespecialboda-600x202.jpg 600w\" sizes=\"(max-width: 1025px) 100vw, 1025px\" \/><\/td>\n<\/tr>\n<tr style=\"height: 6px;\">\n<td style=\"width: 67.3333740234375px; height: 6px; background-color: #fabe32;\" colspan=\"2\" bgcolor=\"#FFFFFF\"><a href=\"http:\/\/nicaragua-travel-guide.com\/site\/tours\/recorrido-en-carruaje-berlina-coche-tradicional-en-granada-se-alquila-para-evento-especial\/\">Recorridos\u00a0tur\u00edsticos\u00a0 guiados \u00a0 PAQUETES\u00a0<\/a>\u00a0 \u00a0 \u00a0 \u00a0 \u00a0 \u00a0 \u00a0 \u00a0 \u00a0 \u00a0 \u00a0 \u00a0 \u00a0 \u00a0 \u00a0 \u00a0 \u00a0 \u00a0 \u00a0 \u00a0 \u00a0 \u00a0 \u00a0 \u00a0 \u00a0\u00a0<strong>Contactarnos<\/strong><\/td>\n<\/tr>\n<\/tbody>\n<\/table>\n<p>&nbsp;<\/p>\n<p>&nbsp;<\/p>\n<p>&nbsp;<\/p>\n","protected":false},"excerpt":{"rendered":"<p>Carruaje para evento especial: Para Boda, cortejo, damas quince a\u00f1os,\u00a0 invitados, despedidas de soltero y con amigos Precio U$ 120 garantizado en su fecha y lugar. Para hacer tu fiesta de despedida de soltero, 15 a\u00f1os, aniversario, cumplea\u00f1os, con amigos o para trasladarte a la ceremonia religiosa esto ser\u00e1 un fino detalle que har\u00e1 \u00a0m\u00e1s [&hellip;]<\/p>\n","protected":false},"author":2,"featured_media":0,"parent":0,"menu_order":0,"comment_status":"closed","ping_status":"closed","template":"","meta":{"footnotes":""},"_links":{"self":[{"href":"https:\/\/nicaragua-travel-guide.com\/site\/wp-json\/wp\/v2\/pages\/5506"}],"collection":[{"href":"https:\/\/nicaragua-travel-guide.com\/site\/wp-json\/wp\/v2\/pages"}],"about":[{"href":"https:\/\/nicaragua-travel-guide.com\/site\/wp-json\/wp\/v2\/types\/page"}],"author":[{"embeddable":true,"href":"https:\/\/nicaragua-travel-guide.com\/site\/wp-json\/wp\/v2\/users\/2"}],"replies":[{"embeddable":true,"href":"https:\/\/nicaragua-travel-guide.com\/site\/wp-json\/wp\/v2\/comments?post=5506"}],"version-history":[{"count":10,"href":"https:\/\/nicaragua-travel-guide.com\/site\/wp-json\/wp\/v2\/pages\/5506\/revisions"}],"predecessor-version":[{"id":11321,"href":"https:\/\/nicaragua-travel-guide.com\/site\/wp-json\/wp\/v2\/pages\/5506\/revisions\/11321"}],"wp:attachment":[{"href":"https:\/\/nicaragua-travel-guide.com\/site\/wp-json\/wp\/v2\/media?parent=5506"}],"curies":[{"name":"wp","href":"https:\/\/api.w.org\/{rel}","templated":true}]}}