{"id":5571,"date":"2016-06-26T16:05:36","date_gmt":"2016-06-26T16:05:36","guid":{"rendered":"http:\/\/nicaragua-travel-guide.com\/site\/?page_id=5571"},"modified":"2016-08-08T19:53:09","modified_gmt":"2016-08-08T19:53:09","slug":"tour-entre-las-isletas-1-hora-norte-del-archipielago","status":"publish","type":"page","link":"https:\/\/nicaragua-travel-guide.com\/site\/tour-entre-las-isletas-1-hora-norte-del-archipielago\/","title":{"rendered":"Tour en lancha entre las Isletas 1  hora norte del archipielago"},"content":{"rendered":"<table style=\"width: 997.6666870117188px;\" border=\"0\">\n<tbody>\n<tr>\n<td style=\"width: 350.66668701171875px; background-color: #069c2c;\" colspan=\"3\" bgcolor=\"#0033CC\">En lancha entre la isletas una hora \u201c tibur\u00f3n herido\u201d<\/td>\n<\/tr>\n<tr>\n<td style=\"width: 294px; background-color: #9bc9b9; border-color: #9bc9b9; height: 26px;\" valign=\"top\" bgcolor=\"#FFFFFF\" height=\"26\">Costado norte de la pen\u00ednsula<\/td>\n<td style=\"width: 294px; background-color: #9bc9b9; border-color: #9bc9b9; height: 26px;\" colspan=\"2\" rowspan=\"3\" valign=\"top\" bgcolor=\"#66CC00\">\n<table style=\"width: 650px;\" border=\"0\">\n<tbody>\n<tr style=\"height: 348px;\">\n<td style=\"width: 372px; height: 348px; background-color: #9bc9b9; border-color: #9bc9b9;\" align=\"left\" valign=\"top\" bgcolor=\"#669900\">&nbsp;<\/p>\n<p><img loading=\"lazy\" decoding=\"async\" class=\"wp-image-10514 aligncenter\" src=\"http:\/\/nicaragua-travel-guide.com\/site\/wp-content\/uploads\/2016\/06\/isletasbandera.jpg\" alt=\"isletasbandera\" width=\"313\" height=\"234\" \/><\/td>\n<td style=\"width: 372px; height: 348px; background-color: #9bc9b9; border-color: #9bc9b9;\" align=\"left\" valign=\"top\" bgcolor=\"#669900\">&nbsp;<\/p>\n<p><img loading=\"lazy\" decoding=\"async\" class=\"wp-image-10511 aligncenter\" src=\"http:\/\/nicaragua-travel-guide.com\/site\/wp-content\/uploads\/2016\/06\/isletastiburon.jpg\" alt=\"isletastiburon\" width=\"255\" height=\"240\" \/><\/td>\n<\/tr>\n<\/tbody>\n<\/table>\n<\/td>\n<\/tr>\n<tr>\n<td style=\"width: 294px; background-color: #9bc9b9; border-color: #9bc9b9; height: 26px;\" valign=\"top\" bgcolor=\"#CCFF00\" height=\"25\">\n<table style=\"width: 361px;\" border=\"0\">\n<tbody>\n<tr>\n<td style=\"width: 169px; background-color: #ecfc5b;\" bgcolor=\"#FFFF00\">Historia natural<\/td>\n<td style=\"width: 104px; background-color: #e8d082;\" bgcolor=\"#0099FF\">Flora<\/td>\n<td style=\"width: 100px; background-color: #7efa73;\" bgcolor=\"#FF0000\">fauna<\/td>\n<\/tr>\n<\/tbody>\n<\/table>\n<\/td>\n<\/tr>\n<tr>\n<td style=\"width: 294px; background-color: #9bc9b9; border-color: #9bc9b9; height: 26px;\" valign=\"top\" bgcolor=\"#99CC00\" height=\"255\">1.Historia de la formaci\u00f3n del lago<br \/>\n2.Historia del Volc\u00e1n Mombacho<br \/>\n3.Origen de las Isletas<br \/>\n4.Epoca precolombina<br \/>\n5.Epoca colonial<br \/>\n6.Extension del territorio de Granada<br \/>\n7.Fortaleza San Pablo<br \/>\n8.Invasiones de Piratas<br \/>\n9.Cemeterio local<br \/>\n10.Saber de la gente local<br \/>\n11.La isla de los monos<\/td>\n<\/tr>\n<tr>\n<td style=\"width: 350.66668701171875px; background-color: #62bd6a;\" colspan=\"3\" valign=\"top\" bgcolor=\"#009900\">Opciones:<\/td>\n<\/tr>\n<tr>\n<td style=\"width: 350.66668701171875px; background-color: #a1d17b;\" colspan=\"3\" valign=\"top\" bgcolor=\"#99CC00\">1. Quedarse m\u00e1s tiempo\u00a0 para nadar y almorzar en restaurante en tierra firme o\u00a0 Isleta con restaurante\u00a0 ver men\u00fa. Llevar vestido de ba\u00f1o, bloqueador solar, repelente de insectos.<\/p>\n<p>2. Quedarse m\u00e1s tiempo en la fortaleza para nadar puedes llevar tu comida y bebidas.<\/p>\n<p>3. Ordenar del men\u00fa de Restaurante. Servicio para llevar a la orden.<\/td>\n<\/tr>\n<\/tbody>\n<\/table>\n","protected":false},"excerpt":{"rendered":"<p>En lancha entre la isletas una hora \u201c tibur\u00f3n herido\u201d Costado norte de la pen\u00ednsula &nbsp; &nbsp; Historia natural Flora fauna 1.Historia de la formaci\u00f3n del lago 2.Historia del Volc\u00e1n Mombacho 3.Origen de las Isletas 4.Epoca precolombina 5.Epoca colonial 6.Extension del territorio de Granada 7.Fortaleza San Pablo 8.Invasiones de Piratas 9.Cemeterio local 10.Saber de la [&hellip;]<\/p>\n","protected":false},"author":2,"featured_media":0,"parent":0,"menu_order":0,"comment_status":"closed","ping_status":"closed","template":"","meta":{"footnotes":""},"_links":{"self":[{"href":"https:\/\/nicaragua-travel-guide.com\/site\/wp-json\/wp\/v2\/pages\/5571"}],"collection":[{"href":"https:\/\/nicaragua-travel-guide.com\/site\/wp-json\/wp\/v2\/pages"}],"about":[{"href":"https:\/\/nicaragua-travel-guide.com\/site\/wp-json\/wp\/v2\/types\/page"}],"author":[{"embeddable":true,"href":"https:\/\/nicaragua-travel-guide.com\/site\/wp-json\/wp\/v2\/users\/2"}],"replies":[{"embeddable":true,"href":"https:\/\/nicaragua-travel-guide.com\/site\/wp-json\/wp\/v2\/comments?post=5571"}],"version-history":[{"count":10,"href":"https:\/\/nicaragua-travel-guide.com\/site\/wp-json\/wp\/v2\/pages\/5571\/revisions"}],"predecessor-version":[{"id":10520,"href":"https:\/\/nicaragua-travel-guide.com\/site\/wp-json\/wp\/v2\/pages\/5571\/revisions\/10520"}],"wp:attachment":[{"href":"https:\/\/nicaragua-travel-guide.com\/site\/wp-json\/wp\/v2\/media?parent=5571"}],"curies":[{"name":"wp","href":"https:\/\/api.w.org\/{rel}","templated":true}]}}