{"id":5576,"date":"2016-06-26T16:20:42","date_gmt":"2016-06-26T16:20:42","guid":{"rendered":"http:\/\/nicaragua-travel-guide.com\/site\/?page_id=5576"},"modified":"2016-08-08T20:12:34","modified_gmt":"2016-08-08T20:12:34","slug":"tour-en-lancha-entre-las-isletas-de-granada-1-hora-y-media-%c2%a8los-monos%c2%a8","status":"publish","type":"page","link":"https:\/\/nicaragua-travel-guide.com\/site\/tour-en-lancha-entre-las-isletas-de-granada-1-hora-y-media-%c2%a8los-monos%c2%a8\/","title":{"rendered":"Tour en lancha entre las isletas de Granada 1 hora y media \u00a8Los monos\u00a8"},"content":{"rendered":"<table style=\"width: 1009px;\" border=\"0\">\n<tbody>\n<tr>\n<td style=\"background-color: #addbb0; width: 986px;\" colspan=\"2\" bgcolor=\"#009900\">En lancha alrededor de la pen\u00ednsula y archipi\u00e9lago de isletas de Granada<\/td>\n<\/tr>\n<tr>\n<td style=\"background-color: #95e080; width: 546px; height: 26px;\" valign=\"top\" bgcolor=\"#CCFF99\" height=\"26\">\u201cTibur\u00f3n herido\u201d<\/td>\n<td style=\"background-color: #72e0a2; width: 440px;\" rowspan=\"6\" valign=\"top\" bgcolor=\"#99CC00\">\n<table style=\"width: 473px;\" border=\"0\">\n<tbody>\n<tr>\n<td style=\"width: 475px; background-color: #72e0a2; border-color: #72e0a2; height: 292px;\" valign=\"top\" bgcolor=\"#CCFF33\" height=\"292\"><img loading=\"lazy\" decoding=\"async\" class=\" wp-image-10528 aligncenter\" src=\"http:\/\/nicaragua-travel-guide.com\/site\/wp-content\/uploads\/2016\/06\/isletas-de-granada-vista-aerea.jpg\" alt=\"isletas de granada vista aerea\" width=\"411\" height=\"275\" \/><\/td>\n<\/tr>\n<tr>\n<td style=\"width: 475px; background-color: #72e0a2; border-color: #72e0a2; height: 292px;\" align=\"center\" valign=\"middle\" bgcolor=\"#CCFF33\" height=\"292\"><img loading=\"lazy\" decoding=\"async\" class=\"alignnone wp-image-10522\" style=\"text-align: start;\" src=\"http:\/\/nicaragua-travel-guide.com\/site\/wp-content\/uploads\/2016\/06\/isla-de-los-monos.jpg\" alt=\"isla de los monos\" width=\"414\" height=\"287\" \/><\/td>\n<\/tr>\n<\/tbody>\n<\/table>\n<\/td>\n<\/tr>\n<tr>\n<td style=\"background-color: #addbb0; width: 546px;\" bgcolor=\"#99CC00\">Una hora y media<\/td>\n<\/tr>\n<tr>\n<td style=\"width: 546px; background-color: #87d4aa; height: 25px;\" bgcolor=\"#CCFF66\" height=\"25\">\n<table style=\"height: 24px;\" border=\"0\" width=\"500\">\n<tbody>\n<tr>\n<td style=\"width: 71.33333587646484px; background-color: #edbf28;\" bgcolor=\"#FF3366\">Geolog\u00eda<\/td>\n<td style=\"width: 78px; background-color: #5b1bf2;\" bgcolor=\"#0000FF\">Volc\u00e1n<\/td>\n<td style=\"width: 71.33333587646484px; background-color: #0dd66b;\" bgcolor=\"#00CC00\">Historia<\/td>\n<td style=\"width: 96.66666412353516px; background-color: #f3fc3f;\" bgcolor=\"#FFFF00\">Naturaleza<\/td>\n<td style=\"width: 62px; background-color: #f7f7f7;\" bgcolor=\"#FFFFFF\">Flora<\/td>\n<td style=\"width: 75.33333587646484px; background-color: #fa3939;\" bgcolor=\"#FF6600\">Fauna<\/td>\n<\/tr>\n<\/tbody>\n<\/table>\n<\/td>\n<\/tr>\n<tr>\n<td style=\"height: 249px; background-color: #87d4aa; width: 546px;\" valign=\"top\" bgcolor=\"#CCFF99\" height=\"249\">Descripci\u00f3n:<\/p>\n<p>1.Historia de la formaci\u00f3n del lago<br \/>\n2.Historia del volc\u00e1n Mombacho<br \/>\n3.Origen de las Isletas<br \/>\n4.Epoca precolombina<br \/>\n5.Epoca \u00a0colonial<br \/>\n6.Extensi\u00f3n del territorio de Granada<br \/>\n7.Fortaleza San Pablo (no incluye entrada)<br \/>\n8.Historia de las Invasiones de Piratas<br \/>\n9. Cementerio loca<\/p>\n<p>11.\u00a0Observaci\u00f3n\u00a0de la flora y fauna.<\/p>\n<p>12. La isla de los monos.<\/td>\n<\/tr>\n<tr>\n<td style=\"background-color: #addbb0; width: 546px;\" bgcolor=\"#009900\">Opciones: pago adicional por m\u00e1s tiempo y estad\u00eda.<\/td>\n<\/tr>\n<tr>\n<td style=\"background-color: #72e0a2; height: 201px; width: 546px;\" valign=\"top\" bgcolor=\"#CCFF99\" height=\"201\">&nbsp;<\/p>\n<p>1. Quedarse m\u00e1s tiempo\u00a0 para nadar y almorzar en restaurante en tierra firme o\u00a0 Isleta con restaurante\u00a0 ver men\u00fa. Llevar vestido de ba\u00f1o, bloqueador solar, repelente de insectos.<\/p>\n<p>2. Quedarse m\u00e1s tiempo en la fortaleza para nadar puedes llevar tu comida y bebidas con opci\u00f3n de\u00a0 ordenar del men\u00fa de Restaurante. Servicio para llevar a la orden.<\/td>\n<\/tr>\n<\/tbody>\n<\/table>\n<p>&nbsp;<\/p>\n","protected":false},"excerpt":{"rendered":"<p>En lancha alrededor de la pen\u00ednsula y archipi\u00e9lago de isletas de Granada \u201cTibur\u00f3n herido\u201d Una hora y media Geolog\u00eda Volc\u00e1n Historia Naturaleza Flora Fauna Descripci\u00f3n: 1.Historia de la formaci\u00f3n del lago 2.Historia del volc\u00e1n Mombacho 3.Origen de las Isletas 4.Epoca precolombina 5.Epoca \u00a0colonial 6.Extensi\u00f3n del territorio de Granada 7.Fortaleza San Pablo (no incluye entrada) 8.Historia [&hellip;]<\/p>\n","protected":false},"author":2,"featured_media":0,"parent":0,"menu_order":0,"comment_status":"closed","ping_status":"closed","template":"","meta":{"footnotes":""},"_links":{"self":[{"href":"https:\/\/nicaragua-travel-guide.com\/site\/wp-json\/wp\/v2\/pages\/5576"}],"collection":[{"href":"https:\/\/nicaragua-travel-guide.com\/site\/wp-json\/wp\/v2\/pages"}],"about":[{"href":"https:\/\/nicaragua-travel-guide.com\/site\/wp-json\/wp\/v2\/types\/page"}],"author":[{"embeddable":true,"href":"https:\/\/nicaragua-travel-guide.com\/site\/wp-json\/wp\/v2\/users\/2"}],"replies":[{"embeddable":true,"href":"https:\/\/nicaragua-travel-guide.com\/site\/wp-json\/wp\/v2\/comments?post=5576"}],"version-history":[{"count":9,"href":"https:\/\/nicaragua-travel-guide.com\/site\/wp-json\/wp\/v2\/pages\/5576\/revisions"}],"predecessor-version":[{"id":10530,"href":"https:\/\/nicaragua-travel-guide.com\/site\/wp-json\/wp\/v2\/pages\/5576\/revisions\/10530"}],"wp:attachment":[{"href":"https:\/\/nicaragua-travel-guide.com\/site\/wp-json\/wp\/v2\/media?parent=5576"}],"curies":[{"name":"wp","href":"https:\/\/api.w.org\/{rel}","templated":true}]}}