{"id":5578,"date":"2016-06-26T16:33:01","date_gmt":"2016-06-26T16:33:01","guid":{"rendered":"http:\/\/nicaragua-travel-guide.com\/site\/?page_id=5578"},"modified":"2016-08-08T20:34:51","modified_gmt":"2016-08-08T20:34:51","slug":"tour-en-lancha-entre-las-isletas-dos-horas-los-monos","status":"publish","type":"page","link":"https:\/\/nicaragua-travel-guide.com\/site\/tour-en-lancha-entre-las-isletas-dos-horas-los-monos\/","title":{"rendered":"Tour en Lancha entre las isletas dos horas \u00a8flora y fauna\u00a8"},"content":{"rendered":"<table border=\"0\" width=\"1013\">\n<tbody>\n<tr>\n<td colspan=\"2\" bgcolor=\"#669900\">En lancha entre las isletas dos horas \u00a0\u201cObservaci\u00f3n\u00a0de flora y fauna aves, peces y \u00a0monos\u00a8<\/td>\n<\/tr>\n<tr>\n<td valign=\"top\" bgcolor=\"#CCFF99\" width=\"531\" height=\"299\">\n<table border=\"0\" width=\"533\">\n<tbody>\n<tr>\n<td bgcolor=\"#0099FF\" width=\"85\">Geolog\u00eda<\/td>\n<td bgcolor=\"#00CC33\" width=\"87\">Volcanes<\/td>\n<td bgcolor=\"#FF3399\" width=\"84\">Hist\u00f3ria<\/td>\n<td bgcolor=\"#FFFF00\" width=\"114\">Naturaleza<\/td>\n<td bgcolor=\"#66FFFF\" width=\"62\">Fl\u00f3ra<\/td>\n<td bgcolor=\"#FF9900\" width=\"75\">F\u00e1una<\/td>\n<\/tr>\n<\/tbody>\n<\/table>\n<p>Descripci\u00f3n:<\/p>\n<p>1.Historia de la formaci\u00f3n del lago<br \/>\n2.Historia del volc\u00e1n Mombacho<br \/>\n3.Origen de las Isletas<br \/>\n4.\u00c9poca precolombina<br \/>\n5.\u00c9poca\u00a0 colonial<br \/>\n6.Extensi\u00f3n del territorio de Granada<br \/>\n7.Fortaleza San Pablo (no incluye entrada)<br \/>\n8.Historia de las Invasiones de Piratas<br \/>\n9.Cementerio local.<\/td>\n<td rowspan=\"2\" align=\"right\" valign=\"top\" bgcolor=\"#99CC00\" width=\"472\"><img loading=\"lazy\" decoding=\"async\" class=\"wp-image-10532 aligncenter\" style=\"background-color: #ffffff;\" src=\"http:\/\/nicaragua-travel-guide.com\/site\/wp-content\/uploads\/2016\/06\/las-isletas-visita-flora-y-fauna.jpg\" alt=\"las isletas visita flora y fauna\" width=\"445\" height=\"296\" srcset=\"https:\/\/nicaragua-travel-guide.com\/site\/wp-content\/uploads\/2016\/06\/las-isletas-visita-flora-y-fauna.jpg 255w, https:\/\/nicaragua-travel-guide.com\/site\/wp-content\/uploads\/2016\/06\/las-isletas-visita-flora-y-fauna-180x120.jpg 180w\" sizes=\"(max-width: 445px) 100vw, 445px\" \/><\/p>\n<p>&nbsp;<\/td>\n<\/tr>\n<tr>\n<td bgcolor=\"#669900\" height=\"25\">Opciones: Se paga por tiempo extra de\u00a0estad\u00eda\u00a0y\u00a0transporte\u00a0adicional.<\/td>\n<\/tr>\n<tr>\n<td colspan=\"2\" bgcolor=\"#CCFF99\">1. Quedarse m\u00e1s tiempo\u00a0 para nadar y almorzar en restaurante en tierra firme o\u00a0 Isleta con restaurante\u00a0 ver men\u00fa. Llevar vestido de ba\u00f1o, bloqueador solar, repelente de insectos.<\/p>\n<p>2.Quedarse m\u00e1s tiempo en la fortaleza para nadar puedes llevar tu comida y bebidas con opci\u00f3n de\u00a0 ordenar del men\u00fa de Restaurante.<\/td>\n<\/tr>\n<\/tbody>\n<\/table>\n<p>&nbsp;<\/p>\n","protected":false},"excerpt":{"rendered":"<p>En lancha entre las isletas dos horas \u00a0\u201cObservaci\u00f3n\u00a0de flora y fauna aves, peces y \u00a0monos\u00a8 Geolog\u00eda Volcanes Hist\u00f3ria Naturaleza Fl\u00f3ra F\u00e1una Descripci\u00f3n: 1.Historia de la formaci\u00f3n del lago 2.Historia del volc\u00e1n Mombacho 3.Origen de las Isletas 4.\u00c9poca precolombina 5.\u00c9poca\u00a0 colonial 6.Extensi\u00f3n del territorio de Granada 7.Fortaleza San Pablo (no incluye entrada) 8.Historia de las Invasiones [&hellip;]<\/p>\n","protected":false},"author":2,"featured_media":0,"parent":0,"menu_order":0,"comment_status":"closed","ping_status":"closed","template":"","meta":{"footnotes":""},"_links":{"self":[{"href":"https:\/\/nicaragua-travel-guide.com\/site\/wp-json\/wp\/v2\/pages\/5578"}],"collection":[{"href":"https:\/\/nicaragua-travel-guide.com\/site\/wp-json\/wp\/v2\/pages"}],"about":[{"href":"https:\/\/nicaragua-travel-guide.com\/site\/wp-json\/wp\/v2\/types\/page"}],"author":[{"embeddable":true,"href":"https:\/\/nicaragua-travel-guide.com\/site\/wp-json\/wp\/v2\/users\/2"}],"replies":[{"embeddable":true,"href":"https:\/\/nicaragua-travel-guide.com\/site\/wp-json\/wp\/v2\/comments?post=5578"}],"version-history":[{"count":5,"href":"https:\/\/nicaragua-travel-guide.com\/site\/wp-json\/wp\/v2\/pages\/5578\/revisions"}],"predecessor-version":[{"id":10533,"href":"https:\/\/nicaragua-travel-guide.com\/site\/wp-json\/wp\/v2\/pages\/5578\/revisions\/10533"}],"wp:attachment":[{"href":"https:\/\/nicaragua-travel-guide.com\/site\/wp-json\/wp\/v2\/media?parent=5578"}],"curies":[{"name":"wp","href":"https:\/\/api.w.org\/{rel}","templated":true}]}}