{"id":5583,"date":"2016-06-26T16:53:41","date_gmt":"2016-06-26T16:53:41","guid":{"rendered":"http:\/\/nicaragua-travel-guide.com\/site\/?page_id=5583"},"modified":"2016-08-08T21:10:48","modified_gmt":"2016-08-08T21:10:48","slug":"tour-en-lancha-entre-las-isletas-dos-horas-y-media-%c2%a8flora-y-fauna%c2%a8-tiburon-herido","status":"publish","type":"page","link":"https:\/\/nicaragua-travel-guide.com\/site\/tour-en-lancha-entre-las-isletas-dos-horas-y-media-%c2%a8flora-y-fauna%c2%a8-tiburon-herido\/","title":{"rendered":"Tour en lancha entre las isletas dos horas y media \u00a8 Tibur\u00f3n herido\u00a8 flora y fauna-"},"content":{"rendered":"<table style=\"width: 922px;\" border=\"0\">\n<tbody>\n<tr style=\"height: 35px;\">\n<td style=\"width: 1003px; height: 35px; background-color: #79d48c;\" colspan=\"2\" valign=\"top\" bgcolor=\"#009900\">En lancha entre las isletas dos horas y media \u00a0\u201cflora y fauna\u00a8<\/td>\n<\/tr>\n<tr style=\"height: 39px;\">\n<td style=\"width: 835.6666870117188px; height: 39px; background-color: #b2d4b9;\" bgcolor=\"#CCFF66\">\n<table style=\"width: 906px;\" border=\"0\">\n<tbody>\n<tr>\n<td style=\"width: 134px; background-color: #469e4d;\" bgcolor=\"#009933\">Geolog\u00eda<\/td>\n<td style=\"width: 114px; background-color: #e81717;\" bgcolor=\"#FF6600\">Volcanes<\/td>\n<td style=\"width: 168px; background-color: #ecf70c;\" bgcolor=\"#FFFF00\">Historia<\/td>\n<td style=\"width: 176px; background-color: #559ced;\" bgcolor=\"#0099FF\">Naturaleza<\/td>\n<td style=\"width: 166px; background-color: #cd20d6;\" bgcolor=\"#993399\">Fl\u00f3ra<\/td>\n<td style=\"width: 148px; background-color: #fcfcfc;\" bgcolor=\"#FFFFFF\">Fauna<\/td>\n<\/tr>\n<\/tbody>\n<\/table>\n<\/td>\n<\/tr>\n<tr style=\"height: 39px;\">\n<td style=\"width: 835.6666870117188px; height: 39px; background-color: #b2d4b9;\" bgcolor=\"#CCFF66\">Costado norte del archipi\u00e9lago y pen\u00ednsula<\/p>\n<p>1.Observar la flora y fauna<br \/>\n2.Ave que representa a Granada<br \/>\n3.El \u00e1rbol que representa a Granada<br \/>\n4.Origen del lago<br \/>\n5.Origen de las Isletas<br \/>\n6.Historia del Volc\u00e1n Mombacho<br \/>\n7.Origen del territorio de Nicaragua<br \/>\n8.Ind\u00edgenas Pre-Colombinos<br \/>\n9.Colonia Espa\u00f1ola<br \/>\n10.Dominios territoriales<br \/>\n11.Eventos Hist\u00f3ricos<br \/>\n12.Invasiones Piratas<br \/>\n13.Bajar y subir a la Fortaleza (Isleta)<br \/>\n14.Saber de la gente local<br \/>\n15.Islas en venta y alquiler<br \/>\n16. Tiempo para pensar\u2026.<br \/>\n17.El cementerio local<br \/>\n18.Ver la Isla de los monos<br \/>\n19.Astillero ver el resto de un famoso vapor<br \/>\n20. Diamante donde arman y descansan barcos<br \/>\n21. La gu\u00eda cantara canciones nacionale<\/td>\n<\/tr>\n<tr style=\"height: 37px;\">\n<td style=\"width: 835.6666870117188px; height: 37px; background-color: #bee8e4;\" valign=\"top\" bgcolor=\"#99CC00\">&nbsp;<\/p>\n<table style=\"height: 474px; width: 907px;\">\n<tbody>\n<tr style=\"height: 196px;\">\n<td style=\"width: 296.6666564941406px; height: 196px; background-color: #86cfd9; border-color: #86cfd9;\">\u00a0\u00a0<img loading=\"lazy\" decoding=\"async\" class=\"wp-image-10539 aligncenter\" src=\"http:\/\/nicaragua-travel-guide.com\/site\/wp-content\/uploads\/2016\/06\/isletaslancha.jpg\" alt=\"isletaslancha\" width=\"149\" height=\"199\" \/><\/td>\n<td style=\"width: 300.6666564941406px; height: 196px; background-color: #86cfd9; border-color: #86cfd9;\"><img loading=\"lazy\" decoding=\"async\" class=\"wp-image-10538 aligncenter\" src=\"http:\/\/nicaragua-travel-guide.com\/site\/wp-content\/uploads\/2016\/06\/isletasolita.jpg\" alt=\"isletasolita\" width=\"221\" height=\"185\" \/><\/td>\n<td style=\"width: 287.3333435058594px; height: 196px; background-color: #86cfd9; border-color: #86cfd9;\"><img loading=\"lazy\" decoding=\"async\" class=\"wp-image-10537 aligncenter\" style=\"font-family: inherit; font-size: inherit; line-height: 1.5;\" src=\"http:\/\/nicaragua-travel-guide.com\/site\/wp-content\/uploads\/2016\/06\/isletasjardin.jpg\" alt=\"isletasjardin\" width=\"214\" height=\"160\" \/><\/td>\n<\/tr>\n<tr style=\"height: 160.666748046875px;\">\n<td style=\"width: 296.6666564941406px; height: 196px; background-color: #86cfd9; border-color: #86cfd9;\">\u00a0<img loading=\"lazy\" decoding=\"async\" class=\" wp-image-10536 aligncenter\" src=\"http:\/\/nicaragua-travel-guide.com\/site\/wp-content\/uploads\/2016\/06\/aveurrakrivas.jpg\" alt=\"aveurrakrivas\" width=\"233\" height=\"175\" \/><\/td>\n<td style=\"width: 300.6666564941406px; height: 196px; background-color: #86cfd9; border-color: #86cfd9;\">\u00a0<img loading=\"lazy\" decoding=\"async\" class=\"wp-image-10534 aligncenter\" src=\"http:\/\/nicaragua-travel-guide.com\/site\/wp-content\/uploads\/2016\/06\/avegarzaisletas.jpg\" alt=\"avegarzaisletas\" width=\"164\" height=\"176\" \/><\/td>\n<td style=\"width: 287.3333435058594px; height: 196px; background-color: #86cfd9; border-color: #86cfd9;\">\u00a0<img loading=\"lazy\" decoding=\"async\" class=\"wp-image-10535 aligncenter\" src=\"http:\/\/nicaragua-travel-guide.com\/site\/wp-content\/uploads\/2016\/06\/aveoropendulagranada.jpg\" alt=\"aveoropendulagranada\" width=\"170\" height=\"170\" srcset=\"https:\/\/nicaragua-travel-guide.com\/site\/wp-content\/uploads\/2016\/06\/aveoropendulagranada.jpg 120w, https:\/\/nicaragua-travel-guide.com\/site\/wp-content\/uploads\/2016\/06\/aveoropendulagranada-100x100.jpg 100w\" sizes=\"(max-width: 170px) 100vw, 170px\" \/><\/td>\n<\/tr>\n<\/tbody>\n<\/table>\n<p>&nbsp;<\/td>\n<\/tr>\n<tr style=\"height: 166px;\">\n<td style=\"width: 1003px; height: 166px; background-color: #b2d4b9;\" colspan=\"2\" bgcolor=\"#009933\">Opciones: Se paga extra por tiempo extra de\u00a0estad\u00eda\u00a0en isla y transporte.<\/p>\n<ol>\n<li>Quedarse m\u00e1s tiempo\u00a0 para nadar y almorzar en restaurante en tierra firme o\u00a0 Isleta con restaurante\u00a0 ver men\u00fa. Llevar vestido de ba\u00f1o, bloqueador solar, repelente de insectos.<\/li>\n<li>Quedarse m\u00e1s tiempo en la fortaleza para nadar puedes llevar tu comida y bebidas con opci\u00f3n de\u00a0 ordenar del men\u00fa de Restaurante. Servicio de entrega a la orden.<\/li>\n<\/ol>\n<\/td>\n<\/tr>\n<\/tbody>\n<\/table>\n","protected":false},"excerpt":{"rendered":"<p>En lancha entre las isletas dos horas y media \u00a0\u201cflora y fauna\u00a8 Geolog\u00eda Volcanes Historia Naturaleza Fl\u00f3ra Fauna Costado norte del archipi\u00e9lago y pen\u00ednsula 1.Observar la flora y fauna 2.Ave que representa a Granada 3.El \u00e1rbol que representa a Granada 4.Origen del lago 5.Origen de las Isletas 6.Historia del Volc\u00e1n Mombacho 7.Origen del territorio de [&hellip;]<\/p>\n","protected":false},"author":2,"featured_media":0,"parent":0,"menu_order":0,"comment_status":"closed","ping_status":"closed","template":"","meta":{"footnotes":""},"_links":{"self":[{"href":"https:\/\/nicaragua-travel-guide.com\/site\/wp-json\/wp\/v2\/pages\/5583"}],"collection":[{"href":"https:\/\/nicaragua-travel-guide.com\/site\/wp-json\/wp\/v2\/pages"}],"about":[{"href":"https:\/\/nicaragua-travel-guide.com\/site\/wp-json\/wp\/v2\/types\/page"}],"author":[{"embeddable":true,"href":"https:\/\/nicaragua-travel-guide.com\/site\/wp-json\/wp\/v2\/users\/2"}],"replies":[{"embeddable":true,"href":"https:\/\/nicaragua-travel-guide.com\/site\/wp-json\/wp\/v2\/comments?post=5583"}],"version-history":[{"count":15,"href":"https:\/\/nicaragua-travel-guide.com\/site\/wp-json\/wp\/v2\/pages\/5583\/revisions"}],"predecessor-version":[{"id":10545,"href":"https:\/\/nicaragua-travel-guide.com\/site\/wp-json\/wp\/v2\/pages\/5583\/revisions\/10545"}],"wp:attachment":[{"href":"https:\/\/nicaragua-travel-guide.com\/site\/wp-json\/wp\/v2\/media?parent=5583"}],"curies":[{"name":"wp","href":"https:\/\/api.w.org\/{rel}","templated":true}]}}