{"id":5601,"date":"2016-06-26T17:59:04","date_gmt":"2016-06-26T17:59:04","guid":{"rendered":"http:\/\/nicaragua-travel-guide.com\/site\/?page_id=5601"},"modified":"2016-08-08T22:01:40","modified_gmt":"2016-08-08T22:01:40","slug":"tour-en-lancha-entre-las-isletas-una-hora-%c2%a8bahia-%c2%a8","status":"publish","type":"page","link":"https:\/\/nicaragua-travel-guide.com\/site\/tour-en-lancha-entre-las-isletas-una-hora-%c2%a8bahia-%c2%a8\/","title":{"rendered":"Tour en lancha entre las Isletas una    hora  \u00a8Bah\u00eda \u00a8"},"content":{"rendered":"<table border=\"0\" width=\"1015\">\n<tbody>\n<tr style=\"height: 22px;\">\n<td style=\"height: 22px;\" colspan=\"2\" bgcolor=\"#0099FF\">En lancha entre las isletas una hora \u00a0\u201cbah\u00eda\u201d<\/td>\n<\/tr>\n<tr style=\"height: 26px;\">\n<td style=\"height: 26px;\" valign=\"top\" bgcolor=\"#99CC33\" width=\"464\">\n<table style=\"width: 449px;\" border=\"0\">\n<tbody>\n<tr>\n<td style=\"width: 170px;\">Paquete uno<\/td>\n<td style=\"width: 222px;\">\u00a0 \u00a0 \u00a0 \u00a0\u00a0\u00a0 \u00a0 \u00a0 \u00a0 \u00a0 \u00a0\u00a0<span style=\"font-family: inherit; font-size: inherit; line-height: 1.5;\">\u00a0 \u00a0 \u00a0 \u00a0 Paquete dos<\/span><\/td>\n<td style=\"width: 44px;\"><\/td>\n<\/tr>\n<\/tbody>\n<\/table>\n<\/td>\n<td style=\"height: 639px;\" rowspan=\"5\" align=\"right\" valign=\"top\" bgcolor=\"#CCFF66\" width=\"544\">\n<table border=\"0\" width=\"541\">\n<tbody>\n<tr style=\"height: 344.3333435058594px;\">\n<td style=\"height: 344.3333435058594px;\" align=\"right\" valign=\"top\" bgcolor=\"#99CC00\" width=\"535\"><img loading=\"lazy\" decoding=\"async\" class=\" wp-image-10564 aligncenter\" style=\"font-family: inherit; font-size: inherit; line-height: 1.5;\" src=\"http:\/\/nicaragua-travel-guide.com\/site\/wp-content\/uploads\/2016\/06\/isletas-puerto-asese-granada.jpg\" alt=\"isletas puerto asese granada\" width=\"527\" height=\"328\" \/><\/td>\n<\/tr>\n<tr style=\"height: 320px;\">\n<td style=\"height: 320px;\" align=\"right\" valign=\"top\" bgcolor=\"#993300\"><img loading=\"lazy\" decoding=\"async\" class=\" wp-image-10567 aligncenter\" src=\"http:\/\/nicaragua-travel-guide.com\/site\/wp-content\/uploads\/2016\/06\/Restaurante-almuerzo-pescado-especial-incluido-en-el-tour.jpg\" alt=\"Restaurante almuerzo pescado especial incluido en el tour\" width=\"530\" height=\"353\" srcset=\"https:\/\/nicaragua-travel-guide.com\/site\/wp-content\/uploads\/2016\/06\/Restaurante-almuerzo-pescado-especial-incluido-en-el-tour.jpg 500w, https:\/\/nicaragua-travel-guide.com\/site\/wp-content\/uploads\/2016\/06\/Restaurante-almuerzo-pescado-especial-incluido-en-el-tour-180x120.jpg 180w\" sizes=\"(max-width: 530px) 100vw, 530px\" \/><\/td>\n<\/tr>\n<\/tbody>\n<\/table>\n<\/td>\n<\/tr>\n<tr style=\"height: 5px;\">\n<td style=\"height: 5px;\" bgcolor=\"#FFFF00\">\n<table border=\"0\" width=\"462\">\n<tbody>\n<tr>\n<td bgcolor=\"#CC0000\" width=\"209\">Historia natural<\/td>\n<td bgcolor=\"#FFFFFF\" width=\"243\">flora y fauna<\/td>\n<\/tr>\n<\/tbody>\n<\/table>\n<\/td>\n<\/tr>\n<tr style=\"height: 330px;\">\n<td style=\"height: 330px;\" valign=\"top\" bgcolor=\"#CCFF66\">&nbsp;<\/p>\n<p>1.Observar la flora y Fauna<br \/>\n2.Historia de la formaci\u00f3n de el lago<br \/>\n3.Origen del volc\u00e1n Mombacho<br \/>\n4.Creaci\u00f3n de las Isletas<br \/>\n5.Los primeros pobladores<br \/>\n6.Colonia Espa\u00f1ola<br \/>\n7.Dominio Territorial<br \/>\n8.Navegaci\u00f3n comercial<br \/>\n9.Incursiones Piratas<br \/>\n10.Saber de la gente local<br \/>\n11.Islas en venta y alquiler<br \/>\n12. La gu\u00eda cantara canciones nacionales durante el recorrido.<\/p>\n<p>&nbsp;<\/td>\n<\/tr>\n<tr style=\"height: 31px;\">\n<td style=\"height: 31px;\" bgcolor=\"#99CC33\">\u2026\u2026\u2026Opci\u00f3n de combinar\u2026\u2026\u2026a su elecci\u00f3n\u2026\u2026\u2026<\/td>\n<\/tr>\n<tr style=\"height: 247px;\">\n<td style=\"height: 247px;\" valign=\"top\" bgcolor=\"#CCFF66\">&nbsp;<\/p>\n<p>Antes o despu\u00e9s del recorrido de una hora en Lancha\u00a0 para mayor disfrute de su estad\u00eda y disfrutar de la vista panor\u00e1mica a la hora de su\u00a0 almuerzo podemos\u00a0 ver el men\u00fa y ordenar en Restaurante Puerto ASESE, ambiente rodeado de naturaleza con m\u00fasica rom\u00e1ntica, cl\u00e1sica, instrumental.\u00a0 Si deseas almorzar antes del recorrido en lancha podemos reservar su almuerzo carnes: pollo, res, pescado anticipado.<\/p>\n<p>(El cliente paga lo que consume)<\/td>\n<\/tr>\n<\/tbody>\n<\/table>\n","protected":false},"excerpt":{"rendered":"<p>En lancha entre las isletas una hora \u00a0\u201cbah\u00eda\u201d Paquete uno \u00a0 \u00a0 \u00a0 \u00a0\u00a0\u00a0 \u00a0 \u00a0 \u00a0 \u00a0 \u00a0\u00a0\u00a0 \u00a0 \u00a0 \u00a0 Paquete dos Historia natural flora y fauna &nbsp; 1.Observar la flora y Fauna 2.Historia de la formaci\u00f3n de el lago 3.Origen del volc\u00e1n Mombacho 4.Creaci\u00f3n de las Isletas 5.Los primeros pobladores 6.Colonia Espa\u00f1ola [&hellip;]<\/p>\n","protected":false},"author":2,"featured_media":0,"parent":0,"menu_order":0,"comment_status":"closed","ping_status":"closed","template":"","meta":{"footnotes":""},"_links":{"self":[{"href":"https:\/\/nicaragua-travel-guide.com\/site\/wp-json\/wp\/v2\/pages\/5601"}],"collection":[{"href":"https:\/\/nicaragua-travel-guide.com\/site\/wp-json\/wp\/v2\/pages"}],"about":[{"href":"https:\/\/nicaragua-travel-guide.com\/site\/wp-json\/wp\/v2\/types\/page"}],"author":[{"embeddable":true,"href":"https:\/\/nicaragua-travel-guide.com\/site\/wp-json\/wp\/v2\/users\/2"}],"replies":[{"embeddable":true,"href":"https:\/\/nicaragua-travel-guide.com\/site\/wp-json\/wp\/v2\/comments?post=5601"}],"version-history":[{"count":6,"href":"https:\/\/nicaragua-travel-guide.com\/site\/wp-json\/wp\/v2\/pages\/5601\/revisions"}],"predecessor-version":[{"id":10563,"href":"https:\/\/nicaragua-travel-guide.com\/site\/wp-json\/wp\/v2\/pages\/5601\/revisions\/10563"}],"wp:attachment":[{"href":"https:\/\/nicaragua-travel-guide.com\/site\/wp-json\/wp\/v2\/media?parent=5601"}],"curies":[{"name":"wp","href":"https:\/\/api.w.org\/{rel}","templated":true}]}}