{"id":5603,"date":"2016-06-26T18:14:28","date_gmt":"2016-06-26T18:14:28","guid":{"rendered":"http:\/\/nicaragua-travel-guide.com\/site\/?page_id=5603"},"modified":"2016-08-08T22:16:24","modified_gmt":"2016-08-08T22:16:24","slug":"tour-en-lancha-entre-las-isletas-una-hora-y-media-%c2%a8-bahia-%c2%a8","status":"publish","type":"page","link":"https:\/\/nicaragua-travel-guide.com\/site\/tour-en-lancha-entre-las-isletas-una-hora-y-media-%c2%a8-bahia-%c2%a8\/","title":{"rendered":"Tour en lancha entre las Isletas una hora y media \u00a8Bah\u00eda\u00a8"},"content":{"rendered":"<table style=\"width: 1008px;\" border=\"0\">\n<tbody>\n<tr style=\"height: 22px;\">\n<td style=\"width: 994px; height: 22px;\" colspan=\"2\" bgcolor=\"#009933\">En lancha entre las isletas una hora \u00a0y media\u00a0 \u201cbah\u00eda\u201d<\/td>\n<\/tr>\n<tr style=\"height: 25px;\">\n<td style=\"width: 519px; height: 25px;\" valign=\"top\" bgcolor=\"#990000\">Salida de la Bah\u00eda Puerto\u00a0y Restaurante\u00a0 Asese<\/td>\n<td style=\"width: 475px; height: 339.3333740234375px;\" rowspan=\"6\" align=\"right\" valign=\"top\" bgcolor=\"#006600\">\n<table border=\"0\" width=\"477\">\n<tbody>\n<tr>\n<td colspan=\"2\" valign=\"top\" height=\"186\"><img loading=\"lazy\" decoding=\"async\" class=\"alignnone wp-image-10564\" src=\"http:\/\/nicaragua-travel-guide.com\/site\/wp-content\/uploads\/2016\/06\/isletas-puerto-asese-granada.jpg\" alt=\"isletas puerto asese granada\" width=\"465\" height=\"290\" \/><\/td>\n<\/tr>\n<tr>\n<td width=\"237\" height=\"160\"><img loading=\"lazy\" decoding=\"async\" class=\"alignnone wp-image-10571\" src=\"http:\/\/nicaragua-travel-guide.com\/site\/wp-content\/uploads\/2016\/06\/isletas-tour-en-lancha-puerto-asese.jpg\" alt=\"isletas tour en lancha puerto asese\" width=\"248\" height=\"308\" \/><\/td>\n<td width=\"233\"><img loading=\"lazy\" decoding=\"async\" class=\" wp-image-10572 aligncenter\" src=\"http:\/\/nicaragua-travel-guide.com\/site\/wp-content\/uploads\/2016\/06\/pesca.jpg\" alt=\"pesca\" width=\"247\" height=\"185\" \/><\/td>\n<\/tr>\n<tr>\n<td colspan=\"2\" align=\"center\" bgcolor=\"#006600\" height=\"216\"><img loading=\"lazy\" decoding=\"async\" class=\"alignnone size-full wp-image-10567\" src=\"http:\/\/nicaragua-travel-guide.com\/site\/wp-content\/uploads\/2016\/06\/Restaurante-almuerzo-pescado-especial-incluido-en-el-tour.jpg\" alt=\"Restaurante almuerzo pescado especial incluido en el tour\" width=\"500\" height=\"333\" srcset=\"https:\/\/nicaragua-travel-guide.com\/site\/wp-content\/uploads\/2016\/06\/Restaurante-almuerzo-pescado-especial-incluido-en-el-tour.jpg 500w, https:\/\/nicaragua-travel-guide.com\/site\/wp-content\/uploads\/2016\/06\/Restaurante-almuerzo-pescado-especial-incluido-en-el-tour-180x120.jpg 180w\" sizes=\"(max-width: 500px) 100vw, 500px\" \/><\/td>\n<\/tr>\n<\/tbody>\n<\/table>\n<\/td>\n<\/tr>\n<tr style=\"height: 31px;\">\n<td style=\"width: 519px; height: 31px;\" valign=\"top\" bgcolor=\"#CCFF66\">\n<table border=\"0\" width=\"521\">\n<tbody>\n<tr>\n<td bgcolor=\"#0066FF\" width=\"239\" height=\"25\">historia natural<\/td>\n<td bgcolor=\"#FFFFFF\" width=\"272\">flora\u00a0y fauna<\/td>\n<\/tr>\n<\/tbody>\n<\/table>\n<\/td>\n<\/tr>\n<tr style=\"height: 51px;\">\n<td style=\"width: 519px; height: 51px;\" valign=\"top\" bgcolor=\"#99CC33\">1.Observar la\u00a0flora\u00a0y\u00a0fauna<br \/>\n2.Historia de la formaci\u00f3n de el lago<br \/>\n3.Origen del volc\u00e1n Mombacho<br \/>\n4.Creaci\u00f3n de las Isletas<br \/>\n5.Los primeros pobladores<br \/>\n6.Colonia Espa\u00f1ola<br \/>\n7.Dominio Territorial<br \/>\n8.Navegaci\u00f3n comercial<br \/>\n9.Incursiones Piratas<br \/>\n10.Saber de la gente local<br \/>\n11.Islas en venta y alquiler<br \/>\n12. La gu\u00eda cantara canciones nacionales durante el recorrido.<\/td>\n<\/tr>\n<tr style=\"height: 25px;\">\n<td style=\"width: 519px; height: 25px;\" bgcolor=\"#009900\">\u2026\u2026\u2026Opci\u00f3n de Combinar\u2026\u2026\u2026a su elecci\u00f3n\u2026\u2026\u2026<\/td>\n<\/tr>\n<tr style=\"height: 182px;\">\n<td style=\"width: 519px; height: 182px;\" bgcolor=\"#99CC33\">Antes o despu\u00e9s del recorrido de una hora en Lancha\u00a0 para mayor disfrute de su estad\u00eda y disfrutar de la vista panor\u00e1mica a la hora de su\u00a0 almuerzo podemos\u00a0 ver el men\u00fa y ordenar en Restaurante Puerto ASESE, ambiente rodeado de naturaleza con m\u00fasica rom\u00e1ntica, cl\u00e1sica, instrumental.\u00a0 Si deseas almorzar antes del recorrido en lancha podemos reservar su almuerzo carnes: pollo, res, pescado anticipado.<\/p>\n<p>(El cliente paga lo que consume del\u00a0men\u00fa)<\/td>\n<\/tr>\n<tr style=\"height: 25.3333740234375px;\">\n<td style=\"width: 519px; height: 25.3333740234375px;\" valign=\"bottom\" bgcolor=\"#009900\">Por mayor informaci\u00f3n y reservaci\u00f3n \u00a0 \u00a0 \u00a0<strong> Contactarnos<\/strong><\/td>\n<\/tr>\n<\/tbody>\n<\/table>\n","protected":false},"excerpt":{"rendered":"<p>En lancha entre las isletas una hora \u00a0y media\u00a0 \u201cbah\u00eda\u201d Salida de la Bah\u00eda Puerto\u00a0y Restaurante\u00a0 Asese historia natural flora\u00a0y fauna 1.Observar la\u00a0flora\u00a0y\u00a0fauna 2.Historia de la formaci\u00f3n de el lago 3.Origen del volc\u00e1n Mombacho 4.Creaci\u00f3n de las Isletas 5.Los primeros pobladores 6.Colonia Espa\u00f1ola 7.Dominio Territorial 8.Navegaci\u00f3n comercial 9.Incursiones Piratas 10.Saber de la gente local 11.Islas [&hellip;]<\/p>\n","protected":false},"author":2,"featured_media":0,"parent":0,"menu_order":0,"comment_status":"closed","ping_status":"closed","template":"","meta":{"footnotes":""},"_links":{"self":[{"href":"https:\/\/nicaragua-travel-guide.com\/site\/wp-json\/wp\/v2\/pages\/5603"}],"collection":[{"href":"https:\/\/nicaragua-travel-guide.com\/site\/wp-json\/wp\/v2\/pages"}],"about":[{"href":"https:\/\/nicaragua-travel-guide.com\/site\/wp-json\/wp\/v2\/types\/page"}],"author":[{"embeddable":true,"href":"https:\/\/nicaragua-travel-guide.com\/site\/wp-json\/wp\/v2\/users\/2"}],"replies":[{"embeddable":true,"href":"https:\/\/nicaragua-travel-guide.com\/site\/wp-json\/wp\/v2\/comments?post=5603"}],"version-history":[{"count":8,"href":"https:\/\/nicaragua-travel-guide.com\/site\/wp-json\/wp\/v2\/pages\/5603\/revisions"}],"predecessor-version":[{"id":10578,"href":"https:\/\/nicaragua-travel-guide.com\/site\/wp-json\/wp\/v2\/pages\/5603\/revisions\/10578"}],"wp:attachment":[{"href":"https:\/\/nicaragua-travel-guide.com\/site\/wp-json\/wp\/v2\/media?parent=5603"}],"curies":[{"name":"wp","href":"https:\/\/api.w.org\/{rel}","templated":true}]}}